{"id":26,"date":"2022-03-02T04:04:30","date_gmt":"2022-03-02T04:04:30","guid":{"rendered":"https:\/\/alpharefractoryllc.com\/tr\/?page_id=26"},"modified":"2025-03-22T01:09:05","modified_gmt":"2025-03-22T01:09:05","slug":"baskanin-mesaji","status":"publish","type":"page","link":"https:\/\/alpharefractoryllc.com\/tr\/kurumsal\/baskanin-mesaji\/","title":{"rendered":"Ba\u015fkan\u0131n Mesaj\u0131"},"content":{"rendered":"\t\t<div data-elementor-type=\"wp-page\" data-elementor-id=\"26\" class=\"elementor elementor-26\">\n\t\t\t\t\t\t<section class=\"elementor-section elementor-top-section elementor-element elementor-element-2f1069a elementor-section-full_width elementor-section-height-min-height elementor-section-items-bottom elementor-section-height-default\" data-id=\"2f1069a\" data-element_type=\"section\" data-settings=\"{&quot;background_background&quot;:&quot;classic&quot;}\">\n\t\t\t\t\t\t\t<div class=\"elementor-background-overlay\"><\/div>\n\t\t\t\t\t\t\t<div class=\"elementor-container elementor-column-gap-no\">\n\t\t\t\t\t<div class=\"elementor-column elementor-col-100 elementor-top-column elementor-element elementor-element-3566761\" data-id=\"3566761\" data-element_type=\"column\" data-settings=\"{&quot;background_background&quot;:&quot;classic&quot;}\">\n\t\t\t<div class=\"elementor-widget-wrap elementor-element-populated\">\n\t\t\t\t\t<div class=\"elementor-background-overlay\"><\/div>\n\t\t\t\t\t\t<div class=\"elementor-element elementor-element-e199b9f elementor-widget elementor-widget-infetech_elementor_header_banner\" data-id=\"e199b9f\" data-element_type=\"widget\" data-widget_type=\"infetech_elementor_header_banner.default\">\n\t\t\t\t<div class=\"elementor-widget-container\">\n\t\t\t\t\t\t\t \t<!-- Display when you choose background per Post -->\n\t\t \t<div class=\"wrap_header_banner   \"  >\n\n\t\t \t\t\t\t\t \t\n\t\t\t\t \t<div class=\"cover_color\"><\/div>\n\n\t\t\t\t\t<div class=\"header_banner_el \">\n\t\t\t\t\t\t\n\t\t\t\t\t\t\t\t\t\t\t\t\t\n\t\t\t\t\t\t\t\n\t\t\t\t\t\t\t\t\t\t\t\t\t\t<h1 class=\" header_title\">\n\t\t\t\t\t\t\t\t\t\t\t\t\t\t\t<\/h1>\n\t\t\t\t\t\t\t\t\n\t\t\t\t\t\t\n\n\t\t\t\t\t\t\t\t\t\t\t\t\t<div class=\"header_breadcrumbs\">\n\t\t\t\t\t\t\t\t<div id=\"breadcrumbs\"><ul class=\"breadcrumb\"><li><a href=\"https:\/\/alpharefractoryllc.com\/tr\/\" title=\"Home\">Home<\/a><\/li> <li class=\"li_separator\"><span class=\"separator\"><i class=\"ovaicon-next\"><\/i><\/span><\/li><li>Sayfa<\/li><\/ul><\/div>\t\t\t\t\t\t\t<\/div>\n\t\t\t\t\t\t\n\t\t\t\t\t<\/div>\n\n\t\t\t\t\n\t\t\t<\/div>\n\t\t\t\t\t\t<\/div>\n\t\t\t\t<\/div>\n\t\t\t\t\t<\/div>\n\t\t<\/div>\n\t\t\t\t\t<\/div>\n\t\t<\/section>\n\t\t<div class=\"elementor-element elementor-element-1c99e83 e-con-full e-flex e-con e-parent\" data-id=\"1c99e83\" data-element_type=\"container\">\n\t\t<div class=\"elementor-element elementor-element-3befef9 e-con-full e-flex e-con e-child\" data-id=\"3befef9\" data-element_type=\"container\">\n\t\t\t\t<div class=\"elementor-element elementor-element-8cc5da2 elementor-widget elementor-widget-text-editor\" data-id=\"8cc5da2\" data-element_type=\"widget\" data-widget_type=\"text-editor.default\">\n\t\t\t\t<div class=\"elementor-widget-container\">\n\t\t\t\t\t\t\t\t\t<p data-start=\"27\" data-end=\"392\">\u0130nsan, hangi sekt\u00f6rde olursa olsun, d\u00fcr\u00fcst, g\u00fcvenilir ve kaliteli hizmet sunmak zorundad\u0131r. Ancak bu zorunluluk sadece bireysel kazan\u00e7 i\u00e7in de\u011fil, insanl\u0131k ve toplum i\u00e7in bir gerekliliktir. Alpha Refractory LLC olarak, bu anlay\u0131\u015f\u0131 temel prensibimiz haline getirerek, faaliyet g\u00f6sterdi\u011fimiz her alanda insana de\u011fer vermeyi en \u00f6ncelikli hedefimiz olarak belirledik.<\/p><p data-start=\"394\" data-end=\"915\">Demir ve \u00e7elik sekt\u00f6r\u00fcnde, m\u00fc\u015fteri memnuniyetini esas alarak y\u00fcksek kaliteli refrakter \u00fcretimi yapmak ve sekt\u00f6r\u00fcn temel ihtiya\u00e7lar\u0131n\u0131 kar\u015f\u0131lamak en b\u00fcy\u00fck \u00f6nceliklerimizdendir. Bununla birlikte, m\u00fchendislik ve dan\u0131\u015fmanl\u0131k hizmetlerimizle, i\u015fletmelerin do\u011fru bilinen yanl\u0131\u015flar\u0131n\u0131 tespit ederek daha verimli ve sistematik \u00e7al\u0131\u015fmalar\u0131na katk\u0131 sa\u011fl\u0131yoruz. Bu sayede hem \u00fcretim s\u00fcre\u00e7lerimizle hem de sundu\u011fumuz m\u00fchendislik \u00e7\u00f6z\u00fcmleriyle sanayicilerimizin \u00fcretim s\u0131ras\u0131nda ya\u015fad\u0131\u011f\u0131 kay\u0131plar\u0131 minimuma indirmeyi hedeflemekteyiz.<\/p><p data-start=\"917\" data-end=\"1313\">Demir ve \u00e7elik sekt\u00f6r\u00fcnde faaliyet g\u00f6steren i\u015fletmelerin ger\u00e7ek ihtiya\u00e7lar\u0131n\u0131 do\u011fru analiz ederek, teknoloji odakl\u0131 \u00e7\u00f6z\u00fcmler sunmak ve bu \u00e7\u00f6z\u00fcmleri s\u00fcrd\u00fcr\u00fclebilir hale getirmek temel vizyonumuzdur. Siz de\u011ferli sanayicilerle i\u015f birli\u011fi yaparak, sorunlar\u0131n\u0131za m\u00fchendislik \u00e7\u00f6z\u00fcmleriyle yakla\u015fmak, yenilik\u00e7i fikirlerinizi hayata ge\u00e7irmek ve g\u00fcveninizi kazanmak bizim i\u00e7in her \u015feyden daha \u00f6nemlidir.<\/p><p data-start=\"1315\" data-end=\"1350\" data-is-last-node=\"\" data-is-only-node=\"\"><strong data-start=\"1335\" data-end=\"1350\" data-is-last-node=\"\">Hepinize sayg\u0131, selam ve sevgilerimi sunar\u0131m.<br \/>Fatih KO\u00c7AK<\/strong><\/p>\t\t\t\t\t\t\t\t<\/div>\n\t\t\t\t<\/div>\n\t\t\t\t<div class=\"elementor-element elementor-element-b9ccf20 elementor-hidden-tablet elementor-hidden-mobile elementor-widget elementor-widget-image\" data-id=\"b9ccf20\" data-element_type=\"widget\" data-widget_type=\"image.default\">\n\t\t\t\t<div class=\"elementor-widget-container\">\n\t\t\t\t\t\t\t\t\t\t\t\t\t\t\t<img fetchpriority=\"high\" decoding=\"async\" width=\"4193\" height=\"3892\" src=\"https:\/\/alpharefractoryllc.com\/tr\/wp-content\/uploads\/2025\/02\/logotop.svg\" class=\"attachment-large size-large wp-image-17957\" alt=\"\" \/>\t\t\t\t\t\t\t\t\t\t\t\t\t\t\t<\/div>\n\t\t\t\t<\/div>\n\t\t\t\t<\/div>\n\t\t\t\t<\/div>\n\t\t\t\t<\/div>\n\t\t","protected":false},"excerpt":{"rendered":"<p>Home Sayfa \u0130nsan, hangi sekt\u00f6rde olursa olsun, d\u00fcr\u00fcst, g\u00fcvenilir ve kaliteli hizmet sunmak zorundad\u0131r. Ancak bu zorunluluk sadece bireysel kazan\u00e7 i\u00e7in de\u011fil, insanl\u0131k ve toplum i\u00e7in bir gerekliliktir. Alpha Refractory LLC olarak, bu anlay\u0131\u015f\u0131 temel prensibimiz haline getirerek, faaliyet g\u00f6sterdi\u011fimiz her alanda insana de\u011fer vermeyi en \u00f6ncelikli hedefimiz olarak belirledik. Demir ve \u00e7elik sekt\u00f6r\u00fcnde, m\u00fc\u015fteri [&hellip;]<\/p>\n","protected":false},"author":1,"featured_media":0,"parent":19011,"menu_order":0,"comment_status":"closed","ping_status":"closed","template":"elementor_header_footer","meta":{"footnotes":""},"class_list":["post-26","page","type-page","status-publish","hentry"],"yoast_head":"<!-- This site is optimized with the Yoast SEO plugin v24.9 - https:\/\/yoast.com\/wordpress\/plugins\/seo\/ -->\n<title>Ba\u015fkan\u0131n Mesaj\u0131 - ALPHA REFRACTORY LLC<\/title>\n<meta name=\"robots\" content=\"noindex, follow, max-snippet:-1, max-image-preview:large, max-video-preview:-1\" \/>\n<meta property=\"og:locale\" content=\"tr_TR\" \/>\n<meta property=\"og:type\" content=\"article\" \/>\n<meta property=\"og:title\" content=\"Ba\u015fkan\u0131n Mesaj\u0131 - ALPHA REFRACTORY LLC\" \/>\n<meta property=\"og:description\" content=\"Home Sayfa \u0130nsan, hangi sekt\u00f6rde olursa olsun, d\u00fcr\u00fcst, g\u00fcvenilir ve kaliteli hizmet sunmak zorundad\u0131r. Ancak bu zorunluluk sadece bireysel kazan\u00e7 i\u00e7in de\u011fil, insanl\u0131k ve toplum i\u00e7in bir gerekliliktir. Alpha Refractory LLC olarak, bu anlay\u0131\u015f\u0131 temel prensibimiz haline getirerek, faaliyet g\u00f6sterdi\u011fimiz her alanda insana de\u011fer vermeyi en \u00f6ncelikli hedefimiz olarak belirledik. Demir ve \u00e7elik sekt\u00f6r\u00fcnde, m\u00fc\u015fteri [&hellip;]\" \/>\n<meta property=\"og:url\" content=\"https:\/\/alpharefractoryllc.com\/tr\/tr\/kurumsal\/baskanin-mesaji\/\" \/>\n<meta property=\"og:site_name\" content=\"ALPHA REFRACTORY LLC\" \/>\n<meta property=\"article:modified_time\" content=\"2025-03-22T01:09:05+00:00\" \/>\n<meta name=\"twitter:card\" content=\"summary_large_image\" \/>\n<meta name=\"twitter:label1\" content=\"Tahmini okuma s\u00fcresi\" \/>\n\t<meta name=\"twitter:data1\" content=\"1 dakika\" \/>\n<script type=\"application\/ld+json\" class=\"yoast-schema-graph\">{\"@context\":\"https:\/\/schema.org\",\"@graph\":[{\"@type\":\"WebPage\",\"@id\":\"https:\/\/alpharefractoryllc.com\/tr\/tr\/kurumsal\/baskanin-mesaji\/\",\"url\":\"https:\/\/alpharefractoryllc.com\/tr\/tr\/kurumsal\/baskanin-mesaji\/\",\"name\":\"Ba\u015fkan\u0131n Mesaj\u0131 - ALPHA REFRACTORY LLC\",\"isPartOf\":{\"@id\":\"https:\/\/alpharefractoryllc.com\/tr\/#website\"},\"primaryImageOfPage\":{\"@id\":\"https:\/\/alpharefractoryllc.com\/tr\/tr\/kurumsal\/baskanin-mesaji\/#primaryimage\"},\"image\":{\"@id\":\"https:\/\/alpharefractoryllc.com\/tr\/tr\/kurumsal\/baskanin-mesaji\/#primaryimage\"},\"thumbnailUrl\":\"https:\/\/alpharefractoryllc.com\/tr\/wp-content\/uploads\/2025\/02\/logotop.svg\",\"datePublished\":\"2022-03-02T04:04:30+00:00\",\"dateModified\":\"2025-03-22T01:09:05+00:00\",\"breadcrumb\":{\"@id\":\"https:\/\/alpharefractoryllc.com\/tr\/tr\/kurumsal\/baskanin-mesaji\/#breadcrumb\"},\"inLanguage\":\"tr\",\"potentialAction\":[{\"@type\":\"ReadAction\",\"target\":[\"https:\/\/alpharefractoryllc.com\/tr\/tr\/kurumsal\/baskanin-mesaji\/\"]}]},{\"@type\":\"ImageObject\",\"inLanguage\":\"tr\",\"@id\":\"https:\/\/alpharefractoryllc.com\/tr\/tr\/kurumsal\/baskanin-mesaji\/#primaryimage\",\"url\":\"https:\/\/alpharefractoryllc.com\/tr\/wp-content\/uploads\/2025\/02\/logotop.svg\",\"contentUrl\":\"https:\/\/alpharefractoryllc.com\/tr\/wp-content\/uploads\/2025\/02\/logotop.svg\",\"width\":4193,\"height\":3892},{\"@type\":\"BreadcrumbList\",\"@id\":\"https:\/\/alpharefractoryllc.com\/tr\/tr\/kurumsal\/baskanin-mesaji\/#breadcrumb\",\"itemListElement\":[{\"@type\":\"ListItem\",\"position\":1,\"name\":\"Home\",\"item\":\"https:\/\/alpharefractoryllc.com\/tr\/\"},{\"@type\":\"ListItem\",\"position\":2,\"name\":\"Kurumsal\",\"item\":\"https:\/\/alpharefractoryllc.com\/tr\/tr\/kurumsal\/\"},{\"@type\":\"ListItem\",\"position\":3,\"name\":\"Ba\u015fkan\u0131n Mesaj\u0131\"}]},{\"@type\":\"WebSite\",\"@id\":\"https:\/\/alpharefractoryllc.com\/tr\/#website\",\"url\":\"https:\/\/alpharefractoryllc.com\/tr\/\",\"name\":\"ALPHA REFRACTORY LLC\",\"description\":\"Uluslararas\u0131 Deneyim, \u00dcst\u00fcn Kalite\",\"potentialAction\":[{\"@type\":\"SearchAction\",\"target\":{\"@type\":\"EntryPoint\",\"urlTemplate\":\"https:\/\/alpharefractoryllc.com\/tr\/?s={search_term_string}\"},\"query-input\":{\"@type\":\"PropertyValueSpecification\",\"valueRequired\":true,\"valueName\":\"search_term_string\"}}],\"inLanguage\":\"tr\"}]}<\/script>\n<!-- \/ Yoast SEO plugin. -->","yoast_head_json":{"title":"Ba\u015fkan\u0131n Mesaj\u0131 - ALPHA REFRACTORY LLC","robots":{"index":"noindex","follow":"follow","max-snippet":"max-snippet:-1","max-image-preview":"max-image-preview:large","max-video-preview":"max-video-preview:-1"},"og_locale":"tr_TR","og_type":"article","og_title":"Ba\u015fkan\u0131n Mesaj\u0131 - ALPHA REFRACTORY LLC","og_description":"Home Sayfa \u0130nsan, hangi sekt\u00f6rde olursa olsun, d\u00fcr\u00fcst, g\u00fcvenilir ve kaliteli hizmet sunmak zorundad\u0131r. Ancak bu zorunluluk sadece bireysel kazan\u00e7 i\u00e7in de\u011fil, insanl\u0131k ve toplum i\u00e7in bir gerekliliktir. Alpha Refractory LLC olarak, bu anlay\u0131\u015f\u0131 temel prensibimiz haline getirerek, faaliyet g\u00f6sterdi\u011fimiz her alanda insana de\u011fer vermeyi en \u00f6ncelikli hedefimiz olarak belirledik. Demir ve \u00e7elik sekt\u00f6r\u00fcnde, m\u00fc\u015fteri [&hellip;]","og_url":"https:\/\/alpharefractoryllc.com\/tr\/tr\/kurumsal\/baskanin-mesaji\/","og_site_name":"ALPHA REFRACTORY LLC","article_modified_time":"2025-03-22T01:09:05+00:00","twitter_card":"summary_large_image","twitter_misc":{"Tahmini okuma s\u00fcresi":"1 dakika"},"schema":{"@context":"https:\/\/schema.org","@graph":[{"@type":"WebPage","@id":"https:\/\/alpharefractoryllc.com\/tr\/tr\/kurumsal\/baskanin-mesaji\/","url":"https:\/\/alpharefractoryllc.com\/tr\/tr\/kurumsal\/baskanin-mesaji\/","name":"Ba\u015fkan\u0131n Mesaj\u0131 - ALPHA REFRACTORY LLC","isPartOf":{"@id":"https:\/\/alpharefractoryllc.com\/tr\/#website"},"primaryImageOfPage":{"@id":"https:\/\/alpharefractoryllc.com\/tr\/tr\/kurumsal\/baskanin-mesaji\/#primaryimage"},"image":{"@id":"https:\/\/alpharefractoryllc.com\/tr\/tr\/kurumsal\/baskanin-mesaji\/#primaryimage"},"thumbnailUrl":"https:\/\/alpharefractoryllc.com\/tr\/wp-content\/uploads\/2025\/02\/logotop.svg","datePublished":"2022-03-02T04:04:30+00:00","dateModified":"2025-03-22T01:09:05+00:00","breadcrumb":{"@id":"https:\/\/alpharefractoryllc.com\/tr\/tr\/kurumsal\/baskanin-mesaji\/#breadcrumb"},"inLanguage":"tr","potentialAction":[{"@type":"ReadAction","target":["https:\/\/alpharefractoryllc.com\/tr\/tr\/kurumsal\/baskanin-mesaji\/"]}]},{"@type":"ImageObject","inLanguage":"tr","@id":"https:\/\/alpharefractoryllc.com\/tr\/tr\/kurumsal\/baskanin-mesaji\/#primaryimage","url":"https:\/\/alpharefractoryllc.com\/tr\/wp-content\/uploads\/2025\/02\/logotop.svg","contentUrl":"https:\/\/alpharefractoryllc.com\/tr\/wp-content\/uploads\/2025\/02\/logotop.svg","width":4193,"height":3892},{"@type":"BreadcrumbList","@id":"https:\/\/alpharefractoryllc.com\/tr\/tr\/kurumsal\/baskanin-mesaji\/#breadcrumb","itemListElement":[{"@type":"ListItem","position":1,"name":"Home","item":"https:\/\/alpharefractoryllc.com\/tr\/"},{"@type":"ListItem","position":2,"name":"Kurumsal","item":"https:\/\/alpharefractoryllc.com\/tr\/tr\/kurumsal\/"},{"@type":"ListItem","position":3,"name":"Ba\u015fkan\u0131n Mesaj\u0131"}]},{"@type":"WebSite","@id":"https:\/\/alpharefractoryllc.com\/tr\/#website","url":"https:\/\/alpharefractoryllc.com\/tr\/","name":"ALPHA REFRACTORY LLC","description":"Uluslararas\u0131 Deneyim, \u00dcst\u00fcn Kalite","potentialAction":[{"@type":"SearchAction","target":{"@type":"EntryPoint","urlTemplate":"https:\/\/alpharefractoryllc.com\/tr\/?s={search_term_string}"},"query-input":{"@type":"PropertyValueSpecification","valueRequired":true,"valueName":"search_term_string"}}],"inLanguage":"tr"}]}},"_links":{"self":[{"href":"https:\/\/alpharefractoryllc.com\/tr\/wp-json\/wp\/v2\/pages\/26","targetHints":{"allow":["GET"]}}],"collection":[{"href":"https:\/\/alpharefractoryllc.com\/tr\/wp-json\/wp\/v2\/pages"}],"about":[{"href":"https:\/\/alpharefractoryllc.com\/tr\/wp-json\/wp\/v2\/types\/page"}],"author":[{"embeddable":true,"href":"https:\/\/alpharefractoryllc.com\/tr\/wp-json\/wp\/v2\/users\/1"}],"replies":[{"embeddable":true,"href":"https:\/\/alpharefractoryllc.com\/tr\/wp-json\/wp\/v2\/comments?post=26"}],"version-history":[{"count":160,"href":"https:\/\/alpharefractoryllc.com\/tr\/wp-json\/wp\/v2\/pages\/26\/revisions"}],"predecessor-version":[{"id":19088,"href":"https:\/\/alpharefractoryllc.com\/tr\/wp-json\/wp\/v2\/pages\/26\/revisions\/19088"}],"up":[{"embeddable":true,"href":"https:\/\/alpharefractoryllc.com\/tr\/wp-json\/wp\/v2\/pages\/19011"}],"wp:attachment":[{"href":"https:\/\/alpharefractoryllc.com\/tr\/wp-json\/wp\/v2\/media?parent=26"}],"curies":[{"name":"wp","href":"https:\/\/api.w.org\/{rel}","templated":true}]}}