{"id":20493,"date":"2025-03-24T00:34:12","date_gmt":"2025-03-24T00:34:12","guid":{"rendered":"https:\/\/alpharefractoryllc.com\/tr\/?page_id=20493"},"modified":"2025-03-24T00:46:30","modified_gmt":"2025-03-24T00:46:30","slug":"aydinlatma-metni","status":"publish","type":"page","link":"https:\/\/alpharefractoryllc.com\/tr\/aydinlatma-metni\/","title":{"rendered":"Ayd\u0131nlatma Metni"},"content":{"rendered":"\t\t<div data-elementor-type=\"wp-page\" data-elementor-id=\"20493\" class=\"elementor elementor-20493\">\n\t\t\t\t\t\t<section class=\"elementor-section elementor-top-section elementor-element elementor-element-2f1069a elementor-section-full_width elementor-section-height-min-height elementor-section-items-bottom elementor-section-height-default\" data-id=\"2f1069a\" data-element_type=\"section\" data-settings=\"{&quot;background_background&quot;:&quot;classic&quot;}\">\n\t\t\t\t\t\t\t<div class=\"elementor-background-overlay\"><\/div>\n\t\t\t\t\t\t\t<div class=\"elementor-container elementor-column-gap-no\">\n\t\t\t\t\t<div class=\"elementor-column elementor-col-100 elementor-top-column elementor-element elementor-element-3566761\" data-id=\"3566761\" data-element_type=\"column\" data-settings=\"{&quot;background_background&quot;:&quot;classic&quot;}\">\n\t\t\t<div class=\"elementor-widget-wrap elementor-element-populated\">\n\t\t\t\t\t<div class=\"elementor-background-overlay\"><\/div>\n\t\t\t\t\t\t<div class=\"elementor-element elementor-element-e199b9f elementor-widget elementor-widget-infetech_elementor_header_banner\" data-id=\"e199b9f\" data-element_type=\"widget\" data-widget_type=\"infetech_elementor_header_banner.default\">\n\t\t\t\t<div class=\"elementor-widget-container\">\n\t\t\t\t\t\t\t \t<!-- Display when you choose background per Post -->\n\t\t \t<div class=\"wrap_header_banner   \"  >\n\n\t\t \t\t\t\t\t \t\n\t\t\t\t \t<div class=\"cover_color\"><\/div>\n\n\t\t\t\t\t<div class=\"header_banner_el \">\n\t\t\t\t\t\t\n\t\t\t\t\t\t\t\t\t\t\t\t\t\n\t\t\t\t\t\t\t\n\t\t\t\t\t\t\t\t\t\t\t\t\t\t<h1 class=\" header_title\">\n\t\t\t\t\t\t\t\t\t\t\t\t\t\t\t<\/h1>\n\t\t\t\t\t\t\t\t\n\t\t\t\t\t\t\n\n\t\t\t\t\t\t\t\t\t\t\t\t\t<div class=\"header_breadcrumbs\">\n\t\t\t\t\t\t\t\t<div id=\"breadcrumbs\"><ul class=\"breadcrumb\"><li><a href=\"https:\/\/alpharefractoryllc.com\/tr\/\" title=\"Home\">Home<\/a><\/li> <li class=\"li_separator\"><span class=\"separator\"><i class=\"ovaicon-next\"><\/i><\/span><\/li><li>Sayfa<\/li><\/ul><\/div>\t\t\t\t\t\t\t<\/div>\n\t\t\t\t\t\t\n\t\t\t\t\t<\/div>\n\n\t\t\t\t\n\t\t\t<\/div>\n\t\t\t\t\t\t<\/div>\n\t\t\t\t<\/div>\n\t\t\t\t\t<\/div>\n\t\t<\/div>\n\t\t\t\t\t<\/div>\n\t\t<\/section>\n\t\t<div class=\"elementor-element elementor-element-ff1fa83 e-flex e-con-boxed e-con e-parent\" data-id=\"ff1fa83\" data-element_type=\"container\">\n\t\t\t\t\t<div class=\"e-con-inner\">\n\t\t<div class=\"elementor-element elementor-element-7bf6403 e-con-full e-flex e-con e-child\" data-id=\"7bf6403\" data-element_type=\"container\">\n\t\t\t\t<div class=\"elementor-element elementor-element-350d4f6 elementor-widget elementor-widget-infetech_elementor_menu_footer\" data-id=\"350d4f6\" data-element_type=\"widget\" data-widget_type=\"infetech_elementor_menu_footer.default\">\n\t\t\t\t<div class=\"elementor-widget-container\">\n\t\t\t\t\t\t\t<div class=\"ova-menu-footer\">\n\t\t\t<ul id=\"menu-kvk-menu\" class=\"menu\"><li id=\"menu-item-20520\" class=\"menu-item menu-item-type-post_type menu-item-object-page menu-item-privacy-policy menu-item-20520\"><a rel=\"privacy-policy\" href=\"https:\/\/alpharefractoryllc.com\/tr\/gizlilik-ve-kisisel-verilerin-korunmasi-hakkinda-bilgilendirme\/\">Gizlilik ve Ki\u015fisel Verilerin Korunmas\u0131 Hakk\u0131nda Bilgilendirme<\/a><\/li>\n<li id=\"menu-item-20521\" class=\"menu-item menu-item-type-post_type menu-item-object-page menu-item-20521\"><a href=\"https:\/\/alpharefractoryllc.com\/tr\/kisisel-verilerin-korunmasi-politikasi\/\">Ki\u015fisel Verilerin Korunmas\u0131 Politikas\u0131<\/a><\/li>\n<li id=\"menu-item-20522\" class=\"menu-item menu-item-type-post_type menu-item-object-page menu-item-20522\"><a href=\"https:\/\/alpharefractoryllc.com\/tr\/web-sitesi-aydinlatma-metni\/\">Web Sitesi Ayd\u0131nlatma Metni<\/a><\/li>\n<li id=\"menu-item-20518\" class=\"menu-item menu-item-type-post_type menu-item-object-page menu-item-20518\"><a href=\"https:\/\/alpharefractoryllc.com\/tr\/aydinlatma-metni\/\">Ayd\u0131nlatma Metni<\/a><\/li>\n<li id=\"menu-item-20519\" class=\"menu-item menu-item-type-post_type menu-item-object-page menu-item-20519\"><a href=\"https:\/\/alpharefractoryllc.com\/tr\/aydinlatma-ve-acik-riza-metni\/\">Ayd\u0131nlatma ve A\u00e7\u0131k R\u0131za Metni<\/a><\/li>\n<li id=\"menu-item-20586\" class=\"menu-item menu-item-type-custom menu-item-object-custom menu-item-20586\"><a href=\"https:\/\/alpharefractoryllc.com\/tr\/kvkk-basvuru.pdf\">KVKK Ba\u015fvuru Formu<\/a><\/li>\n<\/ul>\t\t<\/div>\n\n\t\t\t\t\t\t<\/div>\n\t\t\t\t<\/div>\n\t\t\t\t<div class=\"elementor-element elementor-element-176304b elementor-widget elementor-widget-heading\" data-id=\"176304b\" data-element_type=\"widget\" data-widget_type=\"heading.default\">\n\t\t\t\t<div class=\"elementor-widget-container\">\n\t\t\t\t\t<h2 class=\"elementor-heading-title elementor-size-default\">H\u0131zl\u0131 Eri\u015fim<\/h2>\t\t\t\t<\/div>\n\t\t\t\t<\/div>\n\t\t\t\t<div class=\"elementor-element elementor-element-974b0b6 elementor-widget elementor-widget-infetech_elementor_menu_footer\" data-id=\"974b0b6\" data-element_type=\"widget\" data-widget_type=\"infetech_elementor_menu_footer.default\">\n\t\t\t\t<div class=\"elementor-widget-container\">\n\t\t\t\t\t\t\t<div class=\"ova-menu-footer\">\n\t\t\t<ul id=\"menu-hizli-erisim\" class=\"menu\"><li id=\"menu-item-20526\" class=\"menu-item menu-item-type-post_type menu-item-object-page menu-item-20526\"><a href=\"https:\/\/alpharefractoryllc.com\/tr\/kurumsal\/\">Kurumsal<\/a><\/li>\n<li id=\"menu-item-20525\" class=\"menu-item menu-item-type-post_type menu-item-object-page menu-item-20525\"><a href=\"https:\/\/alpharefractoryllc.com\/tr\/hizmetlerimiz\/\">Hizmetlerimiz<\/a><\/li>\n<li id=\"menu-item-20524\" class=\"menu-item menu-item-type-post_type menu-item-object-page menu-item-20524\"><a href=\"https:\/\/alpharefractoryllc.com\/tr\/calisma-alanlarimiz\/\">\u00c7al\u0131\u015fma Alanlar\u0131m\u0131z<\/a><\/li>\n<li id=\"menu-item-20523\" class=\"menu-item menu-item-type-post_type menu-item-object-page menu-item-20523\"><a href=\"https:\/\/alpharefractoryllc.com\/tr\/blogdan-haberler\/\">Blog\u2019dan Haberler<\/a><\/li>\n<li id=\"menu-item-20574\" class=\"menu-item menu-item-type-post_type menu-item-object-page menu-item-20574\"><a href=\"https:\/\/alpharefractoryllc.com\/tr\/iletisim\/\">Bize Ula\u015f<\/a><\/li>\n<\/ul>\t\t<\/div>\n\n\t\t\t\t\t\t<\/div>\n\t\t\t\t<\/div>\n\t\t\t\t<\/div>\n\t\t<div class=\"elementor-element elementor-element-5f4d29b e-con-full e-flex e-con e-child\" data-id=\"5f4d29b\" data-element_type=\"container\">\n\t\t\t\t<div class=\"elementor-element elementor-element-8cc5da2 elementor-widget elementor-widget-text-editor\" data-id=\"8cc5da2\" data-element_type=\"widget\" data-widget_type=\"text-editor.default\">\n\t\t\t\t<div class=\"elementor-widget-container\">\n\t\t\t\t\t\t\t\t\t<p>ELEKTRON\u0130K T\u0130CAR\u0130 \u0130LET\u0130 G\u00d6NDER\u0130M\u0130 \u0130\u00c7\u0130N ONAYINIZ<\/p><p>\u0130stedi\u011fim her zaman ve hi\u00e7bir gerek\u00e7e g\u00f6stermeksizin, elektronik, iletilerde belirtilen i\u015flemi (red) yaparak \u201cticari elektronik ileti\u015fimi\u201d durdurabilece\u011fimi ya da kvkk@alpharefractoryllc.com\u2019ye talebimi ,ileti\u015fim bilgilerimi, g\u00f6nderilen ticari iletiye ili\u015fkin iletinin g\u00f6nderildi\u011fi verileri belirterek ticari ileti g\u00f6nderilmesini reddedebilece\u011fim hakk\u0131nda bilgilendirilerek;<\/p><p>Taraf\u0131ma ait olan ileti\u015fim adreslerine, Alpha Refractory LLC taraf\u0131ndan do\u011frudan veya dolayl\u0131 olarak mal ve hizmetlerini tan\u0131tmak veya taraf\u0131ma \u00fcr\u00fcn\/hizmetlerin tan\u0131t\u0131m ve pazarlama amac\u0131yla duyuru ve bilgilendirmeler yap\u0131lmas\u0131 i\u00e7in elektronik ileti\u015fim ara\u00e7lar\u0131yla ticari elektronik ileti g\u00f6ndermesine ve bu kapsamda ki\u015fisel verilerimin i\u015flenmesine, ticari elektronik ileti i\u00e7eri\u011fini ve di\u011fer kay\u0131tlar\u0131 T.C. G\u00fcmr\u00fck ve Ticaret Bakanl\u0131\u011f\u0131na sunmak \u00fczere kay\u0131t alt\u0131na al\u0131narak saklanmas\u0131na 6563 say\u0131l\u0131 Elektronik Ticaretin D\u00fczenlenmesi Hakk\u0131nda Kanun uyar\u0131nca izin veriyorum.<\/p>\t\t\t\t\t\t\t\t<\/div>\n\t\t\t\t<\/div>\n\t\t\t\t<div class=\"elementor-element elementor-element-b110667 elementor-hidden-tablet elementor-hidden-mobile elementor-widget elementor-widget-image\" data-id=\"b110667\" data-element_type=\"widget\" data-widget_type=\"image.default\">\n\t\t\t\t<div class=\"elementor-widget-container\">\n\t\t\t\t\t\t\t\t\t\t\t\t\t\t\t<img fetchpriority=\"high\" decoding=\"async\" width=\"4193\" height=\"3892\" src=\"https:\/\/alpharefractoryllc.com\/tr\/wp-content\/uploads\/2025\/02\/logotop.svg\" class=\"attachment-large size-large wp-image-17957\" alt=\"\" \/>\t\t\t\t\t\t\t\t\t\t\t\t\t\t\t<\/div>\n\t\t\t\t<\/div>\n\t\t\t\t<\/div>\n\t\t\t\t\t<\/div>\n\t\t\t\t<\/div>\n\t\t\t\t<\/div>\n\t\t","protected":false},"excerpt":{"rendered":"<p>Ana Sayfa Sayfa Gizlilik ve Ki\u015fisel Verilerin Korunmas\u0131 Hakk\u0131nda Bilgilendirme Ki\u015fisel Verilerin Korunmas\u0131 Politikas\u0131 Web Sitesi Ayd\u0131nlatma Metni Ayd\u0131nlatma Metni Ayd\u0131nlatma ve A\u00e7\u0131k R\u0131za Metni H\u0131zl\u0131 Eri\u015fim Kurumsal Hizmetlerimiz \u00c7al\u0131\u015fma Alanlar\u0131m\u0131z Blog\u2019dan Haberler ELEKTRON\u0130K T\u0130CAR\u0130 \u0130LET\u0130 G\u00d6NDER\u0130M\u0130 \u0130\u00c7\u0130N ONAYINIZ \u0130stedi\u011fim her zaman ve hi\u00e7bir gerek\u00e7e g\u00f6stermeksizin, elektronik, iletilerde belirtilen i\u015flemi (red) yaparak \u201cticari elektronik ileti\u015fimi\u201d [&hellip;]<\/p>\n","protected":false},"author":1,"featured_media":0,"parent":0,"menu_order":0,"comment_status":"closed","ping_status":"closed","template":"elementor_header_footer","meta":{"footnotes":""},"class_list":["post-20493","page","type-page","status-publish","hentry"],"yoast_head":"<!-- This site is optimized with the Yoast SEO plugin v24.9 - https:\/\/yoast.com\/wordpress\/plugins\/seo\/ -->\n<title>Ayd\u0131nlatma Metni - ALPHA REFRACTORY LLC<\/title>\n<meta name=\"robots\" content=\"noindex, follow, max-snippet:-1, max-image-preview:large, max-video-preview:-1\" \/>\n<meta property=\"og:locale\" content=\"tr_TR\" \/>\n<meta property=\"og:type\" content=\"article\" \/>\n<meta property=\"og:title\" content=\"Ayd\u0131nlatma Metni - ALPHA REFRACTORY LLC\" \/>\n<meta property=\"og:description\" content=\"Ana Sayfa Sayfa Gizlilik ve Ki\u015fisel Verilerin Korunmas\u0131 Hakk\u0131nda Bilgilendirme Ki\u015fisel Verilerin Korunmas\u0131 Politikas\u0131 Web Sitesi Ayd\u0131nlatma Metni Ayd\u0131nlatma Metni Ayd\u0131nlatma ve A\u00e7\u0131k R\u0131za Metni H\u0131zl\u0131 Eri\u015fim Kurumsal Hizmetlerimiz \u00c7al\u0131\u015fma Alanlar\u0131m\u0131z Blog\u2019dan Haberler ELEKTRON\u0130K T\u0130CAR\u0130 \u0130LET\u0130 G\u00d6NDER\u0130M\u0130 \u0130\u00c7\u0130N ONAYINIZ \u0130stedi\u011fim her zaman ve hi\u00e7bir gerek\u00e7e g\u00f6stermeksizin, elektronik, iletilerde belirtilen i\u015flemi (red) yaparak \u201cticari elektronik ileti\u015fimi\u201d [&hellip;]\" \/>\n<meta property=\"og:url\" content=\"https:\/\/alpharefractoryllc.com\/tr\/tr\/aydinlatma-metni\/\" \/>\n<meta property=\"og:site_name\" content=\"ALPHA REFRACTORY LLC\" \/>\n<meta property=\"article:modified_time\" content=\"2025-03-24T00:46:30+00:00\" \/>\n<meta name=\"twitter:card\" content=\"summary_large_image\" \/>\n<meta name=\"twitter:label1\" content=\"Tahmini okuma s\u00fcresi\" \/>\n\t<meta name=\"twitter:data1\" content=\"1 dakika\" \/>\n<script type=\"application\/ld+json\" class=\"yoast-schema-graph\">{\"@context\":\"https:\/\/schema.org\",\"@graph\":[{\"@type\":\"WebPage\",\"@id\":\"https:\/\/alpharefractoryllc.com\/tr\/tr\/aydinlatma-metni\/\",\"url\":\"https:\/\/alpharefractoryllc.com\/tr\/tr\/aydinlatma-metni\/\",\"name\":\"Ayd\u0131nlatma Metni - ALPHA REFRACTORY LLC\",\"isPartOf\":{\"@id\":\"https:\/\/alpharefractoryllc.com\/tr\/#website\"},\"primaryImageOfPage\":{\"@id\":\"https:\/\/alpharefractoryllc.com\/tr\/tr\/aydinlatma-metni\/#primaryimage\"},\"image\":{\"@id\":\"https:\/\/alpharefractoryllc.com\/tr\/tr\/aydinlatma-metni\/#primaryimage\"},\"thumbnailUrl\":\"https:\/\/alpharefractoryllc.com\/tr\/wp-content\/uploads\/2025\/02\/logotop.svg\",\"datePublished\":\"2025-03-24T00:34:12+00:00\",\"dateModified\":\"2025-03-24T00:46:30+00:00\",\"breadcrumb\":{\"@id\":\"https:\/\/alpharefractoryllc.com\/tr\/tr\/aydinlatma-metni\/#breadcrumb\"},\"inLanguage\":\"tr\",\"potentialAction\":[{\"@type\":\"ReadAction\",\"target\":[\"https:\/\/alpharefractoryllc.com\/tr\/tr\/aydinlatma-metni\/\"]}]},{\"@type\":\"ImageObject\",\"inLanguage\":\"tr\",\"@id\":\"https:\/\/alpharefractoryllc.com\/tr\/tr\/aydinlatma-metni\/#primaryimage\",\"url\":\"https:\/\/alpharefractoryllc.com\/tr\/wp-content\/uploads\/2025\/02\/logotop.svg\",\"contentUrl\":\"https:\/\/alpharefractoryllc.com\/tr\/wp-content\/uploads\/2025\/02\/logotop.svg\",\"width\":4193,\"height\":3892},{\"@type\":\"BreadcrumbList\",\"@id\":\"https:\/\/alpharefractoryllc.com\/tr\/tr\/aydinlatma-metni\/#breadcrumb\",\"itemListElement\":[{\"@type\":\"ListItem\",\"position\":1,\"name\":\"Home\",\"item\":\"https:\/\/alpharefractoryllc.com\/tr\/\"},{\"@type\":\"ListItem\",\"position\":2,\"name\":\"Ayd\u0131nlatma Metni\"}]},{\"@type\":\"WebSite\",\"@id\":\"https:\/\/alpharefractoryllc.com\/tr\/#website\",\"url\":\"https:\/\/alpharefractoryllc.com\/tr\/\",\"name\":\"ALPHA REFRACTORY LLC\",\"description\":\"Uluslararas\u0131 Deneyim, \u00dcst\u00fcn Kalite\",\"potentialAction\":[{\"@type\":\"SearchAction\",\"target\":{\"@type\":\"EntryPoint\",\"urlTemplate\":\"https:\/\/alpharefractoryllc.com\/tr\/?s={search_term_string}\"},\"query-input\":{\"@type\":\"PropertyValueSpecification\",\"valueRequired\":true,\"valueName\":\"search_term_string\"}}],\"inLanguage\":\"tr\"}]}<\/script>\n<!-- \/ Yoast SEO plugin. -->","yoast_head_json":{"title":"Ayd\u0131nlatma Metni - ALPHA REFRACTORY LLC","robots":{"index":"noindex","follow":"follow","max-snippet":"max-snippet:-1","max-image-preview":"max-image-preview:large","max-video-preview":"max-video-preview:-1"},"og_locale":"tr_TR","og_type":"article","og_title":"Ayd\u0131nlatma Metni - ALPHA REFRACTORY LLC","og_description":"Ana Sayfa Sayfa Gizlilik ve Ki\u015fisel Verilerin Korunmas\u0131 Hakk\u0131nda Bilgilendirme Ki\u015fisel Verilerin Korunmas\u0131 Politikas\u0131 Web Sitesi Ayd\u0131nlatma Metni Ayd\u0131nlatma Metni Ayd\u0131nlatma ve A\u00e7\u0131k R\u0131za Metni H\u0131zl\u0131 Eri\u015fim Kurumsal Hizmetlerimiz \u00c7al\u0131\u015fma Alanlar\u0131m\u0131z Blog\u2019dan Haberler ELEKTRON\u0130K T\u0130CAR\u0130 \u0130LET\u0130 G\u00d6NDER\u0130M\u0130 \u0130\u00c7\u0130N ONAYINIZ \u0130stedi\u011fim her zaman ve hi\u00e7bir gerek\u00e7e g\u00f6stermeksizin, elektronik, iletilerde belirtilen i\u015flemi (red) yaparak \u201cticari elektronik ileti\u015fimi\u201d [&hellip;]","og_url":"https:\/\/alpharefractoryllc.com\/tr\/tr\/aydinlatma-metni\/","og_site_name":"ALPHA REFRACTORY LLC","article_modified_time":"2025-03-24T00:46:30+00:00","twitter_card":"summary_large_image","twitter_misc":{"Tahmini okuma s\u00fcresi":"1 dakika"},"schema":{"@context":"https:\/\/schema.org","@graph":[{"@type":"WebPage","@id":"https:\/\/alpharefractoryllc.com\/tr\/tr\/aydinlatma-metni\/","url":"https:\/\/alpharefractoryllc.com\/tr\/tr\/aydinlatma-metni\/","name":"Ayd\u0131nlatma Metni - ALPHA REFRACTORY LLC","isPartOf":{"@id":"https:\/\/alpharefractoryllc.com\/tr\/#website"},"primaryImageOfPage":{"@id":"https:\/\/alpharefractoryllc.com\/tr\/tr\/aydinlatma-metni\/#primaryimage"},"image":{"@id":"https:\/\/alpharefractoryllc.com\/tr\/tr\/aydinlatma-metni\/#primaryimage"},"thumbnailUrl":"https:\/\/alpharefractoryllc.com\/tr\/wp-content\/uploads\/2025\/02\/logotop.svg","datePublished":"2025-03-24T00:34:12+00:00","dateModified":"2025-03-24T00:46:30+00:00","breadcrumb":{"@id":"https:\/\/alpharefractoryllc.com\/tr\/tr\/aydinlatma-metni\/#breadcrumb"},"inLanguage":"tr","potentialAction":[{"@type":"ReadAction","target":["https:\/\/alpharefractoryllc.com\/tr\/tr\/aydinlatma-metni\/"]}]},{"@type":"ImageObject","inLanguage":"tr","@id":"https:\/\/alpharefractoryllc.com\/tr\/tr\/aydinlatma-metni\/#primaryimage","url":"https:\/\/alpharefractoryllc.com\/tr\/wp-content\/uploads\/2025\/02\/logotop.svg","contentUrl":"https:\/\/alpharefractoryllc.com\/tr\/wp-content\/uploads\/2025\/02\/logotop.svg","width":4193,"height":3892},{"@type":"BreadcrumbList","@id":"https:\/\/alpharefractoryllc.com\/tr\/tr\/aydinlatma-metni\/#breadcrumb","itemListElement":[{"@type":"ListItem","position":1,"name":"Home","item":"https:\/\/alpharefractoryllc.com\/tr\/"},{"@type":"ListItem","position":2,"name":"Ayd\u0131nlatma Metni"}]},{"@type":"WebSite","@id":"https:\/\/alpharefractoryllc.com\/tr\/#website","url":"https:\/\/alpharefractoryllc.com\/tr\/","name":"ALPHA REFRACTORY LLC","description":"Uluslararas\u0131 Deneyim, \u00dcst\u00fcn Kalite","potentialAction":[{"@type":"SearchAction","target":{"@type":"EntryPoint","urlTemplate":"https:\/\/alpharefractoryllc.com\/tr\/?s={search_term_string}"},"query-input":{"@type":"PropertyValueSpecification","valueRequired":true,"valueName":"search_term_string"}}],"inLanguage":"tr"}]}},"_links":{"self":[{"href":"https:\/\/alpharefractoryllc.com\/tr\/wp-json\/wp\/v2\/pages\/20493","targetHints":{"allow":["GET"]}}],"collection":[{"href":"https:\/\/alpharefractoryllc.com\/tr\/wp-json\/wp\/v2\/pages"}],"about":[{"href":"https:\/\/alpharefractoryllc.com\/tr\/wp-json\/wp\/v2\/types\/page"}],"author":[{"embeddable":true,"href":"https:\/\/alpharefractoryllc.com\/tr\/wp-json\/wp\/v2\/users\/1"}],"replies":[{"embeddable":true,"href":"https:\/\/alpharefractoryllc.com\/tr\/wp-json\/wp\/v2\/comments?post=20493"}],"version-history":[{"count":13,"href":"https:\/\/alpharefractoryllc.com\/tr\/wp-json\/wp\/v2\/pages\/20493\/revisions"}],"predecessor-version":[{"id":20533,"href":"https:\/\/alpharefractoryllc.com\/tr\/wp-json\/wp\/v2\/pages\/20493\/revisions\/20533"}],"wp:attachment":[{"href":"https:\/\/alpharefractoryllc.com\/tr\/wp-json\/wp\/v2\/media?parent=20493"}],"curies":[{"name":"wp","href":"https:\/\/api.w.org\/{rel}","templated":true}]}}