{"id":20464,"date":"2025-03-24T00:04:00","date_gmt":"2025-03-24T00:04:00","guid":{"rendered":"https:\/\/alpharefractoryllc.com\/tr\/?page_id=20464"},"modified":"2025-03-24T00:47:15","modified_gmt":"2025-03-24T00:47:15","slug":"web-sitesi-aydinlatma-metni","status":"publish","type":"page","link":"https:\/\/alpharefractoryllc.com\/tr\/web-sitesi-aydinlatma-metni\/","title":{"rendered":"Web Sitesi Ayd\u0131nlatma Metni"},"content":{"rendered":"\t\t<div data-elementor-type=\"wp-page\" data-elementor-id=\"20464\" class=\"elementor elementor-20464\">\n\t\t\t\t\t\t<section class=\"elementor-section elementor-top-section elementor-element elementor-element-2f1069a elementor-section-full_width elementor-section-height-min-height elementor-section-items-bottom elementor-section-height-default\" data-id=\"2f1069a\" data-element_type=\"section\" data-settings=\"{&quot;background_background&quot;:&quot;classic&quot;}\">\n\t\t\t\t\t\t\t<div class=\"elementor-background-overlay\"><\/div>\n\t\t\t\t\t\t\t<div class=\"elementor-container elementor-column-gap-no\">\n\t\t\t\t\t<div class=\"elementor-column elementor-col-100 elementor-top-column elementor-element elementor-element-3566761\" data-id=\"3566761\" data-element_type=\"column\" data-settings=\"{&quot;background_background&quot;:&quot;classic&quot;}\">\n\t\t\t<div class=\"elementor-widget-wrap elementor-element-populated\">\n\t\t\t\t\t<div class=\"elementor-background-overlay\"><\/div>\n\t\t\t\t\t\t<div class=\"elementor-element elementor-element-e199b9f elementor-widget elementor-widget-infetech_elementor_header_banner\" data-id=\"e199b9f\" data-element_type=\"widget\" data-widget_type=\"infetech_elementor_header_banner.default\">\n\t\t\t\t<div class=\"elementor-widget-container\">\n\t\t\t\t\t\t\t \t<!-- Display when you choose background per Post -->\n\t\t \t<div class=\"wrap_header_banner   \"  >\n\n\t\t \t\t\t\t\t \t\n\t\t\t\t \t<div class=\"cover_color\"><\/div>\n\n\t\t\t\t\t<div class=\"header_banner_el \">\n\t\t\t\t\t\t\n\t\t\t\t\t\t\t\t\t\t\t\t\t\n\t\t\t\t\t\t\t\n\t\t\t\t\t\t\t\t\t\t\t\t\t\t<h1 class=\" header_title\">\n\t\t\t\t\t\t\t\t\t\t\t\t\t\t\t<\/h1>\n\t\t\t\t\t\t\t\t\n\t\t\t\t\t\t\n\n\t\t\t\t\t\t\t\t\t\t\t\t\t<div class=\"header_breadcrumbs\">\n\t\t\t\t\t\t\t\t<div id=\"breadcrumbs\"><ul class=\"breadcrumb\"><li><a href=\"https:\/\/alpharefractoryllc.com\/tr\/\" title=\"Home\">Home<\/a><\/li> <li class=\"li_separator\"><span class=\"separator\"><i class=\"ovaicon-next\"><\/i><\/span><\/li><li>Sayfa<\/li><\/ul><\/div>\t\t\t\t\t\t\t<\/div>\n\t\t\t\t\t\t\n\t\t\t\t\t<\/div>\n\n\t\t\t\t\n\t\t\t<\/div>\n\t\t\t\t\t\t<\/div>\n\t\t\t\t<\/div>\n\t\t\t\t\t<\/div>\n\t\t<\/div>\n\t\t\t\t\t<\/div>\n\t\t<\/section>\n\t\t<div class=\"elementor-element elementor-element-573056e e-flex e-con-boxed e-con e-parent\" data-id=\"573056e\" data-element_type=\"container\">\n\t\t\t\t\t<div class=\"e-con-inner\">\n\t\t<div class=\"elementor-element elementor-element-a9dc347 e-con-full e-flex e-con e-child\" data-id=\"a9dc347\" data-element_type=\"container\">\n\t\t\t\t<div class=\"elementor-element elementor-element-036bf9f elementor-widget elementor-widget-infetech_elementor_menu_footer\" data-id=\"036bf9f\" data-element_type=\"widget\" data-widget_type=\"infetech_elementor_menu_footer.default\">\n\t\t\t\t<div class=\"elementor-widget-container\">\n\t\t\t\t\t\t\t<div class=\"ova-menu-footer\">\n\t\t\t<ul id=\"menu-kvk-menu\" class=\"menu\"><li id=\"menu-item-20520\" class=\"menu-item menu-item-type-post_type menu-item-object-page menu-item-privacy-policy menu-item-20520\"><a rel=\"privacy-policy\" href=\"https:\/\/alpharefractoryllc.com\/tr\/gizlilik-ve-kisisel-verilerin-korunmasi-hakkinda-bilgilendirme\/\">Gizlilik ve Ki\u015fisel Verilerin Korunmas\u0131 Hakk\u0131nda Bilgilendirme<\/a><\/li>\n<li id=\"menu-item-20521\" class=\"menu-item menu-item-type-post_type menu-item-object-page menu-item-20521\"><a href=\"https:\/\/alpharefractoryllc.com\/tr\/kisisel-verilerin-korunmasi-politikasi\/\">Ki\u015fisel Verilerin Korunmas\u0131 Politikas\u0131<\/a><\/li>\n<li id=\"menu-item-20522\" class=\"menu-item menu-item-type-post_type menu-item-object-page menu-item-20522\"><a href=\"https:\/\/alpharefractoryllc.com\/tr\/web-sitesi-aydinlatma-metni\/\">Web Sitesi Ayd\u0131nlatma Metni<\/a><\/li>\n<li id=\"menu-item-20518\" class=\"menu-item menu-item-type-post_type menu-item-object-page menu-item-20518\"><a href=\"https:\/\/alpharefractoryllc.com\/tr\/aydinlatma-metni\/\">Ayd\u0131nlatma Metni<\/a><\/li>\n<li id=\"menu-item-20519\" class=\"menu-item menu-item-type-post_type menu-item-object-page menu-item-20519\"><a href=\"https:\/\/alpharefractoryllc.com\/tr\/aydinlatma-ve-acik-riza-metni\/\">Ayd\u0131nlatma ve A\u00e7\u0131k R\u0131za Metni<\/a><\/li>\n<li id=\"menu-item-20586\" class=\"menu-item menu-item-type-custom menu-item-object-custom menu-item-20586\"><a href=\"https:\/\/alpharefractoryllc.com\/tr\/kvkk-basvuru.pdf\">KVKK Ba\u015fvuru Formu<\/a><\/li>\n<\/ul>\t\t<\/div>\n\n\t\t\t\t\t\t<\/div>\n\t\t\t\t<\/div>\n\t\t\t\t<div class=\"elementor-element elementor-element-6297eb9 elementor-widget elementor-widget-heading\" data-id=\"6297eb9\" data-element_type=\"widget\" data-widget_type=\"heading.default\">\n\t\t\t\t<div class=\"elementor-widget-container\">\n\t\t\t\t\t<h2 class=\"elementor-heading-title elementor-size-default\">H\u0131zl\u0131 Eri\u015fim<\/h2>\t\t\t\t<\/div>\n\t\t\t\t<\/div>\n\t\t\t\t<div class=\"elementor-element elementor-element-98ad6bf elementor-widget elementor-widget-infetech_elementor_menu_footer\" data-id=\"98ad6bf\" data-element_type=\"widget\" data-widget_type=\"infetech_elementor_menu_footer.default\">\n\t\t\t\t<div class=\"elementor-widget-container\">\n\t\t\t\t\t\t\t<div class=\"ova-menu-footer\">\n\t\t\t<ul id=\"menu-hizli-erisim\" class=\"menu\"><li id=\"menu-item-20526\" class=\"menu-item menu-item-type-post_type menu-item-object-page menu-item-20526\"><a href=\"https:\/\/alpharefractoryllc.com\/tr\/kurumsal\/\">Kurumsal<\/a><\/li>\n<li id=\"menu-item-20525\" class=\"menu-item menu-item-type-post_type menu-item-object-page menu-item-20525\"><a href=\"https:\/\/alpharefractoryllc.com\/tr\/hizmetlerimiz\/\">Hizmetlerimiz<\/a><\/li>\n<li id=\"menu-item-20524\" class=\"menu-item menu-item-type-post_type menu-item-object-page menu-item-20524\"><a href=\"https:\/\/alpharefractoryllc.com\/tr\/calisma-alanlarimiz\/\">\u00c7al\u0131\u015fma Alanlar\u0131m\u0131z<\/a><\/li>\n<li id=\"menu-item-20523\" class=\"menu-item menu-item-type-post_type menu-item-object-page menu-item-20523\"><a href=\"https:\/\/alpharefractoryllc.com\/tr\/blogdan-haberler\/\">Blog\u2019dan Haberler<\/a><\/li>\n<li id=\"menu-item-20574\" class=\"menu-item menu-item-type-post_type menu-item-object-page menu-item-20574\"><a href=\"https:\/\/alpharefractoryllc.com\/tr\/iletisim\/\">Bize Ula\u015f<\/a><\/li>\n<\/ul>\t\t<\/div>\n\n\t\t\t\t\t\t<\/div>\n\t\t\t\t<\/div>\n\t\t\t\t<\/div>\n\t\t<div class=\"elementor-element elementor-element-c2ce7c7 e-con-full e-flex e-con e-child\" data-id=\"c2ce7c7\" data-element_type=\"container\">\n\t\t\t\t<div class=\"elementor-element elementor-element-8cc5da2 elementor-widget elementor-widget-text-editor\" data-id=\"8cc5da2\" data-element_type=\"widget\" data-widget_type=\"text-editor.default\">\n\t\t\t\t<div class=\"elementor-widget-container\">\n\t\t\t\t\t\t\t\t\t<h5>a.Veri Sorumlusu<\/h5><p>6698 Say\u0131l\u0131 Ki\u015fisel Verilerin Korunmas\u0131 Kanunu\u2019na (\u201cKanun\u201d) uygun olarak ki\u015fisel verileriniz veri sorumlusu s\u0131fat\u0131yla <strong>Alpha Refractory LLC<\/strong> (\u201c<strong>Alpha Refractory<\/strong>\u201d veya \u201c\u015eirket\u201d) taraf\u0131ndan i\u015flenmektedir.<\/p><h5>b.Ki\u015fisel Verilerin \u0130\u015flenme Ama\u00e7lar\u0131<\/h5><p>Ki\u015fisel verileriniz; acil durum y\u00f6netimi s\u00fcre\u00e7lerinin y\u00fcr\u00fct\u00fclmesi, bilgi g\u00fcvenli\u011fi s\u00fcre\u00e7lerinin y\u00fcr\u00fct\u00fclmesi, \u00e7al\u0131\u015fan aday\u0131\/stajyer se\u00e7me ve yerle\u015ftirme s\u00fcre\u00e7lerinin y\u00fcr\u00fct\u00fclmesi, \u00e7al\u0131\u015fan adaylar\u0131n ba\u015fvuru s\u00fcre\u00e7lerinin y\u00fcr\u00fct\u00fclmesi, \u00e7al\u0131\u015fanlar i\u00e7in i\u015f akdi\/mevzuattan kaynakl\u0131 y\u00fck\u00fcml\u00fcl\u00fcklerin yerine getirilmesi, \u00e7al\u0131\u015fanlar i\u00e7in yan haklar ve menfaatleri s\u00fcre\u00e7lerinin y\u00fcr\u00fct\u00fclmesi, denetim\/etik faaliyetlerinin y\u00fcr\u00fct\u00fclmesi, eri\u015fim yetkilerinin y\u00fcr\u00fct\u00fclmesi, faaliyetlerin mevzuata uygun y\u00fcr\u00fct\u00fclmesi, finans ve muhasebe i\u015flerinin y\u00fcr\u00fct\u00fclmesi, firma\/\u00fcr\u00fcn\/hizmetlere ba\u011fl\u0131l\u0131k s\u00fcre\u00e7lerinin y\u00fcr\u00fct\u00fclmesi, fiziksel mekan g\u00fcvenli\u011finin temini, g\u00f6revlendirme s\u00fcre\u00e7lerinin y\u00fcr\u00fct\u00fclmesi, hukuk i\u015flerinin takibi ve y\u00fcr\u00fct\u00fclmesi, ileti\u015fim faaliyetlerinin y\u00fcr\u00fct\u00fclmesi, insan kaynaklar\u0131 s\u00fcre\u00e7lerinin planlanmas\u0131, i\u015f akdi\/mevzuattan kaynakl\u0131 y\u00fck\u00fcml\u00fcl\u00fcklerin yerine getirilmesi, i\u015f faaliyetlerinin y\u00fcr\u00fct\u00fclmesi \/ denetimi, i\u015f sa\u011fl\u0131\u011f\u0131\/g\u00fcvenli\u011fi faaliyetlerinin y\u00fcr\u00fct\u00fclmesi, mal \/ hizmet sat\u0131\u015f sonras\u0131 destek hizmetlerinin y\u00fcr\u00fct\u00fclmesi, mal \/ hizmet sat\u0131\u015f s\u00fcre\u00e7lerinin y\u00fcr\u00fct\u00fclmesi, mal\/hizmet sat\u0131n al\u0131m s\u00fcre\u00e7lerinin y\u00fcr\u00fct\u00fclmesi, mal\/hizmet\/\u00fcretim ve operasyon s\u00fcre\u00e7lerinin y\u00fcr\u00fct\u00fclmesi, m\u00fc\u015fteri ili\u015fkileri s\u00fcre\u00e7lerinin y\u00fcr\u00fct\u00fclmesi, m\u00fc\u015fteri memnuniyetine ili\u015fkin aktivitelerin y\u00fcr\u00fct\u00fclmesi, organizasyon ve etkinlik y\u00f6netimi, pazarlama analiz \u00e7al\u0131\u015fmalar\u0131n\u0131n y\u00fcr\u00fct\u00fclmesi, performans de\u011ferlendirme s\u00fcre\u00e7lerinin y\u00fcr\u00fct\u00fclmesi, reklam\/kampanya\/promosyon s\u00fcre\u00e7lerinin y\u00fcr\u00fct\u00fclmesi, s\u00f6zle\u015fme s\u00fcre\u00e7lerinin y\u00fcr\u00fct\u00fclmesi, talep\/\u015fikayetlerin takibi, \u00fcr\u00fcn\/hizmet pazarlama s\u00fcre\u00e7lerinin y\u00fcr\u00fct\u00fclmesi, yat\u0131r\u0131m s\u00fcre\u00e7lerinin y\u00fcr\u00fct\u00fclmesi, yetkili ki\u015fi, kurum ve kurulu\u015flara bilgi verilmesi, y\u00f6netim faaliyetlerinin y\u00fcr\u00fct\u00fclmesi, ziyaret\u00e7i kay\u0131tlar\u0131n\u0131n olu\u015fturulmas\u0131\/takibi ve \u00fcr\u00fcn g\u00fcvenli\u011finin sa\u011flanmas\u0131 ama\u00e7lar\u0131yla i\u015flenmektedir.<\/p><h5>c.Ki\u015fisel Veri Toplaman\u0131n Y\u00f6ntemi ve Hukuki Sebebi<\/h5><p>S\u00f6z konusu ki\u015fisel verileriniz; ki\u015fisel veri i\u015fleme faaliyetinin \u201ckanunlarda a\u00e7\u0131k\u00e7a \u00f6ng\u00f6r\u00fclmesi\u201d, \u201cbir s\u00f6zle\u015fmenin kurulmas\u0131 veya ifas\u0131yla do\u011frudan do\u011fruya ilgili olmas\u0131 kayd\u0131yla s\u00f6zle\u015fmenin taraflar\u0131na ait ki\u015fisel verilerin i\u015flenmesinin gerekli olmas\u0131\u201d, \u201c\u015eirket\u2019in hukuki y\u00fck\u00fcml\u00fcl\u00fc\u011f\u00fcn\u00fc yerine getirebilmesi i\u00e7in zorunlu olmas\u0131\u201d; \u201cbir hakk\u0131n tesisi, kullan\u0131lmas\u0131 veya korunmas\u0131 i\u00e7in zorunlu olmas\u0131\u201d; \u201cki\u015fisel verinin ilgili ki\u015finin kendisi taraf\u0131ndan alenile\u015ftirilmi\u015f olmas\u0131\u201d; \u201cilgili ki\u015filerin temel hak ve \u00f6zg\u00fcrl\u00fcklerine zarar vermemek kayd\u0131yla \u015eirket\u2019in me\u015fru menfaatleri i\u00e7in veri i\u015flemenin zorunlu olmas\u0131\u201d; \u201ckamu sa\u011fl\u0131\u011f\u0131n\u0131n korunmas\u0131, koruyucu hekimlik, t\u0131bb\u00ee te\u015fhis, tedavi ve bak\u0131m hizmetlerinin y\u00fcr\u00fct\u00fclmesi\u201d hukuki sebeplerinden birine yahut a\u00e7\u0131k r\u0131zan\u0131za dayal\u0131 olarak i\u015f ba\u015fvuru formlar\u0131, m\u00fc\u015fteri bilgi formlar\u0131, \u015eirket\u2019e ibraz edilen muhtelif belgeler, \u015eirket\u2019e iletilen posta, e-posta ve formlar, \u00e7a\u011fr\u0131 merkezi, \u015eirket internet sitesi, \u00e7erezler, sosyal medya ara\u00e7lar\u0131, \u015eirket\u2019in hizmet verdi\u011fi yahut hizmet ald\u0131\u011f\u0131 ki\u015fi ve \u015firketler ile i\u015f ortaklar\u0131, ta\u015feronlar, hizmet\/\u00fcr\u00fcn tedarik etti\u011fi firmalar ve grup \u015firketleri gibi \u00fc\u00e7\u00fcnc\u00fc ki\u015filer, istihdam \u015firketleri ve i\u015f arama portallar\u0131, mobil uygulamalar, kurumsal ileti\u015fim hesaplar\u0131 ve cihazlar\u0131, \u015eirket bili\u015fim sistemleri ve cihazlar\u0131, g\u00fcvenlik kameralar\u0131, parmak izi ve y\u00fcz tan\u0131ma sistemleri (yaln\u0131zca \u00c7al\u0131\u015fan ve Ta\u015feron \u00c7al\u0131\u015fan\u0131) ile \u015eirket ara\u00e7lar\u0131ndaki GPS, OGS, TTS vb. sistemler kanal\u0131yla toplanmaktad\u0131r.<\/p><h5>d.Ki\u015fisel Verilerin Kimlere ve Hangi Ama\u00e7la Aktar\u0131labilece\u011fi<\/h5><p>Ki\u015fisel verileriniz; acil durum y\u00f6netimi s\u00fcre\u00e7lerinin y\u00fcr\u00fct\u00fclmesi, \u00e7al\u0131\u015fan aday\u0131\/stajyer se\u00e7me ve yerle\u015ftirme s\u00fcre\u00e7lerinin y\u00fcr\u00fct\u00fclmesi, \u00e7al\u0131\u015fanlar i\u00e7in i\u015f akdi\/mevzuattan kaynakl\u0131 y\u00fck\u00fcml\u00fcl\u00fcklerin yerine getirilmesi, faaliyetlerin mevzuata uygun y\u00fcr\u00fct\u00fclmesi, finans ve muhasebe i\u015flerinin y\u00fcr\u00fct\u00fclmesi, g\u00f6revlendirme s\u00fcre\u00e7lerinin y\u00fcr\u00fct\u00fclmesi, hukuk i\u015flerinin takibi ve y\u00fcr\u00fct\u00fclmesi, insan kaynaklar\u0131n\u0131n s\u00fcre\u00e7lerinin planlanmas\u0131, i\u015f akdi\/mevzuattan kaynakl\u0131 y\u00fck\u00fcml\u00fcl\u00fcklerin yerine getirilmesi, i\u015f faaliyetlerinin y\u00fcr\u00fct\u00fclmesi\/denetimi, i\u015f sa\u011fl\u0131\u011f\u0131\/g\u00fcvenli\u011fi faaliyetlerinin y\u00fcr\u00fct\u00fclmesi, mal\/hizmet \u00fcretim ve operasyon s\u00fcre\u00e7lerinin y\u00fcr\u00fct\u00fclmesi, organizasyon ve etkinlik y\u00f6netimi, s\u00f6zle\u015fme s\u00fcre\u00e7lerinin y\u00fcr\u00fct\u00fclmesi, talep ve \u015fikayetlerin takibi, yan haklar ve menfaatler s\u00fcre\u00e7lerinin y\u00fcr\u00fct\u00fclmesi, yat\u0131r\u0131m s\u00fcre\u00e7lerinin y\u00fcr\u00fct\u00fclmesi, yetkili ki\u015fi\/kurum ve kurulu\u015flara bilgi verilmesi, y\u00f6netim faaliyetlerinin y\u00fcr\u00fct\u00fclmesi ama\u00e7lar\u0131yla ve yaln\u0131zca ilgili ama\u00e7lar\u0131n ger\u00e7ekle\u015ftirilmesi i\u00e7in gerekli olan verilerle s\u0131n\u0131rl\u0131 olarak; hissedarlar, topluluk\/grup \u015firketleri, i\u015ftirak ve ba\u011fl\u0131 ortakl\u0131klar, i\u015f ortaklar\u0131, tedarik\u00e7iler, yetkili kamu kurum ve kurulu\u015flar\u0131 (gerekti\u011finde yurt d\u0131\u015f\u0131ndaki otoriteler dahil), ger\u00e7ek ki\u015filer veya \u00f6zel hukuk t\u00fczel ki\u015filerine (\u0130\u015fbirli\u011fi yap\u0131lan kurulu\u015flar: Ba\u011f\u0131ms\u0131z denetim firmalar\u0131, sigorta \u015firketleri, hukuk b\u00fcrosu ve bankalar vb.) aktar\u0131labilmektedir.<\/p><h5>e.Kanun\u2019un 11. Maddesi Uyar\u0131nca Ki\u015fisel Veri Sahibinin Haklar\u0131<\/h5><p>Kanunun \u201cilgili ki\u015finin haklar\u0131n\u0131 d\u00fczenleyen\u201d 11\u2019inci maddesi kapsam\u0131ndaki talep ve ba\u015fvurular\u0131n\u0131z\u0131 iletebilirsiniz.<\/p><p>Ba\u015fvurular\u0131n\u0131z\u0131 internet sitemizde yer alan ba\u015fvuru formu doldurduktan sonra;<\/p><p>Islak imzal\u0131 olarak \u015fahsen ula\u015ft\u0131rabilir veya Noter kanal\u0131yla posta adresimize g\u00f6nderebilir,<br \/>\u015eirketimize bildirdi\u011finiz ve sistemimizde kay\u0131tl\u0131 bulunan elektronik posta adresinizi kullanmak suretiyle elektronik ortamda iletebilirsiniz.<\/p><p>K\u0131\u015fla Mah. 112 Nolu Sk. KSS Sitesi K2C. Toprakkale K\u00fc\u00e7\u00fck Sanayi Sitesi No:33\/A<\/p><p><strong>E-posta adresimiz:<\/strong> kvkk@alpharefractoryllc.com<\/p><p>Ayr\u0131nt\u0131l\u0131 bilgi edinmek i\u00e7in \u015eirketimizin \u201cKi\u015fisel Verilerin Korunmas\u0131 ve \u0130\u015flenmesi Politikas\u0131\u201dn\u0131 inceleyebilirsiniz.<\/p>\t\t\t\t\t\t\t\t<\/div>\n\t\t\t\t<\/div>\n\t\t\t\t<div class=\"elementor-element elementor-element-278ccab elementor-hidden-tablet elementor-hidden-mobile elementor-widget elementor-widget-image\" data-id=\"278ccab\" data-element_type=\"widget\" data-widget_type=\"image.default\">\n\t\t\t\t<div class=\"elementor-widget-container\">\n\t\t\t\t\t\t\t\t\t\t\t\t\t\t\t<img fetchpriority=\"high\" decoding=\"async\" width=\"4193\" height=\"3892\" src=\"https:\/\/alpharefractoryllc.com\/tr\/wp-content\/uploads\/2025\/02\/logotop.svg\" class=\"attachment-large size-large wp-image-17957\" alt=\"\" \/>\t\t\t\t\t\t\t\t\t\t\t\t\t\t\t<\/div>\n\t\t\t\t<\/div>\n\t\t\t\t<\/div>\n\t\t\t\t\t<\/div>\n\t\t\t\t<\/div>\n\t\t\t\t<\/div>\n\t\t","protected":false},"excerpt":{"rendered":"<p>Ana Sayfa Sayfa Gizlilik ve Ki\u015fisel Verilerin Korunmas\u0131 Hakk\u0131nda Bilgilendirme Ki\u015fisel Verilerin Korunmas\u0131 Politikas\u0131 Web Sitesi Ayd\u0131nlatma Metni Ayd\u0131nlatma Metni Ayd\u0131nlatma ve A\u00e7\u0131k R\u0131za Metni H\u0131zl\u0131 Eri\u015fim Kurumsal Hizmetlerimiz \u00c7al\u0131\u015fma Alanlar\u0131m\u0131z Blog\u2019dan Haberler a.Veri Sorumlusu 6698 Say\u0131l\u0131 Ki\u015fisel Verilerin Korunmas\u0131 Kanunu\u2019na (\u201cKanun\u201d) uygun olarak ki\u015fisel verileriniz veri sorumlusu s\u0131fat\u0131yla Alpha Refractory LLC (\u201cAlpha Refractory\u201d veya [&hellip;]<\/p>\n","protected":false},"author":1,"featured_media":0,"parent":0,"menu_order":0,"comment_status":"closed","ping_status":"closed","template":"elementor_header_footer","meta":{"footnotes":""},"class_list":["post-20464","page","type-page","status-publish","hentry"],"yoast_head":"<!-- This site is optimized with the Yoast SEO plugin v24.9 - https:\/\/yoast.com\/wordpress\/plugins\/seo\/ -->\n<title>Web Sitesi Ayd\u0131nlatma Metni - ALPHA REFRACTORY LLC<\/title>\n<meta name=\"robots\" content=\"noindex, follow, max-snippet:-1, max-image-preview:large, max-video-preview:-1\" \/>\n<meta property=\"og:locale\" content=\"tr_TR\" \/>\n<meta property=\"og:type\" content=\"article\" \/>\n<meta property=\"og:title\" content=\"Web Sitesi Ayd\u0131nlatma Metni - ALPHA REFRACTORY LLC\" \/>\n<meta property=\"og:description\" content=\"Ana Sayfa Sayfa Gizlilik ve Ki\u015fisel Verilerin Korunmas\u0131 Hakk\u0131nda Bilgilendirme Ki\u015fisel Verilerin Korunmas\u0131 Politikas\u0131 Web Sitesi Ayd\u0131nlatma Metni Ayd\u0131nlatma Metni Ayd\u0131nlatma ve A\u00e7\u0131k R\u0131za Metni H\u0131zl\u0131 Eri\u015fim Kurumsal Hizmetlerimiz \u00c7al\u0131\u015fma Alanlar\u0131m\u0131z Blog\u2019dan Haberler a.Veri Sorumlusu 6698 Say\u0131l\u0131 Ki\u015fisel Verilerin Korunmas\u0131 Kanunu\u2019na (\u201cKanun\u201d) uygun olarak ki\u015fisel verileriniz veri sorumlusu s\u0131fat\u0131yla Alpha Refractory LLC (\u201cAlpha Refractory\u201d veya [&hellip;]\" \/>\n<meta property=\"og:url\" content=\"https:\/\/alpharefractoryllc.com\/tr\/tr\/web-sitesi-aydinlatma-metni\/\" \/>\n<meta property=\"og:site_name\" content=\"ALPHA REFRACTORY LLC\" \/>\n<meta property=\"article:modified_time\" content=\"2025-03-24T00:47:15+00:00\" \/>\n<meta name=\"twitter:card\" content=\"summary_large_image\" \/>\n<meta name=\"twitter:label1\" content=\"Tahmini okuma s\u00fcresi\" \/>\n\t<meta name=\"twitter:data1\" content=\"6 dakika\" \/>\n<script type=\"application\/ld+json\" class=\"yoast-schema-graph\">{\"@context\":\"https:\/\/schema.org\",\"@graph\":[{\"@type\":\"WebPage\",\"@id\":\"https:\/\/alpharefractoryllc.com\/tr\/tr\/web-sitesi-aydinlatma-metni\/\",\"url\":\"https:\/\/alpharefractoryllc.com\/tr\/tr\/web-sitesi-aydinlatma-metni\/\",\"name\":\"Web Sitesi Ayd\u0131nlatma Metni - ALPHA REFRACTORY LLC\",\"isPartOf\":{\"@id\":\"https:\/\/alpharefractoryllc.com\/tr\/#website\"},\"primaryImageOfPage\":{\"@id\":\"https:\/\/alpharefractoryllc.com\/tr\/tr\/web-sitesi-aydinlatma-metni\/#primaryimage\"},\"image\":{\"@id\":\"https:\/\/alpharefractoryllc.com\/tr\/tr\/web-sitesi-aydinlatma-metni\/#primaryimage\"},\"thumbnailUrl\":\"https:\/\/alpharefractoryllc.com\/tr\/wp-content\/uploads\/2025\/02\/logotop.svg\",\"datePublished\":\"2025-03-24T00:04:00+00:00\",\"dateModified\":\"2025-03-24T00:47:15+00:00\",\"breadcrumb\":{\"@id\":\"https:\/\/alpharefractoryllc.com\/tr\/tr\/web-sitesi-aydinlatma-metni\/#breadcrumb\"},\"inLanguage\":\"tr\",\"potentialAction\":[{\"@type\":\"ReadAction\",\"target\":[\"https:\/\/alpharefractoryllc.com\/tr\/tr\/web-sitesi-aydinlatma-metni\/\"]}]},{\"@type\":\"ImageObject\",\"inLanguage\":\"tr\",\"@id\":\"https:\/\/alpharefractoryllc.com\/tr\/tr\/web-sitesi-aydinlatma-metni\/#primaryimage\",\"url\":\"https:\/\/alpharefractoryllc.com\/tr\/wp-content\/uploads\/2025\/02\/logotop.svg\",\"contentUrl\":\"https:\/\/alpharefractoryllc.com\/tr\/wp-content\/uploads\/2025\/02\/logotop.svg\",\"width\":4193,\"height\":3892},{\"@type\":\"BreadcrumbList\",\"@id\":\"https:\/\/alpharefractoryllc.com\/tr\/tr\/web-sitesi-aydinlatma-metni\/#breadcrumb\",\"itemListElement\":[{\"@type\":\"ListItem\",\"position\":1,\"name\":\"Home\",\"item\":\"https:\/\/alpharefractoryllc.com\/tr\/\"},{\"@type\":\"ListItem\",\"position\":2,\"name\":\"Web Sitesi Ayd\u0131nlatma Metni\"}]},{\"@type\":\"WebSite\",\"@id\":\"https:\/\/alpharefractoryllc.com\/tr\/#website\",\"url\":\"https:\/\/alpharefractoryllc.com\/tr\/\",\"name\":\"ALPHA REFRACTORY LLC\",\"description\":\"Uluslararas\u0131 Deneyim, \u00dcst\u00fcn Kalite\",\"potentialAction\":[{\"@type\":\"SearchAction\",\"target\":{\"@type\":\"EntryPoint\",\"urlTemplate\":\"https:\/\/alpharefractoryllc.com\/tr\/?s={search_term_string}\"},\"query-input\":{\"@type\":\"PropertyValueSpecification\",\"valueRequired\":true,\"valueName\":\"search_term_string\"}}],\"inLanguage\":\"tr\"}]}<\/script>\n<!-- \/ Yoast SEO plugin. -->","yoast_head_json":{"title":"Web Sitesi Ayd\u0131nlatma Metni - ALPHA REFRACTORY LLC","robots":{"index":"noindex","follow":"follow","max-snippet":"max-snippet:-1","max-image-preview":"max-image-preview:large","max-video-preview":"max-video-preview:-1"},"og_locale":"tr_TR","og_type":"article","og_title":"Web Sitesi Ayd\u0131nlatma Metni - ALPHA REFRACTORY LLC","og_description":"Ana Sayfa Sayfa Gizlilik ve Ki\u015fisel Verilerin Korunmas\u0131 Hakk\u0131nda Bilgilendirme Ki\u015fisel Verilerin Korunmas\u0131 Politikas\u0131 Web Sitesi Ayd\u0131nlatma Metni Ayd\u0131nlatma Metni Ayd\u0131nlatma ve A\u00e7\u0131k R\u0131za Metni H\u0131zl\u0131 Eri\u015fim Kurumsal Hizmetlerimiz \u00c7al\u0131\u015fma Alanlar\u0131m\u0131z Blog\u2019dan Haberler a.Veri Sorumlusu 6698 Say\u0131l\u0131 Ki\u015fisel Verilerin Korunmas\u0131 Kanunu\u2019na (\u201cKanun\u201d) uygun olarak ki\u015fisel verileriniz veri sorumlusu s\u0131fat\u0131yla Alpha Refractory LLC (\u201cAlpha Refractory\u201d veya [&hellip;]","og_url":"https:\/\/alpharefractoryllc.com\/tr\/tr\/web-sitesi-aydinlatma-metni\/","og_site_name":"ALPHA REFRACTORY LLC","article_modified_time":"2025-03-24T00:47:15+00:00","twitter_card":"summary_large_image","twitter_misc":{"Tahmini okuma s\u00fcresi":"6 dakika"},"schema":{"@context":"https:\/\/schema.org","@graph":[{"@type":"WebPage","@id":"https:\/\/alpharefractoryllc.com\/tr\/tr\/web-sitesi-aydinlatma-metni\/","url":"https:\/\/alpharefractoryllc.com\/tr\/tr\/web-sitesi-aydinlatma-metni\/","name":"Web Sitesi Ayd\u0131nlatma Metni - ALPHA REFRACTORY LLC","isPartOf":{"@id":"https:\/\/alpharefractoryllc.com\/tr\/#website"},"primaryImageOfPage":{"@id":"https:\/\/alpharefractoryllc.com\/tr\/tr\/web-sitesi-aydinlatma-metni\/#primaryimage"},"image":{"@id":"https:\/\/alpharefractoryllc.com\/tr\/tr\/web-sitesi-aydinlatma-metni\/#primaryimage"},"thumbnailUrl":"https:\/\/alpharefractoryllc.com\/tr\/wp-content\/uploads\/2025\/02\/logotop.svg","datePublished":"2025-03-24T00:04:00+00:00","dateModified":"2025-03-24T00:47:15+00:00","breadcrumb":{"@id":"https:\/\/alpharefractoryllc.com\/tr\/tr\/web-sitesi-aydinlatma-metni\/#breadcrumb"},"inLanguage":"tr","potentialAction":[{"@type":"ReadAction","target":["https:\/\/alpharefractoryllc.com\/tr\/tr\/web-sitesi-aydinlatma-metni\/"]}]},{"@type":"ImageObject","inLanguage":"tr","@id":"https:\/\/alpharefractoryllc.com\/tr\/tr\/web-sitesi-aydinlatma-metni\/#primaryimage","url":"https:\/\/alpharefractoryllc.com\/tr\/wp-content\/uploads\/2025\/02\/logotop.svg","contentUrl":"https:\/\/alpharefractoryllc.com\/tr\/wp-content\/uploads\/2025\/02\/logotop.svg","width":4193,"height":3892},{"@type":"BreadcrumbList","@id":"https:\/\/alpharefractoryllc.com\/tr\/tr\/web-sitesi-aydinlatma-metni\/#breadcrumb","itemListElement":[{"@type":"ListItem","position":1,"name":"Home","item":"https:\/\/alpharefractoryllc.com\/tr\/"},{"@type":"ListItem","position":2,"name":"Web Sitesi Ayd\u0131nlatma Metni"}]},{"@type":"WebSite","@id":"https:\/\/alpharefractoryllc.com\/tr\/#website","url":"https:\/\/alpharefractoryllc.com\/tr\/","name":"ALPHA REFRACTORY LLC","description":"Uluslararas\u0131 Deneyim, \u00dcst\u00fcn Kalite","potentialAction":[{"@type":"SearchAction","target":{"@type":"EntryPoint","urlTemplate":"https:\/\/alpharefractoryllc.com\/tr\/?s={search_term_string}"},"query-input":{"@type":"PropertyValueSpecification","valueRequired":true,"valueName":"search_term_string"}}],"inLanguage":"tr"}]}},"_links":{"self":[{"href":"https:\/\/alpharefractoryllc.com\/tr\/wp-json\/wp\/v2\/pages\/20464","targetHints":{"allow":["GET"]}}],"collection":[{"href":"https:\/\/alpharefractoryllc.com\/tr\/wp-json\/wp\/v2\/pages"}],"about":[{"href":"https:\/\/alpharefractoryllc.com\/tr\/wp-json\/wp\/v2\/types\/page"}],"author":[{"embeddable":true,"href":"https:\/\/alpharefractoryllc.com\/tr\/wp-json\/wp\/v2\/users\/1"}],"replies":[{"embeddable":true,"href":"https:\/\/alpharefractoryllc.com\/tr\/wp-json\/wp\/v2\/comments?post=20464"}],"version-history":[{"count":10,"href":"https:\/\/alpharefractoryllc.com\/tr\/wp-json\/wp\/v2\/pages\/20464\/revisions"}],"predecessor-version":[{"id":20545,"href":"https:\/\/alpharefractoryllc.com\/tr\/wp-json\/wp\/v2\/pages\/20464\/revisions\/20545"}],"wp:attachment":[{"href":"https:\/\/alpharefractoryllc.com\/tr\/wp-json\/wp\/v2\/media?parent=20464"}],"curies":[{"name":"wp","href":"https:\/\/api.w.org\/{rel}","templated":true}]}}