{"id":19094,"date":"2025-03-22T01:13:01","date_gmt":"2025-03-22T01:13:01","guid":{"rendered":"https:\/\/alpharefractoryllc.com\/tr\/?page_id=19094"},"modified":"2025-03-31T20:13:08","modified_gmt":"2025-03-31T20:13:08","slug":"hizmetlerimiz","status":"publish","type":"page","link":"https:\/\/alpharefractoryllc.com\/tr\/hizmetlerimiz\/","title":{"rendered":"Hizmetlerimiz"},"content":{"rendered":"\t\t<div data-elementor-type=\"wp-page\" data-elementor-id=\"19094\" class=\"elementor elementor-19094\">\n\t\t\t\t\t\t<section class=\"elementor-section elementor-top-section elementor-element elementor-element-2f1069a elementor-section-full_width elementor-section-height-min-height elementor-section-items-bottom elementor-section-height-default\" data-id=\"2f1069a\" data-element_type=\"section\" data-settings=\"{&quot;background_background&quot;:&quot;classic&quot;}\">\n\t\t\t\t\t\t\t<div class=\"elementor-background-overlay\"><\/div>\n\t\t\t\t\t\t\t<div class=\"elementor-container elementor-column-gap-no\">\n\t\t\t\t\t<div class=\"elementor-column elementor-col-100 elementor-top-column elementor-element elementor-element-3566761\" data-id=\"3566761\" data-element_type=\"column\" data-settings=\"{&quot;background_background&quot;:&quot;classic&quot;}\">\n\t\t\t<div class=\"elementor-widget-wrap elementor-element-populated\">\n\t\t\t\t\t<div class=\"elementor-background-overlay\"><\/div>\n\t\t\t\t\t\t<div class=\"elementor-element elementor-element-e199b9f elementor-widget elementor-widget-infetech_elementor_header_banner\" data-id=\"e199b9f\" data-element_type=\"widget\" data-widget_type=\"infetech_elementor_header_banner.default\">\n\t\t\t\t<div class=\"elementor-widget-container\">\n\t\t\t\t\t\t\t \t<!-- Display when you choose background per Post -->\n\t\t \t<div class=\"wrap_header_banner   \"  >\n\n\t\t \t\t\t\t\t \t\n\t\t\t\t \t<div class=\"cover_color\"><\/div>\n\n\t\t\t\t\t<div class=\"header_banner_el \">\n\t\t\t\t\t\t\n\t\t\t\t\t\t\t\t\t\t\t\t\t\n\t\t\t\t\t\t\t\n\t\t\t\t\t\t\t\t\t\t\t\t\t\t<h1 class=\" header_title\">\n\t\t\t\t\t\t\t\t\t\t\t\t\t\t\t<\/h1>\n\t\t\t\t\t\t\t\t\n\t\t\t\t\t\t\n\n\t\t\t\t\t\t\t\t\t\t\t\t\t<div class=\"header_breadcrumbs\">\n\t\t\t\t\t\t\t\t<div id=\"breadcrumbs\"><ul class=\"breadcrumb\"><li><a href=\"https:\/\/alpharefractoryllc.com\/tr\/\" title=\"Home\">Home<\/a><\/li> <li class=\"li_separator\"><span class=\"separator\"><i class=\"ovaicon-next\"><\/i><\/span><\/li><li>Sayfa<\/li><\/ul><\/div>\t\t\t\t\t\t\t<\/div>\n\t\t\t\t\t\t\n\t\t\t\t\t<\/div>\n\n\t\t\t\t\n\t\t\t<\/div>\n\t\t\t\t\t\t<\/div>\n\t\t\t\t<\/div>\n\t\t\t\t\t<\/div>\n\t\t<\/div>\n\t\t\t\t\t<\/div>\n\t\t<\/section>\n\t\t\t\t<section class=\"elementor-section elementor-top-section elementor-element elementor-element-036a4fa elementor-section-boxed elementor-section-height-default elementor-section-height-default\" data-id=\"036a4fa\" data-element_type=\"section\" data-settings=\"{&quot;background_background&quot;:&quot;classic&quot;}\">\n\t\t\t\t\t\t\t<div class=\"elementor-background-overlay\"><\/div>\n\t\t\t\t\t\t\t<div class=\"elementor-container elementor-column-gap-default\">\n\t\t\t\t\t<div class=\"elementor-column elementor-col-100 elementor-top-column elementor-element elementor-element-8dd0f1b\" data-id=\"8dd0f1b\" data-element_type=\"column\">\n\t\t\t<div class=\"elementor-widget-wrap elementor-element-populated\">\n\t\t\t\t\t\t<section class=\"elementor-section elementor-inner-section elementor-element elementor-element-5f2aea5 elementor-section-full_width elementor-section-height-default elementor-section-height-default\" data-id=\"5f2aea5\" data-element_type=\"section\">\n\t\t\t\t\t\t<div class=\"elementor-container elementor-column-gap-default\">\n\t\t\t\t\t<div class=\"elementor-column elementor-col-25 elementor-inner-column elementor-element elementor-element-6c0f719\" data-id=\"6c0f719\" data-element_type=\"column\">\n\t\t\t<div class=\"elementor-widget-wrap elementor-element-populated\">\n\t\t\t\t\t\t<div class=\"elementor-element elementor-element-f8b3d79 elementor-invisible elementor-widget elementor-widget-infetech_elementor_service\" data-id=\"f8b3d79\" data-element_type=\"widget\" data-settings=\"{&quot;_animation&quot;:&quot;ova-move-up&quot;,&quot;_animation_tablet&quot;:&quot;none&quot;}\" data-widget_type=\"infetech_elementor_service.default\">\n\t\t\t\t<div class=\"elementor-widget-container\">\n\t\t\t\t\t           \n           \t\n\t\t\t\t<div class=\"ova-service ova-service-template4\">\n\n\t            \t<div class=\"image-service\">\n\t\t\t\t\t\t<img decoding=\"async\" src=\"https:\/\/alpharefractoryllc.com\/tr\/wp-content\/uploads\/2025\/03\/refrakterler-photo01-png.webp\" alt=\"Refrakterler\">\n                    <\/div>\n\n                    <div class=\"content-service-wrapper\">\n\n                    \t\t                    \t\t\t\t\t\t\t\t  <a href=\"\/tr\/hizmetlerimiz\/refrakterler\/\"  >\n\t\t\t\t\t\t    \t\t\t            \t<div class=\"icon\">\n\t\t\t            \t\t<i aria-hidden=\"true\" class=\"ovaicon ovaicon-next-4\"><\/i>\t\t\t            \t<\/div>\n\t\t\t            \t\t\t\t\t\t\t\t\t<\/a>\n\t\t\t\t\t\t\t\t\t\t          \t\t\t\t          \t\n                    \t<div class=\"content-service\">\n\n\t\t\t\t \t    \t<div class=\"mask\"\n\t\t\t                     \n\t\t\t\t\t \t    \t \tstyle=\"background-image: url(https:\/\/alpharefractoryllc.com\/tr\/wp-content\/uploads\/2025\/03\/hizmetler-arkaplan-png.webp)\"\n\t\t\t\t\t \t    \t\t\t                    ><\/div>\n\n\t\t\t\t            \t\t\t\t\t\t\t  <a href=\"\/tr\/hizmetlerimiz\/refrakterler\/\"  >\n\t\t\t\t\t\t    \t\t\t\t\t            \t\t\t\t\t\t\t\t\t<h4 class=\"title\">\n\t\t\t\t\t\t\t\t\t\tRefrakterler\t\t\t\t\t\t\t\t\t<\/h4>\n\t\t\t\t\t\t\t\t\t\t\t\t\t\t\t\t\t\t\t\t\t\t\t<\/a>\n\t\t\t\t\t\t\t\t\t\t\t\t\t\t\t\t\t\t            \t<p class=\"description\">\n\t\t\t\t            \t\tF\u0131r\u0131nlar, d\u00f6k\u00fcmhaneler ve \u00e7elik \u00fcretimi i\u00e7in uzun \u00f6m\u00fcrl\u00fc, y\u00fcksek performansl\u0131 refrakter malzemeler.\t\t\t\t            \t<\/p>\n\t\t\t\t          \t\n\t                    <\/div> \n\n                    <\/div>\n\n\t\t\t    <\/div>\n\t\t\t    \n\t\t\t\t\t \t\n\t\t\t\t\t\t<\/div>\n\t\t\t\t<\/div>\n\t\t\t\t\t<\/div>\n\t\t<\/div>\n\t\t\t\t<div class=\"elementor-column elementor-col-25 elementor-inner-column elementor-element elementor-element-4269b3a\" data-id=\"4269b3a\" data-element_type=\"column\">\n\t\t\t<div class=\"elementor-widget-wrap elementor-element-populated\">\n\t\t\t\t\t\t<div class=\"elementor-element elementor-element-c86154e elementor-invisible elementor-widget elementor-widget-infetech_elementor_service\" data-id=\"c86154e\" data-element_type=\"widget\" data-settings=\"{&quot;_animation&quot;:&quot;ova-move-up&quot;,&quot;_animation_tablet&quot;:&quot;none&quot;,&quot;_animation_delay&quot;:200}\" data-widget_type=\"infetech_elementor_service.default\">\n\t\t\t\t<div class=\"elementor-widget-container\">\n\t\t\t\t\t           \n           \t\n\t\t\t\t<div class=\"ova-service ova-service-template4\">\n\n\t            \t<div class=\"image-service\">\n\t\t\t\t\t\t<img decoding=\"async\" src=\"https:\/\/alpharefractoryllc.com\/tr\/wp-content\/uploads\/2025\/03\/potaocagi-photo01-png.webp\" alt=\"Pota Oca\u011f\u0131 ve Ekipmanlar\u0131\">\n                    <\/div>\n\n                    <div class=\"content-service-wrapper\">\n\n                    \t\t                    \t\t\t\t\t\t\t\t  <a href=\"\/tr\/hizmetlerimiz\/pota-ocagi-ekipmanlari\/\"  >\n\t\t\t\t\t\t    \t\t\t            \t<div class=\"icon\">\n\t\t\t            \t\t<i aria-hidden=\"true\" class=\"ovaicon ovaicon-next-4\"><\/i>\t\t\t            \t<\/div>\n\t\t\t            \t\t\t\t\t\t\t\t\t<\/a>\n\t\t\t\t\t\t\t\t\t\t          \t\t\t\t          \t\n                    \t<div class=\"content-service\">\n\n\t\t\t\t \t    \t<div class=\"mask\"\n\t\t\t                     \n\t\t\t\t\t \t    \t \tstyle=\"background-image: url(https:\/\/alpharefractoryllc.com\/tr\/wp-content\/uploads\/2025\/03\/hizmetler-arkaplan-png.webp)\"\n\t\t\t\t\t \t    \t\t\t                    ><\/div>\n\n\t\t\t\t            \t\t\t\t\t\t\t  <a href=\"\/tr\/hizmetlerimiz\/pota-ocagi-ekipmanlari\/\"  >\n\t\t\t\t\t\t    \t\t\t\t\t            \t\t\t\t\t\t\t\t\t<h4 class=\"title\">\n\t\t\t\t\t\t\t\t\t\tPota Oca\u011f\u0131 ve Ekipmanlar\u0131\t\t\t\t\t\t\t\t\t<\/h4>\n\t\t\t\t\t\t\t\t\t\t\t\t\t\t\t\t\t\t\t\t\t\t\t<\/a>\n\t\t\t\t\t\t\t\t\t\t\t\t\t\t\t\t\t\t            \t<p class=\"description\">\n\t\t\t\t            \t\tD\u00f6k\u00fcm ve \u00e7elik \u00fcretim s\u00fcre\u00e7leriniz i\u00e7in dayan\u0131kl\u0131 ve enerji verimli pota oca\u011f\u0131 ekipmanlar\u0131.\t\t\t\t            \t<\/p>\n\t\t\t\t          \t\n\t                    <\/div> \n\n                    <\/div>\n\n\t\t\t    <\/div>\n\t\t\t    \n\t\t\t\t\t \t\n\t\t\t\t\t\t<\/div>\n\t\t\t\t<\/div>\n\t\t\t\t\t<\/div>\n\t\t<\/div>\n\t\t\t\t<div class=\"elementor-column elementor-col-25 elementor-inner-column elementor-element elementor-element-1ddda52\" data-id=\"1ddda52\" data-element_type=\"column\">\n\t\t\t<div class=\"elementor-widget-wrap elementor-element-populated\">\n\t\t\t\t\t\t<div class=\"elementor-element elementor-element-0bd701b elementor-invisible elementor-widget elementor-widget-infetech_elementor_service\" data-id=\"0bd701b\" data-element_type=\"widget\" data-settings=\"{&quot;_animation&quot;:&quot;ova-move-up&quot;,&quot;_animation_tablet&quot;:&quot;none&quot;,&quot;_animation_delay&quot;:400}\" data-widget_type=\"infetech_elementor_service.default\">\n\t\t\t\t<div class=\"elementor-widget-container\">\n\t\t\t\t\t           \n           \t\n\t\t\t\t<div class=\"ova-service ova-service-template4\">\n\n\t            \t<div class=\"image-service\">\n\t\t\t\t\t\t<img decoding=\"async\" src=\"https:\/\/alpharefractoryllc.com\/tr\/wp-content\/uploads\/2025\/03\/crm-photo01-png.webp\" alt=\"S\u00fcrekli D\u00f6k\u00fcm Makinas\u0131 (CCM) ve Ekipmanlar\u0131\">\n                    <\/div>\n\n                    <div class=\"content-service-wrapper\">\n\n                    \t\t                    \t\t\t\t\t\t\t\t  <a href=\"\/tr\/hizmetlerimiz\/surekli-dokum-makinasi-ccm-ve-ekipmanlari\/\"  >\n\t\t\t\t\t\t    \t\t\t            \t<div class=\"icon\">\n\t\t\t            \t\t<i aria-hidden=\"true\" class=\"ovaicon ovaicon-next-4\"><\/i>\t\t\t            \t<\/div>\n\t\t\t            \t\t\t\t\t\t\t\t\t<\/a>\n\t\t\t\t\t\t\t\t\t\t          \t\t\t\t          \t\n                    \t<div class=\"content-service\">\n\n\t\t\t\t \t    \t<div class=\"mask\"\n\t\t\t                     \n\t\t\t\t\t \t    \t \tstyle=\"background-image: url(https:\/\/alpharefractoryllc.com\/tr\/wp-content\/uploads\/2025\/03\/hizmetler-arkaplan-png.webp)\"\n\t\t\t\t\t \t    \t\t\t                    ><\/div>\n\n\t\t\t\t            \t\t\t\t\t\t\t  <a href=\"\/tr\/hizmetlerimiz\/surekli-dokum-makinasi-ccm-ve-ekipmanlari\/\"  >\n\t\t\t\t\t\t    \t\t\t\t\t            \t\t\t\t\t\t\t\t\t<h4 class=\"title\">\n\t\t\t\t\t\t\t\t\t\tS\u00fcrekli D\u00f6k\u00fcm Makinas\u0131 (CCM) ve Ekipmanlar\u0131\t\t\t\t\t\t\t\t\t<\/h4>\n\t\t\t\t\t\t\t\t\t\t\t\t\t\t\t\t\t\t\t\t\t\t\t<\/a>\n\t\t\t\t\t\t\t\t\t\t\t\t\t\t\t\t\t\t            \t<p class=\"description\">\n\t\t\t\t            \t\tCCM s\u00fcre\u00e7lerinde maksimum kalite ve minimum fire i\u00e7in yenilik\u00e7i ekipman \u00e7\u00f6z\u00fcmleri.\t\t\t\t            \t<\/p>\n\t\t\t\t          \t\n\t                    <\/div> \n\n                    <\/div>\n\n\t\t\t    <\/div>\n\t\t\t    \n\t\t\t\t\t \t\n\t\t\t\t\t\t<\/div>\n\t\t\t\t<\/div>\n\t\t\t\t\t<\/div>\n\t\t<\/div>\n\t\t\t\t<div class=\"elementor-column elementor-col-25 elementor-inner-column elementor-element elementor-element-a349776\" data-id=\"a349776\" data-element_type=\"column\">\n\t\t\t<div class=\"elementor-widget-wrap elementor-element-populated\">\n\t\t\t\t\t\t<div class=\"elementor-element elementor-element-9c3b626 elementor-invisible elementor-widget elementor-widget-infetech_elementor_service\" data-id=\"9c3b626\" data-element_type=\"widget\" data-settings=\"{&quot;_animation&quot;:&quot;ova-move-up&quot;,&quot;_animation_tablet&quot;:&quot;none&quot;,&quot;_animation_delay&quot;:400}\" data-widget_type=\"infetech_elementor_service.default\">\n\t\t\t\t<div class=\"elementor-widget-container\">\n\t\t\t\t\t           \n           \t\n\t\t\t\t<div class=\"ova-service ova-service-template4\">\n\n\t            \t<div class=\"image-service\">\n\t\t\t\t\t\t<img decoding=\"async\" src=\"https:\/\/alpharefractoryllc.com\/tr\/wp-content\/uploads\/2025\/03\/muhendislik-photo01-png.webp\" alt=\"M\u00fchendislik ve Dan\u0131\u015fmanl\u0131k Hizmetleri\">\n                    <\/div>\n\n                    <div class=\"content-service-wrapper\">\n\n                    \t\t                    \t\t\t\t\t\t\t\t  <a href=\"\/tr\/hizmetlerimiz\/muhendislik-ve-danismanlik-hizmetleri\/\"  >\n\t\t\t\t\t\t    \t\t\t            \t<div class=\"icon\">\n\t\t\t            \t\t<i aria-hidden=\"true\" class=\"ovaicon ovaicon-next-4\"><\/i>\t\t\t            \t<\/div>\n\t\t\t            \t\t\t\t\t\t\t\t\t<\/a>\n\t\t\t\t\t\t\t\t\t\t          \t\t\t\t          \t\n                    \t<div class=\"content-service\">\n\n\t\t\t\t \t    \t<div class=\"mask\"\n\t\t\t                     \n\t\t\t\t\t \t    \t \tstyle=\"background-image: url(https:\/\/alpharefractoryllc.com\/tr\/wp-content\/uploads\/2025\/03\/hizmetler-arkaplan-png.webp)\"\n\t\t\t\t\t \t    \t\t\t                    ><\/div>\n\n\t\t\t\t            \t\t\t\t\t\t\t  <a href=\"\/tr\/hizmetlerimiz\/muhendislik-ve-danismanlik-hizmetleri\/\"  >\n\t\t\t\t\t\t    \t\t\t\t\t            \t\t\t\t\t\t\t\t\t<h4 class=\"title\">\n\t\t\t\t\t\t\t\t\t\tM\u00fchendislik ve Dan\u0131\u015fmanl\u0131k Hizmetleri\t\t\t\t\t\t\t\t\t<\/h4>\n\t\t\t\t\t\t\t\t\t\t\t\t\t\t\t\t\t\t\t\t\t\t\t<\/a>\n\t\t\t\t\t\t\t\t\t\t\t\t\t\t\t\t\t\t            \t<p class=\"description\">\n\t\t\t\t            \t\tFabrika planlamas\u0131ndan verimlilik art\u0131rmaya kadar, uzman m\u00fchendislerimizle yan\u0131n\u0131zday\u0131z.\t\t\t\t            \t<\/p>\n\t\t\t\t          \t\n\t                    <\/div> \n\n                    <\/div>\n\n\t\t\t    <\/div>\n\t\t\t    \n\t\t\t\t\t \t\n\t\t\t\t\t\t<\/div>\n\t\t\t\t<\/div>\n\t\t\t\t\t<\/div>\n\t\t<\/div>\n\t\t\t\t\t<\/div>\n\t\t<\/section>\n\t\t\t\t\t<\/div>\n\t\t<\/div>\n\t\t\t\t\t<\/div>\n\t\t<\/section>\n\t\t\t\t<\/div>\n\t\t","protected":false},"excerpt":{"rendered":"<p>Ana Sayfa Sayfa Refrakterler F\u0131r\u0131nlar, d\u00f6k\u00fcmhaneler ve \u00e7elik \u00fcretimi i\u00e7in uzun \u00f6m\u00fcrl\u00fc, y\u00fcksek performansl\u0131 refrakter malzemeler. Pota Oca\u011f\u0131 ve Ekipmanlar\u0131 D\u00f6k\u00fcm ve \u00e7elik \u00fcretim s\u00fcre\u00e7leriniz i\u00e7in dayan\u0131kl\u0131 ve enerji verimli pota oca\u011f\u0131 ekipmanlar\u0131. S\u00fcrekli D\u00f6k\u00fcm Makinas\u0131 (CCM) ve Ekipmanlar\u0131 CCM s\u00fcre\u00e7lerinde maksimum kalite ve minimum fire i\u00e7in yenilik\u00e7i ekipman \u00e7\u00f6z\u00fcmleri. M\u00fchendislik ve Dan\u0131\u015fmanl\u0131k Hizmetleri Fabrika [&hellip;]<\/p>\n","protected":false},"author":1,"featured_media":0,"parent":0,"menu_order":0,"comment_status":"closed","ping_status":"closed","template":"elementor_header_footer","meta":{"footnotes":""},"class_list":["post-19094","page","type-page","status-publish","hentry"],"yoast_head":"<!-- This site is optimized with the Yoast SEO plugin v24.9 - https:\/\/yoast.com\/wordpress\/plugins\/seo\/ -->\n<title>Hizmetlerimiz - ALPHA REFRACTORY LLC<\/title>\n<meta name=\"robots\" content=\"noindex, follow, max-snippet:-1, max-image-preview:large, max-video-preview:-1\" \/>\n<meta property=\"og:locale\" content=\"tr_TR\" \/>\n<meta property=\"og:type\" content=\"article\" \/>\n<meta property=\"og:title\" content=\"Hizmetlerimiz - ALPHA REFRACTORY LLC\" \/>\n<meta property=\"og:description\" content=\"Ana Sayfa Sayfa Refrakterler F\u0131r\u0131nlar, d\u00f6k\u00fcmhaneler ve \u00e7elik \u00fcretimi i\u00e7in uzun \u00f6m\u00fcrl\u00fc, y\u00fcksek performansl\u0131 refrakter malzemeler. Pota Oca\u011f\u0131 ve Ekipmanlar\u0131 D\u00f6k\u00fcm ve \u00e7elik \u00fcretim s\u00fcre\u00e7leriniz i\u00e7in dayan\u0131kl\u0131 ve enerji verimli pota oca\u011f\u0131 ekipmanlar\u0131. S\u00fcrekli D\u00f6k\u00fcm Makinas\u0131 (CCM) ve Ekipmanlar\u0131 CCM s\u00fcre\u00e7lerinde maksimum kalite ve minimum fire i\u00e7in yenilik\u00e7i ekipman \u00e7\u00f6z\u00fcmleri. M\u00fchendislik ve Dan\u0131\u015fmanl\u0131k Hizmetleri Fabrika [&hellip;]\" \/>\n<meta property=\"og:url\" content=\"https:\/\/alpharefractoryllc.com\/tr\/our-services\/\" \/>\n<meta property=\"og:site_name\" content=\"ALPHA REFRACTORY LLC\" \/>\n<meta property=\"article:modified_time\" content=\"2025-03-31T20:13:08+00:00\" \/>\n<meta property=\"og:image\" content=\"https:\/\/alpharefractoryllc.com\/tr\/wp-content\/uploads\/2025\/03\/refrakterler-photo01-png.webp\" \/>\n<meta name=\"twitter:card\" content=\"summary_large_image\" \/>\n<meta name=\"twitter:label1\" content=\"Tahmini okuma s\u00fcresi\" \/>\n\t<meta name=\"twitter:data1\" content=\"2 dakika\" \/>\n<script type=\"application\/ld+json\" class=\"yoast-schema-graph\">{\"@context\":\"https:\/\/schema.org\",\"@graph\":[{\"@type\":\"WebPage\",\"@id\":\"https:\/\/alpharefractoryllc.com\/tr\/our-services\/\",\"url\":\"https:\/\/alpharefractoryllc.com\/tr\/our-services\/\",\"name\":\"Hizmetlerimiz - ALPHA REFRACTORY LLC\",\"isPartOf\":{\"@id\":\"https:\/\/alpharefractoryllc.com\/tr\/#website\"},\"primaryImageOfPage\":{\"@id\":\"https:\/\/alpharefractoryllc.com\/tr\/our-services\/#primaryimage\"},\"image\":{\"@id\":\"https:\/\/alpharefractoryllc.com\/tr\/our-services\/#primaryimage\"},\"thumbnailUrl\":\"https:\/\/alpharefractoryllc.com\/tr\/wp-content\/uploads\/2025\/03\/refrakterler-photo01-png.webp\",\"datePublished\":\"2025-03-22T01:13:01+00:00\",\"dateModified\":\"2025-03-31T20:13:08+00:00\",\"breadcrumb\":{\"@id\":\"https:\/\/alpharefractoryllc.com\/tr\/our-services\/#breadcrumb\"},\"inLanguage\":\"tr\",\"potentialAction\":[{\"@type\":\"ReadAction\",\"target\":[\"https:\/\/alpharefractoryllc.com\/tr\/our-services\/\"]}]},{\"@type\":\"ImageObject\",\"inLanguage\":\"tr\",\"@id\":\"https:\/\/alpharefractoryllc.com\/tr\/our-services\/#primaryimage\",\"url\":\"https:\/\/alpharefractoryllc.com\/tr\/wp-content\/uploads\/2025\/03\/refrakterler-photo01-png.webp\",\"contentUrl\":\"https:\/\/alpharefractoryllc.com\/tr\/wp-content\/uploads\/2025\/03\/refrakterler-photo01-png.webp\",\"width\":1044,\"height\":1043},{\"@type\":\"BreadcrumbList\",\"@id\":\"https:\/\/alpharefractoryllc.com\/tr\/our-services\/#breadcrumb\",\"itemListElement\":[{\"@type\":\"ListItem\",\"position\":1,\"name\":\"Home\",\"item\":\"https:\/\/alpharefractoryllc.com\/tr\/\"},{\"@type\":\"ListItem\",\"position\":2,\"name\":\"Hizmetlerimiz\"}]},{\"@type\":\"WebSite\",\"@id\":\"https:\/\/alpharefractoryllc.com\/tr\/#website\",\"url\":\"https:\/\/alpharefractoryllc.com\/tr\/\",\"name\":\"ALPHA REFRACTORY LLC\",\"description\":\"Uluslararas\u0131 Deneyim, \u00dcst\u00fcn Kalite\",\"potentialAction\":[{\"@type\":\"SearchAction\",\"target\":{\"@type\":\"EntryPoint\",\"urlTemplate\":\"https:\/\/alpharefractoryllc.com\/tr\/?s={search_term_string}\"},\"query-input\":{\"@type\":\"PropertyValueSpecification\",\"valueRequired\":true,\"valueName\":\"search_term_string\"}}],\"inLanguage\":\"tr\"}]}<\/script>\n<!-- \/ Yoast SEO plugin. -->","yoast_head_json":{"title":"Hizmetlerimiz - ALPHA REFRACTORY LLC","robots":{"index":"noindex","follow":"follow","max-snippet":"max-snippet:-1","max-image-preview":"max-image-preview:large","max-video-preview":"max-video-preview:-1"},"og_locale":"tr_TR","og_type":"article","og_title":"Hizmetlerimiz - ALPHA REFRACTORY LLC","og_description":"Ana Sayfa Sayfa Refrakterler F\u0131r\u0131nlar, d\u00f6k\u00fcmhaneler ve \u00e7elik \u00fcretimi i\u00e7in uzun \u00f6m\u00fcrl\u00fc, y\u00fcksek performansl\u0131 refrakter malzemeler. Pota Oca\u011f\u0131 ve Ekipmanlar\u0131 D\u00f6k\u00fcm ve \u00e7elik \u00fcretim s\u00fcre\u00e7leriniz i\u00e7in dayan\u0131kl\u0131 ve enerji verimli pota oca\u011f\u0131 ekipmanlar\u0131. S\u00fcrekli D\u00f6k\u00fcm Makinas\u0131 (CCM) ve Ekipmanlar\u0131 CCM s\u00fcre\u00e7lerinde maksimum kalite ve minimum fire i\u00e7in yenilik\u00e7i ekipman \u00e7\u00f6z\u00fcmleri. M\u00fchendislik ve Dan\u0131\u015fmanl\u0131k Hizmetleri Fabrika [&hellip;]","og_url":"https:\/\/alpharefractoryllc.com\/tr\/our-services\/","og_site_name":"ALPHA REFRACTORY LLC","article_modified_time":"2025-03-31T20:13:08+00:00","og_image":[{"url":"https:\/\/alpharefractoryllc.com\/tr\/wp-content\/uploads\/2025\/03\/refrakterler-photo01-png.webp","type":"","width":"","height":""}],"twitter_card":"summary_large_image","twitter_misc":{"Tahmini okuma s\u00fcresi":"2 dakika"},"schema":{"@context":"https:\/\/schema.org","@graph":[{"@type":"WebPage","@id":"https:\/\/alpharefractoryllc.com\/tr\/our-services\/","url":"https:\/\/alpharefractoryllc.com\/tr\/our-services\/","name":"Hizmetlerimiz - ALPHA REFRACTORY LLC","isPartOf":{"@id":"https:\/\/alpharefractoryllc.com\/tr\/#website"},"primaryImageOfPage":{"@id":"https:\/\/alpharefractoryllc.com\/tr\/our-services\/#primaryimage"},"image":{"@id":"https:\/\/alpharefractoryllc.com\/tr\/our-services\/#primaryimage"},"thumbnailUrl":"https:\/\/alpharefractoryllc.com\/tr\/wp-content\/uploads\/2025\/03\/refrakterler-photo01-png.webp","datePublished":"2025-03-22T01:13:01+00:00","dateModified":"2025-03-31T20:13:08+00:00","breadcrumb":{"@id":"https:\/\/alpharefractoryllc.com\/tr\/our-services\/#breadcrumb"},"inLanguage":"tr","potentialAction":[{"@type":"ReadAction","target":["https:\/\/alpharefractoryllc.com\/tr\/our-services\/"]}]},{"@type":"ImageObject","inLanguage":"tr","@id":"https:\/\/alpharefractoryllc.com\/tr\/our-services\/#primaryimage","url":"https:\/\/alpharefractoryllc.com\/tr\/wp-content\/uploads\/2025\/03\/refrakterler-photo01-png.webp","contentUrl":"https:\/\/alpharefractoryllc.com\/tr\/wp-content\/uploads\/2025\/03\/refrakterler-photo01-png.webp","width":1044,"height":1043},{"@type":"BreadcrumbList","@id":"https:\/\/alpharefractoryllc.com\/tr\/our-services\/#breadcrumb","itemListElement":[{"@type":"ListItem","position":1,"name":"Home","item":"https:\/\/alpharefractoryllc.com\/tr\/"},{"@type":"ListItem","position":2,"name":"Hizmetlerimiz"}]},{"@type":"WebSite","@id":"https:\/\/alpharefractoryllc.com\/tr\/#website","url":"https:\/\/alpharefractoryllc.com\/tr\/","name":"ALPHA REFRACTORY LLC","description":"Uluslararas\u0131 Deneyim, \u00dcst\u00fcn Kalite","potentialAction":[{"@type":"SearchAction","target":{"@type":"EntryPoint","urlTemplate":"https:\/\/alpharefractoryllc.com\/tr\/?s={search_term_string}"},"query-input":{"@type":"PropertyValueSpecification","valueRequired":true,"valueName":"search_term_string"}}],"inLanguage":"tr"}]}},"_links":{"self":[{"href":"https:\/\/alpharefractoryllc.com\/tr\/wp-json\/wp\/v2\/pages\/19094","targetHints":{"allow":["GET"]}}],"collection":[{"href":"https:\/\/alpharefractoryllc.com\/tr\/wp-json\/wp\/v2\/pages"}],"about":[{"href":"https:\/\/alpharefractoryllc.com\/tr\/wp-json\/wp\/v2\/types\/page"}],"author":[{"embeddable":true,"href":"https:\/\/alpharefractoryllc.com\/tr\/wp-json\/wp\/v2\/users\/1"}],"replies":[{"embeddable":true,"href":"https:\/\/alpharefractoryllc.com\/tr\/wp-json\/wp\/v2\/comments?post=19094"}],"version-history":[{"count":13,"href":"https:\/\/alpharefractoryllc.com\/tr\/wp-json\/wp\/v2\/pages\/19094\/revisions"}],"predecessor-version":[{"id":21261,"href":"https:\/\/alpharefractoryllc.com\/tr\/wp-json\/wp\/v2\/pages\/19094\/revisions\/21261"}],"wp:attachment":[{"href":"https:\/\/alpharefractoryllc.com\/tr\/wp-json\/wp\/v2\/media?parent=19094"}],"curies":[{"name":"wp","href":"https:\/\/api.w.org\/{rel}","templated":true}]}}