{"id":18974,"date":"2025-03-22T00:45:23","date_gmt":"2025-03-22T00:45:23","guid":{"rendered":"https:\/\/alpharefractoryllc.com\/tr\/?page_id=18974"},"modified":"2025-03-22T01:13:08","modified_gmt":"2025-03-22T01:13:08","slug":"muhendislik-ve-danismanlik-hizmetleri","status":"publish","type":"page","link":"https:\/\/alpharefractoryllc.com\/tr\/hizmetlerimiz\/muhendislik-ve-danismanlik-hizmetleri\/","title":{"rendered":"M\u00fchendislik ve Dan\u0131\u015fmanl\u0131k Hizmetleri"},"content":{"rendered":"\t\t<div data-elementor-type=\"wp-page\" data-elementor-id=\"18974\" class=\"elementor elementor-18974\">\n\t\t\t\t\t\t<section class=\"elementor-section elementor-top-section elementor-element elementor-element-2f1069a elementor-section-full_width elementor-section-height-min-height elementor-section-items-bottom elementor-section-height-default\" data-id=\"2f1069a\" data-element_type=\"section\" data-settings=\"{&quot;background_background&quot;:&quot;classic&quot;}\">\n\t\t\t\t\t\t\t<div class=\"elementor-background-overlay\"><\/div>\n\t\t\t\t\t\t\t<div class=\"elementor-container elementor-column-gap-no\">\n\t\t\t\t\t<div class=\"elementor-column elementor-col-100 elementor-top-column elementor-element elementor-element-3566761\" data-id=\"3566761\" data-element_type=\"column\" data-settings=\"{&quot;background_background&quot;:&quot;classic&quot;}\">\n\t\t\t<div class=\"elementor-widget-wrap elementor-element-populated\">\n\t\t\t\t\t<div class=\"elementor-background-overlay\"><\/div>\n\t\t\t\t\t\t<div class=\"elementor-element elementor-element-e199b9f elementor-widget elementor-widget-infetech_elementor_header_banner\" data-id=\"e199b9f\" data-element_type=\"widget\" data-widget_type=\"infetech_elementor_header_banner.default\">\n\t\t\t\t<div class=\"elementor-widget-container\">\n\t\t\t\t\t\t\t \t<!-- Display when you choose background per Post -->\n\t\t \t<div class=\"wrap_header_banner   \"  >\n\n\t\t \t\t\t\t\t \t\n\t\t\t\t \t<div class=\"cover_color\"><\/div>\n\n\t\t\t\t\t<div class=\"header_banner_el \">\n\t\t\t\t\t\t\n\t\t\t\t\t\t\t\t\t\t\t\t\t\n\t\t\t\t\t\t\t\n\t\t\t\t\t\t\t\t\t\t\t\t\t\t<h1 class=\" header_title\">\n\t\t\t\t\t\t\t\t\t\t\t\t\t\t\t<\/h1>\n\t\t\t\t\t\t\t\t\n\t\t\t\t\t\t\n\n\t\t\t\t\t\t\t\t\t\t\t\t\t<div class=\"header_breadcrumbs\">\n\t\t\t\t\t\t\t\t<div id=\"breadcrumbs\"><ul class=\"breadcrumb\"><li><a href=\"https:\/\/alpharefractoryllc.com\/tr\/\" title=\"Home\">Home<\/a><\/li> <li class=\"li_separator\"><span class=\"separator\"><i class=\"ovaicon-next\"><\/i><\/span><\/li><li>Sayfa<\/li><\/ul><\/div>\t\t\t\t\t\t\t<\/div>\n\t\t\t\t\t\t\n\t\t\t\t\t<\/div>\n\n\t\t\t\t\n\t\t\t<\/div>\n\t\t\t\t\t\t<\/div>\n\t\t\t\t<\/div>\n\t\t\t\t\t<\/div>\n\t\t<\/div>\n\t\t\t\t\t<\/div>\n\t\t<\/section>\n\t\t<div class=\"elementor-element elementor-element-1c99e83 e-con-full e-flex e-con e-parent\" data-id=\"1c99e83\" data-element_type=\"container\">\n\t\t<div class=\"elementor-element elementor-element-3befef9 e-con-full e-flex e-con e-child\" data-id=\"3befef9\" data-element_type=\"container\">\n\t\t\t\t<div class=\"elementor-element elementor-element-8cc5da2 elementor-widget elementor-widget-text-editor\" data-id=\"8cc5da2\" data-element_type=\"widget\" data-widget_type=\"text-editor.default\">\n\t\t\t\t<div class=\"elementor-widget-container\">\n\t\t\t\t\t\t\t\t\t<p data-start=\"245\" data-end=\"527\"><strong data-start=\"245\" data-end=\"269\">Alpha Refractory LLC<\/strong>, demir-\u00e7elik ve a\u011f\u0131r sanayi sekt\u00f6rlerinde uzun y\u0131llara dayanan saha tecr\u00fcbesi ve teknik birikimiyle, yaln\u0131zca \u00fcr\u00fcn tedarik eden bir firma de\u011fil; <strong data-start=\"415\" data-end=\"525\">\u00e7\u00f6z\u00fcm orta\u011f\u0131 olarak \u00fcretim verimlili\u011fini art\u0131ran m\u00fchendislik ve dan\u0131\u015fmanl\u0131k hizmetleri sunan bir markad\u0131r.<\/strong><\/p><p data-start=\"529\" data-end=\"873\">\u00dcretim s\u00fcre\u00e7lerindeki verimsizlikleri, hatal\u0131 uygulamalar\u0131 ve gizli kay\u0131plar\u0131 tespit ederek; firmalara \u00f6zel, <strong data-start=\"638\" data-end=\"700\">uygulanabilir ve s\u00fcrd\u00fcr\u00fclebilir \u00e7\u00f6z\u00fcmler geli\u015ftirmekteyiz.<\/strong> Refrakter uygulamalar\u0131ndan s\u00fcrekli d\u00f6k\u00fcm sistemlerine, ekipman entegrasyonundan proses optimizasyonuna kadar <strong data-start=\"810\" data-end=\"873\">geni\u015f bir m\u00fchendislik alan\u0131nda u\u00e7tan uca destek sa\u011fl\u0131yoruz.<\/strong><\/p><h6 data-start=\"875\" data-end=\"931\"><strong data-start=\"880\" data-end=\"931\">Dan\u0131\u015fmanl\u0131k Hizmeti Verdi\u011fimiz Ba\u015fl\u0131ca Alanlar:<\/strong><\/h6><p data-start=\"933\" data-end=\"1207\"><strong data-start=\"933\" data-end=\"970\">Refrakter Uygulama Dan\u0131\u015fmanl\u0131\u011f\u0131<\/strong><br data-start=\"970\" data-end=\"973\" \/>Hatal\u0131 malzeme se\u00e7imi, yanl\u0131\u015f uygulama y\u00f6ntemleri ve eksik kurutma gibi nedenlerle olu\u015fan \u00fcretim kay\u0131plar\u0131n\u0131 \u00f6nlemek i\u00e7in; <strong data-start=\"1096\" data-end=\"1155\">malzeme se\u00e7imi, uygulama s\u00fcreci ve kullan\u0131m performans\u0131<\/strong> gibi t\u00fcm a\u015famalarda i\u015fletmelere rehberlik ediyoruz.<\/p><p data-start=\"1209\" data-end=\"1475\"><strong data-start=\"1209\" data-end=\"1258\">CCM (S\u00fcrekli D\u00f6k\u00fcm Makinas\u0131) Proses Analizi<\/strong><br data-start=\"1258\" data-end=\"1261\" \/>Osilasyon sistemi, tundish y\u00f6netimi, \u00e7ekme-do\u011frultma sistemleri gibi t\u00fcm s\u00fcrekli d\u00f6k\u00fcm hatt\u0131 bile\u015fenlerinde <strong data-start=\"1369\" data-end=\"1427\">verimlilik, \u0131s\u0131 kayb\u0131, y\u00fczey hatalar\u0131 ve ekipman uyumu<\/strong> gibi konularda m\u00fchendislik raporlar\u0131 sunuyoruz.<\/p><p data-start=\"1477\" data-end=\"1716\"><strong data-start=\"1477\" data-end=\"1518\">Enerji Verimlili\u011fi ve Kay\u0131p Analizi<\/strong><br data-start=\"1518\" data-end=\"1521\" \/>Y\u00fcksek s\u0131cakl\u0131k uygulamalar\u0131nda <strong data-start=\"1553\" data-end=\"1637\">enerji kayb\u0131n\u0131 minimize edecek \u00e7\u00f6z\u00fcmler, \u00f6n izolasyon ve refrakter optimizasyonu<\/strong> sa\u011flanarak \u00fcretim hatt\u0131n\u0131n toplam enerji verimlili\u011fini art\u0131rmay\u0131 hedefliyoruz.<\/p><p data-start=\"1718\" data-end=\"1939\"><strong data-start=\"1718\" data-end=\"1749\">\u00dcretim S\u00fcreci \u0130yile\u015ftirme<\/strong><br data-start=\"1749\" data-end=\"1752\" \/>Gizli kay\u0131plar, d\u00fc\u015f\u00fck rand\u0131man, uygunsuz zaman y\u00f6netimi ve yanl\u0131\u015f ekipman kullan\u0131m\u0131 gibi nedenlerle olu\u015fan \u00fcretim sorunlar\u0131na kar\u015f\u0131 <strong data-start=\"1884\" data-end=\"1928\">veri analizi tabanl\u0131 sistematik \u00e7\u00f6z\u00fcmler<\/strong> sunuyoruz.<\/p><p data-start=\"1941\" data-end=\"2359\"><strong data-start=\"1941\" data-end=\"1987\">Personel E\u011fitimi ve Teknik S\u00fcperviz\u00f6rl\u00fck<\/strong><br data-start=\"1987\" data-end=\"1990\" \/>Sahada kar\u015f\u0131la\u015f\u0131lan bir\u00e7ok hata, uygulay\u0131c\u0131 personelin teknik eksikli\u011finden kaynaklanmaktad\u0131r. Bu nedenle firmalara \u00f6zel, <strong data-start=\"2112\" data-end=\"2171\">refrakter serimi, d\u00f6k\u00fcm uygulamalar\u0131 ve g\u00fcvenli \u00e7al\u0131\u015fma<\/strong> gibi konularda teknik e\u011fitimler sa\u011fl\u0131yoruz. Ayn\u0131 zamanda uygulama s\u00fcrecinde <strong data-start=\"2248\" data-end=\"2284\">yerinde s\u00fcperviz\u00f6rl\u00fck hizmetleri<\/strong> de sunarak uygulaman\u0131n standartlara uygun \u015fekilde ilerlemesini sa\u011fl\u0131yoruz.<\/p><h6 data-start=\"2361\" data-end=\"2385\"><strong data-start=\"2366\" data-end=\"2385\">Hizmet \u015eeklimiz<\/strong><\/h6><ul data-start=\"2387\" data-end=\"2572\"><li data-start=\"2387\" data-end=\"2421\">Yerinde ke\u015fif ve durum tespiti<\/li><li data-start=\"2422\" data-end=\"2457\">Proses ve ekipman analiz raporu<\/li><li data-start=\"2458\" data-end=\"2506\">Uygulama planlamas\u0131 ve iyile\u015ftirme \u00f6nerileri<\/li><li data-start=\"2507\" data-end=\"2544\">E\u011fitim ve teknik uygulama deste\u011fi<\/li><li data-start=\"2545\" data-end=\"2572\">S\u00fcre\u00e7 takibi ve raporlama<\/li><\/ul><h6 data-start=\"2579\" data-end=\"2637\"><strong data-start=\"2583\" data-end=\"2637\">Neden Alpha Refractory M\u00fchendislik ve Dan\u0131\u015fmanl\u0131k?<\/strong><\/h6><ul data-start=\"2639\" data-end=\"3026\"><li data-start=\"2639\" data-end=\"2718\">Sadece teoriye de\u011fil, <strong data-start=\"2663\" data-end=\"2695\">sahaya dayal\u0131 teknik bilgiye<\/strong> sahip m\u00fchendis ekibi<\/li><li data-start=\"2719\" data-end=\"2771\">\u00dcr\u00fcn ba\u011f\u0131ms\u0131z, <strong data-start=\"2736\" data-end=\"2769\">tamamen \u00e7\u00f6z\u00fcm odakl\u0131 yakla\u015f\u0131m<\/strong><\/li><li data-start=\"2772\" data-end=\"2818\">Demir-\u00e7elik sekt\u00f6r\u00fcne \u00f6zel teknik uzmanl\u0131k<\/li><li data-start=\"2819\" data-end=\"2901\"><strong data-start=\"2821\" data-end=\"2880\">Proses iyile\u015ftirme, maliyet d\u00fc\u015f\u00fcrme ve kay\u0131plar\u0131 \u00f6nleme<\/strong> odakl\u0131 stratejiler<\/li><li data-start=\"2902\" data-end=\"2968\">Gizli \u00fcretim kay\u0131plar\u0131n\u0131 fark edip kazanca d\u00f6n\u00fc\u015ft\u00fcren \u00e7\u00f6z\u00fcmler<\/li><li data-start=\"2969\" data-end=\"3026\">E\u011fitim ve saha deste\u011fi ile <strong data-start=\"2998\" data-end=\"3026\">uygulamaya d\u00f6n\u00fc\u015fen bilgi<\/strong><\/li><\/ul><p data-start=\"3028\" data-end=\"3295\">Alpha Refractory LLC olarak amac\u0131m\u0131z, yaln\u0131zca \u00fcr\u00fcn sunmak de\u011fil; <strong data-start=\"3094\" data-end=\"3222\">\u00e7elik \u00fcretiminin zorluklar\u0131n\u0131 bilen, sahadaki ihtiya\u00e7lar\u0131 do\u011fru anlayan ve sonu\u00e7 odakl\u0131 \u00e7al\u0131\u015fan bir m\u00fchendislik \u00e7\u00f6z\u00fcm orta\u011f\u0131<\/strong> olmakt\u0131r. Her i\u015fletmenin ger\u00e7ek ihtiyac\u0131na \u00f6zel \u00e7\u00f6z\u00fcmlerle yan\u0131n\u0131zday\u0131z.<\/p>\t\t\t\t\t\t\t\t<\/div>\n\t\t\t\t<\/div>\n\t\t\t\t<div class=\"elementor-element elementor-element-b9ccf20 elementor-hidden-tablet elementor-hidden-mobile elementor-widget elementor-widget-image\" data-id=\"b9ccf20\" data-element_type=\"widget\" data-widget_type=\"image.default\">\n\t\t\t\t<div class=\"elementor-widget-container\">\n\t\t\t\t\t\t\t\t\t\t\t\t\t\t\t<img fetchpriority=\"high\" decoding=\"async\" width=\"4193\" height=\"3892\" src=\"https:\/\/alpharefractoryllc.com\/tr\/wp-content\/uploads\/2025\/02\/logotop.svg\" class=\"attachment-large size-large wp-image-17957\" alt=\"\" \/>\t\t\t\t\t\t\t\t\t\t\t\t\t\t\t<\/div>\n\t\t\t\t<\/div>\n\t\t\t\t<\/div>\n\t\t\t\t<\/div>\n\t\t\t\t<\/div>\n\t\t","protected":false},"excerpt":{"rendered":"<p>Home Sayfa Alpha Refractory LLC, demir-\u00e7elik ve a\u011f\u0131r sanayi sekt\u00f6rlerinde uzun y\u0131llara dayanan saha tecr\u00fcbesi ve teknik birikimiyle, yaln\u0131zca \u00fcr\u00fcn tedarik eden bir firma de\u011fil; \u00e7\u00f6z\u00fcm orta\u011f\u0131 olarak \u00fcretim verimlili\u011fini art\u0131ran m\u00fchendislik ve dan\u0131\u015fmanl\u0131k hizmetleri sunan bir markad\u0131r. \u00dcretim s\u00fcre\u00e7lerindeki verimsizlikleri, hatal\u0131 uygulamalar\u0131 ve gizli kay\u0131plar\u0131 tespit ederek; firmalara \u00f6zel, uygulanabilir ve s\u00fcrd\u00fcr\u00fclebilir \u00e7\u00f6z\u00fcmler geli\u015ftirmekteyiz. [&hellip;]<\/p>\n","protected":false},"author":1,"featured_media":0,"parent":19094,"menu_order":0,"comment_status":"closed","ping_status":"closed","template":"elementor_header_footer","meta":{"footnotes":""},"class_list":["post-18974","page","type-page","status-publish","hentry"],"yoast_head":"<!-- This site is optimized with the Yoast SEO plugin v24.9 - https:\/\/yoast.com\/wordpress\/plugins\/seo\/ -->\n<title>M\u00fchendislik ve Dan\u0131\u015fmanl\u0131k Hizmetleri - ALPHA REFRACTORY LLC<\/title>\n<meta name=\"robots\" content=\"noindex, follow, max-snippet:-1, max-image-preview:large, max-video-preview:-1\" \/>\n<meta property=\"og:locale\" content=\"tr_TR\" \/>\n<meta property=\"og:type\" content=\"article\" \/>\n<meta property=\"og:title\" content=\"M\u00fchendislik ve Dan\u0131\u015fmanl\u0131k Hizmetleri - ALPHA REFRACTORY LLC\" \/>\n<meta property=\"og:description\" content=\"Home Sayfa Alpha Refractory LLC, demir-\u00e7elik ve a\u011f\u0131r sanayi sekt\u00f6rlerinde uzun y\u0131llara dayanan saha tecr\u00fcbesi ve teknik birikimiyle, yaln\u0131zca \u00fcr\u00fcn tedarik eden bir firma de\u011fil; \u00e7\u00f6z\u00fcm orta\u011f\u0131 olarak \u00fcretim verimlili\u011fini art\u0131ran m\u00fchendislik ve dan\u0131\u015fmanl\u0131k hizmetleri sunan bir markad\u0131r. \u00dcretim s\u00fcre\u00e7lerindeki verimsizlikleri, hatal\u0131 uygulamalar\u0131 ve gizli kay\u0131plar\u0131 tespit ederek; firmalara \u00f6zel, uygulanabilir ve s\u00fcrd\u00fcr\u00fclebilir \u00e7\u00f6z\u00fcmler geli\u015ftirmekteyiz. [&hellip;]\" \/>\n<meta property=\"og:url\" content=\"https:\/\/alpharefractoryllc.com\/tr\/our-services\/engineering-and-consulting-services\/\" \/>\n<meta property=\"og:site_name\" content=\"ALPHA REFRACTORY LLC\" \/>\n<meta property=\"article:modified_time\" content=\"2025-03-22T01:13:08+00:00\" \/>\n<meta name=\"twitter:card\" content=\"summary_large_image\" \/>\n<meta name=\"twitter:label1\" content=\"Tahmini okuma s\u00fcresi\" \/>\n\t<meta name=\"twitter:data1\" content=\"2 dakika\" \/>\n<script type=\"application\/ld+json\" class=\"yoast-schema-graph\">{\"@context\":\"https:\/\/schema.org\",\"@graph\":[{\"@type\":\"WebPage\",\"@id\":\"https:\/\/alpharefractoryllc.com\/tr\/our-services\/engineering-and-consulting-services\/\",\"url\":\"https:\/\/alpharefractoryllc.com\/tr\/our-services\/engineering-and-consulting-services\/\",\"name\":\"M\u00fchendislik ve Dan\u0131\u015fmanl\u0131k Hizmetleri - ALPHA REFRACTORY LLC\",\"isPartOf\":{\"@id\":\"https:\/\/alpharefractoryllc.com\/tr\/#website\"},\"primaryImageOfPage\":{\"@id\":\"https:\/\/alpharefractoryllc.com\/tr\/our-services\/engineering-and-consulting-services\/#primaryimage\"},\"image\":{\"@id\":\"https:\/\/alpharefractoryllc.com\/tr\/our-services\/engineering-and-consulting-services\/#primaryimage\"},\"thumbnailUrl\":\"https:\/\/alpharefractoryllc.com\/tr\/wp-content\/uploads\/2025\/02\/logotop.svg\",\"datePublished\":\"2025-03-22T00:45:23+00:00\",\"dateModified\":\"2025-03-22T01:13:08+00:00\",\"breadcrumb\":{\"@id\":\"https:\/\/alpharefractoryllc.com\/tr\/our-services\/engineering-and-consulting-services\/#breadcrumb\"},\"inLanguage\":\"tr\",\"potentialAction\":[{\"@type\":\"ReadAction\",\"target\":[\"https:\/\/alpharefractoryllc.com\/tr\/our-services\/engineering-and-consulting-services\/\"]}]},{\"@type\":\"ImageObject\",\"inLanguage\":\"tr\",\"@id\":\"https:\/\/alpharefractoryllc.com\/tr\/our-services\/engineering-and-consulting-services\/#primaryimage\",\"url\":\"https:\/\/alpharefractoryllc.com\/tr\/wp-content\/uploads\/2025\/02\/logotop.svg\",\"contentUrl\":\"https:\/\/alpharefractoryllc.com\/tr\/wp-content\/uploads\/2025\/02\/logotop.svg\",\"width\":4193,\"height\":3892},{\"@type\":\"BreadcrumbList\",\"@id\":\"https:\/\/alpharefractoryllc.com\/tr\/our-services\/engineering-and-consulting-services\/#breadcrumb\",\"itemListElement\":[{\"@type\":\"ListItem\",\"position\":1,\"name\":\"Home\",\"item\":\"https:\/\/alpharefractoryllc.com\/tr\/\"},{\"@type\":\"ListItem\",\"position\":2,\"name\":\"Hizmetlerimiz\",\"item\":\"https:\/\/alpharefractoryllc.com\/tr\/our-services\/\"},{\"@type\":\"ListItem\",\"position\":3,\"name\":\"M\u00fchendislik ve Dan\u0131\u015fmanl\u0131k Hizmetleri\"}]},{\"@type\":\"WebSite\",\"@id\":\"https:\/\/alpharefractoryllc.com\/tr\/#website\",\"url\":\"https:\/\/alpharefractoryllc.com\/tr\/\",\"name\":\"ALPHA REFRACTORY LLC\",\"description\":\"Uluslararas\u0131 Deneyim, \u00dcst\u00fcn Kalite\",\"potentialAction\":[{\"@type\":\"SearchAction\",\"target\":{\"@type\":\"EntryPoint\",\"urlTemplate\":\"https:\/\/alpharefractoryllc.com\/tr\/?s={search_term_string}\"},\"query-input\":{\"@type\":\"PropertyValueSpecification\",\"valueRequired\":true,\"valueName\":\"search_term_string\"}}],\"inLanguage\":\"tr\"}]}<\/script>\n<!-- \/ Yoast SEO plugin. -->","yoast_head_json":{"title":"M\u00fchendislik ve Dan\u0131\u015fmanl\u0131k Hizmetleri - ALPHA REFRACTORY LLC","robots":{"index":"noindex","follow":"follow","max-snippet":"max-snippet:-1","max-image-preview":"max-image-preview:large","max-video-preview":"max-video-preview:-1"},"og_locale":"tr_TR","og_type":"article","og_title":"M\u00fchendislik ve Dan\u0131\u015fmanl\u0131k Hizmetleri - ALPHA REFRACTORY LLC","og_description":"Home Sayfa Alpha Refractory LLC, demir-\u00e7elik ve a\u011f\u0131r sanayi sekt\u00f6rlerinde uzun y\u0131llara dayanan saha tecr\u00fcbesi ve teknik birikimiyle, yaln\u0131zca \u00fcr\u00fcn tedarik eden bir firma de\u011fil; \u00e7\u00f6z\u00fcm orta\u011f\u0131 olarak \u00fcretim verimlili\u011fini art\u0131ran m\u00fchendislik ve dan\u0131\u015fmanl\u0131k hizmetleri sunan bir markad\u0131r. \u00dcretim s\u00fcre\u00e7lerindeki verimsizlikleri, hatal\u0131 uygulamalar\u0131 ve gizli kay\u0131plar\u0131 tespit ederek; firmalara \u00f6zel, uygulanabilir ve s\u00fcrd\u00fcr\u00fclebilir \u00e7\u00f6z\u00fcmler geli\u015ftirmekteyiz. [&hellip;]","og_url":"https:\/\/alpharefractoryllc.com\/tr\/our-services\/engineering-and-consulting-services\/","og_site_name":"ALPHA REFRACTORY LLC","article_modified_time":"2025-03-22T01:13:08+00:00","twitter_card":"summary_large_image","twitter_misc":{"Tahmini okuma s\u00fcresi":"2 dakika"},"schema":{"@context":"https:\/\/schema.org","@graph":[{"@type":"WebPage","@id":"https:\/\/alpharefractoryllc.com\/tr\/our-services\/engineering-and-consulting-services\/","url":"https:\/\/alpharefractoryllc.com\/tr\/our-services\/engineering-and-consulting-services\/","name":"M\u00fchendislik ve Dan\u0131\u015fmanl\u0131k Hizmetleri - ALPHA REFRACTORY LLC","isPartOf":{"@id":"https:\/\/alpharefractoryllc.com\/tr\/#website"},"primaryImageOfPage":{"@id":"https:\/\/alpharefractoryllc.com\/tr\/our-services\/engineering-and-consulting-services\/#primaryimage"},"image":{"@id":"https:\/\/alpharefractoryllc.com\/tr\/our-services\/engineering-and-consulting-services\/#primaryimage"},"thumbnailUrl":"https:\/\/alpharefractoryllc.com\/tr\/wp-content\/uploads\/2025\/02\/logotop.svg","datePublished":"2025-03-22T00:45:23+00:00","dateModified":"2025-03-22T01:13:08+00:00","breadcrumb":{"@id":"https:\/\/alpharefractoryllc.com\/tr\/our-services\/engineering-and-consulting-services\/#breadcrumb"},"inLanguage":"tr","potentialAction":[{"@type":"ReadAction","target":["https:\/\/alpharefractoryllc.com\/tr\/our-services\/engineering-and-consulting-services\/"]}]},{"@type":"ImageObject","inLanguage":"tr","@id":"https:\/\/alpharefractoryllc.com\/tr\/our-services\/engineering-and-consulting-services\/#primaryimage","url":"https:\/\/alpharefractoryllc.com\/tr\/wp-content\/uploads\/2025\/02\/logotop.svg","contentUrl":"https:\/\/alpharefractoryllc.com\/tr\/wp-content\/uploads\/2025\/02\/logotop.svg","width":4193,"height":3892},{"@type":"BreadcrumbList","@id":"https:\/\/alpharefractoryllc.com\/tr\/our-services\/engineering-and-consulting-services\/#breadcrumb","itemListElement":[{"@type":"ListItem","position":1,"name":"Home","item":"https:\/\/alpharefractoryllc.com\/tr\/"},{"@type":"ListItem","position":2,"name":"Hizmetlerimiz","item":"https:\/\/alpharefractoryllc.com\/tr\/our-services\/"},{"@type":"ListItem","position":3,"name":"M\u00fchendislik ve Dan\u0131\u015fmanl\u0131k Hizmetleri"}]},{"@type":"WebSite","@id":"https:\/\/alpharefractoryllc.com\/tr\/#website","url":"https:\/\/alpharefractoryllc.com\/tr\/","name":"ALPHA REFRACTORY LLC","description":"Uluslararas\u0131 Deneyim, \u00dcst\u00fcn Kalite","potentialAction":[{"@type":"SearchAction","target":{"@type":"EntryPoint","urlTemplate":"https:\/\/alpharefractoryllc.com\/tr\/?s={search_term_string}"},"query-input":{"@type":"PropertyValueSpecification","valueRequired":true,"valueName":"search_term_string"}}],"inLanguage":"tr"}]}},"_links":{"self":[{"href":"https:\/\/alpharefractoryllc.com\/tr\/wp-json\/wp\/v2\/pages\/18974","targetHints":{"allow":["GET"]}}],"collection":[{"href":"https:\/\/alpharefractoryllc.com\/tr\/wp-json\/wp\/v2\/pages"}],"about":[{"href":"https:\/\/alpharefractoryllc.com\/tr\/wp-json\/wp\/v2\/types\/page"}],"author":[{"embeddable":true,"href":"https:\/\/alpharefractoryllc.com\/tr\/wp-json\/wp\/v2\/users\/1"}],"replies":[{"embeddable":true,"href":"https:\/\/alpharefractoryllc.com\/tr\/wp-json\/wp\/v2\/comments?post=18974"}],"version-history":[{"count":25,"href":"https:\/\/alpharefractoryllc.com\/tr\/wp-json\/wp\/v2\/pages\/18974\/revisions"}],"predecessor-version":[{"id":19070,"href":"https:\/\/alpharefractoryllc.com\/tr\/wp-json\/wp\/v2\/pages\/18974\/revisions\/19070"}],"up":[{"embeddable":true,"href":"https:\/\/alpharefractoryllc.com\/tr\/wp-json\/wp\/v2\/pages\/19094"}],"wp:attachment":[{"href":"https:\/\/alpharefractoryllc.com\/tr\/wp-json\/wp\/v2\/media?parent=18974"}],"curies":[{"name":"wp","href":"https:\/\/api.w.org\/{rel}","templated":true}]}}