{"id":18961,"date":"2025-03-22T00:39:06","date_gmt":"2025-03-22T00:39:06","guid":{"rendered":"https:\/\/alpharefractoryllc.com\/tr\/?page_id=18961"},"modified":"2025-03-22T01:13:19","modified_gmt":"2025-03-22T01:13:19","slug":"surekli-dokum-makinasi-ccm-ve-ekipmanlari","status":"publish","type":"page","link":"https:\/\/alpharefractoryllc.com\/tr\/hizmetlerimiz\/surekli-dokum-makinasi-ccm-ve-ekipmanlari\/","title":{"rendered":"S\u00fcrekli D\u00f6k\u00fcm Makinas\u0131 (CCM) ve Ekipmanlar\u0131"},"content":{"rendered":"\t\t<div data-elementor-type=\"wp-page\" data-elementor-id=\"18961\" class=\"elementor elementor-18961\">\n\t\t\t\t\t\t<section class=\"elementor-section elementor-top-section elementor-element elementor-element-2f1069a elementor-section-full_width elementor-section-height-min-height elementor-section-items-bottom elementor-section-height-default\" data-id=\"2f1069a\" data-element_type=\"section\" data-settings=\"{&quot;background_background&quot;:&quot;classic&quot;}\">\n\t\t\t\t\t\t\t<div class=\"elementor-background-overlay\"><\/div>\n\t\t\t\t\t\t\t<div class=\"elementor-container elementor-column-gap-no\">\n\t\t\t\t\t<div class=\"elementor-column elementor-col-100 elementor-top-column elementor-element elementor-element-3566761\" data-id=\"3566761\" data-element_type=\"column\" data-settings=\"{&quot;background_background&quot;:&quot;classic&quot;}\">\n\t\t\t<div class=\"elementor-widget-wrap elementor-element-populated\">\n\t\t\t\t\t<div class=\"elementor-background-overlay\"><\/div>\n\t\t\t\t\t\t<div class=\"elementor-element elementor-element-e199b9f elementor-widget elementor-widget-infetech_elementor_header_banner\" data-id=\"e199b9f\" data-element_type=\"widget\" data-widget_type=\"infetech_elementor_header_banner.default\">\n\t\t\t\t<div class=\"elementor-widget-container\">\n\t\t\t\t\t\t\t \t<!-- Display when you choose background per Post -->\n\t\t \t<div class=\"wrap_header_banner   \"  >\n\n\t\t \t\t\t\t\t \t\n\t\t\t\t \t<div class=\"cover_color\"><\/div>\n\n\t\t\t\t\t<div class=\"header_banner_el \">\n\t\t\t\t\t\t\n\t\t\t\t\t\t\t\t\t\t\t\t\t\n\t\t\t\t\t\t\t\n\t\t\t\t\t\t\t\t\t\t\t\t\t\t<h1 class=\" header_title\">\n\t\t\t\t\t\t\t\t\t\t\t\t\t\t\t<\/h1>\n\t\t\t\t\t\t\t\t\n\t\t\t\t\t\t\n\n\t\t\t\t\t\t\t\t\t\t\t\t\t<div class=\"header_breadcrumbs\">\n\t\t\t\t\t\t\t\t<div id=\"breadcrumbs\"><ul class=\"breadcrumb\"><li><a href=\"https:\/\/alpharefractoryllc.com\/tr\/\" title=\"Home\">Home<\/a><\/li> <li class=\"li_separator\"><span class=\"separator\"><i class=\"ovaicon-next\"><\/i><\/span><\/li><li>Sayfa<\/li><\/ul><\/div>\t\t\t\t\t\t\t<\/div>\n\t\t\t\t\t\t\n\t\t\t\t\t<\/div>\n\n\t\t\t\t\n\t\t\t<\/div>\n\t\t\t\t\t\t<\/div>\n\t\t\t\t<\/div>\n\t\t\t\t\t<\/div>\n\t\t<\/div>\n\t\t\t\t\t<\/div>\n\t\t<\/section>\n\t\t<div class=\"elementor-element elementor-element-1c99e83 e-con-full e-flex e-con e-parent\" data-id=\"1c99e83\" data-element_type=\"container\">\n\t\t<div class=\"elementor-element elementor-element-3befef9 e-con-full e-flex e-con e-child\" data-id=\"3befef9\" data-element_type=\"container\">\n\t\t\t\t<div class=\"elementor-element elementor-element-8cc5da2 elementor-widget elementor-widget-text-editor\" data-id=\"8cc5da2\" data-element_type=\"widget\" data-widget_type=\"text-editor.default\">\n\t\t\t\t<div class=\"elementor-widget-container\">\n\t\t\t\t\t\t\t\t\t<p data-start=\"335\" data-end=\"771\"><strong data-start=\"335\" data-end=\"359\">Alpha Refractory LLC<\/strong>, demir-\u00e7elik sekt\u00f6r\u00fcnde <strong data-start=\"384\" data-end=\"524\">s\u00fcrekli d\u00f6k\u00fcm teknolojilerinin verimli, g\u00fcvenli ve uzun \u00f6m\u00fcrl\u00fc \u015fekilde \u00e7al\u0131\u015fmas\u0131n\u0131 sa\u011flayan CCM (Continuous Casting Machine) ekipmanlar\u0131<\/strong> \u00fcretiminde uzmanla\u015fm\u0131\u015ft\u0131r. S\u00fcrekli d\u00f6k\u00fcm hatt\u0131nda kullan\u0131lan t\u00fcm ekipmanlar, y\u00fcksek s\u0131cakl\u0131k, mekanik stres ve s\u00fcreklilik esas\u0131na g\u00f6re tasarlanarak, \u00fcretim verimlili\u011fini maksimize etmek ve bak\u0131m gereklili\u011fini minimize etmek amac\u0131yla geli\u015ftirilir.<\/p><p data-start=\"773\" data-end=\"1084\"><strong data-start=\"773\" data-end=\"865\">S\u00fcrekli d\u00f6k\u00fcm hatt\u0131n\u0131n her bir a\u015famas\u0131nda g\u00f6rev yapan sistemlerin birbirine entegrasyonu<\/strong>, proses g\u00fcvenli\u011fi ve \u00fcr\u00fcn kalitesi a\u00e7\u0131s\u0131ndan kritik \u00f6nem ta\u015f\u0131r. Alpha Refractory LLC olarak, t\u00fcm bu s\u00fcre\u00e7lerde <strong data-start=\"977\" data-end=\"1010\">y\u00fcksek m\u00fchendislik kabiliyeti<\/strong>, <strong data-start=\"1012\" data-end=\"1032\">uygulama deste\u011fi<\/strong> ve <strong data-start=\"1036\" data-end=\"1071\">sahada s\u00fcperviz\u00f6rl\u00fck hizmetleri<\/strong> sunmaktay\u0131z.<\/p><h6 data-start=\"1086\" data-end=\"1117\"><strong data-start=\"1091\" data-end=\"1117\">\u00dcr\u00fcn ve Ekipmanlar\u0131m\u0131z<\/strong><\/h6><p data-start=\"1119\" data-end=\"1297\"><strong data-start=\"1119\" data-end=\"1141\">Pota D\u00f6k\u00fcm Arabas\u0131<\/strong><br data-start=\"1141\" data-end=\"1144\" \/>Ergimi\u015f \u00e7eli\u011fin potadan tandi\u015fe kontroll\u00fc aktar\u0131lmas\u0131n\u0131 sa\u011flayan mekanik yap\u0131d\u0131r. Y\u00fcksek s\u0131cakl\u0131k dayan\u0131m\u0131, hareket hassasiyeti ve g\u00fcvenlik \u00f6n plandad\u0131r.<\/p><p data-start=\"1299\" data-end=\"1463\"><strong data-start=\"1299\" data-end=\"1329\">Tundish (Ara D\u00f6k\u00fcm Kazan\u0131)<\/strong><br data-start=\"1329\" data-end=\"1332\" \/>\u00c7eli\u011fin potadan kal\u0131ba ge\u00e7i\u015fini dengeleyen ve ak\u0131\u015f kontrol\u00fcn\u00fc sa\u011flayan yap\u0131d\u0131r. Is\u0131 kayb\u0131n\u0131 \u00f6nleyici refrakter astarlarla kaplan\u0131r.<\/p><p data-start=\"1465\" data-end=\"1616\"><strong data-start=\"1465\" data-end=\"1484\">Tundish Arabas\u0131<\/strong><br data-start=\"1484\" data-end=\"1487\" \/>Tundish\u2019in pozisyonlanmas\u0131n\u0131 sa\u011flayan sistemdir. Hat \u00fczerinde kontroll\u00fc ileri-geri ve yukar\u0131-a\u015fa\u011f\u0131 hareket kabiliyetine sahiptir.<\/p><p data-start=\"1618\" data-end=\"1768\"><strong data-start=\"1618\" data-end=\"1634\">Kokil (Mold)<\/strong><br data-start=\"1634\" data-end=\"1637\" \/>\u00c7eli\u011fin ilk kat\u0131 formunu ald\u0131\u011f\u0131 kritik d\u00f6k\u00fcm kal\u0131b\u0131d\u0131r. M\u00fckemmel \u0131s\u0131 transferi sa\u011flayan \u00f6zel so\u011futma sistemleriyle entegre \u00e7al\u0131\u015f\u0131r.<\/p><p data-start=\"1770\" data-end=\"1931\"><strong data-start=\"1770\" data-end=\"1795\">Osilasyon Mekanizmas\u0131<\/strong><br data-start=\"1795\" data-end=\"1798\" \/>Kokilin yukar\u0131-a\u015fa\u011f\u0131 hareketini sa\u011flayarak \u00e7eli\u011fin kal\u0131ba yap\u0131\u015fmas\u0131n\u0131 \u00f6nleyen sistemdir. Hassas kontrol ile y\u00fczey kalitesini art\u0131r\u0131r.<\/p><p data-start=\"1933\" data-end=\"2095\"><strong data-start=\"1933\" data-end=\"1958\">S Yolu (Segment Yolu)<\/strong><br data-start=\"1958\" data-end=\"1961\" \/>Kat\u0131la\u015fan \u00e7eli\u011fin d\u00fczg\u00fcn bi\u00e7imde a\u015fa\u011f\u0131ya y\u00f6nlendirilmesini sa\u011flayan yol sistemidir. So\u011futma ve ta\u015f\u0131ma fonksiyonlar\u0131n\u0131 bir arada sunar.<\/p><p data-start=\"2097\" data-end=\"2192\"><strong data-start=\"2097\" data-end=\"2115\">S Yolu Mastar\u0131<\/strong><br data-start=\"2115\" data-end=\"2118\" \/>S yolunun \u00f6l\u00e7\u00fcsel ayarlar\u0131n\u0131 ve hizalamas\u0131n\u0131 sa\u011flayan kontrol ekipman\u0131d\u0131r.<\/p><p data-start=\"2194\" data-end=\"2347\"><strong data-start=\"2194\" data-end=\"2216\">Manken (Dummy Bar)<\/strong><br data-start=\"2216\" data-end=\"2219\" \/>D\u00f6k\u00fcm ba\u015flang\u0131c\u0131nda \u00e7eli\u011fi kal\u0131ptan \u00e7ekmeye yarayan sistemdir. \u00c7ekme i\u015fleminin ba\u015flat\u0131lmas\u0131 ve d\u00f6ng\u00fcye al\u0131nmas\u0131 i\u00e7in gereklidir.<\/p><p data-start=\"2349\" data-end=\"2507\"><strong data-start=\"2349\" data-end=\"2379\">\u00c7ekme \u2013 Do\u011frultma Makinas\u0131<\/strong><br data-start=\"2379\" data-end=\"2382\" \/>Kat\u0131la\u015fan \u00e7eli\u011fi kal\u0131ptan \u00e7eken ve d\u00fczle\u015ftirerek sonraki i\u015flemlere haz\u0131rlayan \u00fcnitedir. Hassas kontrol sistemiyle entegredir.<\/p><p data-start=\"2509\" data-end=\"2653\"><strong data-start=\"2509\" data-end=\"2537\">Manken Yana Alma Sistemi<\/strong><br data-start=\"2537\" data-end=\"2540\" \/>D\u00f6k\u00fcm i\u015flemi tamamland\u0131ktan sonra mankenin sistem d\u0131\u015f\u0131na g\u00fcvenle al\u0131nmas\u0131n\u0131 sa\u011flayan otomasyon destekli birimdir.<\/p><p data-start=\"2655\" data-end=\"2816\"><strong data-start=\"2655\" data-end=\"2691\">Hidrolik Makas (D\u00fcz ve Diagonal)<\/strong><br data-start=\"2691\" data-end=\"2694\" \/>D\u00f6k\u00fcm sonunda \u00e7elik k\u00fct\u00fc\u011f\u00fc istenilen \u00f6l\u00e7\u00fcde kesen sistemdir. D\u00fcz veya a\u00e7\u0131l\u0131 kesim i\u00e7in farkl\u0131 b\u0131\u00e7ak sistemleri kullan\u0131l\u0131r.<\/p><p data-start=\"2818\" data-end=\"2957\"><strong data-start=\"2818\" data-end=\"2831\">Pinchroll<\/strong><br data-start=\"2831\" data-end=\"2834\" \/>\u00c7eli\u011fin kontroll\u00fc \u015fekilde iletimini ve h\u0131z ayar\u0131n\u0131 yapan, hat boyunca \u00e7elik y\u00f6nlendirmesinde kullan\u0131lan makaral\u0131 sistemdir.<\/p><p data-start=\"2959\" data-end=\"3083\"><strong data-start=\"2959\" data-end=\"2976\">Tufal Arabas\u0131<\/strong><br data-start=\"2976\" data-end=\"2979\" \/>D\u00f6k\u00fcm s\u0131ras\u0131nda olu\u015fan tufal art\u0131klar\u0131n\u0131n otomatik toplanmas\u0131 ve sistem d\u0131\u015f\u0131na al\u0131nmas\u0131 i\u00e7in kullan\u0131l\u0131r.<\/p><p data-start=\"3085\" data-end=\"3182\"><strong data-start=\"3085\" data-end=\"3101\">Hurda Sepeti<\/strong><br data-start=\"3101\" data-end=\"3104\" \/>Proses d\u0131\u015f\u0131 kalan malzeme ve \u00fcretim art\u0131klar\u0131 i\u00e7in g\u00fcvenli toplama sistemidir.<\/p><p data-start=\"3184\" data-end=\"3334\"><strong data-start=\"3184\" data-end=\"3206\">Peletleme Makinas\u0131<\/strong><br data-start=\"3206\" data-end=\"3209\" \/>At\u0131k toz ve partik\u00fcllerin geri kazan\u0131m\u0131na olanak tan\u0131yan sistemdir. Malzeme verimlili\u011fi ve \u00e7evresel uyum a\u00e7\u0131s\u0131ndan \u00f6nemlidir.<\/p><h6 data-start=\"3341\" data-end=\"3375\"><strong data-start=\"3345\" data-end=\"3375\">M\u00fchendislik ve Entegrasyon<\/strong><\/h6><p data-start=\"3377\" data-end=\"3652\">CCM sistemleri, y\u00fcksek m\u00fchendislik hassasiyeti ve proses bilgisi gerektirir. Alpha Refractory LLC olarak yaln\u0131zca ekipman tedari\u011fi de\u011fil; ayn\u0131 zamanda <strong data-start=\"3528\" data-end=\"3623\">\u00e7izim, \u00f6l\u00e7\u00fclendirme, otomasyon entegrasyonu, sahada kurulum ve devreye alma, test ve e\u011fitim<\/strong> hizmetlerini de sunmaktay\u0131z.<\/p><p data-start=\"3654\" data-end=\"3815\">T\u00fcm ekipmanlar\u0131m\u0131z; <strong data-start=\"3674\" data-end=\"3764\">y\u00fcksek s\u0131cakl\u0131k tolerans\u0131, mekanik dayan\u0131kl\u0131l\u0131k, proses uyumlulu\u011fu ve uzun servis \u00f6mr\u00fc<\/strong> g\u00f6z \u00f6n\u00fcnde bulundurularak projeye \u00f6zel tasarlan\u0131r.<\/p><h6 data-start=\"3822\" data-end=\"3857\"><strong data-start=\"3826\" data-end=\"3857\">Neden Alpha Refractory LLC?<\/strong><\/h6><ul data-start=\"3859\" data-end=\"4163\"><li data-start=\"3859\" data-end=\"3912\">Proje bazl\u0131 \u00fcretim ve yerinde m\u00fchendislik deste\u011fi<\/li><li data-start=\"3913\" data-end=\"3967\">Uluslararas\u0131 standartlara uygun malzeme ve i\u015f\u00e7ilik<\/li><li data-start=\"3968\" data-end=\"4028\">Geni\u015f \u00fcr\u00fcn yelpazesi ve eksiksiz d\u00f6k\u00fcm hatt\u0131 ekipmanlar\u0131<\/li><li data-start=\"4029\" data-end=\"4104\">S\u0131f\u0131rdan kurulumdan modernizasyon projelerine kadar t\u00fcm kapsamda hizmet<\/li><li data-start=\"4105\" data-end=\"4163\">Yedek par\u00e7a, bak\u0131m, montaj ve s\u00fcperviz\u00f6rl\u00fck hizmetleri<\/li><\/ul><p data-start=\"4165\" data-end=\"4357\">Demir-\u00e7elik sekt\u00f6r\u00fcnde <strong data-start=\"4188\" data-end=\"4270\">verimlilik, g\u00fcvenlik ve \u00fcr\u00fcn kalitesini y\u00fckseltmek isteyen t\u00fcm i\u015fletmeler i\u00e7in<\/strong> Alpha Refractory LLC, CCM teknolojilerinde g\u00fcvenilir ve \u00e7\u00f6z\u00fcm odakl\u0131 bir i\u015f orta\u011f\u0131d\u0131r.<\/p>\t\t\t\t\t\t\t\t<\/div>\n\t\t\t\t<\/div>\n\t\t\t\t<div class=\"elementor-element elementor-element-b9ccf20 elementor-hidden-tablet elementor-hidden-mobile elementor-widget elementor-widget-image\" data-id=\"b9ccf20\" data-element_type=\"widget\" data-widget_type=\"image.default\">\n\t\t\t\t<div class=\"elementor-widget-container\">\n\t\t\t\t\t\t\t\t\t\t\t\t\t\t\t<img fetchpriority=\"high\" decoding=\"async\" width=\"4193\" height=\"3892\" src=\"https:\/\/alpharefractoryllc.com\/tr\/wp-content\/uploads\/2025\/02\/logotop.svg\" class=\"attachment-large size-large wp-image-17957\" alt=\"\" \/>\t\t\t\t\t\t\t\t\t\t\t\t\t\t\t<\/div>\n\t\t\t\t<\/div>\n\t\t\t\t<\/div>\n\t\t\t\t<\/div>\n\t\t\t\t<\/div>\n\t\t","protected":false},"excerpt":{"rendered":"<p>Home Sayfa Alpha Refractory LLC, demir-\u00e7elik sekt\u00f6r\u00fcnde s\u00fcrekli d\u00f6k\u00fcm teknolojilerinin verimli, g\u00fcvenli ve uzun \u00f6m\u00fcrl\u00fc \u015fekilde \u00e7al\u0131\u015fmas\u0131n\u0131 sa\u011flayan CCM (Continuous Casting Machine) ekipmanlar\u0131 \u00fcretiminde uzmanla\u015fm\u0131\u015ft\u0131r. S\u00fcrekli d\u00f6k\u00fcm hatt\u0131nda kullan\u0131lan t\u00fcm ekipmanlar, y\u00fcksek s\u0131cakl\u0131k, mekanik stres ve s\u00fcreklilik esas\u0131na g\u00f6re tasarlanarak, \u00fcretim verimlili\u011fini maksimize etmek ve bak\u0131m gereklili\u011fini minimize etmek amac\u0131yla geli\u015ftirilir. S\u00fcrekli d\u00f6k\u00fcm hatt\u0131n\u0131n her [&hellip;]<\/p>\n","protected":false},"author":1,"featured_media":0,"parent":19094,"menu_order":0,"comment_status":"closed","ping_status":"closed","template":"elementor_header_footer","meta":{"footnotes":""},"class_list":["post-18961","page","type-page","status-publish","hentry"],"yoast_head":"<!-- This site is optimized with the Yoast SEO plugin v24.9 - https:\/\/yoast.com\/wordpress\/plugins\/seo\/ -->\n<title>S\u00fcrekli D\u00f6k\u00fcm Makinas\u0131 (CCM) ve Ekipmanlar\u0131 - ALPHA REFRACTORY LLC<\/title>\n<meta name=\"robots\" content=\"noindex, follow, max-snippet:-1, max-image-preview:large, max-video-preview:-1\" \/>\n<meta property=\"og:locale\" content=\"tr_TR\" \/>\n<meta property=\"og:type\" content=\"article\" \/>\n<meta property=\"og:title\" content=\"S\u00fcrekli D\u00f6k\u00fcm Makinas\u0131 (CCM) ve Ekipmanlar\u0131 - ALPHA REFRACTORY LLC\" \/>\n<meta property=\"og:description\" content=\"Home Sayfa Alpha Refractory LLC, demir-\u00e7elik sekt\u00f6r\u00fcnde s\u00fcrekli d\u00f6k\u00fcm teknolojilerinin verimli, g\u00fcvenli ve uzun \u00f6m\u00fcrl\u00fc \u015fekilde \u00e7al\u0131\u015fmas\u0131n\u0131 sa\u011flayan CCM (Continuous Casting Machine) ekipmanlar\u0131 \u00fcretiminde uzmanla\u015fm\u0131\u015ft\u0131r. S\u00fcrekli d\u00f6k\u00fcm hatt\u0131nda kullan\u0131lan t\u00fcm ekipmanlar, y\u00fcksek s\u0131cakl\u0131k, mekanik stres ve s\u00fcreklilik esas\u0131na g\u00f6re tasarlanarak, \u00fcretim verimlili\u011fini maksimize etmek ve bak\u0131m gereklili\u011fini minimize etmek amac\u0131yla geli\u015ftirilir. S\u00fcrekli d\u00f6k\u00fcm hatt\u0131n\u0131n her [&hellip;]\" \/>\n<meta property=\"og:url\" content=\"https:\/\/alpharefractoryllc.com\/tr\/our-services\/continuous-casting-machine-ccm-and-equipment\/\" \/>\n<meta property=\"og:site_name\" content=\"ALPHA REFRACTORY LLC\" \/>\n<meta property=\"article:modified_time\" content=\"2025-03-22T01:13:19+00:00\" \/>\n<meta name=\"twitter:card\" content=\"summary_large_image\" \/>\n<meta name=\"twitter:label1\" content=\"Tahmini okuma s\u00fcresi\" \/>\n\t<meta name=\"twitter:data1\" content=\"4 dakika\" \/>\n<script type=\"application\/ld+json\" class=\"yoast-schema-graph\">{\"@context\":\"https:\/\/schema.org\",\"@graph\":[{\"@type\":\"WebPage\",\"@id\":\"https:\/\/alpharefractoryllc.com\/tr\/our-services\/continuous-casting-machine-ccm-and-equipment\/\",\"url\":\"https:\/\/alpharefractoryllc.com\/tr\/our-services\/continuous-casting-machine-ccm-and-equipment\/\",\"name\":\"S\u00fcrekli D\u00f6k\u00fcm Makinas\u0131 (CCM) ve Ekipmanlar\u0131 - ALPHA REFRACTORY LLC\",\"isPartOf\":{\"@id\":\"https:\/\/alpharefractoryllc.com\/tr\/#website\"},\"primaryImageOfPage\":{\"@id\":\"https:\/\/alpharefractoryllc.com\/tr\/our-services\/continuous-casting-machine-ccm-and-equipment\/#primaryimage\"},\"image\":{\"@id\":\"https:\/\/alpharefractoryllc.com\/tr\/our-services\/continuous-casting-machine-ccm-and-equipment\/#primaryimage\"},\"thumbnailUrl\":\"https:\/\/alpharefractoryllc.com\/tr\/wp-content\/uploads\/2025\/02\/logotop.svg\",\"datePublished\":\"2025-03-22T00:39:06+00:00\",\"dateModified\":\"2025-03-22T01:13:19+00:00\",\"breadcrumb\":{\"@id\":\"https:\/\/alpharefractoryllc.com\/tr\/our-services\/continuous-casting-machine-ccm-and-equipment\/#breadcrumb\"},\"inLanguage\":\"tr\",\"potentialAction\":[{\"@type\":\"ReadAction\",\"target\":[\"https:\/\/alpharefractoryllc.com\/tr\/our-services\/continuous-casting-machine-ccm-and-equipment\/\"]}]},{\"@type\":\"ImageObject\",\"inLanguage\":\"tr\",\"@id\":\"https:\/\/alpharefractoryllc.com\/tr\/our-services\/continuous-casting-machine-ccm-and-equipment\/#primaryimage\",\"url\":\"https:\/\/alpharefractoryllc.com\/tr\/wp-content\/uploads\/2025\/02\/logotop.svg\",\"contentUrl\":\"https:\/\/alpharefractoryllc.com\/tr\/wp-content\/uploads\/2025\/02\/logotop.svg\",\"width\":4193,\"height\":3892},{\"@type\":\"BreadcrumbList\",\"@id\":\"https:\/\/alpharefractoryllc.com\/tr\/our-services\/continuous-casting-machine-ccm-and-equipment\/#breadcrumb\",\"itemListElement\":[{\"@type\":\"ListItem\",\"position\":1,\"name\":\"Home\",\"item\":\"https:\/\/alpharefractoryllc.com\/tr\/\"},{\"@type\":\"ListItem\",\"position\":2,\"name\":\"Hizmetlerimiz\",\"item\":\"https:\/\/alpharefractoryllc.com\/tr\/our-services\/\"},{\"@type\":\"ListItem\",\"position\":3,\"name\":\"S\u00fcrekli D\u00f6k\u00fcm Makinas\u0131 (CCM) ve Ekipmanlar\u0131\"}]},{\"@type\":\"WebSite\",\"@id\":\"https:\/\/alpharefractoryllc.com\/tr\/#website\",\"url\":\"https:\/\/alpharefractoryllc.com\/tr\/\",\"name\":\"ALPHA REFRACTORY LLC\",\"description\":\"Uluslararas\u0131 Deneyim, \u00dcst\u00fcn Kalite\",\"potentialAction\":[{\"@type\":\"SearchAction\",\"target\":{\"@type\":\"EntryPoint\",\"urlTemplate\":\"https:\/\/alpharefractoryllc.com\/tr\/?s={search_term_string}\"},\"query-input\":{\"@type\":\"PropertyValueSpecification\",\"valueRequired\":true,\"valueName\":\"search_term_string\"}}],\"inLanguage\":\"tr\"}]}<\/script>\n<!-- \/ Yoast SEO plugin. -->","yoast_head_json":{"title":"S\u00fcrekli D\u00f6k\u00fcm Makinas\u0131 (CCM) ve Ekipmanlar\u0131 - ALPHA REFRACTORY LLC","robots":{"index":"noindex","follow":"follow","max-snippet":"max-snippet:-1","max-image-preview":"max-image-preview:large","max-video-preview":"max-video-preview:-1"},"og_locale":"tr_TR","og_type":"article","og_title":"S\u00fcrekli D\u00f6k\u00fcm Makinas\u0131 (CCM) ve Ekipmanlar\u0131 - ALPHA REFRACTORY LLC","og_description":"Home Sayfa Alpha Refractory LLC, demir-\u00e7elik sekt\u00f6r\u00fcnde s\u00fcrekli d\u00f6k\u00fcm teknolojilerinin verimli, g\u00fcvenli ve uzun \u00f6m\u00fcrl\u00fc \u015fekilde \u00e7al\u0131\u015fmas\u0131n\u0131 sa\u011flayan CCM (Continuous Casting Machine) ekipmanlar\u0131 \u00fcretiminde uzmanla\u015fm\u0131\u015ft\u0131r. S\u00fcrekli d\u00f6k\u00fcm hatt\u0131nda kullan\u0131lan t\u00fcm ekipmanlar, y\u00fcksek s\u0131cakl\u0131k, mekanik stres ve s\u00fcreklilik esas\u0131na g\u00f6re tasarlanarak, \u00fcretim verimlili\u011fini maksimize etmek ve bak\u0131m gereklili\u011fini minimize etmek amac\u0131yla geli\u015ftirilir. S\u00fcrekli d\u00f6k\u00fcm hatt\u0131n\u0131n her [&hellip;]","og_url":"https:\/\/alpharefractoryllc.com\/tr\/our-services\/continuous-casting-machine-ccm-and-equipment\/","og_site_name":"ALPHA REFRACTORY LLC","article_modified_time":"2025-03-22T01:13:19+00:00","twitter_card":"summary_large_image","twitter_misc":{"Tahmini okuma s\u00fcresi":"4 dakika"},"schema":{"@context":"https:\/\/schema.org","@graph":[{"@type":"WebPage","@id":"https:\/\/alpharefractoryllc.com\/tr\/our-services\/continuous-casting-machine-ccm-and-equipment\/","url":"https:\/\/alpharefractoryllc.com\/tr\/our-services\/continuous-casting-machine-ccm-and-equipment\/","name":"S\u00fcrekli D\u00f6k\u00fcm Makinas\u0131 (CCM) ve Ekipmanlar\u0131 - ALPHA REFRACTORY LLC","isPartOf":{"@id":"https:\/\/alpharefractoryllc.com\/tr\/#website"},"primaryImageOfPage":{"@id":"https:\/\/alpharefractoryllc.com\/tr\/our-services\/continuous-casting-machine-ccm-and-equipment\/#primaryimage"},"image":{"@id":"https:\/\/alpharefractoryllc.com\/tr\/our-services\/continuous-casting-machine-ccm-and-equipment\/#primaryimage"},"thumbnailUrl":"https:\/\/alpharefractoryllc.com\/tr\/wp-content\/uploads\/2025\/02\/logotop.svg","datePublished":"2025-03-22T00:39:06+00:00","dateModified":"2025-03-22T01:13:19+00:00","breadcrumb":{"@id":"https:\/\/alpharefractoryllc.com\/tr\/our-services\/continuous-casting-machine-ccm-and-equipment\/#breadcrumb"},"inLanguage":"tr","potentialAction":[{"@type":"ReadAction","target":["https:\/\/alpharefractoryllc.com\/tr\/our-services\/continuous-casting-machine-ccm-and-equipment\/"]}]},{"@type":"ImageObject","inLanguage":"tr","@id":"https:\/\/alpharefractoryllc.com\/tr\/our-services\/continuous-casting-machine-ccm-and-equipment\/#primaryimage","url":"https:\/\/alpharefractoryllc.com\/tr\/wp-content\/uploads\/2025\/02\/logotop.svg","contentUrl":"https:\/\/alpharefractoryllc.com\/tr\/wp-content\/uploads\/2025\/02\/logotop.svg","width":4193,"height":3892},{"@type":"BreadcrumbList","@id":"https:\/\/alpharefractoryllc.com\/tr\/our-services\/continuous-casting-machine-ccm-and-equipment\/#breadcrumb","itemListElement":[{"@type":"ListItem","position":1,"name":"Home","item":"https:\/\/alpharefractoryllc.com\/tr\/"},{"@type":"ListItem","position":2,"name":"Hizmetlerimiz","item":"https:\/\/alpharefractoryllc.com\/tr\/our-services\/"},{"@type":"ListItem","position":3,"name":"S\u00fcrekli D\u00f6k\u00fcm Makinas\u0131 (CCM) ve Ekipmanlar\u0131"}]},{"@type":"WebSite","@id":"https:\/\/alpharefractoryllc.com\/tr\/#website","url":"https:\/\/alpharefractoryllc.com\/tr\/","name":"ALPHA REFRACTORY LLC","description":"Uluslararas\u0131 Deneyim, \u00dcst\u00fcn Kalite","potentialAction":[{"@type":"SearchAction","target":{"@type":"EntryPoint","urlTemplate":"https:\/\/alpharefractoryllc.com\/tr\/?s={search_term_string}"},"query-input":{"@type":"PropertyValueSpecification","valueRequired":true,"valueName":"search_term_string"}}],"inLanguage":"tr"}]}},"_links":{"self":[{"href":"https:\/\/alpharefractoryllc.com\/tr\/wp-json\/wp\/v2\/pages\/18961","targetHints":{"allow":["GET"]}}],"collection":[{"href":"https:\/\/alpharefractoryllc.com\/tr\/wp-json\/wp\/v2\/pages"}],"about":[{"href":"https:\/\/alpharefractoryllc.com\/tr\/wp-json\/wp\/v2\/types\/page"}],"author":[{"embeddable":true,"href":"https:\/\/alpharefractoryllc.com\/tr\/wp-json\/wp\/v2\/users\/1"}],"replies":[{"embeddable":true,"href":"https:\/\/alpharefractoryllc.com\/tr\/wp-json\/wp\/v2\/comments?post=18961"}],"version-history":[{"count":13,"href":"https:\/\/alpharefractoryllc.com\/tr\/wp-json\/wp\/v2\/pages\/18961\/revisions"}],"predecessor-version":[{"id":19082,"href":"https:\/\/alpharefractoryllc.com\/tr\/wp-json\/wp\/v2\/pages\/18961\/revisions\/19082"}],"up":[{"embeddable":true,"href":"https:\/\/alpharefractoryllc.com\/tr\/wp-json\/wp\/v2\/pages\/19094"}],"wp:attachment":[{"href":"https:\/\/alpharefractoryllc.com\/tr\/wp-json\/wp\/v2\/media?parent=18961"}],"curies":[{"name":"wp","href":"https:\/\/api.w.org\/{rel}","templated":true}]}}