{"id":18947,"date":"2025-03-22T00:34:43","date_gmt":"2025-03-22T00:34:43","guid":{"rendered":"https:\/\/alpharefractoryllc.com\/tr\/?page_id=18947"},"modified":"2025-03-22T02:12:41","modified_gmt":"2025-03-22T02:12:41","slug":"pota-ocagi-ekipmanlari","status":"publish","type":"page","link":"https:\/\/alpharefractoryllc.com\/tr\/hizmetlerimiz\/pota-ocagi-ekipmanlari\/","title":{"rendered":"Pota Oca\u011f\u0131 Ekipmanlar\u0131"},"content":{"rendered":"\t\t<div data-elementor-type=\"wp-page\" data-elementor-id=\"18947\" class=\"elementor elementor-18947\">\n\t\t\t\t\t\t<section class=\"elementor-section elementor-top-section elementor-element elementor-element-2f1069a elementor-section-full_width elementor-section-height-min-height elementor-section-items-bottom elementor-section-height-default\" data-id=\"2f1069a\" data-element_type=\"section\" data-settings=\"{&quot;background_background&quot;:&quot;classic&quot;}\">\n\t\t\t\t\t\t\t<div class=\"elementor-background-overlay\"><\/div>\n\t\t\t\t\t\t\t<div class=\"elementor-container elementor-column-gap-no\">\n\t\t\t\t\t<div class=\"elementor-column elementor-col-100 elementor-top-column elementor-element elementor-element-3566761\" data-id=\"3566761\" data-element_type=\"column\" data-settings=\"{&quot;background_background&quot;:&quot;classic&quot;}\">\n\t\t\t<div class=\"elementor-widget-wrap elementor-element-populated\">\n\t\t\t\t\t<div class=\"elementor-background-overlay\"><\/div>\n\t\t\t\t\t\t<div class=\"elementor-element elementor-element-e199b9f elementor-widget elementor-widget-infetech_elementor_header_banner\" data-id=\"e199b9f\" data-element_type=\"widget\" data-widget_type=\"infetech_elementor_header_banner.default\">\n\t\t\t\t<div class=\"elementor-widget-container\">\n\t\t\t\t\t\t\t \t<!-- Display when you choose background per Post -->\n\t\t \t<div class=\"wrap_header_banner   \"  >\n\n\t\t \t\t\t\t\t \t\n\t\t\t\t \t<div class=\"cover_color\"><\/div>\n\n\t\t\t\t\t<div class=\"header_banner_el \">\n\t\t\t\t\t\t\n\t\t\t\t\t\t\t\t\t\t\t\t\t\n\t\t\t\t\t\t\t\n\t\t\t\t\t\t\t\t\t\t\t\t\t\t<h1 class=\" header_title\">\n\t\t\t\t\t\t\t\t\t\t\t\t\t\t\t<\/h1>\n\t\t\t\t\t\t\t\t\n\t\t\t\t\t\t\n\n\t\t\t\t\t\t\t\t\t\t\t\t\t<div class=\"header_breadcrumbs\">\n\t\t\t\t\t\t\t\t<div id=\"breadcrumbs\"><ul class=\"breadcrumb\"><li><a href=\"https:\/\/alpharefractoryllc.com\/tr\/\" title=\"Home\">Home<\/a><\/li> <li class=\"li_separator\"><span class=\"separator\"><i class=\"ovaicon-next\"><\/i><\/span><\/li><li>Sayfa<\/li><\/ul><\/div>\t\t\t\t\t\t\t<\/div>\n\t\t\t\t\t\t\n\t\t\t\t\t<\/div>\n\n\t\t\t\t\n\t\t\t<\/div>\n\t\t\t\t\t\t<\/div>\n\t\t\t\t<\/div>\n\t\t\t\t\t<\/div>\n\t\t<\/div>\n\t\t\t\t\t<\/div>\n\t\t<\/section>\n\t\t<div class=\"elementor-element elementor-element-1c99e83 e-con-full e-flex e-con e-parent\" data-id=\"1c99e83\" data-element_type=\"container\">\n\t\t<div class=\"elementor-element elementor-element-3befef9 e-con-full e-flex e-con e-child\" data-id=\"3befef9\" data-element_type=\"container\">\n\t\t\t\t<div class=\"elementor-element elementor-element-8cc5da2 elementor-widget elementor-widget-text-editor\" data-id=\"8cc5da2\" data-element_type=\"widget\" data-widget_type=\"text-editor.default\">\n\t\t\t\t<div class=\"elementor-widget-container\">\n\t\t\t\t\t\t\t\t\t<p data-start=\"233\" data-end=\"688\"><strong data-start=\"233\" data-end=\"257\">Alpha Refractory LLC<\/strong>, demir-\u00e7elik \u00fcretim s\u00fcre\u00e7lerinin en kritik a\u015famalar\u0131ndan biri olan <strong data-start=\"325\" data-end=\"366\">ergimi\u015f metalin transferi ve kontrol\u00fc<\/strong> i\u00e7in ihtiya\u00e7 duyulan t\u00fcm <strong data-start=\"392\" data-end=\"462\">pota oca\u011f\u0131 ekipmanlar\u0131n\u0131n \u00fcretimi, tedari\u011fi ve m\u00fchendislik deste\u011fi<\/strong> konusunda uzmanla\u015fm\u0131\u015ft\u0131r. Pota sistemlerinde kullan\u0131lan t\u00fcm bile\u015fenlerin y\u00fcksek s\u0131cakl\u0131k, mekanik y\u00fck ve kimyasal etkilere kar\u015f\u0131 maksimum dayan\u0131kl\u0131l\u0131k g\u00f6stermesi gerekti\u011finin bilinciyle, i\u015fletmelere \u00f6zel \u00e7\u00f6z\u00fcmler sunmaktay\u0131z.<\/p><p data-start=\"690\" data-end=\"888\">Pota oca\u011f\u0131 ekipmanlar\u0131m\u0131z, <strong data-start=\"717\" data-end=\"813\">operasyonel verimlili\u011fi art\u0131rmak, enerji tasarrufu sa\u011flamak ve \u00fcretim g\u00fcvenli\u011fini y\u00fckseltmek<\/strong> amac\u0131yla en y\u00fcksek m\u00fchendislik standartlar\u0131na g\u00f6re tasarlan\u0131r ve \u00fcretilir.<\/p><h6 data-start=\"890\" data-end=\"913\"><strong data-start=\"895\" data-end=\"913\">Ekipmanlar\u0131m\u0131z<\/strong><\/h6><p data-start=\"915\" data-end=\"1119\"><strong data-start=\"915\" data-end=\"931\">Pota (Ladle)<\/strong><br data-start=\"931\" data-end=\"934\" \/>Y\u00fcksek s\u0131cakl\u0131ktaki ergimi\u015f \u00e7eli\u011fin ta\u015f\u0131nmas\u0131 i\u00e7in kullan\u0131lan potalar\u0131m\u0131z, \u00f6zel refrakter astar uygulamalar\u0131 ile uzun \u00f6m\u00fcrl\u00fc, a\u015f\u0131nma direnci y\u00fcksek ve termal \u015foklara kar\u015f\u0131 dayan\u0131kl\u0131d\u0131r.<\/p><p data-start=\"1121\" data-end=\"1380\"><strong data-start=\"1121\" data-end=\"1158\">Slide Gate Sistemleri (1QC \u2013 2QC)<\/strong><br data-start=\"1158\" data-end=\"1161\" \/>Ergimi\u015f metalin kontroll\u00fc \u015fekilde bo\u015falt\u0131lmas\u0131n\u0131 sa\u011flayan 1QC ve 2QC tip <strong data-start=\"1234\" data-end=\"1259\">slide gate sistemleri<\/strong>, y\u00fcksek hassasiyetli s\u0131zd\u0131rmazl\u0131k \u00f6zelliklerine sahiptir. S\u0131cakl\u0131k de\u011fi\u015fimlerine kar\u015f\u0131 deformasyona u\u011framayan yap\u0131dad\u0131r.<\/p><p data-start=\"1382\" data-end=\"1600\"><strong data-start=\"1382\" data-end=\"1403\">Argon \u00dcfleme Kiti<\/strong><br data-start=\"1403\" data-end=\"1406\" \/>Ergimi\u015f metalin homojen kar\u0131\u015ft\u0131r\u0131lmas\u0131, istenmeyen gazlar\u0131n ve kal\u0131nt\u0131lar\u0131n uzakla\u015ft\u0131r\u0131lmas\u0131 i\u00e7in kullan\u0131lan <strong data-start=\"1515\" data-end=\"1542\">argon \u00fcfleme sistemleri<\/strong>, pota taban\u0131na entegre edilen \u00f6zel yap\u0131larla desteklenir.<\/p><p data-start=\"1602\" data-end=\"1790\"><strong data-start=\"1602\" data-end=\"1627\">Pota Transfer Arabas\u0131<\/strong><br data-start=\"1627\" data-end=\"1630\" \/>Potalar\u0131n y\u00fcksek g\u00fcvenlikle ta\u015f\u0131nmas\u0131n\u0131 sa\u011flayan transfer arabalar\u0131, \u0131s\u0131ya dayan\u0131kl\u0131 \u00f6zel kaplamalar ve motorlu-y\u00f6nlendirilebilir mekanizmalarla \u00fcretilmektedir.<\/p><p data-start=\"1792\" data-end=\"1968\"><strong data-start=\"1792\" data-end=\"1808\">Pota Kollar\u0131<\/strong><br data-start=\"1808\" data-end=\"1811\" \/>Potalar\u0131n sabitlenmesini ve kontroll\u00fc \u015fekilde ta\u015f\u0131nmas\u0131n\u0131 sa\u011flayan ekipmanlard\u0131r. Y\u00fck ta\u015f\u0131ma kapasitesi y\u00fcksek, deformasyon direnci sa\u011flam yap\u0131da tasarlan\u0131r.<\/p><p data-start=\"1970\" data-end=\"2141\"><strong data-start=\"1970\" data-end=\"1993\">Pota Is\u0131tma Sistemi<\/strong><br data-start=\"1993\" data-end=\"1996\" \/>Pota \u0131s\u0131 kayb\u0131n\u0131 \u00f6nlemek ve daha h\u0131zl\u0131 d\u00f6k\u00fcm i\u00e7in \u00f6n \u0131s\u0131tma yap\u0131lmas\u0131n\u0131 sa\u011flayan sistemlerdir. Enerji verimlili\u011fi \u00f6n planda tutularak tasarlan\u0131r.<\/p><p data-start=\"2143\" data-end=\"2323\"><strong data-start=\"2143\" data-end=\"2164\">Pota Oca\u011f\u0131 Kapa\u011f\u0131<\/strong><br data-start=\"2164\" data-end=\"2167\" \/>S\u0131cakl\u0131k muhafazas\u0131 ve d\u0131\u015f etkilere kar\u015f\u0131 g\u00fcvenlik sa\u011flamak amac\u0131yla kullan\u0131l\u0131r. Otomasyonla a\u00e7\u0131l\u0131p kapanabilen kapak sistemleriyle \u00fcretim kolayl\u0131\u011f\u0131 sa\u011flar.<\/p><p data-start=\"2325\" data-end=\"2563\"><strong data-start=\"2325\" data-end=\"2364\">Pota Kald\u0131rma Traversi ve Kancalar\u0131<\/strong><br data-start=\"2364\" data-end=\"2367\" \/>Vin\u00e7 sistemleriyle uyumlu \u00e7al\u0131\u015fan bu ekipmanlar, potalar\u0131n g\u00fcvenli \u015fekilde kald\u0131r\u0131lmas\u0131 ve ta\u015f\u0131nmas\u0131 i\u00e7in kullan\u0131l\u0131r. Standartlara uygun testlerden ge\u00e7irilmi\u015f y\u00fcksek mukavemetli \u00e7elikten \u00fcretilir.<\/p><h6 data-start=\"2570\" data-end=\"2601\"><strong data-start=\"2574\" data-end=\"2601\">Neden Alpha Refractory?<\/strong><\/h6><ul data-start=\"2603\" data-end=\"2845\"><li data-start=\"2603\" data-end=\"2648\">Y\u00fcksek m\u00fchendislik standartlar\u0131nda \u00fcretim<\/li><li data-start=\"2649\" data-end=\"2699\">\u0130\u015fletmeye \u00f6zel \u00f6l\u00e7\u00fclendirme ve tasar\u0131m deste\u011fi<\/li><li data-start=\"2700\" data-end=\"2748\">Yerinde teknik dan\u0131\u015fmanl\u0131k ve montaj deste\u011fi<\/li><li data-start=\"2749\" data-end=\"2798\">Uluslararas\u0131 kalite belgelerine sahip \u00fcr\u00fcnler<\/li><li data-start=\"2799\" data-end=\"2845\">Sat\u0131\u015f sonras\u0131 destek ve yedek par\u00e7a temini<\/li><\/ul><p data-start=\"2847\" data-end=\"3016\">Alpha Refractory LLC olarak, <strong data-start=\"2876\" data-end=\"2936\">pota oca\u011f\u0131 sistemlerinin b\u00fct\u00fcnsel performans\u0131n\u0131 art\u0131rmak<\/strong>, i\u015fletmelerde <strong data-start=\"2951\" data-end=\"2989\">g\u00fcvenli ve verimli d\u00f6k\u00fcm s\u00fcre\u00e7leri<\/strong> sa\u011flamak i\u00e7in \u00e7al\u0131\u015f\u0131yoruz.<\/p>\t\t\t\t\t\t\t\t<\/div>\n\t\t\t\t<\/div>\n\t\t\t\t<div class=\"elementor-element elementor-element-b9ccf20 elementor-hidden-tablet elementor-hidden-mobile elementor-widget elementor-widget-image\" data-id=\"b9ccf20\" data-element_type=\"widget\" data-widget_type=\"image.default\">\n\t\t\t\t<div class=\"elementor-widget-container\">\n\t\t\t\t\t\t\t\t\t\t\t\t\t\t\t<img fetchpriority=\"high\" decoding=\"async\" width=\"4193\" height=\"3892\" src=\"https:\/\/alpharefractoryllc.com\/tr\/wp-content\/uploads\/2025\/02\/logotop.svg\" class=\"attachment-large size-large wp-image-17957\" alt=\"\" \/>\t\t\t\t\t\t\t\t\t\t\t\t\t\t\t<\/div>\n\t\t\t\t<\/div>\n\t\t\t\t<\/div>\n\t\t\t\t<\/div>\n\t\t\t\t<\/div>\n\t\t","protected":false},"excerpt":{"rendered":"<p>Home Sayfa Alpha Refractory LLC, demir-\u00e7elik \u00fcretim s\u00fcre\u00e7lerinin en kritik a\u015famalar\u0131ndan biri olan ergimi\u015f metalin transferi ve kontrol\u00fc i\u00e7in ihtiya\u00e7 duyulan t\u00fcm pota oca\u011f\u0131 ekipmanlar\u0131n\u0131n \u00fcretimi, tedari\u011fi ve m\u00fchendislik deste\u011fi konusunda uzmanla\u015fm\u0131\u015ft\u0131r. Pota sistemlerinde kullan\u0131lan t\u00fcm bile\u015fenlerin y\u00fcksek s\u0131cakl\u0131k, mekanik y\u00fck ve kimyasal etkilere kar\u015f\u0131 maksimum dayan\u0131kl\u0131l\u0131k g\u00f6stermesi gerekti\u011finin bilinciyle, i\u015fletmelere \u00f6zel \u00e7\u00f6z\u00fcmler sunmaktay\u0131z. Pota [&hellip;]<\/p>\n","protected":false},"author":1,"featured_media":0,"parent":19094,"menu_order":0,"comment_status":"closed","ping_status":"closed","template":"elementor_header_footer","meta":{"footnotes":""},"class_list":["post-18947","page","type-page","status-publish","hentry"],"yoast_head":"<!-- This site is optimized with the Yoast SEO plugin v24.9 - https:\/\/yoast.com\/wordpress\/plugins\/seo\/ -->\n<title>Pota Oca\u011f\u0131 Ekipmanlar\u0131 - ALPHA REFRACTORY LLC<\/title>\n<meta name=\"robots\" content=\"noindex, follow, max-snippet:-1, max-image-preview:large, max-video-preview:-1\" \/>\n<meta property=\"og:locale\" content=\"tr_TR\" \/>\n<meta property=\"og:type\" content=\"article\" \/>\n<meta property=\"og:title\" content=\"Pota Oca\u011f\u0131 Ekipmanlar\u0131 - ALPHA REFRACTORY LLC\" \/>\n<meta property=\"og:description\" content=\"Home Sayfa Alpha Refractory LLC, demir-\u00e7elik \u00fcretim s\u00fcre\u00e7lerinin en kritik a\u015famalar\u0131ndan biri olan ergimi\u015f metalin transferi ve kontrol\u00fc i\u00e7in ihtiya\u00e7 duyulan t\u00fcm pota oca\u011f\u0131 ekipmanlar\u0131n\u0131n \u00fcretimi, tedari\u011fi ve m\u00fchendislik deste\u011fi konusunda uzmanla\u015fm\u0131\u015ft\u0131r. Pota sistemlerinde kullan\u0131lan t\u00fcm bile\u015fenlerin y\u00fcksek s\u0131cakl\u0131k, mekanik y\u00fck ve kimyasal etkilere kar\u015f\u0131 maksimum dayan\u0131kl\u0131l\u0131k g\u00f6stermesi gerekti\u011finin bilinciyle, i\u015fletmelere \u00f6zel \u00e7\u00f6z\u00fcmler sunmaktay\u0131z. Pota [&hellip;]\" \/>\n<meta property=\"og:url\" content=\"https:\/\/alpharefractoryllc.com\/tr\/our-services\/ladle-furnace-equipment\/\" \/>\n<meta property=\"og:site_name\" content=\"ALPHA REFRACTORY LLC\" \/>\n<meta property=\"article:modified_time\" content=\"2025-03-22T02:12:41+00:00\" \/>\n<meta name=\"twitter:card\" content=\"summary_large_image\" \/>\n<meta name=\"twitter:label1\" content=\"Tahmini okuma s\u00fcresi\" \/>\n\t<meta name=\"twitter:data1\" content=\"2 dakika\" \/>\n<script type=\"application\/ld+json\" class=\"yoast-schema-graph\">{\"@context\":\"https:\/\/schema.org\",\"@graph\":[{\"@type\":\"WebPage\",\"@id\":\"https:\/\/alpharefractoryllc.com\/tr\/our-services\/ladle-furnace-equipment\/\",\"url\":\"https:\/\/alpharefractoryllc.com\/tr\/our-services\/ladle-furnace-equipment\/\",\"name\":\"Pota Oca\u011f\u0131 Ekipmanlar\u0131 - ALPHA REFRACTORY LLC\",\"isPartOf\":{\"@id\":\"https:\/\/alpharefractoryllc.com\/tr\/#website\"},\"primaryImageOfPage\":{\"@id\":\"https:\/\/alpharefractoryllc.com\/tr\/our-services\/ladle-furnace-equipment\/#primaryimage\"},\"image\":{\"@id\":\"https:\/\/alpharefractoryllc.com\/tr\/our-services\/ladle-furnace-equipment\/#primaryimage\"},\"thumbnailUrl\":\"https:\/\/alpharefractoryllc.com\/tr\/wp-content\/uploads\/2025\/02\/logotop.svg\",\"datePublished\":\"2025-03-22T00:34:43+00:00\",\"dateModified\":\"2025-03-22T02:12:41+00:00\",\"breadcrumb\":{\"@id\":\"https:\/\/alpharefractoryllc.com\/tr\/our-services\/ladle-furnace-equipment\/#breadcrumb\"},\"inLanguage\":\"tr\",\"potentialAction\":[{\"@type\":\"ReadAction\",\"target\":[\"https:\/\/alpharefractoryllc.com\/tr\/our-services\/ladle-furnace-equipment\/\"]}]},{\"@type\":\"ImageObject\",\"inLanguage\":\"tr\",\"@id\":\"https:\/\/alpharefractoryllc.com\/tr\/our-services\/ladle-furnace-equipment\/#primaryimage\",\"url\":\"https:\/\/alpharefractoryllc.com\/tr\/wp-content\/uploads\/2025\/02\/logotop.svg\",\"contentUrl\":\"https:\/\/alpharefractoryllc.com\/tr\/wp-content\/uploads\/2025\/02\/logotop.svg\",\"width\":4193,\"height\":3892},{\"@type\":\"BreadcrumbList\",\"@id\":\"https:\/\/alpharefractoryllc.com\/tr\/our-services\/ladle-furnace-equipment\/#breadcrumb\",\"itemListElement\":[{\"@type\":\"ListItem\",\"position\":1,\"name\":\"Home\",\"item\":\"https:\/\/alpharefractoryllc.com\/tr\/\"},{\"@type\":\"ListItem\",\"position\":2,\"name\":\"Hizmetlerimiz\",\"item\":\"https:\/\/alpharefractoryllc.com\/tr\/our-services\/\"},{\"@type\":\"ListItem\",\"position\":3,\"name\":\"Pota Oca\u011f\u0131 Ekipmanlar\u0131\"}]},{\"@type\":\"WebSite\",\"@id\":\"https:\/\/alpharefractoryllc.com\/tr\/#website\",\"url\":\"https:\/\/alpharefractoryllc.com\/tr\/\",\"name\":\"ALPHA REFRACTORY LLC\",\"description\":\"Uluslararas\u0131 Deneyim, \u00dcst\u00fcn Kalite\",\"potentialAction\":[{\"@type\":\"SearchAction\",\"target\":{\"@type\":\"EntryPoint\",\"urlTemplate\":\"https:\/\/alpharefractoryllc.com\/tr\/?s={search_term_string}\"},\"query-input\":{\"@type\":\"PropertyValueSpecification\",\"valueRequired\":true,\"valueName\":\"search_term_string\"}}],\"inLanguage\":\"tr\"}]}<\/script>\n<!-- \/ Yoast SEO plugin. -->","yoast_head_json":{"title":"Pota Oca\u011f\u0131 Ekipmanlar\u0131 - ALPHA REFRACTORY LLC","robots":{"index":"noindex","follow":"follow","max-snippet":"max-snippet:-1","max-image-preview":"max-image-preview:large","max-video-preview":"max-video-preview:-1"},"og_locale":"tr_TR","og_type":"article","og_title":"Pota Oca\u011f\u0131 Ekipmanlar\u0131 - ALPHA REFRACTORY LLC","og_description":"Home Sayfa Alpha Refractory LLC, demir-\u00e7elik \u00fcretim s\u00fcre\u00e7lerinin en kritik a\u015famalar\u0131ndan biri olan ergimi\u015f metalin transferi ve kontrol\u00fc i\u00e7in ihtiya\u00e7 duyulan t\u00fcm pota oca\u011f\u0131 ekipmanlar\u0131n\u0131n \u00fcretimi, tedari\u011fi ve m\u00fchendislik deste\u011fi konusunda uzmanla\u015fm\u0131\u015ft\u0131r. Pota sistemlerinde kullan\u0131lan t\u00fcm bile\u015fenlerin y\u00fcksek s\u0131cakl\u0131k, mekanik y\u00fck ve kimyasal etkilere kar\u015f\u0131 maksimum dayan\u0131kl\u0131l\u0131k g\u00f6stermesi gerekti\u011finin bilinciyle, i\u015fletmelere \u00f6zel \u00e7\u00f6z\u00fcmler sunmaktay\u0131z. Pota [&hellip;]","og_url":"https:\/\/alpharefractoryllc.com\/tr\/our-services\/ladle-furnace-equipment\/","og_site_name":"ALPHA REFRACTORY LLC","article_modified_time":"2025-03-22T02:12:41+00:00","twitter_card":"summary_large_image","twitter_misc":{"Tahmini okuma s\u00fcresi":"2 dakika"},"schema":{"@context":"https:\/\/schema.org","@graph":[{"@type":"WebPage","@id":"https:\/\/alpharefractoryllc.com\/tr\/our-services\/ladle-furnace-equipment\/","url":"https:\/\/alpharefractoryllc.com\/tr\/our-services\/ladle-furnace-equipment\/","name":"Pota Oca\u011f\u0131 Ekipmanlar\u0131 - ALPHA REFRACTORY LLC","isPartOf":{"@id":"https:\/\/alpharefractoryllc.com\/tr\/#website"},"primaryImageOfPage":{"@id":"https:\/\/alpharefractoryllc.com\/tr\/our-services\/ladle-furnace-equipment\/#primaryimage"},"image":{"@id":"https:\/\/alpharefractoryllc.com\/tr\/our-services\/ladle-furnace-equipment\/#primaryimage"},"thumbnailUrl":"https:\/\/alpharefractoryllc.com\/tr\/wp-content\/uploads\/2025\/02\/logotop.svg","datePublished":"2025-03-22T00:34:43+00:00","dateModified":"2025-03-22T02:12:41+00:00","breadcrumb":{"@id":"https:\/\/alpharefractoryllc.com\/tr\/our-services\/ladle-furnace-equipment\/#breadcrumb"},"inLanguage":"tr","potentialAction":[{"@type":"ReadAction","target":["https:\/\/alpharefractoryllc.com\/tr\/our-services\/ladle-furnace-equipment\/"]}]},{"@type":"ImageObject","inLanguage":"tr","@id":"https:\/\/alpharefractoryllc.com\/tr\/our-services\/ladle-furnace-equipment\/#primaryimage","url":"https:\/\/alpharefractoryllc.com\/tr\/wp-content\/uploads\/2025\/02\/logotop.svg","contentUrl":"https:\/\/alpharefractoryllc.com\/tr\/wp-content\/uploads\/2025\/02\/logotop.svg","width":4193,"height":3892},{"@type":"BreadcrumbList","@id":"https:\/\/alpharefractoryllc.com\/tr\/our-services\/ladle-furnace-equipment\/#breadcrumb","itemListElement":[{"@type":"ListItem","position":1,"name":"Home","item":"https:\/\/alpharefractoryllc.com\/tr\/"},{"@type":"ListItem","position":2,"name":"Hizmetlerimiz","item":"https:\/\/alpharefractoryllc.com\/tr\/our-services\/"},{"@type":"ListItem","position":3,"name":"Pota Oca\u011f\u0131 Ekipmanlar\u0131"}]},{"@type":"WebSite","@id":"https:\/\/alpharefractoryllc.com\/tr\/#website","url":"https:\/\/alpharefractoryllc.com\/tr\/","name":"ALPHA REFRACTORY LLC","description":"Uluslararas\u0131 Deneyim, \u00dcst\u00fcn Kalite","potentialAction":[{"@type":"SearchAction","target":{"@type":"EntryPoint","urlTemplate":"https:\/\/alpharefractoryllc.com\/tr\/?s={search_term_string}"},"query-input":{"@type":"PropertyValueSpecification","valueRequired":true,"valueName":"search_term_string"}}],"inLanguage":"tr"}]}},"_links":{"self":[{"href":"https:\/\/alpharefractoryllc.com\/tr\/wp-json\/wp\/v2\/pages\/18947","targetHints":{"allow":["GET"]}}],"collection":[{"href":"https:\/\/alpharefractoryllc.com\/tr\/wp-json\/wp\/v2\/pages"}],"about":[{"href":"https:\/\/alpharefractoryllc.com\/tr\/wp-json\/wp\/v2\/types\/page"}],"author":[{"embeddable":true,"href":"https:\/\/alpharefractoryllc.com\/tr\/wp-json\/wp\/v2\/users\/1"}],"replies":[{"embeddable":true,"href":"https:\/\/alpharefractoryllc.com\/tr\/wp-json\/wp\/v2\/comments?post=18947"}],"version-history":[{"count":19,"href":"https:\/\/alpharefractoryllc.com\/tr\/wp-json\/wp\/v2\/pages\/18947\/revisions"}],"predecessor-version":[{"id":19219,"href":"https:\/\/alpharefractoryllc.com\/tr\/wp-json\/wp\/v2\/pages\/18947\/revisions\/19219"}],"up":[{"embeddable":true,"href":"https:\/\/alpharefractoryllc.com\/tr\/wp-json\/wp\/v2\/pages\/19094"}],"wp:attachment":[{"href":"https:\/\/alpharefractoryllc.com\/tr\/wp-json\/wp\/v2\/media?parent=18947"}],"curies":[{"name":"wp","href":"https:\/\/api.w.org\/{rel}","templated":true}]}}