{"id":18932,"date":"2025-03-22T00:29:13","date_gmt":"2025-03-22T00:29:13","guid":{"rendered":"https:\/\/alpharefractoryllc.com\/tr\/?page_id=18932"},"modified":"2025-03-22T02:12:21","modified_gmt":"2025-03-22T02:12:21","slug":"refrakterler","status":"publish","type":"page","link":"https:\/\/alpharefractoryllc.com\/tr\/hizmetlerimiz\/refrakterler\/","title":{"rendered":"Refrakterler"},"content":{"rendered":"\t\t<div data-elementor-type=\"wp-page\" data-elementor-id=\"18932\" class=\"elementor elementor-18932\">\n\t\t\t\t\t\t<section class=\"elementor-section elementor-top-section elementor-element elementor-element-2f1069a elementor-section-full_width elementor-section-height-min-height elementor-section-items-bottom elementor-section-height-default\" data-id=\"2f1069a\" data-element_type=\"section\" data-settings=\"{&quot;background_background&quot;:&quot;classic&quot;}\">\n\t\t\t\t\t\t\t<div class=\"elementor-background-overlay\"><\/div>\n\t\t\t\t\t\t\t<div class=\"elementor-container elementor-column-gap-no\">\n\t\t\t\t\t<div class=\"elementor-column elementor-col-100 elementor-top-column elementor-element elementor-element-3566761\" data-id=\"3566761\" data-element_type=\"column\" data-settings=\"{&quot;background_background&quot;:&quot;classic&quot;}\">\n\t\t\t<div class=\"elementor-widget-wrap elementor-element-populated\">\n\t\t\t\t\t<div class=\"elementor-background-overlay\"><\/div>\n\t\t\t\t\t\t<div class=\"elementor-element elementor-element-e199b9f elementor-widget elementor-widget-infetech_elementor_header_banner\" data-id=\"e199b9f\" data-element_type=\"widget\" data-widget_type=\"infetech_elementor_header_banner.default\">\n\t\t\t\t<div class=\"elementor-widget-container\">\n\t\t\t\t\t\t\t \t<!-- Display when you choose background per Post -->\n\t\t \t<div class=\"wrap_header_banner   \"  >\n\n\t\t \t\t\t\t\t \t\n\t\t\t\t \t<div class=\"cover_color\"><\/div>\n\n\t\t\t\t\t<div class=\"header_banner_el \">\n\t\t\t\t\t\t\n\t\t\t\t\t\t\t\t\t\t\t\t\t\n\t\t\t\t\t\t\t\n\t\t\t\t\t\t\t\t\t\t\t\t\t\t<h1 class=\" header_title\">\n\t\t\t\t\t\t\t\t\t\t\t\t\t\t\t<\/h1>\n\t\t\t\t\t\t\t\t\n\t\t\t\t\t\t\n\n\t\t\t\t\t\t\t\t\t\t\t\t\t<div class=\"header_breadcrumbs\">\n\t\t\t\t\t\t\t\t<div id=\"breadcrumbs\"><ul class=\"breadcrumb\"><li><a href=\"https:\/\/alpharefractoryllc.com\/tr\/\" title=\"Home\">Home<\/a><\/li> <li class=\"li_separator\"><span class=\"separator\"><i class=\"ovaicon-next\"><\/i><\/span><\/li><li>Sayfa<\/li><\/ul><\/div>\t\t\t\t\t\t\t<\/div>\n\t\t\t\t\t\t\n\t\t\t\t\t<\/div>\n\n\t\t\t\t\n\t\t\t<\/div>\n\t\t\t\t\t\t<\/div>\n\t\t\t\t<\/div>\n\t\t\t\t\t<\/div>\n\t\t<\/div>\n\t\t\t\t\t<\/div>\n\t\t<\/section>\n\t\t<div class=\"elementor-element elementor-element-1c99e83 e-con-full e-flex e-con e-parent\" data-id=\"1c99e83\" data-element_type=\"container\">\n\t\t<div class=\"elementor-element elementor-element-3befef9 e-con-full e-flex e-con e-child\" data-id=\"3befef9\" data-element_type=\"container\">\n\t\t\t\t<div class=\"elementor-element elementor-element-8cc5da2 elementor-widget elementor-widget-text-editor\" data-id=\"8cc5da2\" data-element_type=\"widget\" data-widget_type=\"text-editor.default\">\n\t\t\t\t<div class=\"elementor-widget-container\">\n\t\t\t\t\t\t\t\t\t<h6 data-start=\"392\" data-end=\"433\"><strong data-start=\"396\" data-end=\"433\">Refrakter \u00dcretimi ve Uygulamalar\u0131<\/strong><\/h6><p data-start=\"435\" data-end=\"703\"><strong data-start=\"435\" data-end=\"459\">Alpha Refractory LLC<\/strong>, demir-\u00e7elik ve d\u00f6k\u00fcm sanayisinde y\u00fcksek s\u0131cakl\u0131klara maruz kalan t\u00fcm alanlarda kullan\u0131lmak \u00fczere <strong data-start=\"558\" data-end=\"599\">y\u00fcksek performansl\u0131 refrakter \u00fcr\u00fcnler<\/strong> \u00fcretmekte ve bu \u00fcr\u00fcnlerin <strong data-start=\"626\" data-end=\"688\">uygulama, s\u00fcperviz\u00f6rl\u00fck ve teknik dan\u0131\u015fmanl\u0131k hizmetlerini<\/strong> sunmaktad\u0131r.<\/p><p data-start=\"705\" data-end=\"949\">Geni\u015f \u00fcr\u00fcn yelpazemiz, tecr\u00fcbeli teknik kadromuz ve sekt\u00f6rel m\u00fchendislik bilgimizle, <strong data-start=\"790\" data-end=\"820\">sadece \u00fcr\u00fcn tedari\u011fi de\u011fil<\/strong>, ayn\u0131 zamanda <strong data-start=\"835\" data-end=\"893\">uygulama s\u00fcre\u00e7lerinin y\u00f6netimi ve sahada teknik destek<\/strong> sunma noktas\u0131nda da firmalar\u0131n \u00e7\u00f6z\u00fcm orta\u011f\u0131 olmaktay\u0131z.<\/p><h6 data-start=\"951\" data-end=\"982\"><strong data-start=\"956\" data-end=\"982\">Monolitik Refrakterler<\/strong><\/h6><p data-start=\"983\" data-end=\"1183\">\u00dcretimini yapt\u0131\u011f\u0131m\u0131z ve ayn\u0131 zamanda uygulama deste\u011fi sundu\u011fumuz t\u00fcm monolitik refrakter \u00fcr\u00fcnler, y\u00fcksek termal \u015fok direnci, dayan\u0131kl\u0131l\u0131k ve kolay uygulanabilirlik \u00f6zelliklerine sahiptir. \u00dcr\u00fcnlerimiz:<\/p><ul data-start=\"1185\" data-end=\"1582\"><li data-start=\"1185\" data-end=\"1291\"><strong data-start=\"1187\" data-end=\"1206\">Ocak Astarlar\u0131:<\/strong> Y\u00fcksek s\u0131cakl\u0131\u011fa maruz kalan t\u00fcm ocak tipleri i\u00e7in uygun form\u00fclasyonda haz\u0131rlan\u0131r.<\/li><li data-start=\"1292\" data-end=\"1440\"><strong data-start=\"1294\" data-end=\"1343\">D\u00fc\u015f\u00fck ve Y\u00fcksek Al\u00fcminal\u0131 D\u00f6kme Refrakterler:<\/strong> F\u0131r\u0131n i\u00e7 kaplamalar\u0131nda kullan\u0131lan bu malzemeler, m\u00fckemmel ba\u011f yap\u0131s\u0131 ve termal dayan\u0131m sunar.<\/li><li data-start=\"1441\" data-end=\"1582\"><strong data-start=\"1443\" data-end=\"1464\">Manyezit Har\u00e7lar:<\/strong> \u00d6zellikle \u00e7elik ve metal ergitme ocaklar\u0131nda kullan\u0131lan, korozyona ve termal \u015foka dayan\u0131kl\u0131 refrakter \u00e7\u00f6z\u00fcmler sunar.<\/li><\/ul><h6 data-start=\"1584\" data-end=\"1613\"><strong data-start=\"1589\" data-end=\"1613\">\u015eekilli Refrakterler<\/strong><\/h6><p data-start=\"1614\" data-end=\"1774\">Form verilmi\u015f, \u00f6zel tasar\u0131ml\u0131 \u015fekilli refrakter \u00fcr\u00fcnlerimiz; hassas \u00fcretim standartlar\u0131na g\u00f6re imal edilmekte ve uygulama alan\u0131na g\u00f6re \u00f6zelle\u015ftirilebilmektedir:<\/p><ul data-start=\"1776\" data-end=\"2205\"><li data-start=\"1776\" data-end=\"1914\"><strong data-start=\"1778\" data-end=\"1815\">Al\u00fcminal\u0131 ve Manyezitli Tu\u011flalar:<\/strong> F\u0131r\u0131n i\u00e7 duvarlar\u0131, pota, tandi\u015f ve \u00e7elik ta\u015f\u0131ma sistemlerinde y\u00fcksek \u0131s\u0131ya dayan\u0131kl\u0131l\u0131k sa\u011flar.<\/li><li data-start=\"1915\" data-end=\"2080\"><strong data-start=\"1917\" data-end=\"1948\">Prekast (\u00d6n D\u00f6k\u00fcm) \u00dcr\u00fcnler:<\/strong> Yerinde uygulama s\u00fcresini k\u0131saltmak, kaliteyi standartla\u015ft\u0131rmak ve montaj kolayl\u0131\u011f\u0131 sa\u011flamak amac\u0131yla \u00f6zel kal\u0131plarda haz\u0131rlan\u0131r.<\/li><li data-start=\"2081\" data-end=\"2205\"><strong data-start=\"2083\" data-end=\"2112\">Pota ve Tandi\u015f Nozullar\u0131:<\/strong> Ergimi\u015f metal ak\u0131\u015f kontrol\u00fc i\u00e7in y\u00fcksek yo\u011funluklu, a\u015f\u0131nmaya kar\u015f\u0131 diren\u00e7li \u00f6zel \u00fcr\u00fcnlerdir.<\/li><\/ul><h6 data-start=\"2207\" data-end=\"2252\"><strong data-start=\"2212\" data-end=\"2252\">Uygulama ve S\u00fcperviz\u00f6rl\u00fck Hizmetleri<\/strong><\/h6><p data-start=\"2253\" data-end=\"2593\">Alpha Refractory LLC, sadece \u00fcr\u00fcn tedari\u011fi ile s\u0131n\u0131rl\u0131 kalmaz; ayn\u0131 zamanda <strong data-start=\"2329\" data-end=\"2418\">refrakter uygulamalar\u0131nda s\u00fcperviz\u00f6rl\u00fck, yerinde uygulama ve teknik e\u011fitim hizmetleri<\/strong> de sunar. Sahada g\u00f6rev alan deneyimli uygulama ekibimiz, <strong data-start=\"2476\" data-end=\"2547\">uluslararas\u0131 standartlara uygun serim, d\u00f6k\u00fcm ve kurutma i\u015flemlerini<\/strong> en g\u00fcvenli ve verimli \u015fekilde ger\u00e7ekle\u015ftirir.<\/p><h6 data-start=\"2595\" data-end=\"2627\"><strong data-start=\"2600\" data-end=\"2627\">Neden Alpha Refractory?<\/strong><\/h6><ul data-start=\"2628\" data-end=\"3048\"><li data-start=\"2628\" data-end=\"2741\">Kendi \u00fcretimimiz olan ve \u00e7\u00f6z\u00fcm ortaklar\u0131m\u0131zla geli\u015ftirdi\u011fimiz <strong data-start=\"2692\" data-end=\"2739\">sertifikal\u0131, g\u00fcvenilir refrakter malzemeler<\/strong><\/li><li data-start=\"2742\" data-end=\"2816\">T\u00fcm uygulamalarda <strong data-start=\"2762\" data-end=\"2814\">proje bazl\u0131 teknik analiz ve m\u00fchendislik deste\u011fi<\/strong><\/li><li data-start=\"2817\" data-end=\"2906\">Sahada <strong data-start=\"2826\" data-end=\"2858\">yerinde teknik s\u00fcperviz\u00f6rl\u00fck<\/strong>, montaj deste\u011fi ve uygulama sonras\u0131 raporlama<\/li><li data-start=\"2907\" data-end=\"2992\">Refrakter uygulamalar\u0131nda <strong data-start=\"2935\" data-end=\"2990\">verimlilik, enerji tasarrufu ve uzun \u00f6m\u00fcr garantisi<\/strong><\/li><li data-start=\"2993\" data-end=\"3048\"><strong data-start=\"2995\" data-end=\"3046\">Gizli \u00fcretim kay\u0131plar\u0131n\u0131 minimize eden \u00e7\u00f6z\u00fcmler<\/strong><\/li><\/ul><p data-start=\"3050\" data-end=\"3313\">Refrakter \u00fcr\u00fcn ve uygulamalar\u0131, a\u011f\u0131r sanayi tesislerinin kalbi niteli\u011findedir. Alpha Refractory LLC olarak, bu sistemlerin do\u011fru malzeme ile, do\u011fru \u015fekilde uygulanmas\u0131n\u0131n i\u015fletmelere <strong data-start=\"3233\" data-end=\"3300\">y\u0131lda milyonlarca dolarl\u0131k kazan\u00e7 sa\u011flayabilece\u011finin bilinciyle<\/strong> \u00e7al\u0131\u015f\u0131yoruz.<\/p>\t\t\t\t\t\t\t\t<\/div>\n\t\t\t\t<\/div>\n\t\t\t\t<div class=\"elementor-element elementor-element-b9ccf20 elementor-hidden-tablet elementor-hidden-mobile elementor-widget elementor-widget-image\" data-id=\"b9ccf20\" data-element_type=\"widget\" data-widget_type=\"image.default\">\n\t\t\t\t<div class=\"elementor-widget-container\">\n\t\t\t\t\t\t\t\t\t\t\t\t\t\t\t<img fetchpriority=\"high\" decoding=\"async\" width=\"4193\" height=\"3892\" src=\"https:\/\/alpharefractoryllc.com\/tr\/wp-content\/uploads\/2025\/02\/logotop.svg\" class=\"attachment-large size-large wp-image-17957\" alt=\"\" \/>\t\t\t\t\t\t\t\t\t\t\t\t\t\t\t<\/div>\n\t\t\t\t<\/div>\n\t\t\t\t<\/div>\n\t\t\t\t<\/div>\n\t\t\t\t<\/div>\n\t\t","protected":false},"excerpt":{"rendered":"<p>Home Sayfa Refrakter \u00dcretimi ve Uygulamalar\u0131 Alpha Refractory LLC, demir-\u00e7elik ve d\u00f6k\u00fcm sanayisinde y\u00fcksek s\u0131cakl\u0131klara maruz kalan t\u00fcm alanlarda kullan\u0131lmak \u00fczere y\u00fcksek performansl\u0131 refrakter \u00fcr\u00fcnler \u00fcretmekte ve bu \u00fcr\u00fcnlerin uygulama, s\u00fcperviz\u00f6rl\u00fck ve teknik dan\u0131\u015fmanl\u0131k hizmetlerini sunmaktad\u0131r. Geni\u015f \u00fcr\u00fcn yelpazemiz, tecr\u00fcbeli teknik kadromuz ve sekt\u00f6rel m\u00fchendislik bilgimizle, sadece \u00fcr\u00fcn tedari\u011fi de\u011fil, ayn\u0131 zamanda uygulama s\u00fcre\u00e7lerinin y\u00f6netimi [&hellip;]<\/p>\n","protected":false},"author":1,"featured_media":0,"parent":19094,"menu_order":0,"comment_status":"closed","ping_status":"closed","template":"elementor_header_footer","meta":{"footnotes":""},"class_list":["post-18932","page","type-page","status-publish","hentry"],"yoast_head":"<!-- This site is optimized with the Yoast SEO plugin v24.9 - https:\/\/yoast.com\/wordpress\/plugins\/seo\/ -->\n<title>Refrakterler - ALPHA REFRACTORY LLC<\/title>\n<meta name=\"robots\" content=\"noindex, follow, max-snippet:-1, max-image-preview:large, max-video-preview:-1\" \/>\n<meta property=\"og:locale\" content=\"tr_TR\" \/>\n<meta property=\"og:type\" content=\"article\" \/>\n<meta property=\"og:title\" content=\"Refrakterler - ALPHA REFRACTORY LLC\" \/>\n<meta property=\"og:description\" content=\"Home Sayfa Refrakter \u00dcretimi ve Uygulamalar\u0131 Alpha Refractory LLC, demir-\u00e7elik ve d\u00f6k\u00fcm sanayisinde y\u00fcksek s\u0131cakl\u0131klara maruz kalan t\u00fcm alanlarda kullan\u0131lmak \u00fczere y\u00fcksek performansl\u0131 refrakter \u00fcr\u00fcnler \u00fcretmekte ve bu \u00fcr\u00fcnlerin uygulama, s\u00fcperviz\u00f6rl\u00fck ve teknik dan\u0131\u015fmanl\u0131k hizmetlerini sunmaktad\u0131r. Geni\u015f \u00fcr\u00fcn yelpazemiz, tecr\u00fcbeli teknik kadromuz ve sekt\u00f6rel m\u00fchendislik bilgimizle, sadece \u00fcr\u00fcn tedari\u011fi de\u011fil, ayn\u0131 zamanda uygulama s\u00fcre\u00e7lerinin y\u00f6netimi [&hellip;]\" \/>\n<meta property=\"og:url\" content=\"https:\/\/alpharefractoryllc.com\/tr\/our-services\/refractories\/\" \/>\n<meta property=\"og:site_name\" content=\"ALPHA REFRACTORY LLC\" \/>\n<meta property=\"article:modified_time\" content=\"2025-03-22T02:12:21+00:00\" \/>\n<meta name=\"twitter:card\" content=\"summary_large_image\" \/>\n<meta name=\"twitter:label1\" content=\"Tahmini okuma s\u00fcresi\" \/>\n\t<meta name=\"twitter:data1\" content=\"2 dakika\" \/>\n<script type=\"application\/ld+json\" class=\"yoast-schema-graph\">{\"@context\":\"https:\/\/schema.org\",\"@graph\":[{\"@type\":\"WebPage\",\"@id\":\"https:\/\/alpharefractoryllc.com\/tr\/our-services\/refractories\/\",\"url\":\"https:\/\/alpharefractoryllc.com\/tr\/our-services\/refractories\/\",\"name\":\"Refrakterler - ALPHA REFRACTORY LLC\",\"isPartOf\":{\"@id\":\"https:\/\/alpharefractoryllc.com\/tr\/#website\"},\"primaryImageOfPage\":{\"@id\":\"https:\/\/alpharefractoryllc.com\/tr\/our-services\/refractories\/#primaryimage\"},\"image\":{\"@id\":\"https:\/\/alpharefractoryllc.com\/tr\/our-services\/refractories\/#primaryimage\"},\"thumbnailUrl\":\"https:\/\/alpharefractoryllc.com\/tr\/wp-content\/uploads\/2025\/02\/logotop.svg\",\"datePublished\":\"2025-03-22T00:29:13+00:00\",\"dateModified\":\"2025-03-22T02:12:21+00:00\",\"breadcrumb\":{\"@id\":\"https:\/\/alpharefractoryllc.com\/tr\/our-services\/refractories\/#breadcrumb\"},\"inLanguage\":\"tr\",\"potentialAction\":[{\"@type\":\"ReadAction\",\"target\":[\"https:\/\/alpharefractoryllc.com\/tr\/our-services\/refractories\/\"]}]},{\"@type\":\"ImageObject\",\"inLanguage\":\"tr\",\"@id\":\"https:\/\/alpharefractoryllc.com\/tr\/our-services\/refractories\/#primaryimage\",\"url\":\"https:\/\/alpharefractoryllc.com\/tr\/wp-content\/uploads\/2025\/02\/logotop.svg\",\"contentUrl\":\"https:\/\/alpharefractoryllc.com\/tr\/wp-content\/uploads\/2025\/02\/logotop.svg\",\"width\":4193,\"height\":3892},{\"@type\":\"BreadcrumbList\",\"@id\":\"https:\/\/alpharefractoryllc.com\/tr\/our-services\/refractories\/#breadcrumb\",\"itemListElement\":[{\"@type\":\"ListItem\",\"position\":1,\"name\":\"Home\",\"item\":\"https:\/\/alpharefractoryllc.com\/tr\/\"},{\"@type\":\"ListItem\",\"position\":2,\"name\":\"Hizmetlerimiz\",\"item\":\"https:\/\/alpharefractoryllc.com\/tr\/our-services\/\"},{\"@type\":\"ListItem\",\"position\":3,\"name\":\"Refrakterler\"}]},{\"@type\":\"WebSite\",\"@id\":\"https:\/\/alpharefractoryllc.com\/tr\/#website\",\"url\":\"https:\/\/alpharefractoryllc.com\/tr\/\",\"name\":\"ALPHA REFRACTORY LLC\",\"description\":\"Uluslararas\u0131 Deneyim, \u00dcst\u00fcn Kalite\",\"potentialAction\":[{\"@type\":\"SearchAction\",\"target\":{\"@type\":\"EntryPoint\",\"urlTemplate\":\"https:\/\/alpharefractoryllc.com\/tr\/?s={search_term_string}\"},\"query-input\":{\"@type\":\"PropertyValueSpecification\",\"valueRequired\":true,\"valueName\":\"search_term_string\"}}],\"inLanguage\":\"tr\"}]}<\/script>\n<!-- \/ Yoast SEO plugin. -->","yoast_head_json":{"title":"Refrakterler - ALPHA REFRACTORY LLC","robots":{"index":"noindex","follow":"follow","max-snippet":"max-snippet:-1","max-image-preview":"max-image-preview:large","max-video-preview":"max-video-preview:-1"},"og_locale":"tr_TR","og_type":"article","og_title":"Refrakterler - ALPHA REFRACTORY LLC","og_description":"Home Sayfa Refrakter \u00dcretimi ve Uygulamalar\u0131 Alpha Refractory LLC, demir-\u00e7elik ve d\u00f6k\u00fcm sanayisinde y\u00fcksek s\u0131cakl\u0131klara maruz kalan t\u00fcm alanlarda kullan\u0131lmak \u00fczere y\u00fcksek performansl\u0131 refrakter \u00fcr\u00fcnler \u00fcretmekte ve bu \u00fcr\u00fcnlerin uygulama, s\u00fcperviz\u00f6rl\u00fck ve teknik dan\u0131\u015fmanl\u0131k hizmetlerini sunmaktad\u0131r. Geni\u015f \u00fcr\u00fcn yelpazemiz, tecr\u00fcbeli teknik kadromuz ve sekt\u00f6rel m\u00fchendislik bilgimizle, sadece \u00fcr\u00fcn tedari\u011fi de\u011fil, ayn\u0131 zamanda uygulama s\u00fcre\u00e7lerinin y\u00f6netimi [&hellip;]","og_url":"https:\/\/alpharefractoryllc.com\/tr\/our-services\/refractories\/","og_site_name":"ALPHA REFRACTORY LLC","article_modified_time":"2025-03-22T02:12:21+00:00","twitter_card":"summary_large_image","twitter_misc":{"Tahmini okuma s\u00fcresi":"2 dakika"},"schema":{"@context":"https:\/\/schema.org","@graph":[{"@type":"WebPage","@id":"https:\/\/alpharefractoryllc.com\/tr\/our-services\/refractories\/","url":"https:\/\/alpharefractoryllc.com\/tr\/our-services\/refractories\/","name":"Refrakterler - ALPHA REFRACTORY LLC","isPartOf":{"@id":"https:\/\/alpharefractoryllc.com\/tr\/#website"},"primaryImageOfPage":{"@id":"https:\/\/alpharefractoryllc.com\/tr\/our-services\/refractories\/#primaryimage"},"image":{"@id":"https:\/\/alpharefractoryllc.com\/tr\/our-services\/refractories\/#primaryimage"},"thumbnailUrl":"https:\/\/alpharefractoryllc.com\/tr\/wp-content\/uploads\/2025\/02\/logotop.svg","datePublished":"2025-03-22T00:29:13+00:00","dateModified":"2025-03-22T02:12:21+00:00","breadcrumb":{"@id":"https:\/\/alpharefractoryllc.com\/tr\/our-services\/refractories\/#breadcrumb"},"inLanguage":"tr","potentialAction":[{"@type":"ReadAction","target":["https:\/\/alpharefractoryllc.com\/tr\/our-services\/refractories\/"]}]},{"@type":"ImageObject","inLanguage":"tr","@id":"https:\/\/alpharefractoryllc.com\/tr\/our-services\/refractories\/#primaryimage","url":"https:\/\/alpharefractoryllc.com\/tr\/wp-content\/uploads\/2025\/02\/logotop.svg","contentUrl":"https:\/\/alpharefractoryllc.com\/tr\/wp-content\/uploads\/2025\/02\/logotop.svg","width":4193,"height":3892},{"@type":"BreadcrumbList","@id":"https:\/\/alpharefractoryllc.com\/tr\/our-services\/refractories\/#breadcrumb","itemListElement":[{"@type":"ListItem","position":1,"name":"Home","item":"https:\/\/alpharefractoryllc.com\/tr\/"},{"@type":"ListItem","position":2,"name":"Hizmetlerimiz","item":"https:\/\/alpharefractoryllc.com\/tr\/our-services\/"},{"@type":"ListItem","position":3,"name":"Refrakterler"}]},{"@type":"WebSite","@id":"https:\/\/alpharefractoryllc.com\/tr\/#website","url":"https:\/\/alpharefractoryllc.com\/tr\/","name":"ALPHA REFRACTORY LLC","description":"Uluslararas\u0131 Deneyim, \u00dcst\u00fcn Kalite","potentialAction":[{"@type":"SearchAction","target":{"@type":"EntryPoint","urlTemplate":"https:\/\/alpharefractoryllc.com\/tr\/?s={search_term_string}"},"query-input":{"@type":"PropertyValueSpecification","valueRequired":true,"valueName":"search_term_string"}}],"inLanguage":"tr"}]}},"_links":{"self":[{"href":"https:\/\/alpharefractoryllc.com\/tr\/wp-json\/wp\/v2\/pages\/18932","targetHints":{"allow":["GET"]}}],"collection":[{"href":"https:\/\/alpharefractoryllc.com\/tr\/wp-json\/wp\/v2\/pages"}],"about":[{"href":"https:\/\/alpharefractoryllc.com\/tr\/wp-json\/wp\/v2\/types\/page"}],"author":[{"embeddable":true,"href":"https:\/\/alpharefractoryllc.com\/tr\/wp-json\/wp\/v2\/users\/1"}],"replies":[{"embeddable":true,"href":"https:\/\/alpharefractoryllc.com\/tr\/wp-json\/wp\/v2\/comments?post=18932"}],"version-history":[{"count":20,"href":"https:\/\/alpharefractoryllc.com\/tr\/wp-json\/wp\/v2\/pages\/18932\/revisions"}],"predecessor-version":[{"id":19216,"href":"https:\/\/alpharefractoryllc.com\/tr\/wp-json\/wp\/v2\/pages\/18932\/revisions\/19216"}],"up":[{"embeddable":true,"href":"https:\/\/alpharefractoryllc.com\/tr\/wp-json\/wp\/v2\/pages\/19094"}],"wp:attachment":[{"href":"https:\/\/alpharefractoryllc.com\/tr\/wp-json\/wp\/v2\/media?parent=18932"}],"curies":[{"name":"wp","href":"https:\/\/api.w.org\/{rel}","templated":true}]}}