{"id":18917,"date":"2025-03-22T00:16:37","date_gmt":"2025-03-22T00:16:37","guid":{"rendered":"https:\/\/alpharefractoryllc.com\/tr\/?page_id=18917"},"modified":"2025-03-22T01:09:19","modified_gmt":"2025-03-22T01:09:19","slug":"isg-politikamiz","status":"publish","type":"page","link":"https:\/\/alpharefractoryllc.com\/tr\/kurumsal\/isg-politikamiz\/","title":{"rendered":"\u0130SG Politikam\u0131z"},"content":{"rendered":"\t\t<div data-elementor-type=\"wp-page\" data-elementor-id=\"18917\" class=\"elementor elementor-18917\">\n\t\t\t\t\t\t<section class=\"elementor-section elementor-top-section elementor-element elementor-element-2f1069a elementor-section-full_width elementor-section-height-min-height elementor-section-items-bottom elementor-section-height-default\" data-id=\"2f1069a\" data-element_type=\"section\" data-settings=\"{&quot;background_background&quot;:&quot;classic&quot;}\">\n\t\t\t\t\t\t\t<div class=\"elementor-background-overlay\"><\/div>\n\t\t\t\t\t\t\t<div class=\"elementor-container elementor-column-gap-no\">\n\t\t\t\t\t<div class=\"elementor-column elementor-col-100 elementor-top-column elementor-element elementor-element-3566761\" data-id=\"3566761\" data-element_type=\"column\" data-settings=\"{&quot;background_background&quot;:&quot;classic&quot;}\">\n\t\t\t<div class=\"elementor-widget-wrap elementor-element-populated\">\n\t\t\t\t\t<div class=\"elementor-background-overlay\"><\/div>\n\t\t\t\t\t\t<div class=\"elementor-element elementor-element-e199b9f elementor-widget elementor-widget-infetech_elementor_header_banner\" data-id=\"e199b9f\" data-element_type=\"widget\" data-widget_type=\"infetech_elementor_header_banner.default\">\n\t\t\t\t<div class=\"elementor-widget-container\">\n\t\t\t\t\t\t\t \t<!-- Display when you choose background per Post -->\n\t\t \t<div class=\"wrap_header_banner   \"  >\n\n\t\t \t\t\t\t\t \t\n\t\t\t\t \t<div class=\"cover_color\"><\/div>\n\n\t\t\t\t\t<div class=\"header_banner_el \">\n\t\t\t\t\t\t\n\t\t\t\t\t\t\t\t\t\t\t\t\t\n\t\t\t\t\t\t\t\n\t\t\t\t\t\t\t\t\t\t\t\t\t\t<h1 class=\" header_title\">\n\t\t\t\t\t\t\t\t\t\t\t\t\t\t\t<\/h1>\n\t\t\t\t\t\t\t\t\n\t\t\t\t\t\t\n\n\t\t\t\t\t\t\t\t\t\t\t\t\t<div class=\"header_breadcrumbs\">\n\t\t\t\t\t\t\t\t<div id=\"breadcrumbs\"><ul class=\"breadcrumb\"><li><a href=\"https:\/\/alpharefractoryllc.com\/tr\/\" title=\"Home\">Home<\/a><\/li> <li class=\"li_separator\"><span class=\"separator\"><i class=\"ovaicon-next\"><\/i><\/span><\/li><li>Sayfa<\/li><\/ul><\/div>\t\t\t\t\t\t\t<\/div>\n\t\t\t\t\t\t\n\t\t\t\t\t<\/div>\n\n\t\t\t\t\n\t\t\t<\/div>\n\t\t\t\t\t\t<\/div>\n\t\t\t\t<\/div>\n\t\t\t\t\t<\/div>\n\t\t<\/div>\n\t\t\t\t\t<\/div>\n\t\t<\/section>\n\t\t<div class=\"elementor-element elementor-element-1c99e83 e-con-full e-flex e-con e-parent\" data-id=\"1c99e83\" data-element_type=\"container\">\n\t\t<div class=\"elementor-element elementor-element-3befef9 e-con-full e-flex e-con e-child\" data-id=\"3befef9\" data-element_type=\"container\">\n\t\t\t\t<div class=\"elementor-element elementor-element-8cc5da2 elementor-widget elementor-widget-text-editor\" data-id=\"8cc5da2\" data-element_type=\"widget\" data-widget_type=\"text-editor.default\">\n\t\t\t\t<div class=\"elementor-widget-container\">\n\t\t\t\t\t\t\t\t\t<p data-start=\"45\" data-end=\"503\"><strong data-start=\"45\" data-end=\"69\">Alpha Refractory LLC<\/strong> olarak, \u201c<strong data-start=\"79\" data-end=\"114\">D\u00fcnyaya Sayg\u0131l\u0131, D\u00fcnyada Sayg\u0131n<\/strong>\u201d vizyonumuz do\u011frultusunda, faaliyet g\u00f6sterdi\u011fimiz t\u00fcm alanlarda <strong data-start=\"179\" data-end=\"260\">g\u00fcvenli, sa\u011fl\u0131kl\u0131 ve s\u00fcrd\u00fcr\u00fclebilir bir \u00e7al\u0131\u015fma ortam\u0131 olu\u015fturmay\u0131 temel ilke<\/strong> ediniyoruz. \u0130\u015f Sa\u011fl\u0131\u011f\u0131 ve G\u00fcvenli\u011fi (\u0130SG) Y\u00f6netim Sistemimiz kapsam\u0131nda, \u00e7al\u0131\u015fanlar\u0131m\u0131z\u0131n ve t\u00fcm payda\u015flar\u0131m\u0131z\u0131n fiziksel ve ruhsal b\u00fct\u00fcnl\u00fc\u011f\u00fcn\u00fc korumak i\u00e7in en uygun y\u00f6ntemleri belirlemeyi, uygulamay\u0131 ve s\u00fcrekli geli\u015ftirmeyi taahh\u00fct ediyoruz.<\/p><p data-start=\"505\" data-end=\"679\">Kurucumuz <strong data-start=\"515\" data-end=\"534\">Sn. Fatih KO\u00c7AK<\/strong>\u2019\u0131n \u201c<strong data-start=\"539\" data-end=\"606\">En k\u0131ymetli servetimiz, bizimle beraber y\u00fcr\u00fcyen personelimizdir<\/strong>\u201d s\u00f6z\u00fc, bu yakla\u015f\u0131m\u0131m\u0131z\u0131n temelini olu\u015fturmaktad\u0131r. Bu ilke \u00e7er\u00e7evesinde;<\/p><ul data-start=\"681\" data-end=\"2416\"><li data-start=\"681\" data-end=\"831\"><strong data-start=\"683\" data-end=\"728\">S\u0131f\u0131r i\u015f kazas\u0131 ve s\u0131f\u0131r meslek hastal\u0131\u011f\u0131<\/strong> hedefiyle hareket ederek, t\u00fcm \u00e7al\u0131\u015fanlar\u0131m\u0131z i\u00e7in sa\u011fl\u0131kl\u0131 ve g\u00fcvenli \u00e7al\u0131\u015fma ko\u015fullar\u0131 olu\u015ftururuz.<\/li><li data-start=\"832\" data-end=\"996\">\u00c7al\u0131\u015fma ortam\u0131ndaki <strong data-start=\"854\" data-end=\"903\">tehlikeleri, riskleri ve ramak kala durumlar\u0131<\/strong> d\u00fczenli olarak tespit eder, riskleri ortadan kald\u0131rmaya y\u00f6nelik \u00f6nleyici tedbirler al\u0131r\u0131z.<\/li><li data-start=\"997\" data-end=\"1171\">\u00c7al\u0131\u015fanlar\u0131m\u0131z ve ilgili t\u00fcm taraflarla etkin ileti\u015fim kurarak, <strong data-start=\"1063\" data-end=\"1105\">\u0130SG beklenti ve ihtiya\u00e7lar\u0131n\u0131 anlamay\u0131<\/strong> ve bu do\u011frultuda gerekli iyile\u015ftirmeleri yapmay\u0131 ilke ediniriz.<\/li><li data-start=\"1172\" data-end=\"1279\">En g\u00fcncel ve g\u00fcvenli teknolojileri kullanarak, <strong data-start=\"1221\" data-end=\"1265\">\u0130SG performans\u0131m\u0131z\u0131 s\u00fcrekli geli\u015ftirmeyi<\/strong> hedefleriz.<\/li><li data-start=\"1280\" data-end=\"1427\">Olas\u0131 <strong data-start=\"1288\" data-end=\"1333\">acil durumlar i\u00e7in \u00f6nceden planlama yapar<\/strong>, bu durumlara kar\u015f\u0131 haz\u0131rl\u0131kl\u0131 olmak ad\u0131na gerekli kaynaklar\u0131 ve organizasyonu olu\u015ftururuz.<\/li><li data-start=\"1428\" data-end=\"1550\">T\u00fcm \u00e7al\u0131\u015fanlara y\u00f6nelik <strong data-start=\"1454\" data-end=\"1491\">\u0130SG e\u011fitimleri i\u00e7in olanak sa\u011flar<\/strong>, e\u011fitimlerin etkinli\u011fini d\u00fczenli olarak de\u011ferlendiririz.<\/li><li data-start=\"1551\" data-end=\"1662\">Ger\u00e7ekle\u015fen olaylardan ders \u00e7\u0131kararak, <strong data-start=\"1592\" data-end=\"1624\">iyi uygulamalar\u0131 te\u015fvik eder<\/strong> ve t\u00fcm s\u00fcre\u00e7lerde yayg\u0131nla\u015ft\u0131r\u0131r\u0131z.<\/li><li data-start=\"1663\" data-end=\"1799\">\u0130SG s\u00fcre\u00e7lerinde g\u00f6rev alan <strong data-start=\"1693\" data-end=\"1743\">y\u00fcklenici firmalar\u0131n performanslar\u0131n\u0131 da izler<\/strong>, gerekli durumlarda geli\u015ftirme \u00e7al\u0131\u015fmalar\u0131 y\u00fcr\u00fct\u00fcr\u00fcz.<\/li><li data-start=\"1800\" data-end=\"1917\"><strong data-start=\"1802\" data-end=\"1831\">\u0130SG ile ilgili f\u0131rsatlar\u0131<\/strong> tespit eder, bu f\u0131rsatlar\u0131 s\u00fcre\u00e7lerimize entegre ederek iyile\u015ftirmeye d\u00f6n\u00fc\u015ft\u00fcr\u00fcr\u00fcz.<\/li><li data-start=\"1918\" data-end=\"2050\">Ba\u015far\u0131l\u0131 bir \u0130SG y\u00f6netimi i\u00e7in <strong data-start=\"1951\" data-end=\"2048\">\u00f6l\u00e7\u00fclebilir hedefler koyar, aksiyon planlar\u0131 olu\u015fturur ve performans\u0131 d\u00fczenli olarak izleriz.<\/strong><\/li><li data-start=\"2051\" data-end=\"2215\">T\u00fcm \u00e7al\u0131\u015fanlar\u0131m\u0131zda <strong data-start=\"2074\" data-end=\"2119\">\u0130SG k\u00fclt\u00fcr\u00fcn\u00fcn i\u00e7selle\u015ftirilmesini sa\u011flar<\/strong>, g\u00fcvenli ve sa\u011fl\u0131kl\u0131 \u00e7al\u0131\u015fma al\u0131\u015fkanl\u0131klar\u0131n\u0131n bir ya\u015fam bi\u00e7imi h\u00e2line gelmesini destekleriz.<\/li><li data-start=\"2216\" data-end=\"2416\">Mevcut operasyonlar\u0131m\u0131z ve yeni yat\u0131r\u0131mlar\u0131m\u0131zda, faaliyet g\u00f6sterdi\u011fimiz t\u00fcm co\u011frafyalarda <strong data-start=\"2309\" data-end=\"2395\">ulusal ve uluslararas\u0131 mevzuatlara, toplu i\u015f s\u00f6zle\u015fmelerine ve yasal d\u00fczenlemelere<\/strong> tam uyum g\u00f6steririz.<\/li><\/ul><p data-start=\"2418\" data-end=\"2570\"><strong data-start=\"2418\" data-end=\"2568\">Alpha Refractory LLC\u2019de insan hayat\u0131 en y\u00fcksek de\u011fere sahiptir. Hi\u00e7bir i\u015f, g\u00fcvenlik ve sa\u011fl\u0131k \u00f6nlemleri al\u0131nmadan yap\u0131lacak kadar \u00f6nemli de\u011fildir.<\/strong><\/p><p data-start=\"2572\" data-end=\"2905\">Bu bilin\u00e7le t\u00fcm \u00e7al\u0131\u015fanlar\u0131m\u0131z, \u0130SG ile ilgili t\u00fcm yasal d\u00fczenlemelere ve \u015firket politikalar\u0131m\u0131za uymakla y\u00fck\u00fcml\u00fcd\u00fcr. Her birey, g\u00fcvenli olmayan ko\u015fullar\u0131, kazalar\u0131 ve sa\u011fl\u0131kla ilgili riskleri <strong data-start=\"2765\" data-end=\"2788\">gecikmeden bildirir<\/strong>, acil durumlar\u0131 tan\u0131r ve buna g\u00f6re haz\u0131rlan\u0131r. <strong data-start=\"2836\" data-end=\"2905\">Alkol ve uyu\u015fturucu etkisinde \u00e7al\u0131\u015fmak kesinlikle kabul edilemez.<\/strong><\/p><p data-start=\"2907\" data-end=\"3088\" data-is-last-node=\"\" data-is-only-node=\"\">T\u00fcm \u00e7al\u0131\u015fanlar\u0131m\u0131z, i\u015f ortaklar\u0131m\u0131z ve y\u00fcklenicilerimiz bu politikaya uymakla sorumludur. \u00c7\u00fcnk\u00fc biz biliyoruz ki, <strong data-start=\"3021\" data-end=\"3088\" data-is-last-node=\"\">g\u00fcvenli bir \u00e7al\u0131\u015fma ortam\u0131, s\u00fcrd\u00fcr\u00fclebilir ba\u015far\u0131n\u0131n temelidir.<\/strong><\/p>\t\t\t\t\t\t\t\t<\/div>\n\t\t\t\t<\/div>\n\t\t\t\t<div class=\"elementor-element elementor-element-b9ccf20 elementor-hidden-tablet elementor-hidden-mobile elementor-widget elementor-widget-image\" data-id=\"b9ccf20\" data-element_type=\"widget\" data-widget_type=\"image.default\">\n\t\t\t\t<div class=\"elementor-widget-container\">\n\t\t\t\t\t\t\t\t\t\t\t\t\t\t\t<img fetchpriority=\"high\" decoding=\"async\" width=\"4193\" height=\"3892\" src=\"https:\/\/alpharefractoryllc.com\/tr\/wp-content\/uploads\/2025\/02\/logotop.svg\" class=\"attachment-large size-large wp-image-17957\" alt=\"\" \/>\t\t\t\t\t\t\t\t\t\t\t\t\t\t\t<\/div>\n\t\t\t\t<\/div>\n\t\t\t\t<\/div>\n\t\t\t\t<\/div>\n\t\t\t\t<\/div>\n\t\t","protected":false},"excerpt":{"rendered":"<p>Home Sayfa Alpha Refractory LLC olarak, \u201cD\u00fcnyaya Sayg\u0131l\u0131, D\u00fcnyada Sayg\u0131n\u201d vizyonumuz do\u011frultusunda, faaliyet g\u00f6sterdi\u011fimiz t\u00fcm alanlarda g\u00fcvenli, sa\u011fl\u0131kl\u0131 ve s\u00fcrd\u00fcr\u00fclebilir bir \u00e7al\u0131\u015fma ortam\u0131 olu\u015fturmay\u0131 temel ilke ediniyoruz. \u0130\u015f Sa\u011fl\u0131\u011f\u0131 ve G\u00fcvenli\u011fi (\u0130SG) Y\u00f6netim Sistemimiz kapsam\u0131nda, \u00e7al\u0131\u015fanlar\u0131m\u0131z\u0131n ve t\u00fcm payda\u015flar\u0131m\u0131z\u0131n fiziksel ve ruhsal b\u00fct\u00fcnl\u00fc\u011f\u00fcn\u00fc korumak i\u00e7in en uygun y\u00f6ntemleri belirlemeyi, uygulamay\u0131 ve s\u00fcrekli geli\u015ftirmeyi taahh\u00fct ediyoruz. [&hellip;]<\/p>\n","protected":false},"author":1,"featured_media":0,"parent":19011,"menu_order":0,"comment_status":"closed","ping_status":"closed","template":"elementor_header_footer","meta":{"footnotes":""},"class_list":["post-18917","page","type-page","status-publish","hentry"],"yoast_head":"<!-- This site is optimized with the Yoast SEO plugin v24.9 - https:\/\/yoast.com\/wordpress\/plugins\/seo\/ -->\n<title>\u0130SG Politikam\u0131z - ALPHA REFRACTORY LLC<\/title>\n<meta name=\"robots\" content=\"noindex, follow, max-snippet:-1, max-image-preview:large, max-video-preview:-1\" \/>\n<meta property=\"og:locale\" content=\"tr_TR\" \/>\n<meta property=\"og:type\" content=\"article\" \/>\n<meta property=\"og:title\" content=\"\u0130SG Politikam\u0131z - ALPHA REFRACTORY LLC\" \/>\n<meta property=\"og:description\" content=\"Home Sayfa Alpha Refractory LLC olarak, \u201cD\u00fcnyaya Sayg\u0131l\u0131, D\u00fcnyada Sayg\u0131n\u201d vizyonumuz do\u011frultusunda, faaliyet g\u00f6sterdi\u011fimiz t\u00fcm alanlarda g\u00fcvenli, sa\u011fl\u0131kl\u0131 ve s\u00fcrd\u00fcr\u00fclebilir bir \u00e7al\u0131\u015fma ortam\u0131 olu\u015fturmay\u0131 temel ilke ediniyoruz. \u0130\u015f Sa\u011fl\u0131\u011f\u0131 ve G\u00fcvenli\u011fi (\u0130SG) Y\u00f6netim Sistemimiz kapsam\u0131nda, \u00e7al\u0131\u015fanlar\u0131m\u0131z\u0131n ve t\u00fcm payda\u015flar\u0131m\u0131z\u0131n fiziksel ve ruhsal b\u00fct\u00fcnl\u00fc\u011f\u00fcn\u00fc korumak i\u00e7in en uygun y\u00f6ntemleri belirlemeyi, uygulamay\u0131 ve s\u00fcrekli geli\u015ftirmeyi taahh\u00fct ediyoruz. [&hellip;]\" \/>\n<meta property=\"og:url\" content=\"https:\/\/alpharefractoryllc.com\/tr\/tr\/kurumsal\/isg-politikamiz\/\" \/>\n<meta property=\"og:site_name\" content=\"ALPHA REFRACTORY LLC\" \/>\n<meta property=\"article:modified_time\" content=\"2025-03-22T01:09:19+00:00\" \/>\n<meta name=\"twitter:card\" content=\"summary_large_image\" \/>\n<meta name=\"twitter:label1\" content=\"Tahmini okuma s\u00fcresi\" \/>\n\t<meta name=\"twitter:data1\" content=\"3 dakika\" \/>\n<script type=\"application\/ld+json\" class=\"yoast-schema-graph\">{\"@context\":\"https:\/\/schema.org\",\"@graph\":[{\"@type\":\"WebPage\",\"@id\":\"https:\/\/alpharefractoryllc.com\/tr\/tr\/kurumsal\/isg-politikamiz\/\",\"url\":\"https:\/\/alpharefractoryllc.com\/tr\/tr\/kurumsal\/isg-politikamiz\/\",\"name\":\"\u0130SG Politikam\u0131z - ALPHA REFRACTORY LLC\",\"isPartOf\":{\"@id\":\"https:\/\/alpharefractoryllc.com\/tr\/#website\"},\"primaryImageOfPage\":{\"@id\":\"https:\/\/alpharefractoryllc.com\/tr\/tr\/kurumsal\/isg-politikamiz\/#primaryimage\"},\"image\":{\"@id\":\"https:\/\/alpharefractoryllc.com\/tr\/tr\/kurumsal\/isg-politikamiz\/#primaryimage\"},\"thumbnailUrl\":\"https:\/\/alpharefractoryllc.com\/tr\/wp-content\/uploads\/2025\/02\/logotop.svg\",\"datePublished\":\"2025-03-22T00:16:37+00:00\",\"dateModified\":\"2025-03-22T01:09:19+00:00\",\"breadcrumb\":{\"@id\":\"https:\/\/alpharefractoryllc.com\/tr\/tr\/kurumsal\/isg-politikamiz\/#breadcrumb\"},\"inLanguage\":\"tr\",\"potentialAction\":[{\"@type\":\"ReadAction\",\"target\":[\"https:\/\/alpharefractoryllc.com\/tr\/tr\/kurumsal\/isg-politikamiz\/\"]}]},{\"@type\":\"ImageObject\",\"inLanguage\":\"tr\",\"@id\":\"https:\/\/alpharefractoryllc.com\/tr\/tr\/kurumsal\/isg-politikamiz\/#primaryimage\",\"url\":\"https:\/\/alpharefractoryllc.com\/tr\/wp-content\/uploads\/2025\/02\/logotop.svg\",\"contentUrl\":\"https:\/\/alpharefractoryllc.com\/tr\/wp-content\/uploads\/2025\/02\/logotop.svg\",\"width\":4193,\"height\":3892},{\"@type\":\"BreadcrumbList\",\"@id\":\"https:\/\/alpharefractoryllc.com\/tr\/tr\/kurumsal\/isg-politikamiz\/#breadcrumb\",\"itemListElement\":[{\"@type\":\"ListItem\",\"position\":1,\"name\":\"Home\",\"item\":\"https:\/\/alpharefractoryllc.com\/tr\/\"},{\"@type\":\"ListItem\",\"position\":2,\"name\":\"Kurumsal\",\"item\":\"https:\/\/alpharefractoryllc.com\/tr\/tr\/kurumsal\/\"},{\"@type\":\"ListItem\",\"position\":3,\"name\":\"\u0130SG Politikam\u0131z\"}]},{\"@type\":\"WebSite\",\"@id\":\"https:\/\/alpharefractoryllc.com\/tr\/#website\",\"url\":\"https:\/\/alpharefractoryllc.com\/tr\/\",\"name\":\"ALPHA REFRACTORY LLC\",\"description\":\"Uluslararas\u0131 Deneyim, \u00dcst\u00fcn Kalite\",\"potentialAction\":[{\"@type\":\"SearchAction\",\"target\":{\"@type\":\"EntryPoint\",\"urlTemplate\":\"https:\/\/alpharefractoryllc.com\/tr\/?s={search_term_string}\"},\"query-input\":{\"@type\":\"PropertyValueSpecification\",\"valueRequired\":true,\"valueName\":\"search_term_string\"}}],\"inLanguage\":\"tr\"}]}<\/script>\n<!-- \/ Yoast SEO plugin. -->","yoast_head_json":{"title":"\u0130SG Politikam\u0131z - ALPHA REFRACTORY LLC","robots":{"index":"noindex","follow":"follow","max-snippet":"max-snippet:-1","max-image-preview":"max-image-preview:large","max-video-preview":"max-video-preview:-1"},"og_locale":"tr_TR","og_type":"article","og_title":"\u0130SG Politikam\u0131z - ALPHA REFRACTORY LLC","og_description":"Home Sayfa Alpha Refractory LLC olarak, \u201cD\u00fcnyaya Sayg\u0131l\u0131, D\u00fcnyada Sayg\u0131n\u201d vizyonumuz do\u011frultusunda, faaliyet g\u00f6sterdi\u011fimiz t\u00fcm alanlarda g\u00fcvenli, sa\u011fl\u0131kl\u0131 ve s\u00fcrd\u00fcr\u00fclebilir bir \u00e7al\u0131\u015fma ortam\u0131 olu\u015fturmay\u0131 temel ilke ediniyoruz. \u0130\u015f Sa\u011fl\u0131\u011f\u0131 ve G\u00fcvenli\u011fi (\u0130SG) Y\u00f6netim Sistemimiz kapsam\u0131nda, \u00e7al\u0131\u015fanlar\u0131m\u0131z\u0131n ve t\u00fcm payda\u015flar\u0131m\u0131z\u0131n fiziksel ve ruhsal b\u00fct\u00fcnl\u00fc\u011f\u00fcn\u00fc korumak i\u00e7in en uygun y\u00f6ntemleri belirlemeyi, uygulamay\u0131 ve s\u00fcrekli geli\u015ftirmeyi taahh\u00fct ediyoruz. [&hellip;]","og_url":"https:\/\/alpharefractoryllc.com\/tr\/tr\/kurumsal\/isg-politikamiz\/","og_site_name":"ALPHA REFRACTORY LLC","article_modified_time":"2025-03-22T01:09:19+00:00","twitter_card":"summary_large_image","twitter_misc":{"Tahmini okuma s\u00fcresi":"3 dakika"},"schema":{"@context":"https:\/\/schema.org","@graph":[{"@type":"WebPage","@id":"https:\/\/alpharefractoryllc.com\/tr\/tr\/kurumsal\/isg-politikamiz\/","url":"https:\/\/alpharefractoryllc.com\/tr\/tr\/kurumsal\/isg-politikamiz\/","name":"\u0130SG Politikam\u0131z - ALPHA REFRACTORY LLC","isPartOf":{"@id":"https:\/\/alpharefractoryllc.com\/tr\/#website"},"primaryImageOfPage":{"@id":"https:\/\/alpharefractoryllc.com\/tr\/tr\/kurumsal\/isg-politikamiz\/#primaryimage"},"image":{"@id":"https:\/\/alpharefractoryllc.com\/tr\/tr\/kurumsal\/isg-politikamiz\/#primaryimage"},"thumbnailUrl":"https:\/\/alpharefractoryllc.com\/tr\/wp-content\/uploads\/2025\/02\/logotop.svg","datePublished":"2025-03-22T00:16:37+00:00","dateModified":"2025-03-22T01:09:19+00:00","breadcrumb":{"@id":"https:\/\/alpharefractoryllc.com\/tr\/tr\/kurumsal\/isg-politikamiz\/#breadcrumb"},"inLanguage":"tr","potentialAction":[{"@type":"ReadAction","target":["https:\/\/alpharefractoryllc.com\/tr\/tr\/kurumsal\/isg-politikamiz\/"]}]},{"@type":"ImageObject","inLanguage":"tr","@id":"https:\/\/alpharefractoryllc.com\/tr\/tr\/kurumsal\/isg-politikamiz\/#primaryimage","url":"https:\/\/alpharefractoryllc.com\/tr\/wp-content\/uploads\/2025\/02\/logotop.svg","contentUrl":"https:\/\/alpharefractoryllc.com\/tr\/wp-content\/uploads\/2025\/02\/logotop.svg","width":4193,"height":3892},{"@type":"BreadcrumbList","@id":"https:\/\/alpharefractoryllc.com\/tr\/tr\/kurumsal\/isg-politikamiz\/#breadcrumb","itemListElement":[{"@type":"ListItem","position":1,"name":"Home","item":"https:\/\/alpharefractoryllc.com\/tr\/"},{"@type":"ListItem","position":2,"name":"Kurumsal","item":"https:\/\/alpharefractoryllc.com\/tr\/tr\/kurumsal\/"},{"@type":"ListItem","position":3,"name":"\u0130SG Politikam\u0131z"}]},{"@type":"WebSite","@id":"https:\/\/alpharefractoryllc.com\/tr\/#website","url":"https:\/\/alpharefractoryllc.com\/tr\/","name":"ALPHA REFRACTORY LLC","description":"Uluslararas\u0131 Deneyim, \u00dcst\u00fcn Kalite","potentialAction":[{"@type":"SearchAction","target":{"@type":"EntryPoint","urlTemplate":"https:\/\/alpharefractoryllc.com\/tr\/?s={search_term_string}"},"query-input":{"@type":"PropertyValueSpecification","valueRequired":true,"valueName":"search_term_string"}}],"inLanguage":"tr"}]}},"_links":{"self":[{"href":"https:\/\/alpharefractoryllc.com\/tr\/wp-json\/wp\/v2\/pages\/18917","targetHints":{"allow":["GET"]}}],"collection":[{"href":"https:\/\/alpharefractoryllc.com\/tr\/wp-json\/wp\/v2\/pages"}],"about":[{"href":"https:\/\/alpharefractoryllc.com\/tr\/wp-json\/wp\/v2\/types\/page"}],"author":[{"embeddable":true,"href":"https:\/\/alpharefractoryllc.com\/tr\/wp-json\/wp\/v2\/users\/1"}],"replies":[{"embeddable":true,"href":"https:\/\/alpharefractoryllc.com\/tr\/wp-json\/wp\/v2\/comments?post=18917"}],"version-history":[{"count":16,"href":"https:\/\/alpharefractoryllc.com\/tr\/wp-json\/wp\/v2\/pages\/18917\/revisions"}],"predecessor-version":[{"id":19061,"href":"https:\/\/alpharefractoryllc.com\/tr\/wp-json\/wp\/v2\/pages\/18917\/revisions\/19061"}],"up":[{"embeddable":true,"href":"https:\/\/alpharefractoryllc.com\/tr\/wp-json\/wp\/v2\/pages\/19011"}],"wp:attachment":[{"href":"https:\/\/alpharefractoryllc.com\/tr\/wp-json\/wp\/v2\/media?parent=18917"}],"curies":[{"name":"wp","href":"https:\/\/api.w.org\/{rel}","templated":true}]}}