{"id":18911,"date":"2025-03-22T00:14:21","date_gmt":"2025-03-22T00:14:21","guid":{"rendered":"https:\/\/alpharefractoryllc.com\/tr\/?page_id=18911"},"modified":"2025-03-22T01:09:09","modified_gmt":"2025-03-22T01:09:09","slug":"cevre-politikamiz","status":"publish","type":"page","link":"https:\/\/alpharefractoryllc.com\/tr\/kurumsal\/cevre-politikamiz\/","title":{"rendered":"\u00c7evre Politikam\u0131z"},"content":{"rendered":"\t\t<div data-elementor-type=\"wp-page\" data-elementor-id=\"18911\" class=\"elementor elementor-18911\">\n\t\t\t\t\t\t<section class=\"elementor-section elementor-top-section elementor-element elementor-element-2f1069a elementor-section-full_width elementor-section-height-min-height elementor-section-items-bottom elementor-section-height-default\" data-id=\"2f1069a\" data-element_type=\"section\" data-settings=\"{&quot;background_background&quot;:&quot;classic&quot;}\">\n\t\t\t\t\t\t\t<div class=\"elementor-background-overlay\"><\/div>\n\t\t\t\t\t\t\t<div class=\"elementor-container elementor-column-gap-no\">\n\t\t\t\t\t<div class=\"elementor-column elementor-col-100 elementor-top-column elementor-element elementor-element-3566761\" data-id=\"3566761\" data-element_type=\"column\" data-settings=\"{&quot;background_background&quot;:&quot;classic&quot;}\">\n\t\t\t<div class=\"elementor-widget-wrap elementor-element-populated\">\n\t\t\t\t\t<div class=\"elementor-background-overlay\"><\/div>\n\t\t\t\t\t\t<div class=\"elementor-element elementor-element-e199b9f elementor-widget elementor-widget-infetech_elementor_header_banner\" data-id=\"e199b9f\" data-element_type=\"widget\" data-widget_type=\"infetech_elementor_header_banner.default\">\n\t\t\t\t<div class=\"elementor-widget-container\">\n\t\t\t\t\t\t\t \t<!-- Display when you choose background per Post -->\n\t\t \t<div class=\"wrap_header_banner   \"  >\n\n\t\t \t\t\t\t\t \t\n\t\t\t\t \t<div class=\"cover_color\"><\/div>\n\n\t\t\t\t\t<div class=\"header_banner_el \">\n\t\t\t\t\t\t\n\t\t\t\t\t\t\t\t\t\t\t\t\t\n\t\t\t\t\t\t\t\n\t\t\t\t\t\t\t\t\t\t\t\t\t\t<h1 class=\" header_title\">\n\t\t\t\t\t\t\t\t\t\t\t\t\t\t\t<\/h1>\n\t\t\t\t\t\t\t\t\n\t\t\t\t\t\t\n\n\t\t\t\t\t\t\t\t\t\t\t\t\t<div class=\"header_breadcrumbs\">\n\t\t\t\t\t\t\t\t<div id=\"breadcrumbs\"><ul class=\"breadcrumb\"><li><a href=\"https:\/\/alpharefractoryllc.com\/tr\/\" title=\"Home\">Home<\/a><\/li> <li class=\"li_separator\"><span class=\"separator\"><i class=\"ovaicon-next\"><\/i><\/span><\/li><li>Sayfa<\/li><\/ul><\/div>\t\t\t\t\t\t\t<\/div>\n\t\t\t\t\t\t\n\t\t\t\t\t<\/div>\n\n\t\t\t\t\n\t\t\t<\/div>\n\t\t\t\t\t\t<\/div>\n\t\t\t\t<\/div>\n\t\t\t\t\t<\/div>\n\t\t<\/div>\n\t\t\t\t\t<\/div>\n\t\t<\/section>\n\t\t<div class=\"elementor-element elementor-element-1c99e83 e-con-full e-flex e-con e-parent\" data-id=\"1c99e83\" data-element_type=\"container\">\n\t\t<div class=\"elementor-element elementor-element-3befef9 e-con-full e-flex e-con e-child\" data-id=\"3befef9\" data-element_type=\"container\">\n\t\t\t\t<div class=\"elementor-element elementor-element-8cc5da2 elementor-widget elementor-widget-text-editor\" data-id=\"8cc5da2\" data-element_type=\"widget\" data-widget_type=\"text-editor.default\">\n\t\t\t\t<div class=\"elementor-widget-container\">\n\t\t\t\t\t\t\t\t\t<p data-start=\"27\" data-end=\"516\"><strong data-start=\"27\" data-end=\"51\">Alpha Refractory LLC<\/strong> olarak, \u00e7evreye duyarl\u0131 ve s\u00fcrd\u00fcr\u00fclebilir \u00fcretimi temel alan bir yakla\u015f\u0131mla hareket ediyoruz. \u201cD\u00fcnyaya Sayg\u0131l\u0131, D\u00fcnyada Lider\u201d vizyonumuz do\u011frultusunda, yaln\u0131zca \u00e7evresel yasal gereklilikleri yerine getirmekle yetinmeyip, \u00e7evre y\u00f6netimi alan\u0131nda sekt\u00f6r\u00fcm\u00fczde \u00f6nc\u00fc olmay\u0131 hedefliyoruz. \u00c7evresel etkilerimizi minimuma indirmek, do\u011fal kaynaklar\u0131 verimli kullanmak ve gelecek nesillere ya\u015fanabilir bir d\u00fcnya b\u0131rakmak, kurumsal sorumlulu\u011fumuzun ayr\u0131lmaz bir par\u00e7as\u0131d\u0131r.<\/p><p data-start=\"518\" data-end=\"560\"><strong data-start=\"518\" data-end=\"560\">Kurumsal \u00c7evre Politikam\u0131z kapsam\u0131nda:<\/strong><\/p><ul data-start=\"562\" data-end=\"1426\"><li data-start=\"562\" data-end=\"707\">\u00c7evre standartlar\u0131m\u0131z\u0131 yaln\u0131zca yasal zorunluluklarla s\u0131n\u0131rl\u0131 tutmay\u0131p, daha ileri seviyede uygulama ve geli\u015ftirme hedefiyle \u015fekillendiririz.<\/li><li data-start=\"708\" data-end=\"827\">\u0130\u015fletmeler aras\u0131 bilgi ve deneyim payla\u015f\u0131m\u0131n\u0131 te\u015fvik ederek \u00e7evre alan\u0131nda m\u00fckemmellik d\u00fczeyine ula\u015fmay\u0131 ama\u00e7lar\u0131z.<\/li><li data-start=\"828\" data-end=\"963\">T\u00fcm faaliyetlerimizde \u00f6nleyici \u00e7evre y\u00f6netimi yakla\u015f\u0131m\u0131n\u0131 benimseyerek \u00e7evresel performans\u0131m\u0131z\u0131 s\u00fcrekli geli\u015ftirmeyi ilke ediniriz.<\/li><li data-start=\"964\" data-end=\"1083\">Faaliyetlerimizden kaynakl\u0131 \u00e7evresel riskleri \u00f6nceden belirler, kontrol alt\u0131na al\u0131r ve sistematik olarak y\u00f6netiriz.<\/li><li data-start=\"1084\" data-end=\"1200\">Ula\u015f\u0131labilir en iyi \u00fcretim tekniklerini takip eder, \u00fcretim s\u00fcre\u00e7lerimize bu teknikleri entegre etmeye \u00e7al\u0131\u015f\u0131r\u0131z.<\/li><li data-start=\"1201\" data-end=\"1316\">\u00c7evresel geli\u015fmeleri yak\u0131ndan izleyerek bunlar\u0131 i\u015f f\u0131rsatlar\u0131na d\u00f6n\u00fc\u015ft\u00fcr\u00fcrken s\u00fcrd\u00fcr\u00fclebilirli\u011fe katk\u0131 sunar\u0131z.<\/li><li data-start=\"1317\" data-end=\"1426\">Toplumun \u00e7evre bilincini geli\u015ftirmeye y\u00f6nelik bilgi payla\u015f\u0131m\u0131 ve bilin\u00e7lendirme faaliyetlerini destekleriz.<\/li><\/ul><p data-start=\"1428\" data-end=\"1490\"><strong data-start=\"1428\" data-end=\"1490\">Topluluk \u0130\u00e7i \u00c7evre Politikas\u0131 Gereklilikleri \u00e7er\u00e7evesinde:<\/strong><\/p><ul data-start=\"1492\" data-end=\"2841\"><li data-start=\"1492\" data-end=\"1575\">\u00c7evre yasalar\u0131 ve y\u00fcr\u00fcrl\u00fckteki t\u00fcm di\u011fer yasal \u015fartlara eksiksiz uyum sa\u011flar\u0131z.<\/li><li data-start=\"1576\" data-end=\"1713\">Yasal sorumluluklar\u0131n \u00f6tesine ge\u00e7en \u00e7evre uygulamalar\u0131 ger\u00e7ekle\u015ftirir, uygunlu\u011fu kontrol etmek i\u00e7in i\u00e7 denetim mekanizmalar\u0131 kurar\u0131z.<\/li><li data-start=\"1714\" data-end=\"1890\">T\u00fcm \u00e7evresel etkilerimizi tan\u0131mlar, bu etkiler i\u00e7in somut hedefler ve izleme sistematikleri olu\u015fturur, s\u00fcrekli iyile\u015ftirme yakla\u015f\u0131m\u0131 do\u011frultusunda gerekli \u00f6nlemleri al\u0131r\u0131z.<\/li><li data-start=\"1891\" data-end=\"2049\">Enerji kullan\u0131m\u0131, at\u0131k y\u00f6netimi ve do\u011fal kaynaklar\u0131n t\u00fcketimi gibi alanlarda hedefler belirleyerek bu hedeflere ula\u015fmak i\u00e7in performans \u00f6l\u00e7\u00fcmleri yapar\u0131z.<\/li><li data-start=\"2050\" data-end=\"2264\">Topluluk i\u00e7indeki altyap\u0131, teknoloji, finansal ve insan kaynaklar\u0131n\u0131n kullan\u0131m\u0131n\u0131 etkin \u015fekilde y\u00f6netir; \u00e7al\u0131\u015fanlar\u0131m\u0131z\u0131n \u00e7evre bilincini geli\u015ftirmek i\u00e7in d\u00fczenli e\u011fitimler ve fark\u0131ndal\u0131k \u00e7al\u0131\u015fmalar\u0131 y\u00fcr\u00fct\u00fcr\u00fcz.<\/li><li data-start=\"2265\" data-end=\"2414\">Uygulamalar\u0131m\u0131zda sistematiklik sa\u011flayarak, \u00e7evresel verilerin \u015feffaf ve yal\u0131n \u015fekilde raporlanmas\u0131n\u0131 esas al\u0131r, bilgiye eri\u015fimi kolayla\u015ft\u0131r\u0131r\u0131z.<\/li><li data-start=\"2415\" data-end=\"2516\">\u0130\u015fletmeler aras\u0131 sinerji yaratarak, \u00e7evresel uygulamalarda b\u00fct\u00fcnsel bir bak\u0131\u015f a\u00e7\u0131s\u0131n\u0131 benimseriz.<\/li><li data-start=\"2517\" data-end=\"2668\">\u00c7evreye zarar verebilecek her t\u00fcrl\u00fc riski proaktif bir yakla\u015f\u0131mla \u00f6nceden tespit eder, bunlara kar\u015f\u0131 zaman\u0131nda, eksiksiz ve etkili \u00f6nlemler al\u0131r\u0131z.<\/li><li data-start=\"2669\" data-end=\"2841\">\u00dcr\u00fcnlerimizin ve m\u00fchendislik dan\u0131\u015fmanl\u0131k hizmetlerimizin \u00e7evresel etkilerini de g\u00f6z \u00f6n\u00fcnde bulundurarak, kaliteli \u00fcr\u00fcn ile temiz \u00fcretim teknolojilerini bir arada sunar\u0131z.<\/li><\/ul><p data-start=\"2843\" data-end=\"3078\" data-is-last-node=\"\" data-is-only-node=\"\"><strong data-start=\"2843\" data-end=\"2874\">Alpha Refractory LLC olarak<\/strong>, \u00e7evresel performans\u0131m\u0131z\u0131 s\u00fcrekli g\u00f6zden ge\u00e7irerek iyile\u015ftirmeyi, do\u011faya sayg\u0131l\u0131 \u00fcretim anlay\u0131\u015f\u0131n\u0131 kurum k\u00fclt\u00fcr\u00fcm\u00fcz\u00fcn temeline yerle\u015ftirmeyi ve \u00e7evre dostu \u00e7\u00f6z\u00fcmlerle sanayiye de\u011fer katmay\u0131 s\u00fcrd\u00fcrece\u011fiz.<\/p>\t\t\t\t\t\t\t\t<\/div>\n\t\t\t\t<\/div>\n\t\t\t\t<div class=\"elementor-element elementor-element-b9ccf20 elementor-hidden-tablet elementor-hidden-mobile elementor-widget elementor-widget-image\" data-id=\"b9ccf20\" data-element_type=\"widget\" data-widget_type=\"image.default\">\n\t\t\t\t<div class=\"elementor-widget-container\">\n\t\t\t\t\t\t\t\t\t\t\t\t\t\t\t<img fetchpriority=\"high\" decoding=\"async\" width=\"4193\" height=\"3892\" src=\"https:\/\/alpharefractoryllc.com\/tr\/wp-content\/uploads\/2025\/02\/logotop.svg\" class=\"attachment-large size-large wp-image-17957\" alt=\"\" \/>\t\t\t\t\t\t\t\t\t\t\t\t\t\t\t<\/div>\n\t\t\t\t<\/div>\n\t\t\t\t<\/div>\n\t\t\t\t<\/div>\n\t\t\t\t<\/div>\n\t\t","protected":false},"excerpt":{"rendered":"<p>Home Sayfa Alpha Refractory LLC olarak, \u00e7evreye duyarl\u0131 ve s\u00fcrd\u00fcr\u00fclebilir \u00fcretimi temel alan bir yakla\u015f\u0131mla hareket ediyoruz. \u201cD\u00fcnyaya Sayg\u0131l\u0131, D\u00fcnyada Lider\u201d vizyonumuz do\u011frultusunda, yaln\u0131zca \u00e7evresel yasal gereklilikleri yerine getirmekle yetinmeyip, \u00e7evre y\u00f6netimi alan\u0131nda sekt\u00f6r\u00fcm\u00fczde \u00f6nc\u00fc olmay\u0131 hedefliyoruz. \u00c7evresel etkilerimizi minimuma indirmek, do\u011fal kaynaklar\u0131 verimli kullanmak ve gelecek nesillere ya\u015fanabilir bir d\u00fcnya b\u0131rakmak, kurumsal sorumlulu\u011fumuzun ayr\u0131lmaz [&hellip;]<\/p>\n","protected":false},"author":1,"featured_media":0,"parent":19011,"menu_order":0,"comment_status":"closed","ping_status":"closed","template":"elementor_header_footer","meta":{"footnotes":""},"class_list":["post-18911","page","type-page","status-publish","hentry"],"yoast_head":"<!-- This site is optimized with the Yoast SEO plugin v24.9 - https:\/\/yoast.com\/wordpress\/plugins\/seo\/ -->\n<title>\u00c7evre Politikam\u0131z - ALPHA REFRACTORY LLC<\/title>\n<meta name=\"robots\" content=\"noindex, follow, max-snippet:-1, max-image-preview:large, max-video-preview:-1\" \/>\n<meta property=\"og:locale\" content=\"tr_TR\" \/>\n<meta property=\"og:type\" content=\"article\" \/>\n<meta property=\"og:title\" content=\"\u00c7evre Politikam\u0131z - ALPHA REFRACTORY LLC\" \/>\n<meta property=\"og:description\" content=\"Home Sayfa Alpha Refractory LLC olarak, \u00e7evreye duyarl\u0131 ve s\u00fcrd\u00fcr\u00fclebilir \u00fcretimi temel alan bir yakla\u015f\u0131mla hareket ediyoruz. \u201cD\u00fcnyaya Sayg\u0131l\u0131, D\u00fcnyada Lider\u201d vizyonumuz do\u011frultusunda, yaln\u0131zca \u00e7evresel yasal gereklilikleri yerine getirmekle yetinmeyip, \u00e7evre y\u00f6netimi alan\u0131nda sekt\u00f6r\u00fcm\u00fczde \u00f6nc\u00fc olmay\u0131 hedefliyoruz. \u00c7evresel etkilerimizi minimuma indirmek, do\u011fal kaynaklar\u0131 verimli kullanmak ve gelecek nesillere ya\u015fanabilir bir d\u00fcnya b\u0131rakmak, kurumsal sorumlulu\u011fumuzun ayr\u0131lmaz [&hellip;]\" \/>\n<meta property=\"og:url\" content=\"https:\/\/alpharefractoryllc.com\/tr\/tr\/kurumsal\/cevre-politikamiz\/\" \/>\n<meta property=\"og:site_name\" content=\"ALPHA REFRACTORY LLC\" \/>\n<meta property=\"article:modified_time\" content=\"2025-03-22T01:09:09+00:00\" \/>\n<meta name=\"twitter:card\" content=\"summary_large_image\" \/>\n<meta name=\"twitter:label1\" content=\"Tahmini okuma s\u00fcresi\" \/>\n\t<meta name=\"twitter:data1\" content=\"3 dakika\" \/>\n<script type=\"application\/ld+json\" class=\"yoast-schema-graph\">{\"@context\":\"https:\/\/schema.org\",\"@graph\":[{\"@type\":\"WebPage\",\"@id\":\"https:\/\/alpharefractoryllc.com\/tr\/tr\/kurumsal\/cevre-politikamiz\/\",\"url\":\"https:\/\/alpharefractoryllc.com\/tr\/tr\/kurumsal\/cevre-politikamiz\/\",\"name\":\"\u00c7evre Politikam\u0131z - ALPHA REFRACTORY LLC\",\"isPartOf\":{\"@id\":\"https:\/\/alpharefractoryllc.com\/tr\/#website\"},\"primaryImageOfPage\":{\"@id\":\"https:\/\/alpharefractoryllc.com\/tr\/tr\/kurumsal\/cevre-politikamiz\/#primaryimage\"},\"image\":{\"@id\":\"https:\/\/alpharefractoryllc.com\/tr\/tr\/kurumsal\/cevre-politikamiz\/#primaryimage\"},\"thumbnailUrl\":\"https:\/\/alpharefractoryllc.com\/tr\/wp-content\/uploads\/2025\/02\/logotop.svg\",\"datePublished\":\"2025-03-22T00:14:21+00:00\",\"dateModified\":\"2025-03-22T01:09:09+00:00\",\"breadcrumb\":{\"@id\":\"https:\/\/alpharefractoryllc.com\/tr\/tr\/kurumsal\/cevre-politikamiz\/#breadcrumb\"},\"inLanguage\":\"tr\",\"potentialAction\":[{\"@type\":\"ReadAction\",\"target\":[\"https:\/\/alpharefractoryllc.com\/tr\/tr\/kurumsal\/cevre-politikamiz\/\"]}]},{\"@type\":\"ImageObject\",\"inLanguage\":\"tr\",\"@id\":\"https:\/\/alpharefractoryllc.com\/tr\/tr\/kurumsal\/cevre-politikamiz\/#primaryimage\",\"url\":\"https:\/\/alpharefractoryllc.com\/tr\/wp-content\/uploads\/2025\/02\/logotop.svg\",\"contentUrl\":\"https:\/\/alpharefractoryllc.com\/tr\/wp-content\/uploads\/2025\/02\/logotop.svg\",\"width\":4193,\"height\":3892},{\"@type\":\"BreadcrumbList\",\"@id\":\"https:\/\/alpharefractoryllc.com\/tr\/tr\/kurumsal\/cevre-politikamiz\/#breadcrumb\",\"itemListElement\":[{\"@type\":\"ListItem\",\"position\":1,\"name\":\"Home\",\"item\":\"https:\/\/alpharefractoryllc.com\/tr\/\"},{\"@type\":\"ListItem\",\"position\":2,\"name\":\"Kurumsal\",\"item\":\"https:\/\/alpharefractoryllc.com\/tr\/tr\/kurumsal\/\"},{\"@type\":\"ListItem\",\"position\":3,\"name\":\"\u00c7evre Politikam\u0131z\"}]},{\"@type\":\"WebSite\",\"@id\":\"https:\/\/alpharefractoryllc.com\/tr\/#website\",\"url\":\"https:\/\/alpharefractoryllc.com\/tr\/\",\"name\":\"ALPHA REFRACTORY LLC\",\"description\":\"Uluslararas\u0131 Deneyim, \u00dcst\u00fcn Kalite\",\"potentialAction\":[{\"@type\":\"SearchAction\",\"target\":{\"@type\":\"EntryPoint\",\"urlTemplate\":\"https:\/\/alpharefractoryllc.com\/tr\/?s={search_term_string}\"},\"query-input\":{\"@type\":\"PropertyValueSpecification\",\"valueRequired\":true,\"valueName\":\"search_term_string\"}}],\"inLanguage\":\"tr\"}]}<\/script>\n<!-- \/ Yoast SEO plugin. -->","yoast_head_json":{"title":"\u00c7evre Politikam\u0131z - ALPHA REFRACTORY LLC","robots":{"index":"noindex","follow":"follow","max-snippet":"max-snippet:-1","max-image-preview":"max-image-preview:large","max-video-preview":"max-video-preview:-1"},"og_locale":"tr_TR","og_type":"article","og_title":"\u00c7evre Politikam\u0131z - ALPHA REFRACTORY LLC","og_description":"Home Sayfa Alpha Refractory LLC olarak, \u00e7evreye duyarl\u0131 ve s\u00fcrd\u00fcr\u00fclebilir \u00fcretimi temel alan bir yakla\u015f\u0131mla hareket ediyoruz. \u201cD\u00fcnyaya Sayg\u0131l\u0131, D\u00fcnyada Lider\u201d vizyonumuz do\u011frultusunda, yaln\u0131zca \u00e7evresel yasal gereklilikleri yerine getirmekle yetinmeyip, \u00e7evre y\u00f6netimi alan\u0131nda sekt\u00f6r\u00fcm\u00fczde \u00f6nc\u00fc olmay\u0131 hedefliyoruz. \u00c7evresel etkilerimizi minimuma indirmek, do\u011fal kaynaklar\u0131 verimli kullanmak ve gelecek nesillere ya\u015fanabilir bir d\u00fcnya b\u0131rakmak, kurumsal sorumlulu\u011fumuzun ayr\u0131lmaz [&hellip;]","og_url":"https:\/\/alpharefractoryllc.com\/tr\/tr\/kurumsal\/cevre-politikamiz\/","og_site_name":"ALPHA REFRACTORY LLC","article_modified_time":"2025-03-22T01:09:09+00:00","twitter_card":"summary_large_image","twitter_misc":{"Tahmini okuma s\u00fcresi":"3 dakika"},"schema":{"@context":"https:\/\/schema.org","@graph":[{"@type":"WebPage","@id":"https:\/\/alpharefractoryllc.com\/tr\/tr\/kurumsal\/cevre-politikamiz\/","url":"https:\/\/alpharefractoryllc.com\/tr\/tr\/kurumsal\/cevre-politikamiz\/","name":"\u00c7evre Politikam\u0131z - ALPHA REFRACTORY LLC","isPartOf":{"@id":"https:\/\/alpharefractoryllc.com\/tr\/#website"},"primaryImageOfPage":{"@id":"https:\/\/alpharefractoryllc.com\/tr\/tr\/kurumsal\/cevre-politikamiz\/#primaryimage"},"image":{"@id":"https:\/\/alpharefractoryllc.com\/tr\/tr\/kurumsal\/cevre-politikamiz\/#primaryimage"},"thumbnailUrl":"https:\/\/alpharefractoryllc.com\/tr\/wp-content\/uploads\/2025\/02\/logotop.svg","datePublished":"2025-03-22T00:14:21+00:00","dateModified":"2025-03-22T01:09:09+00:00","breadcrumb":{"@id":"https:\/\/alpharefractoryllc.com\/tr\/tr\/kurumsal\/cevre-politikamiz\/#breadcrumb"},"inLanguage":"tr","potentialAction":[{"@type":"ReadAction","target":["https:\/\/alpharefractoryllc.com\/tr\/tr\/kurumsal\/cevre-politikamiz\/"]}]},{"@type":"ImageObject","inLanguage":"tr","@id":"https:\/\/alpharefractoryllc.com\/tr\/tr\/kurumsal\/cevre-politikamiz\/#primaryimage","url":"https:\/\/alpharefractoryllc.com\/tr\/wp-content\/uploads\/2025\/02\/logotop.svg","contentUrl":"https:\/\/alpharefractoryllc.com\/tr\/wp-content\/uploads\/2025\/02\/logotop.svg","width":4193,"height":3892},{"@type":"BreadcrumbList","@id":"https:\/\/alpharefractoryllc.com\/tr\/tr\/kurumsal\/cevre-politikamiz\/#breadcrumb","itemListElement":[{"@type":"ListItem","position":1,"name":"Home","item":"https:\/\/alpharefractoryllc.com\/tr\/"},{"@type":"ListItem","position":2,"name":"Kurumsal","item":"https:\/\/alpharefractoryllc.com\/tr\/tr\/kurumsal\/"},{"@type":"ListItem","position":3,"name":"\u00c7evre Politikam\u0131z"}]},{"@type":"WebSite","@id":"https:\/\/alpharefractoryllc.com\/tr\/#website","url":"https:\/\/alpharefractoryllc.com\/tr\/","name":"ALPHA REFRACTORY LLC","description":"Uluslararas\u0131 Deneyim, \u00dcst\u00fcn Kalite","potentialAction":[{"@type":"SearchAction","target":{"@type":"EntryPoint","urlTemplate":"https:\/\/alpharefractoryllc.com\/tr\/?s={search_term_string}"},"query-input":{"@type":"PropertyValueSpecification","valueRequired":true,"valueName":"search_term_string"}}],"inLanguage":"tr"}]}},"_links":{"self":[{"href":"https:\/\/alpharefractoryllc.com\/tr\/wp-json\/wp\/v2\/pages\/18911","targetHints":{"allow":["GET"]}}],"collection":[{"href":"https:\/\/alpharefractoryllc.com\/tr\/wp-json\/wp\/v2\/pages"}],"about":[{"href":"https:\/\/alpharefractoryllc.com\/tr\/wp-json\/wp\/v2\/types\/page"}],"author":[{"embeddable":true,"href":"https:\/\/alpharefractoryllc.com\/tr\/wp-json\/wp\/v2\/users\/1"}],"replies":[{"embeddable":true,"href":"https:\/\/alpharefractoryllc.com\/tr\/wp-json\/wp\/v2\/comments?post=18911"}],"version-history":[{"count":7,"href":"https:\/\/alpharefractoryllc.com\/tr\/wp-json\/wp\/v2\/pages\/18911\/revisions"}],"predecessor-version":[{"id":19055,"href":"https:\/\/alpharefractoryllc.com\/tr\/wp-json\/wp\/v2\/pages\/18911\/revisions\/19055"}],"up":[{"embeddable":true,"href":"https:\/\/alpharefractoryllc.com\/tr\/wp-json\/wp\/v2\/pages\/19011"}],"wp:attachment":[{"href":"https:\/\/alpharefractoryllc.com\/tr\/wp-json\/wp\/v2\/media?parent=18911"}],"curies":[{"name":"wp","href":"https:\/\/api.w.org\/{rel}","templated":true}]}}