{"id":18902,"date":"2025-03-22T00:11:28","date_gmt":"2025-03-22T00:11:28","guid":{"rendered":"https:\/\/alpharefractoryllc.com\/tr\/?page_id=18902"},"modified":"2025-03-22T01:09:22","modified_gmt":"2025-03-22T01:09:22","slug":"kalite-politikamiz","status":"publish","type":"page","link":"https:\/\/alpharefractoryllc.com\/tr\/kurumsal\/kalite-politikamiz\/","title":{"rendered":"Kalite Politikam\u0131z"},"content":{"rendered":"\t\t<div data-elementor-type=\"wp-page\" data-elementor-id=\"18902\" class=\"elementor elementor-18902\">\n\t\t\t\t\t\t<section class=\"elementor-section elementor-top-section elementor-element elementor-element-2f1069a elementor-section-full_width elementor-section-height-min-height elementor-section-items-bottom elementor-section-height-default\" data-id=\"2f1069a\" data-element_type=\"section\" data-settings=\"{&quot;background_background&quot;:&quot;classic&quot;}\">\n\t\t\t\t\t\t\t<div class=\"elementor-background-overlay\"><\/div>\n\t\t\t\t\t\t\t<div class=\"elementor-container elementor-column-gap-no\">\n\t\t\t\t\t<div class=\"elementor-column elementor-col-100 elementor-top-column elementor-element elementor-element-3566761\" data-id=\"3566761\" data-element_type=\"column\" data-settings=\"{&quot;background_background&quot;:&quot;classic&quot;}\">\n\t\t\t<div class=\"elementor-widget-wrap elementor-element-populated\">\n\t\t\t\t\t<div class=\"elementor-background-overlay\"><\/div>\n\t\t\t\t\t\t<div class=\"elementor-element elementor-element-e199b9f elementor-widget elementor-widget-infetech_elementor_header_banner\" data-id=\"e199b9f\" data-element_type=\"widget\" data-widget_type=\"infetech_elementor_header_banner.default\">\n\t\t\t\t<div class=\"elementor-widget-container\">\n\t\t\t\t\t\t\t \t<!-- Display when you choose background per Post -->\n\t\t \t<div class=\"wrap_header_banner   \"  >\n\n\t\t \t\t\t\t\t \t\n\t\t\t\t \t<div class=\"cover_color\"><\/div>\n\n\t\t\t\t\t<div class=\"header_banner_el \">\n\t\t\t\t\t\t\n\t\t\t\t\t\t\t\t\t\t\t\t\t\n\t\t\t\t\t\t\t\n\t\t\t\t\t\t\t\t\t\t\t\t\t\t<h1 class=\" header_title\">\n\t\t\t\t\t\t\t\t\t\t\t\t\t\t\t<\/h1>\n\t\t\t\t\t\t\t\t\n\t\t\t\t\t\t\n\n\t\t\t\t\t\t\t\t\t\t\t\t\t<div class=\"header_breadcrumbs\">\n\t\t\t\t\t\t\t\t<div id=\"breadcrumbs\"><ul class=\"breadcrumb\"><li><a href=\"https:\/\/alpharefractoryllc.com\/tr\/\" title=\"Home\">Home<\/a><\/li> <li class=\"li_separator\"><span class=\"separator\"><i class=\"ovaicon-next\"><\/i><\/span><\/li><li>Sayfa<\/li><\/ul><\/div>\t\t\t\t\t\t\t<\/div>\n\t\t\t\t\t\t\n\t\t\t\t\t<\/div>\n\n\t\t\t\t\n\t\t\t<\/div>\n\t\t\t\t\t\t<\/div>\n\t\t\t\t<\/div>\n\t\t\t\t\t<\/div>\n\t\t<\/div>\n\t\t\t\t\t<\/div>\n\t\t<\/section>\n\t\t<div class=\"elementor-element elementor-element-1c99e83 e-con-full e-flex e-con e-parent\" data-id=\"1c99e83\" data-element_type=\"container\">\n\t\t<div class=\"elementor-element elementor-element-3befef9 e-con-full e-flex e-con e-child\" data-id=\"3befef9\" data-element_type=\"container\">\n\t\t\t\t<div class=\"elementor-element elementor-element-8cc5da2 elementor-widget elementor-widget-text-editor\" data-id=\"8cc5da2\" data-element_type=\"widget\" data-widget_type=\"text-editor.default\">\n\t\t\t\t<div class=\"elementor-widget-container\">\n\t\t\t\t\t\t\t\t\t<p data-start=\"28\" data-end=\"479\"><strong data-start=\"28\" data-end=\"52\">Alpha Refractory LLC<\/strong> ailesi olarak, \u201c<strong data-start=\"69\" data-end=\"103\">D\u00fcnyaya Sayg\u0131l\u0131, D\u00fcnyada Lider<\/strong>\u201d vizyonumuz do\u011frultusunda; kaliteli \u00fcretimi yaln\u0131zca bir hedef de\u011fil, ayn\u0131 zamanda s\u00fcrd\u00fcr\u00fclebilir ba\u015far\u0131m\u0131z\u0131n temeli olarak g\u00f6rmekteyiz. Amac\u0131m\u0131z, m\u00fc\u015fterilerimizin kaliteye dair t\u00fcm beklentilerini a\u015fan, <strong data-start=\"307\" data-end=\"350\">dayan\u0131kl\u0131, g\u00fcvenli ve g\u00fcvenilir \u00fcr\u00fcnler<\/strong> geli\u015ftirmek, \u00fcretim s\u00fcre\u00e7lerimizi en y\u00fcksek standartlarda y\u00fcr\u00fctmek ve sat\u0131\u015f sonras\u0131 hizmetlerde maksimum memnuniyet sa\u011flamakt\u0131r.<\/p><p data-start=\"481\" data-end=\"763\">T\u00fcm faaliyet alanlar\u0131m\u0131zda, <strong data-start=\"509\" data-end=\"544\">ISO 9001 Kalite Y\u00f6netim Sistemi<\/strong> \u00e7er\u00e7evesinde gerekli kaynaklar\u0131 sa\u011flayarak <strong data-start=\"588\" data-end=\"622\">s\u00fcrekli iyile\u015ftirme ve geli\u015fim<\/strong> anlay\u0131\u015f\u0131yla \u00e7al\u0131\u015fmay\u0131 taahh\u00fct ediyoruz. Kalite y\u00f6netim yakla\u015f\u0131m\u0131m\u0131z sadece belgeye dayal\u0131 de\u011fil, kurum k\u00fclt\u00fcr\u00fcm\u00fcz\u00fcn ayr\u0131lmaz bir par\u00e7as\u0131d\u0131r.<\/p><p data-start=\"765\" data-end=\"779\">Bu do\u011frultuda;<\/p><ul data-start=\"781\" data-end=\"1567\"><li data-start=\"781\" data-end=\"928\">\u00dcr\u00fcn ve m\u00fchendislik dan\u0131\u015fmanl\u0131k hizmetlerimizin <strong data-start=\"831\" data-end=\"878\">m\u00fc\u015fteri \u015fartlar\u0131na tam uygunlu\u011funu sa\u011flamak<\/strong> ve m\u00fc\u015fteri memnuniyetini kal\u0131c\u0131 \u015fekilde art\u0131rmak,<\/li><li data-start=\"929\" data-end=\"1025\"><strong data-start=\"931\" data-end=\"960\">Toplam Kalite felsefesini<\/strong> benimseyerek tak\u0131m ruhu ile \u015firket ve birim hedeflerine ula\u015fmak,<\/li><li data-start=\"1026\" data-end=\"1110\"><strong data-start=\"1028\" data-end=\"1080\">Yenilik\u00e7i ve yarat\u0131c\u0131 yakla\u015f\u0131mlar\u0131 te\u015fvik ederek<\/strong> s\u00fcrekli geli\u015fimi desteklemek,<\/li><li data-start=\"1111\" data-end=\"1197\">Ulusal ve uluslararas\u0131 standartlara, ilgili <strong data-start=\"1157\" data-end=\"1187\">yasal mevzuatlara tam uyum<\/strong> sa\u011flamak,<\/li><li data-start=\"1198\" data-end=\"1318\"><strong data-start=\"1200\" data-end=\"1243\">Risk ve f\u0131rsatlar\u0131 de\u011ferlendirme odakl\u0131<\/strong> bak\u0131\u015f a\u00e7\u0131s\u0131yla i\u015f s\u00fcre\u00e7lerimizi g\u00f6zden ge\u00e7irerek performans\u0131m\u0131z\u0131 art\u0131rmak,<\/li><li data-start=\"1319\" data-end=\"1450\"><strong data-start=\"1321\" data-end=\"1361\">Dijital \u00e7\u00f6z\u00fcmleri ve veri y\u00f6netimini<\/strong> kullanarak s\u00fcre\u00e7 verimlili\u011fimizi uluslararas\u0131 d\u00fczeyde rekabet edebilir seviyeye ta\u015f\u0131mak,<\/li><li data-start=\"1451\" data-end=\"1567\">T\u00fcm \u00e7al\u0131\u015fanlar\u0131m\u0131z\u0131n ve payda\u015flar\u0131m\u0131z\u0131n <strong data-start=\"1493\" data-end=\"1525\">kalite bilincini geli\u015ftirmek<\/strong>, bu bilinci s\u00fcrd\u00fcr\u00fclebilir hale getirmek,<\/li><\/ul><p data-start=\"1569\" data-end=\"1609\">en temel kalite ilkelerimiz aras\u0131ndad\u0131r.<\/p><p data-start=\"1611\" data-end=\"1942\" data-is-last-node=\"\" data-is-only-node=\"\">Kalite politikam\u0131z, sadece mevcut ba\u015far\u0131y\u0131 korumak i\u00e7in de\u011fil; <strong data-start=\"1674\" data-end=\"1724\">s\u00fcrekli iyile\u015fme, geli\u015fme ve sekt\u00f6rel liderlik<\/strong> yolculu\u011fumuzda bize y\u00f6n veren bir pusulad\u0131r. Alpha Refractory LLC olarak; kaliteyi t\u00fcm s\u00fcre\u00e7lerimize entegre ederek, <strong data-start=\"1842\" data-end=\"1930\">m\u00fc\u015fterilerimiz, \u00e7al\u0131\u015fanlar\u0131m\u0131z ve i\u015f ortaklar\u0131m\u0131z i\u00e7in s\u00fcrd\u00fcr\u00fclebilir de\u011fer \u00fcretmeye<\/strong> kararl\u0131y\u0131z.<\/p>\t\t\t\t\t\t\t\t<\/div>\n\t\t\t\t<\/div>\n\t\t\t\t<div class=\"elementor-element elementor-element-b9ccf20 elementor-hidden-tablet elementor-hidden-mobile elementor-widget elementor-widget-image\" data-id=\"b9ccf20\" data-element_type=\"widget\" data-widget_type=\"image.default\">\n\t\t\t\t<div class=\"elementor-widget-container\">\n\t\t\t\t\t\t\t\t\t\t\t\t\t\t\t<img fetchpriority=\"high\" decoding=\"async\" width=\"4193\" height=\"3892\" src=\"https:\/\/alpharefractoryllc.com\/tr\/wp-content\/uploads\/2025\/02\/logotop.svg\" class=\"attachment-large size-large wp-image-17957\" alt=\"\" \/>\t\t\t\t\t\t\t\t\t\t\t\t\t\t\t<\/div>\n\t\t\t\t<\/div>\n\t\t\t\t<\/div>\n\t\t\t\t<\/div>\n\t\t\t\t<\/div>\n\t\t","protected":false},"excerpt":{"rendered":"<p>Home Sayfa Alpha Refractory LLC ailesi olarak, \u201cD\u00fcnyaya Sayg\u0131l\u0131, D\u00fcnyada Lider\u201d vizyonumuz do\u011frultusunda; kaliteli \u00fcretimi yaln\u0131zca bir hedef de\u011fil, ayn\u0131 zamanda s\u00fcrd\u00fcr\u00fclebilir ba\u015far\u0131m\u0131z\u0131n temeli olarak g\u00f6rmekteyiz. Amac\u0131m\u0131z, m\u00fc\u015fterilerimizin kaliteye dair t\u00fcm beklentilerini a\u015fan, dayan\u0131kl\u0131, g\u00fcvenli ve g\u00fcvenilir \u00fcr\u00fcnler geli\u015ftirmek, \u00fcretim s\u00fcre\u00e7lerimizi en y\u00fcksek standartlarda y\u00fcr\u00fctmek ve sat\u0131\u015f sonras\u0131 hizmetlerde maksimum memnuniyet sa\u011flamakt\u0131r. T\u00fcm faaliyet alanlar\u0131m\u0131zda, [&hellip;]<\/p>\n","protected":false},"author":1,"featured_media":0,"parent":19011,"menu_order":0,"comment_status":"closed","ping_status":"closed","template":"elementor_header_footer","meta":{"footnotes":""},"class_list":["post-18902","page","type-page","status-publish","hentry"],"yoast_head":"<!-- This site is optimized with the Yoast SEO plugin v24.9 - https:\/\/yoast.com\/wordpress\/plugins\/seo\/ -->\n<title>Kalite Politikam\u0131z - ALPHA REFRACTORY LLC<\/title>\n<meta name=\"robots\" content=\"noindex, follow, max-snippet:-1, max-image-preview:large, max-video-preview:-1\" \/>\n<meta property=\"og:locale\" content=\"tr_TR\" \/>\n<meta property=\"og:type\" content=\"article\" \/>\n<meta property=\"og:title\" content=\"Kalite Politikam\u0131z - ALPHA REFRACTORY LLC\" \/>\n<meta property=\"og:description\" content=\"Home Sayfa Alpha Refractory LLC ailesi olarak, \u201cD\u00fcnyaya Sayg\u0131l\u0131, D\u00fcnyada Lider\u201d vizyonumuz do\u011frultusunda; kaliteli \u00fcretimi yaln\u0131zca bir hedef de\u011fil, ayn\u0131 zamanda s\u00fcrd\u00fcr\u00fclebilir ba\u015far\u0131m\u0131z\u0131n temeli olarak g\u00f6rmekteyiz. Amac\u0131m\u0131z, m\u00fc\u015fterilerimizin kaliteye dair t\u00fcm beklentilerini a\u015fan, dayan\u0131kl\u0131, g\u00fcvenli ve g\u00fcvenilir \u00fcr\u00fcnler geli\u015ftirmek, \u00fcretim s\u00fcre\u00e7lerimizi en y\u00fcksek standartlarda y\u00fcr\u00fctmek ve sat\u0131\u015f sonras\u0131 hizmetlerde maksimum memnuniyet sa\u011flamakt\u0131r. T\u00fcm faaliyet alanlar\u0131m\u0131zda, [&hellip;]\" \/>\n<meta property=\"og:url\" content=\"https:\/\/alpharefractoryllc.com\/tr\/tr\/kurumsal\/kalite-politikamiz\/\" \/>\n<meta property=\"og:site_name\" content=\"ALPHA REFRACTORY LLC\" \/>\n<meta property=\"article:modified_time\" content=\"2025-03-22T01:09:22+00:00\" \/>\n<meta name=\"twitter:card\" content=\"summary_large_image\" \/>\n<meta name=\"twitter:label1\" content=\"Tahmini okuma s\u00fcresi\" \/>\n\t<meta name=\"twitter:data1\" content=\"2 dakika\" \/>\n<script type=\"application\/ld+json\" class=\"yoast-schema-graph\">{\"@context\":\"https:\/\/schema.org\",\"@graph\":[{\"@type\":\"WebPage\",\"@id\":\"https:\/\/alpharefractoryllc.com\/tr\/tr\/kurumsal\/kalite-politikamiz\/\",\"url\":\"https:\/\/alpharefractoryllc.com\/tr\/tr\/kurumsal\/kalite-politikamiz\/\",\"name\":\"Kalite Politikam\u0131z - ALPHA REFRACTORY LLC\",\"isPartOf\":{\"@id\":\"https:\/\/alpharefractoryllc.com\/tr\/#website\"},\"primaryImageOfPage\":{\"@id\":\"https:\/\/alpharefractoryllc.com\/tr\/tr\/kurumsal\/kalite-politikamiz\/#primaryimage\"},\"image\":{\"@id\":\"https:\/\/alpharefractoryllc.com\/tr\/tr\/kurumsal\/kalite-politikamiz\/#primaryimage\"},\"thumbnailUrl\":\"https:\/\/alpharefractoryllc.com\/tr\/wp-content\/uploads\/2025\/02\/logotop.svg\",\"datePublished\":\"2025-03-22T00:11:28+00:00\",\"dateModified\":\"2025-03-22T01:09:22+00:00\",\"breadcrumb\":{\"@id\":\"https:\/\/alpharefractoryllc.com\/tr\/tr\/kurumsal\/kalite-politikamiz\/#breadcrumb\"},\"inLanguage\":\"tr\",\"potentialAction\":[{\"@type\":\"ReadAction\",\"target\":[\"https:\/\/alpharefractoryllc.com\/tr\/tr\/kurumsal\/kalite-politikamiz\/\"]}]},{\"@type\":\"ImageObject\",\"inLanguage\":\"tr\",\"@id\":\"https:\/\/alpharefractoryllc.com\/tr\/tr\/kurumsal\/kalite-politikamiz\/#primaryimage\",\"url\":\"https:\/\/alpharefractoryllc.com\/tr\/wp-content\/uploads\/2025\/02\/logotop.svg\",\"contentUrl\":\"https:\/\/alpharefractoryllc.com\/tr\/wp-content\/uploads\/2025\/02\/logotop.svg\",\"width\":4193,\"height\":3892},{\"@type\":\"BreadcrumbList\",\"@id\":\"https:\/\/alpharefractoryllc.com\/tr\/tr\/kurumsal\/kalite-politikamiz\/#breadcrumb\",\"itemListElement\":[{\"@type\":\"ListItem\",\"position\":1,\"name\":\"Home\",\"item\":\"https:\/\/alpharefractoryllc.com\/tr\/\"},{\"@type\":\"ListItem\",\"position\":2,\"name\":\"Kurumsal\",\"item\":\"https:\/\/alpharefractoryllc.com\/tr\/tr\/kurumsal\/\"},{\"@type\":\"ListItem\",\"position\":3,\"name\":\"Kalite Politikam\u0131z\"}]},{\"@type\":\"WebSite\",\"@id\":\"https:\/\/alpharefractoryllc.com\/tr\/#website\",\"url\":\"https:\/\/alpharefractoryllc.com\/tr\/\",\"name\":\"ALPHA REFRACTORY LLC\",\"description\":\"Uluslararas\u0131 Deneyim, \u00dcst\u00fcn Kalite\",\"potentialAction\":[{\"@type\":\"SearchAction\",\"target\":{\"@type\":\"EntryPoint\",\"urlTemplate\":\"https:\/\/alpharefractoryllc.com\/tr\/?s={search_term_string}\"},\"query-input\":{\"@type\":\"PropertyValueSpecification\",\"valueRequired\":true,\"valueName\":\"search_term_string\"}}],\"inLanguage\":\"tr\"}]}<\/script>\n<!-- \/ Yoast SEO plugin. -->","yoast_head_json":{"title":"Kalite Politikam\u0131z - ALPHA REFRACTORY LLC","robots":{"index":"noindex","follow":"follow","max-snippet":"max-snippet:-1","max-image-preview":"max-image-preview:large","max-video-preview":"max-video-preview:-1"},"og_locale":"tr_TR","og_type":"article","og_title":"Kalite Politikam\u0131z - ALPHA REFRACTORY LLC","og_description":"Home Sayfa Alpha Refractory LLC ailesi olarak, \u201cD\u00fcnyaya Sayg\u0131l\u0131, D\u00fcnyada Lider\u201d vizyonumuz do\u011frultusunda; kaliteli \u00fcretimi yaln\u0131zca bir hedef de\u011fil, ayn\u0131 zamanda s\u00fcrd\u00fcr\u00fclebilir ba\u015far\u0131m\u0131z\u0131n temeli olarak g\u00f6rmekteyiz. Amac\u0131m\u0131z, m\u00fc\u015fterilerimizin kaliteye dair t\u00fcm beklentilerini a\u015fan, dayan\u0131kl\u0131, g\u00fcvenli ve g\u00fcvenilir \u00fcr\u00fcnler geli\u015ftirmek, \u00fcretim s\u00fcre\u00e7lerimizi en y\u00fcksek standartlarda y\u00fcr\u00fctmek ve sat\u0131\u015f sonras\u0131 hizmetlerde maksimum memnuniyet sa\u011flamakt\u0131r. T\u00fcm faaliyet alanlar\u0131m\u0131zda, [&hellip;]","og_url":"https:\/\/alpharefractoryllc.com\/tr\/tr\/kurumsal\/kalite-politikamiz\/","og_site_name":"ALPHA REFRACTORY LLC","article_modified_time":"2025-03-22T01:09:22+00:00","twitter_card":"summary_large_image","twitter_misc":{"Tahmini okuma s\u00fcresi":"2 dakika"},"schema":{"@context":"https:\/\/schema.org","@graph":[{"@type":"WebPage","@id":"https:\/\/alpharefractoryllc.com\/tr\/tr\/kurumsal\/kalite-politikamiz\/","url":"https:\/\/alpharefractoryllc.com\/tr\/tr\/kurumsal\/kalite-politikamiz\/","name":"Kalite Politikam\u0131z - ALPHA REFRACTORY LLC","isPartOf":{"@id":"https:\/\/alpharefractoryllc.com\/tr\/#website"},"primaryImageOfPage":{"@id":"https:\/\/alpharefractoryllc.com\/tr\/tr\/kurumsal\/kalite-politikamiz\/#primaryimage"},"image":{"@id":"https:\/\/alpharefractoryllc.com\/tr\/tr\/kurumsal\/kalite-politikamiz\/#primaryimage"},"thumbnailUrl":"https:\/\/alpharefractoryllc.com\/tr\/wp-content\/uploads\/2025\/02\/logotop.svg","datePublished":"2025-03-22T00:11:28+00:00","dateModified":"2025-03-22T01:09:22+00:00","breadcrumb":{"@id":"https:\/\/alpharefractoryllc.com\/tr\/tr\/kurumsal\/kalite-politikamiz\/#breadcrumb"},"inLanguage":"tr","potentialAction":[{"@type":"ReadAction","target":["https:\/\/alpharefractoryllc.com\/tr\/tr\/kurumsal\/kalite-politikamiz\/"]}]},{"@type":"ImageObject","inLanguage":"tr","@id":"https:\/\/alpharefractoryllc.com\/tr\/tr\/kurumsal\/kalite-politikamiz\/#primaryimage","url":"https:\/\/alpharefractoryllc.com\/tr\/wp-content\/uploads\/2025\/02\/logotop.svg","contentUrl":"https:\/\/alpharefractoryllc.com\/tr\/wp-content\/uploads\/2025\/02\/logotop.svg","width":4193,"height":3892},{"@type":"BreadcrumbList","@id":"https:\/\/alpharefractoryllc.com\/tr\/tr\/kurumsal\/kalite-politikamiz\/#breadcrumb","itemListElement":[{"@type":"ListItem","position":1,"name":"Home","item":"https:\/\/alpharefractoryllc.com\/tr\/"},{"@type":"ListItem","position":2,"name":"Kurumsal","item":"https:\/\/alpharefractoryllc.com\/tr\/tr\/kurumsal\/"},{"@type":"ListItem","position":3,"name":"Kalite Politikam\u0131z"}]},{"@type":"WebSite","@id":"https:\/\/alpharefractoryllc.com\/tr\/#website","url":"https:\/\/alpharefractoryllc.com\/tr\/","name":"ALPHA REFRACTORY LLC","description":"Uluslararas\u0131 Deneyim, \u00dcst\u00fcn Kalite","potentialAction":[{"@type":"SearchAction","target":{"@type":"EntryPoint","urlTemplate":"https:\/\/alpharefractoryllc.com\/tr\/?s={search_term_string}"},"query-input":{"@type":"PropertyValueSpecification","valueRequired":true,"valueName":"search_term_string"}}],"inLanguage":"tr"}]}},"_links":{"self":[{"href":"https:\/\/alpharefractoryllc.com\/tr\/wp-json\/wp\/v2\/pages\/18902","targetHints":{"allow":["GET"]}}],"collection":[{"href":"https:\/\/alpharefractoryllc.com\/tr\/wp-json\/wp\/v2\/pages"}],"about":[{"href":"https:\/\/alpharefractoryllc.com\/tr\/wp-json\/wp\/v2\/types\/page"}],"author":[{"embeddable":true,"href":"https:\/\/alpharefractoryllc.com\/tr\/wp-json\/wp\/v2\/users\/1"}],"replies":[{"embeddable":true,"href":"https:\/\/alpharefractoryllc.com\/tr\/wp-json\/wp\/v2\/comments?post=18902"}],"version-history":[{"count":10,"href":"https:\/\/alpharefractoryllc.com\/tr\/wp-json\/wp\/v2\/pages\/18902\/revisions"}],"predecessor-version":[{"id":19064,"href":"https:\/\/alpharefractoryllc.com\/tr\/wp-json\/wp\/v2\/pages\/18902\/revisions\/19064"}],"up":[{"embeddable":true,"href":"https:\/\/alpharefractoryllc.com\/tr\/wp-json\/wp\/v2\/pages\/19011"}],"wp:attachment":[{"href":"https:\/\/alpharefractoryllc.com\/tr\/wp-json\/wp\/v2\/media?parent=18902"}],"curies":[{"name":"wp","href":"https:\/\/api.w.org\/{rel}","templated":true}]}}