{"id":18896,"date":"2025-03-22T00:08:49","date_gmt":"2025-03-22T00:08:49","guid":{"rendered":"https:\/\/alpharefractoryllc.com\/tr\/?page_id=18896"},"modified":"2025-03-22T01:09:13","modified_gmt":"2025-03-22T01:09:13","slug":"degerlerimiz","status":"publish","type":"page","link":"https:\/\/alpharefractoryllc.com\/tr\/kurumsal\/degerlerimiz\/","title":{"rendered":"De\u011ferlerimiz"},"content":{"rendered":"\t\t<div data-elementor-type=\"wp-page\" data-elementor-id=\"18896\" class=\"elementor elementor-18896\">\n\t\t\t\t\t\t<section class=\"elementor-section elementor-top-section elementor-element elementor-element-2f1069a elementor-section-full_width elementor-section-height-min-height elementor-section-items-bottom elementor-section-height-default\" data-id=\"2f1069a\" data-element_type=\"section\" data-settings=\"{&quot;background_background&quot;:&quot;classic&quot;}\">\n\t\t\t\t\t\t\t<div class=\"elementor-background-overlay\"><\/div>\n\t\t\t\t\t\t\t<div class=\"elementor-container elementor-column-gap-no\">\n\t\t\t\t\t<div class=\"elementor-column elementor-col-100 elementor-top-column elementor-element elementor-element-3566761\" data-id=\"3566761\" data-element_type=\"column\" data-settings=\"{&quot;background_background&quot;:&quot;classic&quot;}\">\n\t\t\t<div class=\"elementor-widget-wrap elementor-element-populated\">\n\t\t\t\t\t<div class=\"elementor-background-overlay\"><\/div>\n\t\t\t\t\t\t<div class=\"elementor-element elementor-element-e199b9f elementor-widget elementor-widget-infetech_elementor_header_banner\" data-id=\"e199b9f\" data-element_type=\"widget\" data-widget_type=\"infetech_elementor_header_banner.default\">\n\t\t\t\t<div class=\"elementor-widget-container\">\n\t\t\t\t\t\t\t \t<!-- Display when you choose background per Post -->\n\t\t \t<div class=\"wrap_header_banner   \"  >\n\n\t\t \t\t\t\t\t \t\n\t\t\t\t \t<div class=\"cover_color\"><\/div>\n\n\t\t\t\t\t<div class=\"header_banner_el \">\n\t\t\t\t\t\t\n\t\t\t\t\t\t\t\t\t\t\t\t\t\n\t\t\t\t\t\t\t\n\t\t\t\t\t\t\t\t\t\t\t\t\t\t<h1 class=\" header_title\">\n\t\t\t\t\t\t\t\t\t\t\t\t\t\t\t<\/h1>\n\t\t\t\t\t\t\t\t\n\t\t\t\t\t\t\n\n\t\t\t\t\t\t\t\t\t\t\t\t\t<div class=\"header_breadcrumbs\">\n\t\t\t\t\t\t\t\t<div id=\"breadcrumbs\"><ul class=\"breadcrumb\"><li><a href=\"https:\/\/alpharefractoryllc.com\/tr\/\" title=\"Home\">Home<\/a><\/li> <li class=\"li_separator\"><span class=\"separator\"><i class=\"ovaicon-next\"><\/i><\/span><\/li><li>Sayfa<\/li><\/ul><\/div>\t\t\t\t\t\t\t<\/div>\n\t\t\t\t\t\t\n\t\t\t\t\t<\/div>\n\n\t\t\t\t\n\t\t\t<\/div>\n\t\t\t\t\t\t<\/div>\n\t\t\t\t<\/div>\n\t\t\t\t\t<\/div>\n\t\t<\/div>\n\t\t\t\t\t<\/div>\n\t\t<\/section>\n\t\t<div class=\"elementor-element elementor-element-1c99e83 e-con-full e-flex e-con e-parent\" data-id=\"1c99e83\" data-element_type=\"container\">\n\t\t<div class=\"elementor-element elementor-element-3befef9 e-con-full e-flex e-con e-child\" data-id=\"3befef9\" data-element_type=\"container\">\n\t\t\t\t<div class=\"elementor-element elementor-element-8cc5da2 elementor-widget elementor-widget-text-editor\" data-id=\"8cc5da2\" data-element_type=\"widget\" data-widget_type=\"text-editor.default\">\n\t\t\t\t<div class=\"elementor-widget-container\">\n\t\t\t\t\t\t\t\t\t<p data-start=\"22\" data-end=\"419\">Alpha Refractory LLC olarak faaliyetlerimizin temelini, sadece teknik ba\u015far\u0131 ve kaliteli \u00fcretim de\u011fil; ayn\u0131 zamanda insana, \u00e7evreye ve i\u015f eti\u011fine sayg\u0131 olu\u015fturmaktad\u0131r. Bizim i\u00e7in de\u011ferler, kurumsal yap\u0131m\u0131z\u0131n ruhunu olu\u015fturan ve t\u00fcm karar alma s\u00fcre\u00e7lerimizi y\u00f6nlendiren temel ta\u015flard\u0131r. Bu do\u011frultuda, t\u00fcm i\u015f s\u00fcre\u00e7lerimizde benimsedi\u011fimiz ve asla taviz vermedi\u011fimiz ba\u015fl\u0131ca de\u011ferlerimiz \u015funlard\u0131r:<\/p><p data-start=\"421\" data-end=\"815\"><strong data-start=\"421\" data-end=\"442\">M\u00fc\u015fteri Odakl\u0131l\u0131k<\/strong><br data-start=\"442\" data-end=\"445\" \/>M\u00fc\u015fteri memnuniyeti, t\u00fcm faaliyetlerimizin merkezindedir. M\u00fc\u015fterilerimizin istek ve beklentilerini tam olarak anlamak, do\u011fru ve h\u0131zl\u0131 \u00e7\u00f6z\u00fcmler sunmak, hizmet kalitesini s\u00fcrekli art\u0131rmak en b\u00fcy\u00fck \u00f6nceliklerimizdendir. M\u00fc\u015fterilerimize yaln\u0131zca bir \u00fcr\u00fcn de\u011fil, g\u00fcven, kalite ve uzun vadeli \u00e7\u00f6z\u00fcm ortakl\u0131\u011f\u0131 sunmay\u0131 ama\u00e7l\u0131yoruz. Onlar\u0131n ba\u015far\u0131s\u0131, bizim ba\u015far\u0131m\u0131z\u0131n temelidir.<\/p><p data-start=\"817\" data-end=\"1150\"><strong data-start=\"817\" data-end=\"836\">\u00dcst\u00fcn \u0130\u015f Ahlak\u0131<\/strong><br data-start=\"836\" data-end=\"839\" \/>Ticari ili\u015fkilerimizde d\u00fcr\u00fcstl\u00fck, a\u00e7\u0131kl\u0131k ve kar\u015f\u0131l\u0131kl\u0131 g\u00fcven esast\u0131r. T\u00fcm payda\u015flar\u0131m\u0131zla olan ili\u015fkilerimizde etik kurallara s\u0131k\u0131 s\u0131k\u0131ya ba\u011fl\u0131 kal\u0131r, adil ve \u015feffaf bir i\u015f ortam\u0131 olu\u015ftururuz. S\u00f6z\u00fcm\u00fczle i\u015f yapar, verdi\u011fimiz taahh\u00fctleri yerine getirmeyi kurumsal duru\u015fumuzun ayr\u0131lmaz bir par\u00e7as\u0131 olarak g\u00f6r\u00fcr\u00fcz.<\/p><p data-start=\"1152\" data-end=\"1713\"><strong data-start=\"1152\" data-end=\"1180\">\u00c7evreye ve Topluma Sayg\u0131<\/strong><br data-start=\"1180\" data-end=\"1183\" \/>Yaln\u0131zca \u00fcretmek de\u011fil, \u00fcretirken \u00e7evreye ve topluma kar\u015f\u0131 sorumluluklar\u0131m\u0131z\u0131 yerine getirmek de en \u00f6nemli \u00f6nceliklerimizdendir. \u00c7evre ile ilgili t\u00fcm yasal d\u00fczenlemelere tam uyum sa\u011flar, \u00e7evreye zarar verebilecek faaliyetleri en aza indirmek i\u00e7in gerekli t\u00fcm \u00f6nlemleri al\u0131r\u0131z. At\u0131k y\u00f6netimi, enerji verimlili\u011fi ve do\u011fa dostu \u00fcretim s\u00fcre\u00e7leriyle gelecek nesillere ya\u015fanabilir bir d\u00fcnya b\u0131rakmay\u0131 ama\u00e7lar\u0131z. Ayn\u0131 zamanda bulundu\u011fumuz topluma de\u011fer katmak ve sosyal sorumluluk projelerine katk\u0131 sunmak da misyonumuzun bir par\u00e7as\u0131d\u0131r.<\/p><p data-start=\"1715\" data-end=\"2185\"><strong data-start=\"1715\" data-end=\"1748\">Kaynak Y\u00f6netimi ve Verimlilik<\/strong><br data-start=\"1748\" data-end=\"1751\" \/>G\u00fcn\u00fcm\u00fcz d\u00fcnyas\u0131nda rekabet avantaj\u0131 sa\u011flamak i\u00e7in kaynaklar\u0131 ak\u0131ll\u0131 ve etkin kullanmak ka\u00e7\u0131n\u0131lmazd\u0131r. Bu nedenle t\u00fcm i\u015f s\u00fcre\u00e7lerimizde insan kayna\u011f\u0131ndan enerjiye, zamandan hammaddeye kadar her t\u00fcrl\u00fc kayna\u011f\u0131 etkin ve verimli kullanmay\u0131 ilke edindik. \u0130sraf\u0131 \u00f6nlemek, maliyetleri d\u00fc\u015f\u00fcrmek ve maksimum fayda sa\u011flamak i\u00e7in s\u00fcre\u00e7lerimizi s\u00fcrekli olarak analiz eder, iyile\u015ftiririz. Bu yakla\u015f\u0131m, s\u00fcrd\u00fcr\u00fclebilir b\u00fcy\u00fcmemizin temelini olu\u015fturur.<\/p><p data-start=\"2187\" data-end=\"2638\"><strong data-start=\"2187\" data-end=\"2217\">Kat\u0131l\u0131mc\u0131 Y\u00f6netim Anlay\u0131\u015f\u0131<\/strong><br data-start=\"2217\" data-end=\"2220\" \/>\u0130nsan\u0131 merkezine alan y\u00f6netim anlay\u0131\u015f\u0131m\u0131zla, \u00e7al\u0131\u015fanlar\u0131m\u0131z\u0131 sadece bir \u00fcretim g\u00fcc\u00fc olarak de\u011fil, kurumun geli\u015fimine katk\u0131 sunan de\u011ferli bireyler olarak g\u00f6r\u00fcr\u00fcz. A\u00e7\u0131k ileti\u015fime, kar\u015f\u0131l\u0131kl\u0131 g\u00fcvene ve \u015feffafl\u0131\u011fa dayal\u0131 bir y\u00f6netim modeli benimseriz. T\u00fcm \u00e7al\u0131\u015fanlar\u0131m\u0131z\u0131n fikirlerini \u00f6zg\u00fcrce ifade edebildi\u011fi, karar alma s\u00fcre\u00e7lerine kat\u0131l\u0131m sa\u011flayabildi\u011fi bir ortam yarat\u0131r, birlikte b\u00fcy\u00fcmenin ve geli\u015fmenin \u00f6n\u00fcn\u00fc a\u00e7ar\u0131z.<\/p><p data-start=\"2640\" data-end=\"3041\"><strong data-start=\"2640\" data-end=\"2659\">Tak\u0131m \u00c7al\u0131\u015fmas\u0131<\/strong><br data-start=\"2659\" data-end=\"2662\" \/>Ba\u015far\u0131ya giden yolun g\u00fc\u00e7l\u00fc bir ekip ruhundan ge\u00e7ti\u011fine inan\u0131yoruz. Bu nedenle i\u015f birli\u011fi, kar\u015f\u0131l\u0131kl\u0131 destek, bilgi payla\u015f\u0131m\u0131 ve uyumlu \u00e7al\u0131\u015fma k\u00fclt\u00fcr\u00fcn\u00fc her d\u00fczeyde te\u015fvik ediyoruz. Bireysel ba\u015far\u0131lar\u0131 takdir ederken, kurum i\u00e7indeki her ba\u015far\u0131n\u0131n bir ekip \u00e7al\u0131\u015fmas\u0131n\u0131n \u00fcr\u00fcn\u00fc oldu\u011funun bilincindeyiz. \u201cBen\u201d de\u011fil \u201cbiz\u201d anlay\u0131\u015f\u0131 ile hareket eder, ortak hedeflere birlikte ula\u015f\u0131r\u0131z.<\/p><p data-start=\"3043\" data-end=\"3521\"><strong data-start=\"3043\" data-end=\"3078\">S\u00fcrekli Geli\u015fim ve Yenilik\u00e7ilik<\/strong><br data-start=\"3078\" data-end=\"3081\" \/>Sekt\u00f6rde fark yaratman\u0131n yolu, de\u011fi\u015fime a\u00e7\u0131k ve \u00f6\u011frenmeye istekli olmaktan ge\u00e7er. Bu anlay\u0131\u015fla s\u00fcrekli geli\u015fim ve yenilik\u00e7ilik ilkesini benimseyerek hem \u00fcr\u00fcn kalitemizi hem de hizmet kapasitemizi s\u00fcrekli art\u0131rmay\u0131 hedefliyoruz. Teknolojik geli\u015fmeleri yak\u0131ndan takip eder, Ar-Ge faaliyetleri ile \u00fcr\u00fcn ve s\u00fcre\u00e7lerimizi s\u00fcrekli olarak iyile\u015ftiririz. De\u011fi\u015fen ko\u015fullara h\u0131zla adapte olan esnek yap\u0131m\u0131zla sekt\u00f6rde \u00f6nc\u00fc rol \u00fcstlenmekte kararl\u0131y\u0131z.<\/p><p data-start=\"3523\" data-end=\"3817\" data-is-last-node=\"\" data-is-only-node=\"\">Alpha Refractory LLC olarak, bu de\u011ferleri sadece birer ilke de\u011fil, g\u00fcnl\u00fck hayat\u0131m\u0131za y\u00f6n veren kurallar b\u00fct\u00fcn\u00fc olarak g\u00f6r\u00fcyor; her ad\u0131mda bu ilkelere ba\u011fl\u0131 kalarak ilerliyoruz. Amac\u0131m\u0131z, s\u00fcrd\u00fcr\u00fclebilir bir ba\u015far\u0131y\u0131 sadece ekonomik kazan\u00e7la de\u011fil; g\u00fcven, kalite ve etik de\u011ferlerle in\u015fa etmektir.<\/p>\t\t\t\t\t\t\t\t<\/div>\n\t\t\t\t<\/div>\n\t\t\t\t<div class=\"elementor-element elementor-element-b9ccf20 elementor-hidden-tablet elementor-hidden-mobile elementor-widget elementor-widget-image\" data-id=\"b9ccf20\" data-element_type=\"widget\" data-widget_type=\"image.default\">\n\t\t\t\t<div class=\"elementor-widget-container\">\n\t\t\t\t\t\t\t\t\t\t\t\t\t\t\t<img fetchpriority=\"high\" decoding=\"async\" width=\"4193\" height=\"3892\" src=\"https:\/\/alpharefractoryllc.com\/tr\/wp-content\/uploads\/2025\/02\/logotop.svg\" class=\"attachment-large size-large wp-image-17957\" alt=\"\" \/>\t\t\t\t\t\t\t\t\t\t\t\t\t\t\t<\/div>\n\t\t\t\t<\/div>\n\t\t\t\t<\/div>\n\t\t\t\t<\/div>\n\t\t\t\t<\/div>\n\t\t","protected":false},"excerpt":{"rendered":"<p>Home Sayfa Alpha Refractory LLC olarak faaliyetlerimizin temelini, sadece teknik ba\u015far\u0131 ve kaliteli \u00fcretim de\u011fil; ayn\u0131 zamanda insana, \u00e7evreye ve i\u015f eti\u011fine sayg\u0131 olu\u015fturmaktad\u0131r. Bizim i\u00e7in de\u011ferler, kurumsal yap\u0131m\u0131z\u0131n ruhunu olu\u015fturan ve t\u00fcm karar alma s\u00fcre\u00e7lerimizi y\u00f6nlendiren temel ta\u015flard\u0131r. Bu do\u011frultuda, t\u00fcm i\u015f s\u00fcre\u00e7lerimizde benimsedi\u011fimiz ve asla taviz vermedi\u011fimiz ba\u015fl\u0131ca de\u011ferlerimiz \u015funlard\u0131r: M\u00fc\u015fteri Odakl\u0131l\u0131kM\u00fc\u015fteri memnuniyeti, [&hellip;]<\/p>\n","protected":false},"author":1,"featured_media":0,"parent":19011,"menu_order":0,"comment_status":"closed","ping_status":"closed","template":"elementor_header_footer","meta":{"footnotes":""},"class_list":["post-18896","page","type-page","status-publish","hentry"],"yoast_head":"<!-- This site is optimized with the Yoast SEO plugin v24.9 - https:\/\/yoast.com\/wordpress\/plugins\/seo\/ -->\n<title>De\u011ferlerimiz - ALPHA REFRACTORY LLC<\/title>\n<meta name=\"robots\" content=\"noindex, follow, max-snippet:-1, max-image-preview:large, max-video-preview:-1\" \/>\n<meta property=\"og:locale\" content=\"tr_TR\" \/>\n<meta property=\"og:type\" content=\"article\" \/>\n<meta property=\"og:title\" content=\"De\u011ferlerimiz - ALPHA REFRACTORY LLC\" \/>\n<meta property=\"og:description\" content=\"Home Sayfa Alpha Refractory LLC olarak faaliyetlerimizin temelini, sadece teknik ba\u015far\u0131 ve kaliteli \u00fcretim de\u011fil; ayn\u0131 zamanda insana, \u00e7evreye ve i\u015f eti\u011fine sayg\u0131 olu\u015fturmaktad\u0131r. Bizim i\u00e7in de\u011ferler, kurumsal yap\u0131m\u0131z\u0131n ruhunu olu\u015fturan ve t\u00fcm karar alma s\u00fcre\u00e7lerimizi y\u00f6nlendiren temel ta\u015flard\u0131r. Bu do\u011frultuda, t\u00fcm i\u015f s\u00fcre\u00e7lerimizde benimsedi\u011fimiz ve asla taviz vermedi\u011fimiz ba\u015fl\u0131ca de\u011ferlerimiz \u015funlard\u0131r: M\u00fc\u015fteri Odakl\u0131l\u0131kM\u00fc\u015fteri memnuniyeti, [&hellip;]\" \/>\n<meta property=\"og:url\" content=\"https:\/\/alpharefractoryllc.com\/tr\/tr\/kurumsal\/degerlerimiz\/\" \/>\n<meta property=\"og:site_name\" content=\"ALPHA REFRACTORY LLC\" \/>\n<meta property=\"article:modified_time\" content=\"2025-03-22T01:09:13+00:00\" \/>\n<meta name=\"twitter:card\" content=\"summary_large_image\" \/>\n<meta name=\"twitter:label1\" content=\"Tahmini okuma s\u00fcresi\" \/>\n\t<meta name=\"twitter:data1\" content=\"4 dakika\" \/>\n<script type=\"application\/ld+json\" class=\"yoast-schema-graph\">{\"@context\":\"https:\/\/schema.org\",\"@graph\":[{\"@type\":\"WebPage\",\"@id\":\"https:\/\/alpharefractoryllc.com\/tr\/tr\/kurumsal\/degerlerimiz\/\",\"url\":\"https:\/\/alpharefractoryllc.com\/tr\/tr\/kurumsal\/degerlerimiz\/\",\"name\":\"De\u011ferlerimiz - ALPHA REFRACTORY LLC\",\"isPartOf\":{\"@id\":\"https:\/\/alpharefractoryllc.com\/tr\/#website\"},\"primaryImageOfPage\":{\"@id\":\"https:\/\/alpharefractoryllc.com\/tr\/tr\/kurumsal\/degerlerimiz\/#primaryimage\"},\"image\":{\"@id\":\"https:\/\/alpharefractoryllc.com\/tr\/tr\/kurumsal\/degerlerimiz\/#primaryimage\"},\"thumbnailUrl\":\"https:\/\/alpharefractoryllc.com\/tr\/wp-content\/uploads\/2025\/02\/logotop.svg\",\"datePublished\":\"2025-03-22T00:08:49+00:00\",\"dateModified\":\"2025-03-22T01:09:13+00:00\",\"breadcrumb\":{\"@id\":\"https:\/\/alpharefractoryllc.com\/tr\/tr\/kurumsal\/degerlerimiz\/#breadcrumb\"},\"inLanguage\":\"tr\",\"potentialAction\":[{\"@type\":\"ReadAction\",\"target\":[\"https:\/\/alpharefractoryllc.com\/tr\/tr\/kurumsal\/degerlerimiz\/\"]}]},{\"@type\":\"ImageObject\",\"inLanguage\":\"tr\",\"@id\":\"https:\/\/alpharefractoryllc.com\/tr\/tr\/kurumsal\/degerlerimiz\/#primaryimage\",\"url\":\"https:\/\/alpharefractoryllc.com\/tr\/wp-content\/uploads\/2025\/02\/logotop.svg\",\"contentUrl\":\"https:\/\/alpharefractoryllc.com\/tr\/wp-content\/uploads\/2025\/02\/logotop.svg\",\"width\":4193,\"height\":3892},{\"@type\":\"BreadcrumbList\",\"@id\":\"https:\/\/alpharefractoryllc.com\/tr\/tr\/kurumsal\/degerlerimiz\/#breadcrumb\",\"itemListElement\":[{\"@type\":\"ListItem\",\"position\":1,\"name\":\"Home\",\"item\":\"https:\/\/alpharefractoryllc.com\/tr\/\"},{\"@type\":\"ListItem\",\"position\":2,\"name\":\"Kurumsal\",\"item\":\"https:\/\/alpharefractoryllc.com\/tr\/tr\/kurumsal\/\"},{\"@type\":\"ListItem\",\"position\":3,\"name\":\"De\u011ferlerimiz\"}]},{\"@type\":\"WebSite\",\"@id\":\"https:\/\/alpharefractoryllc.com\/tr\/#website\",\"url\":\"https:\/\/alpharefractoryllc.com\/tr\/\",\"name\":\"ALPHA REFRACTORY LLC\",\"description\":\"Uluslararas\u0131 Deneyim, \u00dcst\u00fcn Kalite\",\"potentialAction\":[{\"@type\":\"SearchAction\",\"target\":{\"@type\":\"EntryPoint\",\"urlTemplate\":\"https:\/\/alpharefractoryllc.com\/tr\/?s={search_term_string}\"},\"query-input\":{\"@type\":\"PropertyValueSpecification\",\"valueRequired\":true,\"valueName\":\"search_term_string\"}}],\"inLanguage\":\"tr\"}]}<\/script>\n<!-- \/ Yoast SEO plugin. -->","yoast_head_json":{"title":"De\u011ferlerimiz - ALPHA REFRACTORY LLC","robots":{"index":"noindex","follow":"follow","max-snippet":"max-snippet:-1","max-image-preview":"max-image-preview:large","max-video-preview":"max-video-preview:-1"},"og_locale":"tr_TR","og_type":"article","og_title":"De\u011ferlerimiz - ALPHA REFRACTORY LLC","og_description":"Home Sayfa Alpha Refractory LLC olarak faaliyetlerimizin temelini, sadece teknik ba\u015far\u0131 ve kaliteli \u00fcretim de\u011fil; ayn\u0131 zamanda insana, \u00e7evreye ve i\u015f eti\u011fine sayg\u0131 olu\u015fturmaktad\u0131r. Bizim i\u00e7in de\u011ferler, kurumsal yap\u0131m\u0131z\u0131n ruhunu olu\u015fturan ve t\u00fcm karar alma s\u00fcre\u00e7lerimizi y\u00f6nlendiren temel ta\u015flard\u0131r. Bu do\u011frultuda, t\u00fcm i\u015f s\u00fcre\u00e7lerimizde benimsedi\u011fimiz ve asla taviz vermedi\u011fimiz ba\u015fl\u0131ca de\u011ferlerimiz \u015funlard\u0131r: M\u00fc\u015fteri Odakl\u0131l\u0131kM\u00fc\u015fteri memnuniyeti, [&hellip;]","og_url":"https:\/\/alpharefractoryllc.com\/tr\/tr\/kurumsal\/degerlerimiz\/","og_site_name":"ALPHA REFRACTORY LLC","article_modified_time":"2025-03-22T01:09:13+00:00","twitter_card":"summary_large_image","twitter_misc":{"Tahmini okuma s\u00fcresi":"4 dakika"},"schema":{"@context":"https:\/\/schema.org","@graph":[{"@type":"WebPage","@id":"https:\/\/alpharefractoryllc.com\/tr\/tr\/kurumsal\/degerlerimiz\/","url":"https:\/\/alpharefractoryllc.com\/tr\/tr\/kurumsal\/degerlerimiz\/","name":"De\u011ferlerimiz - ALPHA REFRACTORY LLC","isPartOf":{"@id":"https:\/\/alpharefractoryllc.com\/tr\/#website"},"primaryImageOfPage":{"@id":"https:\/\/alpharefractoryllc.com\/tr\/tr\/kurumsal\/degerlerimiz\/#primaryimage"},"image":{"@id":"https:\/\/alpharefractoryllc.com\/tr\/tr\/kurumsal\/degerlerimiz\/#primaryimage"},"thumbnailUrl":"https:\/\/alpharefractoryllc.com\/tr\/wp-content\/uploads\/2025\/02\/logotop.svg","datePublished":"2025-03-22T00:08:49+00:00","dateModified":"2025-03-22T01:09:13+00:00","breadcrumb":{"@id":"https:\/\/alpharefractoryllc.com\/tr\/tr\/kurumsal\/degerlerimiz\/#breadcrumb"},"inLanguage":"tr","potentialAction":[{"@type":"ReadAction","target":["https:\/\/alpharefractoryllc.com\/tr\/tr\/kurumsal\/degerlerimiz\/"]}]},{"@type":"ImageObject","inLanguage":"tr","@id":"https:\/\/alpharefractoryllc.com\/tr\/tr\/kurumsal\/degerlerimiz\/#primaryimage","url":"https:\/\/alpharefractoryllc.com\/tr\/wp-content\/uploads\/2025\/02\/logotop.svg","contentUrl":"https:\/\/alpharefractoryllc.com\/tr\/wp-content\/uploads\/2025\/02\/logotop.svg","width":4193,"height":3892},{"@type":"BreadcrumbList","@id":"https:\/\/alpharefractoryllc.com\/tr\/tr\/kurumsal\/degerlerimiz\/#breadcrumb","itemListElement":[{"@type":"ListItem","position":1,"name":"Home","item":"https:\/\/alpharefractoryllc.com\/tr\/"},{"@type":"ListItem","position":2,"name":"Kurumsal","item":"https:\/\/alpharefractoryllc.com\/tr\/tr\/kurumsal\/"},{"@type":"ListItem","position":3,"name":"De\u011ferlerimiz"}]},{"@type":"WebSite","@id":"https:\/\/alpharefractoryllc.com\/tr\/#website","url":"https:\/\/alpharefractoryllc.com\/tr\/","name":"ALPHA REFRACTORY LLC","description":"Uluslararas\u0131 Deneyim, \u00dcst\u00fcn Kalite","potentialAction":[{"@type":"SearchAction","target":{"@type":"EntryPoint","urlTemplate":"https:\/\/alpharefractoryllc.com\/tr\/?s={search_term_string}"},"query-input":{"@type":"PropertyValueSpecification","valueRequired":true,"valueName":"search_term_string"}}],"inLanguage":"tr"}]}},"_links":{"self":[{"href":"https:\/\/alpharefractoryllc.com\/tr\/wp-json\/wp\/v2\/pages\/18896","targetHints":{"allow":["GET"]}}],"collection":[{"href":"https:\/\/alpharefractoryllc.com\/tr\/wp-json\/wp\/v2\/pages"}],"about":[{"href":"https:\/\/alpharefractoryllc.com\/tr\/wp-json\/wp\/v2\/types\/page"}],"author":[{"embeddable":true,"href":"https:\/\/alpharefractoryllc.com\/tr\/wp-json\/wp\/v2\/users\/1"}],"replies":[{"embeddable":true,"href":"https:\/\/alpharefractoryllc.com\/tr\/wp-json\/wp\/v2\/comments?post=18896"}],"version-history":[{"count":7,"href":"https:\/\/alpharefractoryllc.com\/tr\/wp-json\/wp\/v2\/pages\/18896\/revisions"}],"predecessor-version":[{"id":19058,"href":"https:\/\/alpharefractoryllc.com\/tr\/wp-json\/wp\/v2\/pages\/18896\/revisions\/19058"}],"up":[{"embeddable":true,"href":"https:\/\/alpharefractoryllc.com\/tr\/wp-json\/wp\/v2\/pages\/19011"}],"wp:attachment":[{"href":"https:\/\/alpharefractoryllc.com\/tr\/wp-json\/wp\/v2\/media?parent=18896"}],"curies":[{"name":"wp","href":"https:\/\/api.w.org\/{rel}","templated":true}]}}