{"id":18875,"date":"2025-03-22T00:00:48","date_gmt":"2025-03-22T00:00:48","guid":{"rendered":"https:\/\/alpharefractoryllc.com\/tr\/?page_id=18875"},"modified":"2025-03-22T01:09:27","modified_gmt":"2025-03-22T01:09:27","slug":"misyonumuz","status":"publish","type":"page","link":"https:\/\/alpharefractoryllc.com\/tr\/kurumsal\/misyonumuz\/","title":{"rendered":"Misyonumuz"},"content":{"rendered":"\t\t<div data-elementor-type=\"wp-page\" data-elementor-id=\"18875\" class=\"elementor elementor-18875\">\n\t\t\t\t\t\t<section class=\"elementor-section elementor-top-section elementor-element elementor-element-2f1069a elementor-section-full_width elementor-section-height-min-height elementor-section-items-bottom elementor-section-height-default\" data-id=\"2f1069a\" data-element_type=\"section\" data-settings=\"{&quot;background_background&quot;:&quot;classic&quot;}\">\n\t\t\t\t\t\t\t<div class=\"elementor-background-overlay\"><\/div>\n\t\t\t\t\t\t\t<div class=\"elementor-container elementor-column-gap-no\">\n\t\t\t\t\t<div class=\"elementor-column elementor-col-100 elementor-top-column elementor-element elementor-element-3566761\" data-id=\"3566761\" data-element_type=\"column\" data-settings=\"{&quot;background_background&quot;:&quot;classic&quot;}\">\n\t\t\t<div class=\"elementor-widget-wrap elementor-element-populated\">\n\t\t\t\t\t<div class=\"elementor-background-overlay\"><\/div>\n\t\t\t\t\t\t<div class=\"elementor-element elementor-element-e199b9f elementor-widget elementor-widget-infetech_elementor_header_banner\" data-id=\"e199b9f\" data-element_type=\"widget\" data-widget_type=\"infetech_elementor_header_banner.default\">\n\t\t\t\t<div class=\"elementor-widget-container\">\n\t\t\t\t\t\t\t \t<!-- Display when you choose background per Post -->\n\t\t \t<div class=\"wrap_header_banner   \"  >\n\n\t\t \t\t\t\t\t \t\n\t\t\t\t \t<div class=\"cover_color\"><\/div>\n\n\t\t\t\t\t<div class=\"header_banner_el \">\n\t\t\t\t\t\t\n\t\t\t\t\t\t\t\t\t\t\t\t\t\n\t\t\t\t\t\t\t\n\t\t\t\t\t\t\t\t\t\t\t\t\t\t<h1 class=\" header_title\">\n\t\t\t\t\t\t\t\t\t\t\t\t\t\t\t<\/h1>\n\t\t\t\t\t\t\t\t\n\t\t\t\t\t\t\n\n\t\t\t\t\t\t\t\t\t\t\t\t\t<div class=\"header_breadcrumbs\">\n\t\t\t\t\t\t\t\t<div id=\"breadcrumbs\"><ul class=\"breadcrumb\"><li><a href=\"https:\/\/alpharefractoryllc.com\/tr\/\" title=\"Home\">Home<\/a><\/li> <li class=\"li_separator\"><span class=\"separator\"><i class=\"ovaicon-next\"><\/i><\/span><\/li><li>Sayfa<\/li><\/ul><\/div>\t\t\t\t\t\t\t<\/div>\n\t\t\t\t\t\t\n\t\t\t\t\t<\/div>\n\n\t\t\t\t\n\t\t\t<\/div>\n\t\t\t\t\t\t<\/div>\n\t\t\t\t<\/div>\n\t\t\t\t\t<\/div>\n\t\t<\/div>\n\t\t\t\t\t<\/div>\n\t\t<\/section>\n\t\t<div class=\"elementor-element elementor-element-1c99e83 e-con-full e-flex e-con e-parent\" data-id=\"1c99e83\" data-element_type=\"container\">\n\t\t<div class=\"elementor-element elementor-element-3befef9 e-con-full e-flex e-con e-child\" data-id=\"3befef9\" data-element_type=\"container\">\n\t\t\t\t<div class=\"elementor-element elementor-element-8cc5da2 elementor-widget elementor-widget-text-editor\" data-id=\"8cc5da2\" data-element_type=\"widget\" data-widget_type=\"text-editor.default\">\n\t\t\t\t<div class=\"elementor-widget-container\">\n\t\t\t\t\t\t\t\t\t<p data-start=\"22\" data-end=\"255\"><strong data-start=\"22\" data-end=\"46\">Alpha Refractory LLC<\/strong> olarak misyonumuz; faaliyet g\u00f6sterdi\u011fimiz t\u00fcm sekt\u00f6rlerde <strong data-start=\"105\" data-end=\"134\">bireye ve topluma sayg\u0131l\u0131<\/strong>, <strong data-start=\"136\" data-end=\"181\">hukuka, ekonomik ve ahlaki ilkelere ba\u011fl\u0131<\/strong>, <strong data-start=\"183\" data-end=\"221\" data-is-only-node=\"\">sa\u011fl\u0131k, emniyet ve \u00e7evreye duyarl\u0131<\/strong> bir anlay\u0131\u015fla hareket etmektir.<\/p><p data-start=\"257\" data-end=\"567\"><strong data-start=\"257\" data-end=\"309\">Demir-\u00e7elik sekt\u00f6r\u00fcne \u00f6zel \u00e7\u00f6z\u00fcmler geli\u015ftirerek<\/strong>, hem m\u00fc\u015fterilerimizin hem de \u00e7al\u0131\u015fanlar\u0131m\u0131z\u0131n beklentilerini en \u00fcst seviyede kar\u015f\u0131lamay\u0131 hedefliyoruz. Kaliteli refrakter \u00fcretimi ve m\u00fchendislik dan\u0131\u015fmanl\u0131\u011f\u0131 hizmetleriyle, i\u015fletmelerin s\u00fcrd\u00fcr\u00fclebilir, verimli ve g\u00fcvenli \u00fcretim yapmas\u0131na katk\u0131 sa\u011fl\u0131yoruz.<\/p><p data-start=\"569\" data-end=\"784\" data-is-last-node=\"\" data-is-only-node=\"\">M\u00fc\u015fteri memnuniyetini esas alan yakla\u015f\u0131m\u0131m\u0131zla, <strong data-start=\"617\" data-end=\"683\">do\u011fru uygulamalar, teknik bilgi ve y\u00fcksek \u00fcr\u00fcn standartlar\u0131yla<\/strong> sekt\u00f6r\u00fcn geli\u015fimine katk\u0131 sunarken, toplumsal sorumlulu\u011fumuzu da yerine getirmeye<\/p>\t\t\t\t\t\t\t\t<\/div>\n\t\t\t\t<\/div>\n\t\t\t\t<div class=\"elementor-element elementor-element-b9ccf20 elementor-hidden-tablet elementor-hidden-mobile elementor-widget elementor-widget-image\" data-id=\"b9ccf20\" data-element_type=\"widget\" data-widget_type=\"image.default\">\n\t\t\t\t<div class=\"elementor-widget-container\">\n\t\t\t\t\t\t\t\t\t\t\t\t\t\t\t<img fetchpriority=\"high\" decoding=\"async\" width=\"4193\" height=\"3892\" src=\"https:\/\/alpharefractoryllc.com\/tr\/wp-content\/uploads\/2025\/02\/logotop.svg\" class=\"attachment-large size-large wp-image-17957\" alt=\"\" \/>\t\t\t\t\t\t\t\t\t\t\t\t\t\t\t<\/div>\n\t\t\t\t<\/div>\n\t\t\t\t<\/div>\n\t\t\t\t<\/div>\n\t\t\t\t<\/div>\n\t\t","protected":false},"excerpt":{"rendered":"<p>Home Sayfa Alpha Refractory LLC olarak misyonumuz; faaliyet g\u00f6sterdi\u011fimiz t\u00fcm sekt\u00f6rlerde bireye ve topluma sayg\u0131l\u0131, hukuka, ekonomik ve ahlaki ilkelere ba\u011fl\u0131, sa\u011fl\u0131k, emniyet ve \u00e7evreye duyarl\u0131 bir anlay\u0131\u015fla hareket etmektir. Demir-\u00e7elik sekt\u00f6r\u00fcne \u00f6zel \u00e7\u00f6z\u00fcmler geli\u015ftirerek, hem m\u00fc\u015fterilerimizin hem de \u00e7al\u0131\u015fanlar\u0131m\u0131z\u0131n beklentilerini en \u00fcst seviyede kar\u015f\u0131lamay\u0131 hedefliyoruz. Kaliteli refrakter \u00fcretimi ve m\u00fchendislik dan\u0131\u015fmanl\u0131\u011f\u0131 hizmetleriyle, i\u015fletmelerin s\u00fcrd\u00fcr\u00fclebilir, [&hellip;]<\/p>\n","protected":false},"author":1,"featured_media":0,"parent":19011,"menu_order":0,"comment_status":"closed","ping_status":"closed","template":"elementor_header_footer","meta":{"footnotes":""},"class_list":["post-18875","page","type-page","status-publish","hentry"],"yoast_head":"<!-- This site is optimized with the Yoast SEO plugin v24.9 - https:\/\/yoast.com\/wordpress\/plugins\/seo\/ -->\n<title>Misyonumuz - ALPHA REFRACTORY LLC<\/title>\n<meta name=\"robots\" content=\"noindex, follow, max-snippet:-1, max-image-preview:large, max-video-preview:-1\" \/>\n<meta property=\"og:locale\" content=\"tr_TR\" \/>\n<meta property=\"og:type\" content=\"article\" \/>\n<meta property=\"og:title\" content=\"Misyonumuz - ALPHA REFRACTORY LLC\" \/>\n<meta property=\"og:description\" content=\"Home Sayfa Alpha Refractory LLC olarak misyonumuz; faaliyet g\u00f6sterdi\u011fimiz t\u00fcm sekt\u00f6rlerde bireye ve topluma sayg\u0131l\u0131, hukuka, ekonomik ve ahlaki ilkelere ba\u011fl\u0131, sa\u011fl\u0131k, emniyet ve \u00e7evreye duyarl\u0131 bir anlay\u0131\u015fla hareket etmektir. Demir-\u00e7elik sekt\u00f6r\u00fcne \u00f6zel \u00e7\u00f6z\u00fcmler geli\u015ftirerek, hem m\u00fc\u015fterilerimizin hem de \u00e7al\u0131\u015fanlar\u0131m\u0131z\u0131n beklentilerini en \u00fcst seviyede kar\u015f\u0131lamay\u0131 hedefliyoruz. Kaliteli refrakter \u00fcretimi ve m\u00fchendislik dan\u0131\u015fmanl\u0131\u011f\u0131 hizmetleriyle, i\u015fletmelerin s\u00fcrd\u00fcr\u00fclebilir, [&hellip;]\" \/>\n<meta property=\"og:url\" content=\"https:\/\/alpharefractoryllc.com\/tr\/tr\/kurumsal\/misyonumuz\/\" \/>\n<meta property=\"og:site_name\" content=\"ALPHA REFRACTORY LLC\" \/>\n<meta property=\"article:modified_time\" content=\"2025-03-22T01:09:27+00:00\" \/>\n<meta name=\"twitter:card\" content=\"summary_large_image\" \/>\n<meta name=\"twitter:label1\" content=\"Tahmini okuma s\u00fcresi\" \/>\n\t<meta name=\"twitter:data1\" content=\"1 dakika\" \/>\n<script type=\"application\/ld+json\" class=\"yoast-schema-graph\">{\"@context\":\"https:\/\/schema.org\",\"@graph\":[{\"@type\":\"WebPage\",\"@id\":\"https:\/\/alpharefractoryllc.com\/tr\/tr\/kurumsal\/misyonumuz\/\",\"url\":\"https:\/\/alpharefractoryllc.com\/tr\/tr\/kurumsal\/misyonumuz\/\",\"name\":\"Misyonumuz - ALPHA REFRACTORY LLC\",\"isPartOf\":{\"@id\":\"https:\/\/alpharefractoryllc.com\/tr\/#website\"},\"primaryImageOfPage\":{\"@id\":\"https:\/\/alpharefractoryllc.com\/tr\/tr\/kurumsal\/misyonumuz\/#primaryimage\"},\"image\":{\"@id\":\"https:\/\/alpharefractoryllc.com\/tr\/tr\/kurumsal\/misyonumuz\/#primaryimage\"},\"thumbnailUrl\":\"https:\/\/alpharefractoryllc.com\/tr\/wp-content\/uploads\/2025\/02\/logotop.svg\",\"datePublished\":\"2025-03-22T00:00:48+00:00\",\"dateModified\":\"2025-03-22T01:09:27+00:00\",\"breadcrumb\":{\"@id\":\"https:\/\/alpharefractoryllc.com\/tr\/tr\/kurumsal\/misyonumuz\/#breadcrumb\"},\"inLanguage\":\"tr\",\"potentialAction\":[{\"@type\":\"ReadAction\",\"target\":[\"https:\/\/alpharefractoryllc.com\/tr\/tr\/kurumsal\/misyonumuz\/\"]}]},{\"@type\":\"ImageObject\",\"inLanguage\":\"tr\",\"@id\":\"https:\/\/alpharefractoryllc.com\/tr\/tr\/kurumsal\/misyonumuz\/#primaryimage\",\"url\":\"https:\/\/alpharefractoryllc.com\/tr\/wp-content\/uploads\/2025\/02\/logotop.svg\",\"contentUrl\":\"https:\/\/alpharefractoryllc.com\/tr\/wp-content\/uploads\/2025\/02\/logotop.svg\",\"width\":4193,\"height\":3892},{\"@type\":\"BreadcrumbList\",\"@id\":\"https:\/\/alpharefractoryllc.com\/tr\/tr\/kurumsal\/misyonumuz\/#breadcrumb\",\"itemListElement\":[{\"@type\":\"ListItem\",\"position\":1,\"name\":\"Home\",\"item\":\"https:\/\/alpharefractoryllc.com\/tr\/\"},{\"@type\":\"ListItem\",\"position\":2,\"name\":\"Kurumsal\",\"item\":\"https:\/\/alpharefractoryllc.com\/tr\/tr\/kurumsal\/\"},{\"@type\":\"ListItem\",\"position\":3,\"name\":\"Misyonumuz\"}]},{\"@type\":\"WebSite\",\"@id\":\"https:\/\/alpharefractoryllc.com\/tr\/#website\",\"url\":\"https:\/\/alpharefractoryllc.com\/tr\/\",\"name\":\"ALPHA REFRACTORY LLC\",\"description\":\"Uluslararas\u0131 Deneyim, \u00dcst\u00fcn Kalite\",\"potentialAction\":[{\"@type\":\"SearchAction\",\"target\":{\"@type\":\"EntryPoint\",\"urlTemplate\":\"https:\/\/alpharefractoryllc.com\/tr\/?s={search_term_string}\"},\"query-input\":{\"@type\":\"PropertyValueSpecification\",\"valueRequired\":true,\"valueName\":\"search_term_string\"}}],\"inLanguage\":\"tr\"}]}<\/script>\n<!-- \/ Yoast SEO plugin. -->","yoast_head_json":{"title":"Misyonumuz - ALPHA REFRACTORY LLC","robots":{"index":"noindex","follow":"follow","max-snippet":"max-snippet:-1","max-image-preview":"max-image-preview:large","max-video-preview":"max-video-preview:-1"},"og_locale":"tr_TR","og_type":"article","og_title":"Misyonumuz - ALPHA REFRACTORY LLC","og_description":"Home Sayfa Alpha Refractory LLC olarak misyonumuz; faaliyet g\u00f6sterdi\u011fimiz t\u00fcm sekt\u00f6rlerde bireye ve topluma sayg\u0131l\u0131, hukuka, ekonomik ve ahlaki ilkelere ba\u011fl\u0131, sa\u011fl\u0131k, emniyet ve \u00e7evreye duyarl\u0131 bir anlay\u0131\u015fla hareket etmektir. Demir-\u00e7elik sekt\u00f6r\u00fcne \u00f6zel \u00e7\u00f6z\u00fcmler geli\u015ftirerek, hem m\u00fc\u015fterilerimizin hem de \u00e7al\u0131\u015fanlar\u0131m\u0131z\u0131n beklentilerini en \u00fcst seviyede kar\u015f\u0131lamay\u0131 hedefliyoruz. Kaliteli refrakter \u00fcretimi ve m\u00fchendislik dan\u0131\u015fmanl\u0131\u011f\u0131 hizmetleriyle, i\u015fletmelerin s\u00fcrd\u00fcr\u00fclebilir, [&hellip;]","og_url":"https:\/\/alpharefractoryllc.com\/tr\/tr\/kurumsal\/misyonumuz\/","og_site_name":"ALPHA REFRACTORY LLC","article_modified_time":"2025-03-22T01:09:27+00:00","twitter_card":"summary_large_image","twitter_misc":{"Tahmini okuma s\u00fcresi":"1 dakika"},"schema":{"@context":"https:\/\/schema.org","@graph":[{"@type":"WebPage","@id":"https:\/\/alpharefractoryllc.com\/tr\/tr\/kurumsal\/misyonumuz\/","url":"https:\/\/alpharefractoryllc.com\/tr\/tr\/kurumsal\/misyonumuz\/","name":"Misyonumuz - ALPHA REFRACTORY LLC","isPartOf":{"@id":"https:\/\/alpharefractoryllc.com\/tr\/#website"},"primaryImageOfPage":{"@id":"https:\/\/alpharefractoryllc.com\/tr\/tr\/kurumsal\/misyonumuz\/#primaryimage"},"image":{"@id":"https:\/\/alpharefractoryllc.com\/tr\/tr\/kurumsal\/misyonumuz\/#primaryimage"},"thumbnailUrl":"https:\/\/alpharefractoryllc.com\/tr\/wp-content\/uploads\/2025\/02\/logotop.svg","datePublished":"2025-03-22T00:00:48+00:00","dateModified":"2025-03-22T01:09:27+00:00","breadcrumb":{"@id":"https:\/\/alpharefractoryllc.com\/tr\/tr\/kurumsal\/misyonumuz\/#breadcrumb"},"inLanguage":"tr","potentialAction":[{"@type":"ReadAction","target":["https:\/\/alpharefractoryllc.com\/tr\/tr\/kurumsal\/misyonumuz\/"]}]},{"@type":"ImageObject","inLanguage":"tr","@id":"https:\/\/alpharefractoryllc.com\/tr\/tr\/kurumsal\/misyonumuz\/#primaryimage","url":"https:\/\/alpharefractoryllc.com\/tr\/wp-content\/uploads\/2025\/02\/logotop.svg","contentUrl":"https:\/\/alpharefractoryllc.com\/tr\/wp-content\/uploads\/2025\/02\/logotop.svg","width":4193,"height":3892},{"@type":"BreadcrumbList","@id":"https:\/\/alpharefractoryllc.com\/tr\/tr\/kurumsal\/misyonumuz\/#breadcrumb","itemListElement":[{"@type":"ListItem","position":1,"name":"Home","item":"https:\/\/alpharefractoryllc.com\/tr\/"},{"@type":"ListItem","position":2,"name":"Kurumsal","item":"https:\/\/alpharefractoryllc.com\/tr\/tr\/kurumsal\/"},{"@type":"ListItem","position":3,"name":"Misyonumuz"}]},{"@type":"WebSite","@id":"https:\/\/alpharefractoryllc.com\/tr\/#website","url":"https:\/\/alpharefractoryllc.com\/tr\/","name":"ALPHA REFRACTORY LLC","description":"Uluslararas\u0131 Deneyim, \u00dcst\u00fcn Kalite","potentialAction":[{"@type":"SearchAction","target":{"@type":"EntryPoint","urlTemplate":"https:\/\/alpharefractoryllc.com\/tr\/?s={search_term_string}"},"query-input":{"@type":"PropertyValueSpecification","valueRequired":true,"valueName":"search_term_string"}}],"inLanguage":"tr"}]}},"_links":{"self":[{"href":"https:\/\/alpharefractoryllc.com\/tr\/wp-json\/wp\/v2\/pages\/18875","targetHints":{"allow":["GET"]}}],"collection":[{"href":"https:\/\/alpharefractoryllc.com\/tr\/wp-json\/wp\/v2\/pages"}],"about":[{"href":"https:\/\/alpharefractoryllc.com\/tr\/wp-json\/wp\/v2\/types\/page"}],"author":[{"embeddable":true,"href":"https:\/\/alpharefractoryllc.com\/tr\/wp-json\/wp\/v2\/users\/1"}],"replies":[{"embeddable":true,"href":"https:\/\/alpharefractoryllc.com\/tr\/wp-json\/wp\/v2\/comments?post=18875"}],"version-history":[{"count":13,"href":"https:\/\/alpharefractoryllc.com\/tr\/wp-json\/wp\/v2\/pages\/18875\/revisions"}],"predecessor-version":[{"id":19067,"href":"https:\/\/alpharefractoryllc.com\/tr\/wp-json\/wp\/v2\/pages\/18875\/revisions\/19067"}],"up":[{"embeddable":true,"href":"https:\/\/alpharefractoryllc.com\/tr\/wp-json\/wp\/v2\/pages\/19011"}],"wp:attachment":[{"href":"https:\/\/alpharefractoryllc.com\/tr\/wp-json\/wp\/v2\/media?parent=18875"}],"curies":[{"name":"wp","href":"https:\/\/api.w.org\/{rel}","templated":true}]}}