{"id":18827,"date":"2025-03-21T23:48:54","date_gmt":"2025-03-21T23:48:54","guid":{"rendered":"https:\/\/alpharefractoryllc.com\/tr\/?page_id=18827"},"modified":"2025-03-22T01:10:00","modified_gmt":"2025-03-22T01:10:00","slug":"vizyonumuz","status":"publish","type":"page","link":"https:\/\/alpharefractoryllc.com\/tr\/kurumsal\/vizyonumuz\/","title":{"rendered":"Vizyonumuz"},"content":{"rendered":"\t\t<div data-elementor-type=\"wp-page\" data-elementor-id=\"18827\" class=\"elementor elementor-18827\">\n\t\t\t\t\t\t<section class=\"elementor-section elementor-top-section elementor-element elementor-element-c97ac67 elementor-section-full_width elementor-section-height-min-height elementor-section-items-bottom elementor-section-height-default\" data-id=\"c97ac67\" data-element_type=\"section\" data-settings=\"{&quot;background_background&quot;:&quot;classic&quot;}\">\n\t\t\t\t\t\t\t<div class=\"elementor-background-overlay\"><\/div>\n\t\t\t\t\t\t\t<div class=\"elementor-container elementor-column-gap-no\">\n\t\t\t\t\t<div class=\"elementor-column elementor-col-100 elementor-top-column elementor-element elementor-element-a72bf26\" data-id=\"a72bf26\" data-element_type=\"column\" data-settings=\"{&quot;background_background&quot;:&quot;classic&quot;}\">\n\t\t\t<div class=\"elementor-widget-wrap elementor-element-populated\">\n\t\t\t\t\t<div class=\"elementor-background-overlay\"><\/div>\n\t\t\t\t\t\t<div class=\"elementor-element elementor-element-9dd019e elementor-widget elementor-widget-infetech_elementor_header_banner\" data-id=\"9dd019e\" data-element_type=\"widget\" data-widget_type=\"infetech_elementor_header_banner.default\">\n\t\t\t\t<div class=\"elementor-widget-container\">\n\t\t\t\t\t\t\t \t<!-- Display when you choose background per Post -->\n\t\t \t<div class=\"wrap_header_banner   \"  >\n\n\t\t \t\t\t\t\t \t\n\t\t\t\t \t<div class=\"cover_color\"><\/div>\n\n\t\t\t\t\t<div class=\"header_banner_el \">\n\t\t\t\t\t\t\n\t\t\t\t\t\t\t\t\t\t\t\t\t\n\t\t\t\t\t\t\t\n\t\t\t\t\t\t\t\t\t\t\t\t\t\t<h1 class=\" header_title\">\n\t\t\t\t\t\t\t\t\t\t\t\t\t\t\t<\/h1>\n\t\t\t\t\t\t\t\t\n\t\t\t\t\t\t\n\n\t\t\t\t\t\t\t\t\t\t\t\t\t<div class=\"header_breadcrumbs\">\n\t\t\t\t\t\t\t\t<div id=\"breadcrumbs\"><ul class=\"breadcrumb\"><li><a href=\"https:\/\/alpharefractoryllc.com\/tr\/\" title=\"Home\">Home<\/a><\/li> <li class=\"li_separator\"><span class=\"separator\"><i class=\"ovaicon-next\"><\/i><\/span><\/li><li>Sayfa<\/li><\/ul><\/div>\t\t\t\t\t\t\t<\/div>\n\t\t\t\t\t\t\n\t\t\t\t\t<\/div>\n\n\t\t\t\t\n\t\t\t<\/div>\n\t\t\t\t\t\t<\/div>\n\t\t\t\t<\/div>\n\t\t\t\t\t<\/div>\n\t\t<\/div>\n\t\t\t\t\t<\/div>\n\t\t<\/section>\n\t\t<div class=\"elementor-element elementor-element-1c99e83 e-con-full e-flex e-con e-parent\" data-id=\"1c99e83\" data-element_type=\"container\">\n\t\t<div class=\"elementor-element elementor-element-3befef9 e-con-full e-flex e-con e-child\" data-id=\"3befef9\" data-element_type=\"container\">\n\t\t\t\t<div class=\"elementor-element elementor-element-8cc5da2 elementor-widget elementor-widget-text-editor\" data-id=\"8cc5da2\" data-element_type=\"widget\" data-widget_type=\"text-editor.default\">\n\t\t\t\t<div class=\"elementor-widget-container\">\n\t\t\t\t\t\t\t\t\t<p data-start=\"22\" data-end=\"397\"><strong data-start=\"22\" data-end=\"46\">Alpha Refractory LLC<\/strong>, <strong data-start=\"48\" data-end=\"84\">\u201cD\u00fcnyaya Sayg\u0131l\u0131, D\u00fcnyada Lider\u201d<\/strong> anlay\u0131\u015f\u0131yla, demir-\u00e7elik sekt\u00f6r\u00fcn\u00fcn ihtiya\u00e7lar\u0131na uygun, yenilik\u00e7i ve s\u00fcrd\u00fcr\u00fclebilir \u00e7\u00f6z\u00fcmler \u00fcretmeyi hedeflemektedir. Sekt\u00f6r\u00fcn dinamiklerine uygun olarak y\u00fcksek kaliteli refrakter malzemeler geli\u015ftirmek ve m\u00fc\u015fteri odakl\u0131 m\u00fchendislik dan\u0131\u015fmanl\u0131\u011f\u0131 hizmetleri sunmak, firmam\u0131z\u0131n en temel vizyonudur.<\/p><p data-start=\"399\" data-end=\"753\" data-is-last-node=\"\" data-is-only-node=\"\">M\u00fc\u015fterilerimizin beklentilerini a\u015fan kaliteli, g\u00fcvenilir ve s\u00fcrd\u00fcr\u00fclebilir \u00fcretim \u00e7\u00f6z\u00fcmleri sunarak, uluslararas\u0131 pazarda g\u00fc\u00e7l\u00fc ve rekabet\u00e7i bir marka olmak i\u00e7in \u00e7al\u0131\u015f\u0131yoruz. Sanayinin gelece\u011fini \u015fekillendiren yenilik\u00e7i yakla\u015f\u0131mlar geli\u015ftirerek, sekt\u00f6rde lider konuma ula\u015fmay\u0131 ve k\u00fcresel d\u00fczeyde fark yaratan bir firma olmay\u0131 ama\u00e7l\u0131yoruz.<\/p>\t\t\t\t\t\t\t\t<\/div>\n\t\t\t\t<\/div>\n\t\t\t\t<div class=\"elementor-element elementor-element-b9ccf20 elementor-hidden-tablet elementor-hidden-mobile elementor-widget elementor-widget-image\" data-id=\"b9ccf20\" data-element_type=\"widget\" data-widget_type=\"image.default\">\n\t\t\t\t<div class=\"elementor-widget-container\">\n\t\t\t\t\t\t\t\t\t\t\t\t\t\t\t<img fetchpriority=\"high\" decoding=\"async\" width=\"4193\" height=\"3892\" src=\"https:\/\/alpharefractoryllc.com\/tr\/wp-content\/uploads\/2025\/02\/logotop.svg\" class=\"attachment-large size-large wp-image-17957\" alt=\"\" \/>\t\t\t\t\t\t\t\t\t\t\t\t\t\t\t<\/div>\n\t\t\t\t<\/div>\n\t\t\t\t<\/div>\n\t\t\t\t<\/div>\n\t\t\t\t<\/div>\n\t\t","protected":false},"excerpt":{"rendered":"<p>Home Sayfa Alpha Refractory LLC, \u201cD\u00fcnyaya Sayg\u0131l\u0131, D\u00fcnyada Lider\u201d anlay\u0131\u015f\u0131yla, demir-\u00e7elik sekt\u00f6r\u00fcn\u00fcn ihtiya\u00e7lar\u0131na uygun, yenilik\u00e7i ve s\u00fcrd\u00fcr\u00fclebilir \u00e7\u00f6z\u00fcmler \u00fcretmeyi hedeflemektedir. Sekt\u00f6r\u00fcn dinamiklerine uygun olarak y\u00fcksek kaliteli refrakter malzemeler geli\u015ftirmek ve m\u00fc\u015fteri odakl\u0131 m\u00fchendislik dan\u0131\u015fmanl\u0131\u011f\u0131 hizmetleri sunmak, firmam\u0131z\u0131n en temel vizyonudur. M\u00fc\u015fterilerimizin beklentilerini a\u015fan kaliteli, g\u00fcvenilir ve s\u00fcrd\u00fcr\u00fclebilir \u00fcretim \u00e7\u00f6z\u00fcmleri sunarak, uluslararas\u0131 pazarda g\u00fc\u00e7l\u00fc ve rekabet\u00e7i [&hellip;]<\/p>\n","protected":false},"author":1,"featured_media":0,"parent":19011,"menu_order":0,"comment_status":"closed","ping_status":"closed","template":"elementor_header_footer","meta":{"footnotes":""},"class_list":["post-18827","page","type-page","status-publish","hentry"],"yoast_head":"<!-- This site is optimized with the Yoast SEO plugin v24.9 - https:\/\/yoast.com\/wordpress\/plugins\/seo\/ -->\n<title>Vizyonumuz - ALPHA REFRACTORY LLC<\/title>\n<meta name=\"robots\" content=\"noindex, follow, max-snippet:-1, max-image-preview:large, max-video-preview:-1\" \/>\n<meta property=\"og:locale\" content=\"tr_TR\" \/>\n<meta property=\"og:type\" content=\"article\" \/>\n<meta property=\"og:title\" content=\"Vizyonumuz - ALPHA REFRACTORY LLC\" \/>\n<meta property=\"og:description\" content=\"Home Sayfa Alpha Refractory LLC, \u201cD\u00fcnyaya Sayg\u0131l\u0131, D\u00fcnyada Lider\u201d anlay\u0131\u015f\u0131yla, demir-\u00e7elik sekt\u00f6r\u00fcn\u00fcn ihtiya\u00e7lar\u0131na uygun, yenilik\u00e7i ve s\u00fcrd\u00fcr\u00fclebilir \u00e7\u00f6z\u00fcmler \u00fcretmeyi hedeflemektedir. Sekt\u00f6r\u00fcn dinamiklerine uygun olarak y\u00fcksek kaliteli refrakter malzemeler geli\u015ftirmek ve m\u00fc\u015fteri odakl\u0131 m\u00fchendislik dan\u0131\u015fmanl\u0131\u011f\u0131 hizmetleri sunmak, firmam\u0131z\u0131n en temel vizyonudur. M\u00fc\u015fterilerimizin beklentilerini a\u015fan kaliteli, g\u00fcvenilir ve s\u00fcrd\u00fcr\u00fclebilir \u00fcretim \u00e7\u00f6z\u00fcmleri sunarak, uluslararas\u0131 pazarda g\u00fc\u00e7l\u00fc ve rekabet\u00e7i [&hellip;]\" \/>\n<meta property=\"og:url\" content=\"https:\/\/alpharefractoryllc.com\/tr\/tr\/kurumsal\/vizyonumuz\/\" \/>\n<meta property=\"og:site_name\" content=\"ALPHA REFRACTORY LLC\" \/>\n<meta property=\"article:modified_time\" content=\"2025-03-22T01:10:00+00:00\" \/>\n<meta name=\"twitter:card\" content=\"summary_large_image\" \/>\n<meta name=\"twitter:label1\" content=\"Tahmini okuma s\u00fcresi\" \/>\n\t<meta name=\"twitter:data1\" content=\"1 dakika\" \/>\n<script type=\"application\/ld+json\" class=\"yoast-schema-graph\">{\"@context\":\"https:\/\/schema.org\",\"@graph\":[{\"@type\":\"WebPage\",\"@id\":\"https:\/\/alpharefractoryllc.com\/tr\/tr\/kurumsal\/vizyonumuz\/\",\"url\":\"https:\/\/alpharefractoryllc.com\/tr\/tr\/kurumsal\/vizyonumuz\/\",\"name\":\"Vizyonumuz - ALPHA REFRACTORY LLC\",\"isPartOf\":{\"@id\":\"https:\/\/alpharefractoryllc.com\/tr\/#website\"},\"primaryImageOfPage\":{\"@id\":\"https:\/\/alpharefractoryllc.com\/tr\/tr\/kurumsal\/vizyonumuz\/#primaryimage\"},\"image\":{\"@id\":\"https:\/\/alpharefractoryllc.com\/tr\/tr\/kurumsal\/vizyonumuz\/#primaryimage\"},\"thumbnailUrl\":\"https:\/\/alpharefractoryllc.com\/tr\/wp-content\/uploads\/2025\/02\/logotop.svg\",\"datePublished\":\"2025-03-21T23:48:54+00:00\",\"dateModified\":\"2025-03-22T01:10:00+00:00\",\"breadcrumb\":{\"@id\":\"https:\/\/alpharefractoryllc.com\/tr\/tr\/kurumsal\/vizyonumuz\/#breadcrumb\"},\"inLanguage\":\"tr\",\"potentialAction\":[{\"@type\":\"ReadAction\",\"target\":[\"https:\/\/alpharefractoryllc.com\/tr\/tr\/kurumsal\/vizyonumuz\/\"]}]},{\"@type\":\"ImageObject\",\"inLanguage\":\"tr\",\"@id\":\"https:\/\/alpharefractoryllc.com\/tr\/tr\/kurumsal\/vizyonumuz\/#primaryimage\",\"url\":\"https:\/\/alpharefractoryllc.com\/tr\/wp-content\/uploads\/2025\/02\/logotop.svg\",\"contentUrl\":\"https:\/\/alpharefractoryllc.com\/tr\/wp-content\/uploads\/2025\/02\/logotop.svg\",\"width\":4193,\"height\":3892},{\"@type\":\"BreadcrumbList\",\"@id\":\"https:\/\/alpharefractoryllc.com\/tr\/tr\/kurumsal\/vizyonumuz\/#breadcrumb\",\"itemListElement\":[{\"@type\":\"ListItem\",\"position\":1,\"name\":\"Home\",\"item\":\"https:\/\/alpharefractoryllc.com\/tr\/\"},{\"@type\":\"ListItem\",\"position\":2,\"name\":\"Kurumsal\",\"item\":\"https:\/\/alpharefractoryllc.com\/tr\/tr\/kurumsal\/\"},{\"@type\":\"ListItem\",\"position\":3,\"name\":\"Vizyonumuz\"}]},{\"@type\":\"WebSite\",\"@id\":\"https:\/\/alpharefractoryllc.com\/tr\/#website\",\"url\":\"https:\/\/alpharefractoryllc.com\/tr\/\",\"name\":\"ALPHA REFRACTORY LLC\",\"description\":\"Uluslararas\u0131 Deneyim, \u00dcst\u00fcn Kalite\",\"potentialAction\":[{\"@type\":\"SearchAction\",\"target\":{\"@type\":\"EntryPoint\",\"urlTemplate\":\"https:\/\/alpharefractoryllc.com\/tr\/?s={search_term_string}\"},\"query-input\":{\"@type\":\"PropertyValueSpecification\",\"valueRequired\":true,\"valueName\":\"search_term_string\"}}],\"inLanguage\":\"tr\"}]}<\/script>\n<!-- \/ Yoast SEO plugin. -->","yoast_head_json":{"title":"Vizyonumuz - ALPHA REFRACTORY LLC","robots":{"index":"noindex","follow":"follow","max-snippet":"max-snippet:-1","max-image-preview":"max-image-preview:large","max-video-preview":"max-video-preview:-1"},"og_locale":"tr_TR","og_type":"article","og_title":"Vizyonumuz - ALPHA REFRACTORY LLC","og_description":"Home Sayfa Alpha Refractory LLC, \u201cD\u00fcnyaya Sayg\u0131l\u0131, D\u00fcnyada Lider\u201d anlay\u0131\u015f\u0131yla, demir-\u00e7elik sekt\u00f6r\u00fcn\u00fcn ihtiya\u00e7lar\u0131na uygun, yenilik\u00e7i ve s\u00fcrd\u00fcr\u00fclebilir \u00e7\u00f6z\u00fcmler \u00fcretmeyi hedeflemektedir. Sekt\u00f6r\u00fcn dinamiklerine uygun olarak y\u00fcksek kaliteli refrakter malzemeler geli\u015ftirmek ve m\u00fc\u015fteri odakl\u0131 m\u00fchendislik dan\u0131\u015fmanl\u0131\u011f\u0131 hizmetleri sunmak, firmam\u0131z\u0131n en temel vizyonudur. M\u00fc\u015fterilerimizin beklentilerini a\u015fan kaliteli, g\u00fcvenilir ve s\u00fcrd\u00fcr\u00fclebilir \u00fcretim \u00e7\u00f6z\u00fcmleri sunarak, uluslararas\u0131 pazarda g\u00fc\u00e7l\u00fc ve rekabet\u00e7i [&hellip;]","og_url":"https:\/\/alpharefractoryllc.com\/tr\/tr\/kurumsal\/vizyonumuz\/","og_site_name":"ALPHA REFRACTORY LLC","article_modified_time":"2025-03-22T01:10:00+00:00","twitter_card":"summary_large_image","twitter_misc":{"Tahmini okuma s\u00fcresi":"1 dakika"},"schema":{"@context":"https:\/\/schema.org","@graph":[{"@type":"WebPage","@id":"https:\/\/alpharefractoryllc.com\/tr\/tr\/kurumsal\/vizyonumuz\/","url":"https:\/\/alpharefractoryllc.com\/tr\/tr\/kurumsal\/vizyonumuz\/","name":"Vizyonumuz - ALPHA REFRACTORY LLC","isPartOf":{"@id":"https:\/\/alpharefractoryllc.com\/tr\/#website"},"primaryImageOfPage":{"@id":"https:\/\/alpharefractoryllc.com\/tr\/tr\/kurumsal\/vizyonumuz\/#primaryimage"},"image":{"@id":"https:\/\/alpharefractoryllc.com\/tr\/tr\/kurumsal\/vizyonumuz\/#primaryimage"},"thumbnailUrl":"https:\/\/alpharefractoryllc.com\/tr\/wp-content\/uploads\/2025\/02\/logotop.svg","datePublished":"2025-03-21T23:48:54+00:00","dateModified":"2025-03-22T01:10:00+00:00","breadcrumb":{"@id":"https:\/\/alpharefractoryllc.com\/tr\/tr\/kurumsal\/vizyonumuz\/#breadcrumb"},"inLanguage":"tr","potentialAction":[{"@type":"ReadAction","target":["https:\/\/alpharefractoryllc.com\/tr\/tr\/kurumsal\/vizyonumuz\/"]}]},{"@type":"ImageObject","inLanguage":"tr","@id":"https:\/\/alpharefractoryllc.com\/tr\/tr\/kurumsal\/vizyonumuz\/#primaryimage","url":"https:\/\/alpharefractoryllc.com\/tr\/wp-content\/uploads\/2025\/02\/logotop.svg","contentUrl":"https:\/\/alpharefractoryllc.com\/tr\/wp-content\/uploads\/2025\/02\/logotop.svg","width":4193,"height":3892},{"@type":"BreadcrumbList","@id":"https:\/\/alpharefractoryllc.com\/tr\/tr\/kurumsal\/vizyonumuz\/#breadcrumb","itemListElement":[{"@type":"ListItem","position":1,"name":"Home","item":"https:\/\/alpharefractoryllc.com\/tr\/"},{"@type":"ListItem","position":2,"name":"Kurumsal","item":"https:\/\/alpharefractoryllc.com\/tr\/tr\/kurumsal\/"},{"@type":"ListItem","position":3,"name":"Vizyonumuz"}]},{"@type":"WebSite","@id":"https:\/\/alpharefractoryllc.com\/tr\/#website","url":"https:\/\/alpharefractoryllc.com\/tr\/","name":"ALPHA REFRACTORY LLC","description":"Uluslararas\u0131 Deneyim, \u00dcst\u00fcn Kalite","potentialAction":[{"@type":"SearchAction","target":{"@type":"EntryPoint","urlTemplate":"https:\/\/alpharefractoryllc.com\/tr\/?s={search_term_string}"},"query-input":{"@type":"PropertyValueSpecification","valueRequired":true,"valueName":"search_term_string"}}],"inLanguage":"tr"}]}},"_links":{"self":[{"href":"https:\/\/alpharefractoryllc.com\/tr\/wp-json\/wp\/v2\/pages\/18827","targetHints":{"allow":["GET"]}}],"collection":[{"href":"https:\/\/alpharefractoryllc.com\/tr\/wp-json\/wp\/v2\/pages"}],"about":[{"href":"https:\/\/alpharefractoryllc.com\/tr\/wp-json\/wp\/v2\/types\/page"}],"author":[{"embeddable":true,"href":"https:\/\/alpharefractoryllc.com\/tr\/wp-json\/wp\/v2\/users\/1"}],"replies":[{"embeddable":true,"href":"https:\/\/alpharefractoryllc.com\/tr\/wp-json\/wp\/v2\/comments?post=18827"}],"version-history":[{"count":31,"href":"https:\/\/alpharefractoryllc.com\/tr\/wp-json\/wp\/v2\/pages\/18827\/revisions"}],"predecessor-version":[{"id":19085,"href":"https:\/\/alpharefractoryllc.com\/tr\/wp-json\/wp\/v2\/pages\/18827\/revisions\/19085"}],"up":[{"embeddable":true,"href":"https:\/\/alpharefractoryllc.com\/tr\/wp-json\/wp\/v2\/pages\/19011"}],"wp:attachment":[{"href":"https:\/\/alpharefractoryllc.com\/tr\/wp-json\/wp\/v2\/media?parent=18827"}],"curies":[{"name":"wp","href":"https:\/\/api.w.org\/{rel}","templated":true}]}}