{"id":18815,"date":"2025-03-21T23:41:43","date_gmt":"2025-03-21T23:41:43","guid":{"rendered":"https:\/\/alpharefractoryllc.com\/tr\/?page_id=18815"},"modified":"2025-03-22T01:09:42","modified_gmt":"2025-03-22T01:09:42","slug":"sirket-profili","status":"publish","type":"page","link":"https:\/\/alpharefractoryllc.com\/tr\/kurumsal\/sirket-profili\/","title":{"rendered":"\u015eirket Profili"},"content":{"rendered":"\t\t<div data-elementor-type=\"wp-page\" data-elementor-id=\"18815\" class=\"elementor elementor-18815\">\n\t\t\t\t\t\t<section class=\"elementor-section elementor-top-section elementor-element elementor-element-f5034c1 elementor-section-full_width elementor-section-height-min-height elementor-section-items-bottom elementor-section-height-default\" data-id=\"f5034c1\" data-element_type=\"section\" data-settings=\"{&quot;background_background&quot;:&quot;classic&quot;}\">\n\t\t\t\t\t\t\t<div class=\"elementor-background-overlay\"><\/div>\n\t\t\t\t\t\t\t<div class=\"elementor-container elementor-column-gap-no\">\n\t\t\t\t\t<div class=\"elementor-column elementor-col-100 elementor-top-column elementor-element elementor-element-2fa8968\" data-id=\"2fa8968\" data-element_type=\"column\" data-settings=\"{&quot;background_background&quot;:&quot;classic&quot;}\">\n\t\t\t<div class=\"elementor-widget-wrap elementor-element-populated\">\n\t\t\t\t\t<div class=\"elementor-background-overlay\"><\/div>\n\t\t\t\t\t\t<div class=\"elementor-element elementor-element-8b72b53 elementor-widget elementor-widget-infetech_elementor_header_banner\" data-id=\"8b72b53\" data-element_type=\"widget\" data-widget_type=\"infetech_elementor_header_banner.default\">\n\t\t\t\t<div class=\"elementor-widget-container\">\n\t\t\t\t\t\t\t \t<!-- Display when you choose background per Post -->\n\t\t \t<div class=\"wrap_header_banner   \"  >\n\n\t\t \t\t\t\t\t \t\n\t\t\t\t \t<div class=\"cover_color\"><\/div>\n\n\t\t\t\t\t<div class=\"header_banner_el \">\n\t\t\t\t\t\t\n\t\t\t\t\t\t\t\t\t\t\t\t\t\n\t\t\t\t\t\t\t\n\t\t\t\t\t\t\t\t\t\t\t\t\t\t<h1 class=\" header_title\">\n\t\t\t\t\t\t\t\t\t\t\t\t\t\t\t<\/h1>\n\t\t\t\t\t\t\t\t\n\t\t\t\t\t\t\n\n\t\t\t\t\t\t\t\t\t\t\t\t\t<div class=\"header_breadcrumbs\">\n\t\t\t\t\t\t\t\t<div id=\"breadcrumbs\"><ul class=\"breadcrumb\"><li><a href=\"https:\/\/alpharefractoryllc.com\/tr\/\" title=\"Home\">Home<\/a><\/li> <li class=\"li_separator\"><span class=\"separator\"><i class=\"ovaicon-next\"><\/i><\/span><\/li><li>Sayfa<\/li><\/ul><\/div>\t\t\t\t\t\t\t<\/div>\n\t\t\t\t\t\t\n\t\t\t\t\t<\/div>\n\n\t\t\t\t\n\t\t\t<\/div>\n\t\t\t\t\t\t<\/div>\n\t\t\t\t<\/div>\n\t\t\t\t\t<\/div>\n\t\t<\/div>\n\t\t\t\t\t<\/div>\n\t\t<\/section>\n\t\t<div class=\"elementor-element elementor-element-1c99e83 e-con-full e-flex e-con e-parent\" data-id=\"1c99e83\" data-element_type=\"container\">\n\t\t<div class=\"elementor-element elementor-element-3befef9 e-con-full e-flex e-con e-child\" data-id=\"3befef9\" data-element_type=\"container\">\n\t\t\t\t<div class=\"elementor-element elementor-element-8cc5da2 elementor-widget elementor-widget-text-editor\" data-id=\"8cc5da2\" data-element_type=\"widget\" data-widget_type=\"text-editor.default\">\n\t\t\t\t<div class=\"elementor-widget-container\">\n\t\t\t\t\t\t\t\t\t<p data-start=\"26\" data-end=\"595\"><strong>Alpha Refractory LLC<\/strong>, 2025 y\u0131l\u0131nda, yenilik\u00e7i ve g\u00fcvenilir \u00e7\u00f6z\u00fcmler \u00fcretme konusunda uzmanla\u015fm\u0131\u015f bir m\u00fchendis ekibi taraf\u0131ndan kurulmu\u015ftur. Firmam\u0131z, demir-\u00e7elik sekt\u00f6r\u00fcne \u00f6zel olarak tasarlanm\u0131\u015f y\u00fcksek kaliteli refrakter \u00fcr\u00fcnleri \u00fcretmekte ve sekt\u00f6rde faaliyet g\u00f6steren i\u015fletmelere teknik dan\u0131\u015fmanl\u0131k hizmetleri sunmaktad\u0131r. Amac\u0131m\u0131z, sanayi \u00fcretim s\u00fcre\u00e7lerini daha verimli, s\u00fcrd\u00fcr\u00fclebilir ve k\u00e2rl\u0131 hale getirmek i\u00e7in hem malzeme teknolojisini hem de m\u00fchendislik bilgisini en iyi \u015fekilde kullanarak i\u015fletmelere global \u00f6l\u00e7ekte de\u011fer katmakt\u0131r.<\/p><p data-start=\"597\" data-end=\"1172\">Demir-\u00e7elik sekt\u00f6r\u00fc, her ulusun sanayi altyap\u0131s\u0131nda kritik bir role sahiptir ve bu sekt\u00f6rde \u00fcretim esnas\u0131nda fark edilmeden meydana gelen gizli kay\u0131plar, i\u015fletmelerin y\u0131ll\u0131k bazda milyonlarca dolarl\u0131k zarara u\u011framas\u0131na neden olmaktad\u0131r. Yap\u0131lan ara\u015ft\u0131rmalar, bu kay\u0131plar\u0131n temel sebebinin yanl\u0131\u015f refrakter uygulamalar\u0131, eksik personel e\u011fitimi ve m\u00fchendislik s\u00fcre\u00e7lerindeki hatalar oldu\u011funu ortaya koymaktad\u0131r. <strong>Alpha Refractory LLC<\/strong> olarak, bu sorunlara inovatif ve s\u00fcrd\u00fcr\u00fclebilir \u00e7\u00f6z\u00fcmler sunarak i\u015fletmelerin \u00fcretim verimlili\u011fini art\u0131rmay\u0131 hedefliyoruz.<\/p><p data-start=\"1174\" data-end=\"1666\">Kaliteli refrakter \u00fcretimi ve m\u00fchendislik hizmetlerinin sekt\u00f6rde \u00f6nemli bir eksiklik oldu\u011funu fark ettik. Bu nedenle, m\u00fc\u015fteri odakl\u0131 inovatif \u00e7\u00f6z\u00fcmler geli\u015ftirerek i\u015fletmelerin sadece malzeme temini ile s\u0131n\u0131rl\u0131 kalmadan, uzun vadeli \u00fcretim verimlili\u011fi sa\u011flamalar\u0131na katk\u0131da bulunuyoruz. \u00dcr\u00fcn ve hizmetlerimizle, fabrikalar\u0131n enerji verimlili\u011fini art\u0131r\u0131yor, refrakter uygulamalar\u0131nda hatalar\u0131 minimize ediyor ve i\u015fletmelerin gizli kay\u0131plar\u0131n\u0131 tespit ederek k\u00e2rl\u0131l\u0131\u011f\u0131 art\u0131r\u0131yoruz.<\/p><p data-start=\"1668\" data-end=\"1944\">Biz <strong>Alpha Refractory LLC<\/strong> olarak, <strong>&#8220;Zenginlik ba\u011f\u0131r\u0131r, servet f\u0131s\u0131ldar&#8221;<\/strong> anlay\u0131\u015f\u0131yla, sanayi sekt\u00f6r\u00fcnde s\u00fcrd\u00fcr\u00fclebilir k\u00e2rl\u0131l\u0131\u011f\u0131 sa\u011flaman\u0131n ak\u0131lc\u0131 yollar\u0131n\u0131 sunuyoruz. Siz de\u011ferli sanayicilere, do\u011fru m\u00fchendislik \u00e7\u00f6z\u00fcmleriyle servetinizi geri kazand\u0131rmak i\u00e7in buraday\u0131z.<\/p><p data-start=\"1946\" data-end=\"2070\" data-is-last-node=\"\" data-is-only-node=\"\"><strong>G\u00fc\u00e7l\u00fc m\u00fchendislik, dayan\u0131kl\u0131 \u00fcretim ve s\u00fcrd\u00fcr\u00fclebilir sanayi \u00e7\u00f6z\u00fcmleri i\u00e7in Alpha Refractory LLC her zaman yan\u0131n\u0131zda!<\/strong><\/p>\t\t\t\t\t\t\t\t<\/div>\n\t\t\t\t<\/div>\n\t\t\t\t<div class=\"elementor-element elementor-element-b9ccf20 elementor-hidden-tablet elementor-hidden-mobile elementor-widget elementor-widget-image\" data-id=\"b9ccf20\" data-element_type=\"widget\" data-widget_type=\"image.default\">\n\t\t\t\t<div class=\"elementor-widget-container\">\n\t\t\t\t\t\t\t\t\t\t\t\t\t\t\t<img fetchpriority=\"high\" decoding=\"async\" width=\"4193\" height=\"3892\" src=\"https:\/\/alpharefractoryllc.com\/tr\/wp-content\/uploads\/2025\/02\/logotop.svg\" class=\"attachment-large size-large wp-image-17957\" alt=\"\" \/>\t\t\t\t\t\t\t\t\t\t\t\t\t\t\t<\/div>\n\t\t\t\t<\/div>\n\t\t\t\t<\/div>\n\t\t\t\t<\/div>\n\t\t\t\t<\/div>\n\t\t","protected":false},"excerpt":{"rendered":"<p>Home Sayfa Alpha Refractory LLC, 2025 y\u0131l\u0131nda, yenilik\u00e7i ve g\u00fcvenilir \u00e7\u00f6z\u00fcmler \u00fcretme konusunda uzmanla\u015fm\u0131\u015f bir m\u00fchendis ekibi taraf\u0131ndan kurulmu\u015ftur. Firmam\u0131z, demir-\u00e7elik sekt\u00f6r\u00fcne \u00f6zel olarak tasarlanm\u0131\u015f y\u00fcksek kaliteli refrakter \u00fcr\u00fcnleri \u00fcretmekte ve sekt\u00f6rde faaliyet g\u00f6steren i\u015fletmelere teknik dan\u0131\u015fmanl\u0131k hizmetleri sunmaktad\u0131r. Amac\u0131m\u0131z, sanayi \u00fcretim s\u00fcre\u00e7lerini daha verimli, s\u00fcrd\u00fcr\u00fclebilir ve k\u00e2rl\u0131 hale getirmek i\u00e7in hem malzeme teknolojisini hem [&hellip;]<\/p>\n","protected":false},"author":1,"featured_media":0,"parent":19011,"menu_order":0,"comment_status":"closed","ping_status":"closed","template":"elementor_header_footer","meta":{"footnotes":""},"class_list":["post-18815","page","type-page","status-publish","hentry"],"yoast_head":"<!-- This site is optimized with the Yoast SEO plugin v24.9 - https:\/\/yoast.com\/wordpress\/plugins\/seo\/ -->\n<title>\u015eirket Profili - ALPHA REFRACTORY LLC<\/title>\n<meta name=\"robots\" content=\"noindex, follow, max-snippet:-1, max-image-preview:large, max-video-preview:-1\" \/>\n<meta property=\"og:locale\" content=\"tr_TR\" \/>\n<meta property=\"og:type\" content=\"article\" \/>\n<meta property=\"og:title\" content=\"\u015eirket Profili - ALPHA REFRACTORY LLC\" \/>\n<meta property=\"og:description\" content=\"Home Sayfa Alpha Refractory LLC, 2025 y\u0131l\u0131nda, yenilik\u00e7i ve g\u00fcvenilir \u00e7\u00f6z\u00fcmler \u00fcretme konusunda uzmanla\u015fm\u0131\u015f bir m\u00fchendis ekibi taraf\u0131ndan kurulmu\u015ftur. Firmam\u0131z, demir-\u00e7elik sekt\u00f6r\u00fcne \u00f6zel olarak tasarlanm\u0131\u015f y\u00fcksek kaliteli refrakter \u00fcr\u00fcnleri \u00fcretmekte ve sekt\u00f6rde faaliyet g\u00f6steren i\u015fletmelere teknik dan\u0131\u015fmanl\u0131k hizmetleri sunmaktad\u0131r. Amac\u0131m\u0131z, sanayi \u00fcretim s\u00fcre\u00e7lerini daha verimli, s\u00fcrd\u00fcr\u00fclebilir ve k\u00e2rl\u0131 hale getirmek i\u00e7in hem malzeme teknolojisini hem [&hellip;]\" \/>\n<meta property=\"og:url\" content=\"https:\/\/alpharefractoryllc.com\/tr\/tr\/kurumsal\/sirket-profili\/\" \/>\n<meta property=\"og:site_name\" content=\"ALPHA REFRACTORY LLC\" \/>\n<meta property=\"article:modified_time\" content=\"2025-03-22T01:09:42+00:00\" \/>\n<meta name=\"twitter:card\" content=\"summary_large_image\" \/>\n<meta name=\"twitter:label1\" content=\"Tahmini okuma s\u00fcresi\" \/>\n\t<meta name=\"twitter:data1\" content=\"2 dakika\" \/>\n<script type=\"application\/ld+json\" class=\"yoast-schema-graph\">{\"@context\":\"https:\/\/schema.org\",\"@graph\":[{\"@type\":\"WebPage\",\"@id\":\"https:\/\/alpharefractoryllc.com\/tr\/tr\/kurumsal\/sirket-profili\/\",\"url\":\"https:\/\/alpharefractoryllc.com\/tr\/tr\/kurumsal\/sirket-profili\/\",\"name\":\"\u015eirket Profili - ALPHA REFRACTORY LLC\",\"isPartOf\":{\"@id\":\"https:\/\/alpharefractoryllc.com\/tr\/#website\"},\"primaryImageOfPage\":{\"@id\":\"https:\/\/alpharefractoryllc.com\/tr\/tr\/kurumsal\/sirket-profili\/#primaryimage\"},\"image\":{\"@id\":\"https:\/\/alpharefractoryllc.com\/tr\/tr\/kurumsal\/sirket-profili\/#primaryimage\"},\"thumbnailUrl\":\"https:\/\/alpharefractoryllc.com\/tr\/wp-content\/uploads\/2025\/02\/logotop.svg\",\"datePublished\":\"2025-03-21T23:41:43+00:00\",\"dateModified\":\"2025-03-22T01:09:42+00:00\",\"breadcrumb\":{\"@id\":\"https:\/\/alpharefractoryllc.com\/tr\/tr\/kurumsal\/sirket-profili\/#breadcrumb\"},\"inLanguage\":\"tr\",\"potentialAction\":[{\"@type\":\"ReadAction\",\"target\":[\"https:\/\/alpharefractoryllc.com\/tr\/tr\/kurumsal\/sirket-profili\/\"]}]},{\"@type\":\"ImageObject\",\"inLanguage\":\"tr\",\"@id\":\"https:\/\/alpharefractoryllc.com\/tr\/tr\/kurumsal\/sirket-profili\/#primaryimage\",\"url\":\"https:\/\/alpharefractoryllc.com\/tr\/wp-content\/uploads\/2025\/02\/logotop.svg\",\"contentUrl\":\"https:\/\/alpharefractoryllc.com\/tr\/wp-content\/uploads\/2025\/02\/logotop.svg\",\"width\":4193,\"height\":3892},{\"@type\":\"BreadcrumbList\",\"@id\":\"https:\/\/alpharefractoryllc.com\/tr\/tr\/kurumsal\/sirket-profili\/#breadcrumb\",\"itemListElement\":[{\"@type\":\"ListItem\",\"position\":1,\"name\":\"Home\",\"item\":\"https:\/\/alpharefractoryllc.com\/tr\/\"},{\"@type\":\"ListItem\",\"position\":2,\"name\":\"Kurumsal\",\"item\":\"https:\/\/alpharefractoryllc.com\/tr\/tr\/kurumsal\/\"},{\"@type\":\"ListItem\",\"position\":3,\"name\":\"\u015eirket Profili\"}]},{\"@type\":\"WebSite\",\"@id\":\"https:\/\/alpharefractoryllc.com\/tr\/#website\",\"url\":\"https:\/\/alpharefractoryllc.com\/tr\/\",\"name\":\"ALPHA REFRACTORY LLC\",\"description\":\"Uluslararas\u0131 Deneyim, \u00dcst\u00fcn Kalite\",\"potentialAction\":[{\"@type\":\"SearchAction\",\"target\":{\"@type\":\"EntryPoint\",\"urlTemplate\":\"https:\/\/alpharefractoryllc.com\/tr\/?s={search_term_string}\"},\"query-input\":{\"@type\":\"PropertyValueSpecification\",\"valueRequired\":true,\"valueName\":\"search_term_string\"}}],\"inLanguage\":\"tr\"}]}<\/script>\n<!-- \/ Yoast SEO plugin. -->","yoast_head_json":{"title":"\u015eirket Profili - ALPHA REFRACTORY LLC","robots":{"index":"noindex","follow":"follow","max-snippet":"max-snippet:-1","max-image-preview":"max-image-preview:large","max-video-preview":"max-video-preview:-1"},"og_locale":"tr_TR","og_type":"article","og_title":"\u015eirket Profili - ALPHA REFRACTORY LLC","og_description":"Home Sayfa Alpha Refractory LLC, 2025 y\u0131l\u0131nda, yenilik\u00e7i ve g\u00fcvenilir \u00e7\u00f6z\u00fcmler \u00fcretme konusunda uzmanla\u015fm\u0131\u015f bir m\u00fchendis ekibi taraf\u0131ndan kurulmu\u015ftur. Firmam\u0131z, demir-\u00e7elik sekt\u00f6r\u00fcne \u00f6zel olarak tasarlanm\u0131\u015f y\u00fcksek kaliteli refrakter \u00fcr\u00fcnleri \u00fcretmekte ve sekt\u00f6rde faaliyet g\u00f6steren i\u015fletmelere teknik dan\u0131\u015fmanl\u0131k hizmetleri sunmaktad\u0131r. Amac\u0131m\u0131z, sanayi \u00fcretim s\u00fcre\u00e7lerini daha verimli, s\u00fcrd\u00fcr\u00fclebilir ve k\u00e2rl\u0131 hale getirmek i\u00e7in hem malzeme teknolojisini hem [&hellip;]","og_url":"https:\/\/alpharefractoryllc.com\/tr\/tr\/kurumsal\/sirket-profili\/","og_site_name":"ALPHA REFRACTORY LLC","article_modified_time":"2025-03-22T01:09:42+00:00","twitter_card":"summary_large_image","twitter_misc":{"Tahmini okuma s\u00fcresi":"2 dakika"},"schema":{"@context":"https:\/\/schema.org","@graph":[{"@type":"WebPage","@id":"https:\/\/alpharefractoryllc.com\/tr\/tr\/kurumsal\/sirket-profili\/","url":"https:\/\/alpharefractoryllc.com\/tr\/tr\/kurumsal\/sirket-profili\/","name":"\u015eirket Profili - ALPHA REFRACTORY LLC","isPartOf":{"@id":"https:\/\/alpharefractoryllc.com\/tr\/#website"},"primaryImageOfPage":{"@id":"https:\/\/alpharefractoryllc.com\/tr\/tr\/kurumsal\/sirket-profili\/#primaryimage"},"image":{"@id":"https:\/\/alpharefractoryllc.com\/tr\/tr\/kurumsal\/sirket-profili\/#primaryimage"},"thumbnailUrl":"https:\/\/alpharefractoryllc.com\/tr\/wp-content\/uploads\/2025\/02\/logotop.svg","datePublished":"2025-03-21T23:41:43+00:00","dateModified":"2025-03-22T01:09:42+00:00","breadcrumb":{"@id":"https:\/\/alpharefractoryllc.com\/tr\/tr\/kurumsal\/sirket-profili\/#breadcrumb"},"inLanguage":"tr","potentialAction":[{"@type":"ReadAction","target":["https:\/\/alpharefractoryllc.com\/tr\/tr\/kurumsal\/sirket-profili\/"]}]},{"@type":"ImageObject","inLanguage":"tr","@id":"https:\/\/alpharefractoryllc.com\/tr\/tr\/kurumsal\/sirket-profili\/#primaryimage","url":"https:\/\/alpharefractoryllc.com\/tr\/wp-content\/uploads\/2025\/02\/logotop.svg","contentUrl":"https:\/\/alpharefractoryllc.com\/tr\/wp-content\/uploads\/2025\/02\/logotop.svg","width":4193,"height":3892},{"@type":"BreadcrumbList","@id":"https:\/\/alpharefractoryllc.com\/tr\/tr\/kurumsal\/sirket-profili\/#breadcrumb","itemListElement":[{"@type":"ListItem","position":1,"name":"Home","item":"https:\/\/alpharefractoryllc.com\/tr\/"},{"@type":"ListItem","position":2,"name":"Kurumsal","item":"https:\/\/alpharefractoryllc.com\/tr\/tr\/kurumsal\/"},{"@type":"ListItem","position":3,"name":"\u015eirket Profili"}]},{"@type":"WebSite","@id":"https:\/\/alpharefractoryllc.com\/tr\/#website","url":"https:\/\/alpharefractoryllc.com\/tr\/","name":"ALPHA REFRACTORY LLC","description":"Uluslararas\u0131 Deneyim, \u00dcst\u00fcn Kalite","potentialAction":[{"@type":"SearchAction","target":{"@type":"EntryPoint","urlTemplate":"https:\/\/alpharefractoryllc.com\/tr\/?s={search_term_string}"},"query-input":{"@type":"PropertyValueSpecification","valueRequired":true,"valueName":"search_term_string"}}],"inLanguage":"tr"}]}},"_links":{"self":[{"href":"https:\/\/alpharefractoryllc.com\/tr\/wp-json\/wp\/v2\/pages\/18815","targetHints":{"allow":["GET"]}}],"collection":[{"href":"https:\/\/alpharefractoryllc.com\/tr\/wp-json\/wp\/v2\/pages"}],"about":[{"href":"https:\/\/alpharefractoryllc.com\/tr\/wp-json\/wp\/v2\/types\/page"}],"author":[{"embeddable":true,"href":"https:\/\/alpharefractoryllc.com\/tr\/wp-json\/wp\/v2\/users\/1"}],"replies":[{"embeddable":true,"href":"https:\/\/alpharefractoryllc.com\/tr\/wp-json\/wp\/v2\/comments?post=18815"}],"version-history":[{"count":25,"href":"https:\/\/alpharefractoryllc.com\/tr\/wp-json\/wp\/v2\/pages\/18815\/revisions"}],"predecessor-version":[{"id":19079,"href":"https:\/\/alpharefractoryllc.com\/tr\/wp-json\/wp\/v2\/pages\/18815\/revisions\/19079"}],"up":[{"embeddable":true,"href":"https:\/\/alpharefractoryllc.com\/tr\/wp-json\/wp\/v2\/pages\/19011"}],"wp:attachment":[{"href":"https:\/\/alpharefractoryllc.com\/tr\/wp-json\/wp\/v2\/media?parent=18815"}],"curies":[{"name":"wp","href":"https:\/\/api.w.org\/{rel}","templated":true}]}}